{"id":382,"date":"2021-11-09T11:32:06","date_gmt":"2021-11-09T11:32:06","guid":{"rendered":"http:\/\/www2.unifap.br\/biologia-oiapoque\/?page_id=382"},"modified":"2021-11-24T13:56:42","modified_gmt":"2021-11-24T13:56:42","slug":"projeto-pedagogico","status":"publish","type":"page","link":"https:\/\/www2.unifap.br\/biologia-oiapoque\/projeto-pedagogico\/","title":{"rendered":"Projeto Pedag\u00f3gico"},"content":{"rendered":"<p style=\"text-align: center\">Projeto Pol\u00edtico Pedag\u00f3gico do Curso de Licenciatura em Ci\u00eancias Biol\u00f3gicas (Campus Binacional)<\/p>\n<p><a href=\"http:\/\/www2.unifap.br\/biologia-oiapoque\/files\/2014\/09\/PPC-Ci\u00eancias-Biol\u00f3gicas_Processo_23125002605_2013_57.pdf\"><img decoding=\"async\" class=\"aligncenter size-full wp-image-112\" src=\"http:\/\/www2.unifap.br\/biologia-oiapoque\/files\/2014\/09\/document.png\" alt=\"Modelo_Atividades Complementares\" width=\"64\" height=\"64\"><\/a><\/p>\n<p>Projeto Pol\u00edtico Pedag\u00f3gico do Curso de Licenciatura em Ci\u00eancias Biol\u00f3gicas (Campus Binacional) Atualizado 2019<\/p>\n<p><a href=\"http:\/\/www2.unifap.br\/biologia-oiapoque\/files\/2021\/05\/PPC-Novo-Vers\u00e3o-Final-biologia-1.pdf\"><img decoding=\"async\" class=\"aligncenter wp-image-112 size-full\" src=\"http:\/\/www2.unifap.br\/biologia-oiapoque\/files\/2014\/09\/document.png\" alt=\"Modelo_Atividades Complementares\" width=\"64\" height=\"64\"><\/a><\/p>\n","protected":false},"excerpt":{"rendered":"<p>Projeto Pol\u00edtico Pedag\u00f3gico do Curso de Licenciatura em Ci\u00eancias Biol\u00f3gicas (Campus Binacional) Projeto Pol\u00edtico Pedag\u00f3gico do Curso de Licenciatura em Ci\u00eancias Biol\u00f3gicas (Campus Binacional) Atualizado 2019<\/p>\n","protected":false},"author":3916,"featured_media":0,"parent":0,"menu_order":0,"comment_status":"closed","ping_status":"closed","template":"","meta":{"inline_featured_image":false,"ngg_post_thumbnail":0,"footnotes":""},"class_list":["post-382","page","type-page","status-publish","hentry"],"_links":{"self":[{"href":"https:\/\/www2.unifap.br\/biologia-oiapoque\/wp-json\/wp\/v2\/pages\/382","targetHints":{"allow":["GET"]}}],"collection":[{"href":"https:\/\/www2.unifap.br\/biologia-oiapoque\/wp-json\/wp\/v2\/pages"}],"about":[{"href":"https:\/\/www2.unifap.br\/biologia-oiapoque\/wp-json\/wp\/v2\/types\/page"}],"author":[{"embeddable":true,"href":"https:\/\/www2.unifap.br\/biologia-oiapoque\/wp-json\/wp\/v2\/users\/3916"}],"replies":[{"embeddable":true,"href":"https:\/\/www2.unifap.br\/biologia-oiapoque\/wp-json\/wp\/v2\/comments?post=382"}],"version-history":[{"count":6,"href":"https:\/\/www2.unifap.br\/biologia-oiapoque\/wp-json\/wp\/v2\/pages\/382\/revisions"}],"predecessor-version":[{"id":399,"href":"https:\/\/www2.unifap.br\/biologia-oiapoque\/wp-json\/wp\/v2\/pages\/382\/revisions\/399"}],"wp:attachment":[{"href":"https:\/\/www2.unifap.br\/biologia-oiapoque\/wp-json\/wp\/v2\/media?parent=382"}],"curies":[{"name":"wp","href":"https:\/\/api.w.org\/{rel}","templated":true}]}}