{"id":44,"date":"2014-09-08T17:39:11","date_gmt":"2014-09-08T17:39:11","guid":{"rendered":"http:\/\/www2.unifap.br\/biologia-oiapoque\/?page_id=44"},"modified":"2023-11-30T22:29:17","modified_gmt":"2023-11-30T22:29:17","slug":"documentos","status":"publish","type":"page","link":"https:\/\/www2.unifap.br\/biologia-oiapoque\/documentos\/","title":{"rendered":"Documentos"},"content":{"rendered":"<p style=\"text-align: center\"><a href=\"https:\/\/www2.unifap.br\/biologia-oiapoque\/documentos\/manual-estagio-supervisionado\/\" rel=\"attachment wp-att-512\">Manual Est\u00e1gio Supervisionado<\/a><\/p>\n<p>&nbsp;<\/p>\n<p style=\"text-align: center\"><a href=\"https:\/\/www2.unifap.br\/biologia-oiapoque\/documentos\/documentos-estagio-supervisionada_fichas\/\" rel=\"attachment wp-att-489\">Documentos Esta\u0301gio Supervisionado_Fichas<\/a><\/p>\n<p style=\"text-align: center\"><a href=\"http:\/\/www2.unifap.br\/biologia-oiapoque\/files\/2021\/11\/ACC-Regras-Gerais-1.pdf\"><img decoding=\"async\" class=\"alignnone wp-image-112 size-full\" title=\"Modelo_Atividades Complementares\" src=\"http:\/\/www2.unifap.br\/biologia-oiapoque\/files\/2014\/09\/document.png\" alt=\"Modelo_Atividades Complementares\" width=\"64\" height=\"64\"><\/a><\/p>\n<p style=\"text-align: center\"><span style=\"line-height: 1.5em\">Regras Gerais Atividades Complementares (ACC) &#8211; Atualizado 2021<\/span><\/p>\n<p><a href=\"http:\/\/www2.unifap.br\/biologia-oiapoque\/files\/2021\/11\/Anexo-II-ACC-excel.xlsx\"><img decoding=\"async\" class=\"aligncenter wp-image-112 size-full\" title=\"Modelo_Atividades Complementares\" src=\"http:\/\/www2.unifap.br\/biologia-oiapoque\/files\/2014\/09\/document.png\" alt=\"Modelo_Atividades Complementares\" width=\"64\" height=\"64\"><\/a><\/p>\n<p style=\"text-align: center\">Anexo Atividades complementares (ACC) Atualizado 2021&nbsp;<\/p>\n<p style=\"text-align: center\">&nbsp;<\/p>\n<p><a href=\"http:\/\/www2.unifap.br\/biologia-oiapoque\/files\/2021\/11\/5aED_MANUAL_TCC_CURSO_CB-Corrigido.pdf\"><img decoding=\"async\" class=\"aligncenter wp-image-112 size-full\" src=\"http:\/\/www2.unifap.br\/biologia-oiapoque\/files\/2014\/09\/document.png\" alt=\"Modelo_Atividades Complementares\" width=\"64\" height=\"64\"><\/a><\/p>\n<p style=\"text-align: center\">5\u00ba Manual de Trabalho conclus\u00e3o de curso &#8211; Ci\u00eancias biol\u00f3gicas Binacional<\/p>\n<p>&nbsp;<\/p>\n<p style=\"text-align: center\"><a href=\"http:\/\/www2.unifap.br\/biologia-oiapoque\/files\/2021\/12\/Requerimento-Equival\u00eancia-Disciplina.docx\"><img decoding=\"async\" class=\"aligncenter wp-image-112 size-full\" src=\"http:\/\/www2.unifap.br\/biologia-oiapoque\/files\/2014\/09\/document.png\" alt=\"Modelo_Atividades Complementares\" width=\"64\" height=\"64\"><\/a><\/p>\n<p style=\"text-align: center\">Solicita\u00e7\u00e3o equival\u00eancia disciplina&nbsp;<\/p>\n<p>&nbsp;<\/p>\n","protected":false},"excerpt":{"rendered":"<p>Manual Est\u00e1gio Supervisionado &nbsp; Documentos Esta\u0301gio Supervisionado_Fichas Regras Gerais Atividades Complementares (ACC) &#8211; Atualizado 2021 Anexo Atividades complementares (ACC) Atualizado 2021&nbsp; &nbsp; 5\u00ba Manual de Trabalho conclus\u00e3o de curso &#8211; Ci\u00eancias biol\u00f3gicas Binacional &nbsp; Solicita\u00e7\u00e3o equival\u00eancia disciplina&nbsp; &nbsp;<\/p>\n","protected":false},"author":440,"featured_media":0,"parent":0,"menu_order":3,"comment_status":"open","ping_status":"open","template":"","meta":{"inline_featured_image":false,"ngg_post_thumbnail":0,"footnotes":""},"class_list":["post-44","page","type-page","status-publish","hentry"],"_links":{"self":[{"href":"https:\/\/www2.unifap.br\/biologia-oiapoque\/wp-json\/wp\/v2\/pages\/44","targetHints":{"allow":["GET"]}}],"collection":[{"href":"https:\/\/www2.unifap.br\/biologia-oiapoque\/wp-json\/wp\/v2\/pages"}],"about":[{"href":"https:\/\/www2.unifap.br\/biologia-oiapoque\/wp-json\/wp\/v2\/types\/page"}],"author":[{"embeddable":true,"href":"https:\/\/www2.unifap.br\/biologia-oiapoque\/wp-json\/wp\/v2\/users\/440"}],"replies":[{"embeddable":true,"href":"https:\/\/www2.unifap.br\/biologia-oiapoque\/wp-json\/wp\/v2\/comments?post=44"}],"version-history":[{"count":17,"href":"https:\/\/www2.unifap.br\/biologia-oiapoque\/wp-json\/wp\/v2\/pages\/44\/revisions"}],"predecessor-version":[{"id":490,"href":"https:\/\/www2.unifap.br\/biologia-oiapoque\/wp-json\/wp\/v2\/pages\/44\/revisions\/490"}],"wp:attachment":[{"href":"https:\/\/www2.unifap.br\/biologia-oiapoque\/wp-json\/wp\/v2\/media?parent=44"}],"curies":[{"name":"wp","href":"https:\/\/api.w.org\/{rel}","templated":true}]}}