{"id":508,"date":"2023-11-30T22:19:07","date_gmt":"2023-11-30T22:19:07","guid":{"rendered":"https:\/\/www2.unifap.br\/biologia-oiapoque\/?page_id=508"},"modified":"2023-11-30T22:20:11","modified_gmt":"2023-11-30T22:20:11","slug":"formulario-de-requerimento-para-atendimento-digital-dirca","status":"publish","type":"page","link":"https:\/\/www2.unifap.br\/biologia-oiapoque\/formulario-de-requerimento-para-atendimento-digital-dirca\/","title":{"rendered":"Formul\u00e1rio de Requerimento para atendimento digital DIRCA"},"content":{"rendered":"<p>Prezados Discentes,<\/p>\n<p>Informo que foi disponibilizado um formul\u00e1rio de requerimento para atendimento digital da DIRCA, &nbsp;acesse atrav\u00e9s do link:&nbsp;<\/p>\n<p><a href=\"https:\/\/docs.google.com\/forms\/d\/e\/1FAIpQLSf33jU8GO2O3UgBLaija87UD-ug7Dj93Q7ZG9sAt6UwSHXzCQ\/viewform?pli=1\">https:\/\/docs.google.com\/forms\/d\/e\/1FAIpQLSf33jU8GO2O3UgBLaija87UD-ug7Dj93Q7ZG9sAt6UwSHXzCQ\/viewform?pli=1<\/a><\/p>\n<p>Qualquer d\u00favida entrar em contato em hor\u00e1rio comercial 8h as 12h e das 14h \u00e0s 18h de segunda a sexta -feira, atrav\u00e9s do E-mail: dirca@unifap.br<\/p>\n","protected":false},"excerpt":{"rendered":"<p>Prezados Discentes, Informo que foi disponibilizado um formul\u00e1rio de requerimento para atendimento digital da DIRCA, &nbsp;acesse atrav\u00e9s do link:&nbsp; https:\/\/docs.google.com\/forms\/d\/e\/1FAIpQLSf33jU8GO2O3UgBLaija87UD-ug7Dj93Q7ZG9sAt6UwSHXzCQ\/viewform?pli=1 Qualquer d\u00favida entrar em contato em hor\u00e1rio comercial 8h as 12h e das 14h \u00e0s 18h de segunda a sexta&hellip; <\/p>\n<p><a href=\"https:\/\/www2.unifap.br\/biologia-oiapoque\/formulario-de-requerimento-para-atendimento-digital-dirca\/\" class=\"readmore-button\">Continue Reading<\/a><\/p>\n","protected":false},"author":3954,"featured_media":0,"parent":0,"menu_order":0,"comment_status":"closed","ping_status":"closed","template":"","meta":{"inline_featured_image":false,"ngg_post_thumbnail":0,"footnotes":""},"class_list":["post-508","page","type-page","status-publish","hentry"],"_links":{"self":[{"href":"https:\/\/www2.unifap.br\/biologia-oiapoque\/wp-json\/wp\/v2\/pages\/508","targetHints":{"allow":["GET"]}}],"collection":[{"href":"https:\/\/www2.unifap.br\/biologia-oiapoque\/wp-json\/wp\/v2\/pages"}],"about":[{"href":"https:\/\/www2.unifap.br\/biologia-oiapoque\/wp-json\/wp\/v2\/types\/page"}],"author":[{"embeddable":true,"href":"https:\/\/www2.unifap.br\/biologia-oiapoque\/wp-json\/wp\/v2\/users\/3954"}],"replies":[{"embeddable":true,"href":"https:\/\/www2.unifap.br\/biologia-oiapoque\/wp-json\/wp\/v2\/comments?post=508"}],"version-history":[{"count":1,"href":"https:\/\/www2.unifap.br\/biologia-oiapoque\/wp-json\/wp\/v2\/pages\/508\/revisions"}],"predecessor-version":[{"id":509,"href":"https:\/\/www2.unifap.br\/biologia-oiapoque\/wp-json\/wp\/v2\/pages\/508\/revisions\/509"}],"wp:attachment":[{"href":"https:\/\/www2.unifap.br\/biologia-oiapoque\/wp-json\/wp\/v2\/media?parent=508"}],"curies":[{"name":"wp","href":"https:\/\/api.w.org\/{rel}","templated":true}]}}