{"id":76,"date":"2014-12-12T20:09:39","date_gmt":"2014-12-12T20:09:39","guid":{"rendered":"http:\/\/www2.unifap.br\/biologia-oiapoque\/?page_id=76"},"modified":"2015-03-24T20:15:45","modified_gmt":"2015-03-24T20:15:45","slug":"competencias-e-habilidades","status":"publish","type":"page","link":"https:\/\/www2.unifap.br\/biologia-oiapoque\/apresentacao\/competencias-e-habilidades\/","title":{"rendered":"Compet\u00eancias e Habilidades"},"content":{"rendered":"<p style=\"text-align: justify\">Levando em considera\u00e7\u00e3o a \u00e1rea de atua\u00e7\u00e3o e o exerc\u00edcio Profissional proposto pelo Conselho Federal de Biologia, o curso de gradua\u00e7\u00e3o em Licenciatura Plena em Ci\u00eancias Biol\u00f3gicas da Universidade Federal do Amap\u00e1, Campus Oiapoque estar\u00e1 preparando seus profissionais para atuar no amplo, emergente, crescente e em cont\u00ednua transforma\u00e7\u00e3o campo das Ci\u00eancias Biol\u00f3gicas, o qual dever\u00e1 ter compet\u00eancias e habilidades para:<\/p>\n<ul>\n<li style=\"text-align: justify\">Planejar e desenvolver diferentes experi\u00eancias did\u00e1ticas no ensino de Ci\u00eancias e Biologia, reconhecendo os elementos relevantes \u00e0s estrat\u00e9gias adequadas;<\/li>\n<li style=\"text-align: justify\">Elaborar e\/ou adaptar materiais did\u00e1ticos de naturezas diferentes, identificando seus objetivos formativos, de aprendizagem e educacionais;<\/li>\n<li style=\"text-align: justify\">Participar da elabora\u00e7\u00e3o e desenvolvimento de atividades do ensino de Ci\u00eancias e Biologia.<\/li>\n<\/ul>\n","protected":false},"excerpt":{"rendered":"<p>Levando em considera\u00e7\u00e3o a \u00e1rea de atua\u00e7\u00e3o e o exerc\u00edcio Profissional proposto pelo Conselho Federal de Biologia, o curso de gradua\u00e7\u00e3o em Licenciatura Plena em Ci\u00eancias Biol\u00f3gicas da Universidade Federal do Amap\u00e1, Campus Oiapoque estar\u00e1 preparando seus profissionais para atuar&hellip; <\/p>\n<p><a href=\"https:\/\/www2.unifap.br\/biologia-oiapoque\/apresentacao\/competencias-e-habilidades\/\" class=\"readmore-button\">Continue Reading<\/a><\/p>\n","protected":false},"author":440,"featured_media":0,"parent":18,"menu_order":2,"comment_status":"open","ping_status":"open","template":"","meta":{"inline_featured_image":false,"ngg_post_thumbnail":0,"footnotes":""},"class_list":["post-76","page","type-page","status-publish","hentry"],"_links":{"self":[{"href":"https:\/\/www2.unifap.br\/biologia-oiapoque\/wp-json\/wp\/v2\/pages\/76","targetHints":{"allow":["GET"]}}],"collection":[{"href":"https:\/\/www2.unifap.br\/biologia-oiapoque\/wp-json\/wp\/v2\/pages"}],"about":[{"href":"https:\/\/www2.unifap.br\/biologia-oiapoque\/wp-json\/wp\/v2\/types\/page"}],"author":[{"embeddable":true,"href":"https:\/\/www2.unifap.br\/biologia-oiapoque\/wp-json\/wp\/v2\/users\/440"}],"replies":[{"embeddable":true,"href":"https:\/\/www2.unifap.br\/biologia-oiapoque\/wp-json\/wp\/v2\/comments?post=76"}],"version-history":[{"count":3,"href":"https:\/\/www2.unifap.br\/biologia-oiapoque\/wp-json\/wp\/v2\/pages\/76\/revisions"}],"predecessor-version":[{"id":82,"href":"https:\/\/www2.unifap.br\/biologia-oiapoque\/wp-json\/wp\/v2\/pages\/76\/revisions\/82"}],"up":[{"embeddable":true,"href":"https:\/\/www2.unifap.br\/biologia-oiapoque\/wp-json\/wp\/v2\/pages\/18"}],"wp:attachment":[{"href":"https:\/\/www2.unifap.br\/biologia-oiapoque\/wp-json\/wp\/v2\/media?parent=76"}],"curies":[{"name":"wp","href":"https:\/\/api.w.org\/{rel}","templated":true}]}}