{"id":1217,"date":"2015-01-28T18:15:46","date_gmt":"2015-01-28T18:15:46","guid":{"rendered":"http:\/\/www2.unifap.br\/biologia\/?page_id=1217"},"modified":"2025-05-27T19:16:08","modified_gmt":"2025-05-27T19:16:08","slug":"ppcbacharelado","status":"publish","type":"page","link":"https:\/\/www2.unifap.br\/biologia\/portal-administrativo\/ppc\/ppcbacharelado\/","title":{"rendered":"PPC Bacharelado"},"content":{"rendered":"\t\t<div data-elementor-type=\"wp-page\" data-elementor-id=\"1217\" class=\"elementor elementor-1217\">\n\t\t\t\t<div class=\"elementor-element elementor-element-87e4ae2 e-flex e-con-boxed e-con e-parent\" data-id=\"87e4ae2\" data-element_type=\"container\" data-e-type=\"container\">\n\t\t\t\t\t<div class=\"e-con-inner\">\n\t\t\t\t<div class=\"elementor-element elementor-element-d852dea elementor-widget elementor-widget-text-editor\" data-id=\"d852dea\" data-element_type=\"widget\" data-e-type=\"widget\" data-widget_type=\"text-editor.default\">\n\t\t\t\t<div class=\"elementor-widget-container\">\n\t\t\t\t\t\t\t\t\t<p>Conhe\u00e7a o Projeto Pedag\u00f3gico do Curso de Bacharelado em Ci\u00eancias Biol\u00f3gicas<\/p>\t\t\t\t\t\t\t\t<\/div>\n\t\t\t\t<\/div>\n\t\t\t\t\t<\/div>\n\t\t\t\t<\/div>\n\t\t<div class=\"elementor-element elementor-element-279ee2f e-flex e-con-boxed e-con e-parent\" data-id=\"279ee2f\" data-element_type=\"container\" data-e-type=\"container\">\n\t\t\t\t\t<div class=\"e-con-inner\">\n\t\t\t\t<div class=\"elementor-element elementor-element-8796ae1 elementor-view-stacked elementor-shape-circle elementor-position-block-start elementor-mobile-position-block-start elementor-widget elementor-widget-icon-box\" data-id=\"8796ae1\" data-element_type=\"widget\" data-e-type=\"widget\" data-widget_type=\"icon-box.default\">\n\t\t\t\t<div class=\"elementor-widget-container\">\n\t\t\t\t\t\t\t<div class=\"elementor-icon-box-wrapper\">\n\n\t\t\t\t\t\t<div class=\"elementor-icon-box-icon\">\n\t\t\t\t<a href=\"http:\/\/www2.unifap.br\/biologia\/files\/2025\/05\/PPCCBio_-BachareladoV2_FINAL.pdf\" class=\"elementor-icon elementor-animation-grow\" tabindex=\"-1\" aria-label=\"Projeto Vigente a partir de 2025\">\n\t\t\t\t<svg aria-hidden=\"true\" class=\"e-font-icon-svg e-fas-biohazard\" viewBox=\"0 0 576 512\" xmlns=\"http:\/\/www.w3.org\/2000\/svg\"><path d=\"M287.9 112c18.6 0 36.2 3.8 52.8 9.6 13.3-10.3 23.6-24.3 29.5-40.7-25.2-10.9-53-17-82.2-17-29.1 0-56.9 6-82.1 16.9 5.9 16.4 16.2 30.4 29.5 40.7 16.5-5.7 34-9.5 52.5-9.5zM163.6 438.7c12-11.8 20.4-26.4 24.5-42.4-32.9-26.4-54.8-65.3-58.9-109.6-8.5-2.8-17.2-4.6-26.4-4.6-7.6 0-15.2 1-22.5 3.1 4.1 62.8 35.8 118 83.3 153.5zm224.2-42.6c4.1 16 12.5 30.7 24.5 42.5 47.4-35.5 79.1-90.7 83-153.5-7.2-2-14.7-3-22.2-3-9.2 0-18 1.9-26.6 4.7-4.1 44.2-26 82.9-58.7 109.3zm113.5-205c-17.6-10.4-36.3-16.6-55.3-19.9 6-17.7 10-36.4 10-56.2 0-41-14.5-80.8-41-112.2-2.5-3-6.6-3.7-10-1.8-3.3 1.9-4.8 6-3.6 9.7 4.5 13.8 6.6 26.3 6.6 38.5 0 67.8-53.8 122.9-120 122.9S168 117 168 49.2c0-12.1 2.2-24.7 6.6-38.5 1.2-3.7-.3-7.8-3.6-9.7-3.4-1.9-7.5-1.2-10 1.8C134.6 34.2 120 74 120 115c0 19.8 3.9 38.5 10 56.2-18.9 3.3-37.7 9.5-55.3 19.9-34.6 20.5-61 53.3-74.3 92.4-1.3 3.7.2 7.7 3.5 9.8 3.3 2 7.5 1.3 10-1.6 9.4-10.8 19-19.1 29.2-25.1 57.3-33.9 130.8-13.7 163.9 45 33.1 58.7 13.4 134-43.9 167.9-10.2 6.1-22 10.4-35.8 13.4-3.7.8-6.4 4.2-6.4 8.1.1 4 2.7 7.3 6.5 8 39.7 7.8 80.6.8 115.2-19.7 18-10.6 32.9-24.5 45.3-40.1 12.4 15.6 27.3 29.5 45.3 40.1 34.6 20.5 75.5 27.5 115.2 19.7 3.8-.7 6.4-4 6.5-8 0-3.9-2.6-7.3-6.4-8.1-13.9-2.9-25.6-7.3-35.8-13.4-57.3-33.9-77-109.2-43.9-167.9s106.6-78.9 163.9-45c10.2 6.1 19.8 14.3 29.2 25.1 2.5 2.9 6.7 3.6 10 1.6s4.8-6.1 3.5-9.8c-13.1-39.1-39.5-72-74.1-92.4zm-213.4 129c-26.5 0-48-21.5-48-48s21.5-48 48-48 48 21.5 48 48-21.5 48-48 48z\"><\/path><\/svg>\t\t\t\t<\/a>\n\t\t\t<\/div>\n\t\t\t\n\t\t\t\t\t\t<div class=\"elementor-icon-box-content\">\n\n\t\t\t\t\t\t\t\t\t<h3 class=\"elementor-icon-box-title\">\n\t\t\t\t\t\t<a href=\"http:\/\/www2.unifap.br\/biologia\/files\/2025\/05\/PPCCBio_-BachareladoV2_FINAL.pdf\" >\n\t\t\t\t\t\t\tProjeto Vigente a partir de 2025\t\t\t\t\t\t<\/a>\n\t\t\t\t\t<\/h3>\n\t\t\t\t\n\t\t\t\t\t\t\t\t\t<p class=\"elementor-icon-box-description\">\n\t\t\t\t\t\tProjeto Vigente desde 2025 do Curso de Bacharelado em Ci\u00eancias Biol\u00f3gicas.\nEmentas, regulamentos e outras informa\u00e7\u00f5es.\t\t\t\t\t<\/p>\n\t\t\t\t\n\t\t\t<\/div>\n\t\t\t\n\t\t<\/div>\n\t\t\t\t\t\t<\/div>\n\t\t\t\t<\/div>\n\t\t\t\t\t<\/div>\n\t\t\t\t<\/div>\n\t\t<div class=\"elementor-element elementor-element-51348cc e-flex e-con-boxed e-con e-parent\" data-id=\"51348cc\" data-element_type=\"container\" data-e-type=\"container\">\n\t\t\t\t\t<div class=\"e-con-inner\">\n\t\t\t\t<div class=\"elementor-element elementor-element-aa79a54 elementor-widget elementor-widget-heading\" data-id=\"aa79a54\" data-element_type=\"widget\" data-e-type=\"widget\" data-widget_type=\"heading.default\">\n\t\t\t\t<div class=\"elementor-widget-container\">\n\t\t\t\t\t<h2 class=\"elementor-heading-title elementor-size-default\">Fluxograma<\/h2>\t\t\t\t<\/div>\n\t\t\t\t<\/div>\n\t\t\t\t<div class=\"elementor-element elementor-element-de1b2cb elementor-widget elementor-widget-image\" data-id=\"de1b2cb\" data-element_type=\"widget\" data-e-type=\"widget\" data-widget_type=\"image.default\">\n\t\t\t\t<div class=\"elementor-widget-container\">\n\t\t\t\t\t\t\t\t\t\t\t\t<figure class=\"wp-caption\">\n\t\t\t\t\t\t\t\t\t\t\t<a href=\"http:\/\/www2.unifap.br\/biologia\/files\/2025\/05\/Captura-de-tela-2025-05-27-160757.png\" data-elementor-open-lightbox=\"yes\" data-elementor-lightbox-title=\"Captura de tela 2025-05-27 160757\" data-e-action-hash=\"#elementor-action%3Aaction%3Dlightbox%26settings%3DeyJpZCI6IjQ5ODkiLCJ1cmwiOiJodHRwczpcL1wvd3d3Mi51bmlmYXAuYnJcL2Jpb2xvZ2lhXC9maWxlc1wvMjAyNVwvMDVcL0NhcHR1cmEtZGUtdGVsYS0yMDI1LTA1LTI3LTE2MDc1Ny5wbmcifQ%3D%3D\">\n\t\t\t\t\t\t\t<img fetchpriority=\"high\" decoding=\"async\" width=\"821\" height=\"910\" src=\"https:\/\/www2.unifap.br\/biologia\/files\/2025\/05\/Captura-de-tela-2025-05-27-160757.png\" class=\"attachment-large size-large wp-image-4989\" alt=\"\" srcset=\"https:\/\/www2.unifap.br\/biologia\/files\/2025\/05\/Captura-de-tela-2025-05-27-160757.png 821w, https:\/\/www2.unifap.br\/biologia\/files\/2025\/05\/Captura-de-tela-2025-05-27-160757-271x300.png 271w, https:\/\/www2.unifap.br\/biologia\/files\/2025\/05\/Captura-de-tela-2025-05-27-160757-768x851.png 768w\" sizes=\"(max-width: 821px) 100vw, 821px\" \/>\t\t\t\t\t\t\t\t<\/a>\n\t\t\t\t\t\t\t\t\t\t\t<figcaption class=\"widget-image-caption wp-caption-text\">Fluxograma<\/figcaption>\n\t\t\t\t\t\t\t\t\t\t<\/figure>\n\t\t\t\t\t\t\t\t\t<\/div>\n\t\t\t\t<\/div>\n\t\t\t\t\t<\/div>\n\t\t\t\t<\/div>\n\t\t<div class=\"elementor-element elementor-element-88a688f e-flex e-con-boxed e-con e-parent\" data-id=\"88a688f\" data-element_type=\"container\" data-e-type=\"container\">\n\t\t\t\t\t<div class=\"e-con-inner\">\n\t\t\t\t<div class=\"elementor-element elementor-element-4bb5ed8 elementor-widget-divider--separator-type-pattern elementor-widget-divider--view-line elementor-widget elementor-widget-divider\" data-id=\"4bb5ed8\" data-element_type=\"widget\" data-e-type=\"widget\" data-widget_type=\"divider.default\">\n\t\t\t\t<div class=\"elementor-widget-container\">\n\t\t\t\t\t\t\t<div class=\"elementor-divider\" style=\"--divider-pattern-url: url(&quot;data:image\/svg+xml,%3Csvg xmlns=&#039;http:\/\/www.w3.org\/2000\/svg&#039; preserveAspectRatio=&#039;none&#039; overflow=&#039;visible&#039; height=&#039;100%&#039; viewBox=&#039;0 0 20 16&#039; fill=&#039;none&#039; stroke=&#039;black&#039; stroke-width=&#039;1&#039; stroke-linecap=&#039;square&#039; stroke-miterlimit=&#039;10&#039;%3E%3Cg transform=&#039;translate(-12.000000, 0)&#039;%3E%3Cpath d=&#039;M28,0L10,18&#039;\/%3E%3Cpath d=&#039;M18,0L0,18&#039;\/%3E%3Cpath d=&#039;M48,0L30,18&#039;\/%3E%3Cpath d=&#039;M38,0L20,18&#039;\/%3E%3C\/g%3E%3C\/svg%3E&quot;);\">\n\t\t\t<span class=\"elementor-divider-separator\">\n\t\t\t\t\t\t<\/span>\n\t\t<\/div>\n\t\t\t\t\t\t<\/div>\n\t\t\t\t<\/div>\n\t\t\t\t\t<\/div>\n\t\t\t\t<\/div>\n\t\t<div class=\"elementor-element elementor-element-0e62992 e-grid e-con-boxed e-con e-parent\" data-id=\"0e62992\" data-element_type=\"container\" data-e-type=\"container\">\n\t\t\t\t\t<div class=\"e-con-inner\">\n\t\t\t\t<div class=\"elementor-element elementor-element-9b2604a elementor-view-stacked elementor-shape-circle elementor-position-block-start elementor-mobile-position-block-start elementor-widget elementor-widget-icon-box\" data-id=\"9b2604a\" data-element_type=\"widget\" data-e-type=\"widget\" data-widget_type=\"icon-box.default\">\n\t\t\t\t<div class=\"elementor-widget-container\">\n\t\t\t\t\t\t\t<div class=\"elementor-icon-box-wrapper\">\n\n\t\t\t\t\t\t<div class=\"elementor-icon-box-icon\">\n\t\t\t\t<a href=\"https:\/\/www2.unifap.br\/biologia\/files\/2015\/01\/PPPBACHARELADO-BIOL%C3%93GICAS-corrigido-11.pdf\" class=\"elementor-icon elementor-animation-grow\" tabindex=\"-1\" aria-label=\"Projeto de 2015 a  2024\">\n\t\t\t\t<svg aria-hidden=\"true\" class=\"e-font-icon-svg e-fas-biohazard\" viewBox=\"0 0 576 512\" xmlns=\"http:\/\/www.w3.org\/2000\/svg\"><path d=\"M287.9 112c18.6 0 36.2 3.8 52.8 9.6 13.3-10.3 23.6-24.3 29.5-40.7-25.2-10.9-53-17-82.2-17-29.1 0-56.9 6-82.1 16.9 5.9 16.4 16.2 30.4 29.5 40.7 16.5-5.7 34-9.5 52.5-9.5zM163.6 438.7c12-11.8 20.4-26.4 24.5-42.4-32.9-26.4-54.8-65.3-58.9-109.6-8.5-2.8-17.2-4.6-26.4-4.6-7.6 0-15.2 1-22.5 3.1 4.1 62.8 35.8 118 83.3 153.5zm224.2-42.6c4.1 16 12.5 30.7 24.5 42.5 47.4-35.5 79.1-90.7 83-153.5-7.2-2-14.7-3-22.2-3-9.2 0-18 1.9-26.6 4.7-4.1 44.2-26 82.9-58.7 109.3zm113.5-205c-17.6-10.4-36.3-16.6-55.3-19.9 6-17.7 10-36.4 10-56.2 0-41-14.5-80.8-41-112.2-2.5-3-6.6-3.7-10-1.8-3.3 1.9-4.8 6-3.6 9.7 4.5 13.8 6.6 26.3 6.6 38.5 0 67.8-53.8 122.9-120 122.9S168 117 168 49.2c0-12.1 2.2-24.7 6.6-38.5 1.2-3.7-.3-7.8-3.6-9.7-3.4-1.9-7.5-1.2-10 1.8C134.6 34.2 120 74 120 115c0 19.8 3.9 38.5 10 56.2-18.9 3.3-37.7 9.5-55.3 19.9-34.6 20.5-61 53.3-74.3 92.4-1.3 3.7.2 7.7 3.5 9.8 3.3 2 7.5 1.3 10-1.6 9.4-10.8 19-19.1 29.2-25.1 57.3-33.9 130.8-13.7 163.9 45 33.1 58.7 13.4 134-43.9 167.9-10.2 6.1-22 10.4-35.8 13.4-3.7.8-6.4 4.2-6.4 8.1.1 4 2.7 7.3 6.5 8 39.7 7.8 80.6.8 115.2-19.7 18-10.6 32.9-24.5 45.3-40.1 12.4 15.6 27.3 29.5 45.3 40.1 34.6 20.5 75.5 27.5 115.2 19.7 3.8-.7 6.4-4 6.5-8 0-3.9-2.6-7.3-6.4-8.1-13.9-2.9-25.6-7.3-35.8-13.4-57.3-33.9-77-109.2-43.9-167.9s106.6-78.9 163.9-45c10.2 6.1 19.8 14.3 29.2 25.1 2.5 2.9 6.7 3.6 10 1.6s4.8-6.1 3.5-9.8c-13.1-39.1-39.5-72-74.1-92.4zm-213.4 129c-26.5 0-48-21.5-48-48s21.5-48 48-48 48 21.5 48 48-21.5 48-48 48z\"><\/path><\/svg>\t\t\t\t<\/a>\n\t\t\t<\/div>\n\t\t\t\n\t\t\t\t\t\t<div class=\"elementor-icon-box-content\">\n\n\t\t\t\t\t\t\t\t\t<h3 class=\"elementor-icon-box-title\">\n\t\t\t\t\t\t<a href=\"https:\/\/www2.unifap.br\/biologia\/files\/2015\/01\/PPPBACHARELADO-BIOL%C3%93GICAS-corrigido-11.pdf\" >\n\t\t\t\t\t\t\tProjeto de 2015 a  2024\t\t\t\t\t\t<\/a>\n\t\t\t\t\t<\/h3>\n\t\t\t\t\n\t\t\t\t\t\t\t\t\t<p class=\"elementor-icon-box-description\">\n\t\t\t\t\t\tProjeto Vigente de 2015 a 2024 do Curso de Bacharelado em Ci\u00eancias Biol\u00f3gicas\t\t\t\t\t<\/p>\n\t\t\t\t\n\t\t\t<\/div>\n\t\t\t\n\t\t<\/div>\n\t\t\t\t\t\t<\/div>\n\t\t\t\t<\/div>\n\t\t\t\t<div class=\"elementor-element elementor-element-5bfd7b9 elementor-view-stacked elementor-shape-circle elementor-position-block-start elementor-mobile-position-block-start elementor-widget elementor-widget-icon-box\" data-id=\"5bfd7b9\" data-element_type=\"widget\" data-e-type=\"widget\" data-widget_type=\"icon-box.default\">\n\t\t\t\t<div class=\"elementor-widget-container\">\n\t\t\t\t\t\t\t<div class=\"elementor-icon-box-wrapper\">\n\n\t\t\t\t\t\t<div class=\"elementor-icon-box-icon\">\n\t\t\t\t<a href=\"http:\/\/www2.unifap.br\/biologia\/files\/2015\/01\/Ap\u00eandice-Biologia-Bacharelado-1atera\u00e7oes-11.pdf\" class=\"elementor-icon elementor-animation-grow\" tabindex=\"-1\" aria-label=\"Ap\u00eandices do Projeto\">\n\t\t\t\t<svg aria-hidden=\"true\" class=\"e-font-icon-svg e-fas-paperclip\" viewBox=\"0 0 448 512\" xmlns=\"http:\/\/www.w3.org\/2000\/svg\"><path d=\"M43.246 466.142c-58.43-60.289-57.341-157.511 1.386-217.581L254.392 34c44.316-45.332 116.351-45.336 160.671 0 43.89 44.894 43.943 117.329 0 162.276L232.214 383.128c-29.855 30.537-78.633 30.111-107.982-.998-28.275-29.97-27.368-77.473 1.452-106.953l143.743-146.835c6.182-6.314 16.312-6.422 22.626-.241l22.861 22.379c6.315 6.182 6.422 16.312.241 22.626L171.427 319.927c-4.932 5.045-5.236 13.428-.648 18.292 4.372 4.634 11.245 4.711 15.688.165l182.849-186.851c19.613-20.062 19.613-52.725-.011-72.798-19.189-19.627-49.957-19.637-69.154 0L90.39 293.295c-34.763 35.56-35.299 93.12-1.191 128.313 34.01 35.093 88.985 35.137 123.058.286l172.06-175.999c6.177-6.319 16.307-6.433 22.626-.256l22.877 22.364c6.319 6.177 6.434 16.307.256 22.626l-172.06 175.998c-59.576 60.938-155.943 60.216-214.77-.485z\"><\/path><\/svg>\t\t\t\t<\/a>\n\t\t\t<\/div>\n\t\t\t\n\t\t\t\t\t\t<div class=\"elementor-icon-box-content\">\n\n\t\t\t\t\t\t\t\t\t<h3 class=\"elementor-icon-box-title\">\n\t\t\t\t\t\t<a href=\"http:\/\/www2.unifap.br\/biologia\/files\/2015\/01\/Ap\u00eandice-Biologia-Bacharelado-1atera\u00e7oes-11.pdf\" >\n\t\t\t\t\t\t\tAp\u00eandices do Projeto\t\t\t\t\t\t<\/a>\n\t\t\t\t\t<\/h3>\n\t\t\t\t\n\t\t\t\t\t\t\t\t\t<p class=\"elementor-icon-box-description\">\n\t\t\t\t\t\tEmentas e Regulamentos\t\t\t\t\t<\/p>\n\t\t\t\t\n\t\t\t<\/div>\n\t\t\t\n\t\t<\/div>\n\t\t\t\t\t\t<\/div>\n\t\t\t\t<\/div>\n\t\t\t\t\t<\/div>\n\t\t\t\t<\/div>\n\t\t<div class=\"elementor-element elementor-element-c482282 e-flex e-con-boxed e-con e-parent\" data-id=\"c482282\" data-element_type=\"container\" data-e-type=\"container\">\n\t\t\t\t\t<div class=\"e-con-inner\">\n\t\t\t\t<div class=\"elementor-element elementor-element-15a578a elementor-widget-divider--view-line elementor-widget elementor-widget-divider\" data-id=\"15a578a\" data-element_type=\"widget\" data-e-type=\"widget\" data-widget_type=\"divider.default\">\n\t\t\t\t<div class=\"elementor-widget-container\">\n\t\t\t\t\t\t\t<div class=\"elementor-divider\">\n\t\t\t<span class=\"elementor-divider-separator\">\n\t\t\t\t\t\t<\/span>\n\t\t<\/div>\n\t\t\t\t\t\t<\/div>\n\t\t\t\t<\/div>\n\t\t\t\t<div class=\"elementor-element elementor-element-d95139d elementor-widget elementor-widget-heading\" data-id=\"d95139d\" data-element_type=\"widget\" data-e-type=\"widget\" data-widget_type=\"heading.default\">\n\t\t\t\t<div class=\"elementor-widget-container\">\n\t\t\t\t\t<h2 class=\"elementor-heading-title elementor-size-default\">Matriz Curricular<\/h2>\t\t\t\t<\/div>\n\t\t\t\t<\/div>\n\t\t\t\t\t<\/div>\n\t\t\t\t<\/div>\n\t\t<div class=\"elementor-element elementor-element-b85a125 e-flex e-con-boxed e-con e-parent\" data-id=\"b85a125\" data-element_type=\"container\" data-e-type=\"container\">\n\t\t\t\t\t<div class=\"e-con-inner\">\n\t\t\t\t<div class=\"elementor-element elementor-element-fa9ffa9 elementor-widget elementor-widget-image\" data-id=\"fa9ffa9\" data-element_type=\"widget\" data-e-type=\"widget\" data-widget_type=\"image.default\">\n\t\t\t\t<div class=\"elementor-widget-container\">\n\t\t\t\t\t\t\t\t\t\t\t\t\t\t\t\t<a href=\"http:\/\/www2.unifap.br\/biologia\/files\/2024\/09\/Captura-de-tela-2024-09-22-195434.png\" data-elementor-open-lightbox=\"yes\" data-elementor-lightbox-title=\"Captura de tela 2024-09-22 195434\" data-e-action-hash=\"#elementor-action%3Aaction%3Dlightbox%26settings%3DeyJpZCI6IjM2MzkiLCJ1cmwiOiJodHRwczpcL1wvd3d3Mi51bmlmYXAuYnJcL2Jpb2xvZ2lhXC9maWxlc1wvMjAyNFwvMDlcL0NhcHR1cmEtZGUtdGVsYS0yMDI0LTA5LTIyLTE5NTQzNC5wbmcifQ%3D%3D\">\n\t\t\t\t\t\t\t<img decoding=\"async\" width=\"1024\" height=\"624\" src=\"https:\/\/www2.unifap.br\/biologia\/files\/2024\/09\/Captura-de-tela-2024-09-22-195434-1024x624.png\" class=\"attachment-large size-large wp-image-3639\" alt=\"\" srcset=\"https:\/\/www2.unifap.br\/biologia\/files\/2024\/09\/Captura-de-tela-2024-09-22-195434-1024x624.png 1024w, https:\/\/www2.unifap.br\/biologia\/files\/2024\/09\/Captura-de-tela-2024-09-22-195434-300x183.png 300w, https:\/\/www2.unifap.br\/biologia\/files\/2024\/09\/Captura-de-tela-2024-09-22-195434-768x468.png 768w, https:\/\/www2.unifap.br\/biologia\/files\/2024\/09\/Captura-de-tela-2024-09-22-195434.png 1389w\" sizes=\"(max-width: 1024px) 100vw, 1024px\" \/>\t\t\t\t\t\t\t\t<\/a>\n\t\t\t\t\t\t\t\t\t\t\t\t\t\t\t<\/div>\n\t\t\t\t<\/div>\n\t\t\t\t<div class=\"elementor-element elementor-element-6dbf938 elementor-widget elementor-widget-image\" data-id=\"6dbf938\" data-element_type=\"widget\" data-e-type=\"widget\" data-widget_type=\"image.default\">\n\t\t\t\t<div class=\"elementor-widget-container\">\n\t\t\t\t\t\t\t\t\t\t\t\t\t\t\t\t<a href=\"http:\/\/www2.unifap.br\/biologia\/files\/2024\/09\/Captura-de-tela-2024-09-22-195445.png\" data-elementor-open-lightbox=\"yes\" data-elementor-lightbox-title=\"Captura de tela 2024-09-22 195445\" data-e-action-hash=\"#elementor-action%3Aaction%3Dlightbox%26settings%3DeyJpZCI6IjM2NDAiLCJ1cmwiOiJodHRwczpcL1wvd3d3Mi51bmlmYXAuYnJcL2Jpb2xvZ2lhXC9maWxlc1wvMjAyNFwvMDlcL0NhcHR1cmEtZGUtdGVsYS0yMDI0LTA5LTIyLTE5NTQ0NS5wbmcifQ%3D%3D\">\n\t\t\t\t\t\t\t<img decoding=\"async\" width=\"1024\" height=\"292\" src=\"https:\/\/www2.unifap.br\/biologia\/files\/2024\/09\/Captura-de-tela-2024-09-22-195445-1024x292.png\" class=\"attachment-large size-large wp-image-3640\" alt=\"\" srcset=\"https:\/\/www2.unifap.br\/biologia\/files\/2024\/09\/Captura-de-tela-2024-09-22-195445-1024x292.png 1024w, https:\/\/www2.unifap.br\/biologia\/files\/2024\/09\/Captura-de-tela-2024-09-22-195445-300x85.png 300w, https:\/\/www2.unifap.br\/biologia\/files\/2024\/09\/Captura-de-tela-2024-09-22-195445-768x219.png 768w, https:\/\/www2.unifap.br\/biologia\/files\/2024\/09\/Captura-de-tela-2024-09-22-195445.png 1390w\" sizes=\"(max-width: 1024px) 100vw, 1024px\" \/>\t\t\t\t\t\t\t\t<\/a>\n\t\t\t\t\t\t\t\t\t\t\t\t\t\t\t<\/div>\n\t\t\t\t<\/div>\n\t\t\t\t\t<\/div>\n\t\t\t\t<\/div>\n\t\t<div class=\"elementor-element elementor-element-7554cac e-flex e-con-boxed e-con e-parent\" data-id=\"7554cac\" data-element_type=\"container\" data-e-type=\"container\">\n\t\t\t\t\t<div class=\"e-con-inner\">\n\t\t\t\t<div class=\"elementor-element elementor-element-09a5507 elementor-widget elementor-widget-spacer\" data-id=\"09a5507\" data-element_type=\"widget\" data-e-type=\"widget\" data-widget_type=\"spacer.default\">\n\t\t\t\t<div class=\"elementor-widget-container\">\n\t\t\t\t\t\t\t<div class=\"elementor-spacer\">\n\t\t\t<div class=\"elementor-spacer-inner\"><\/div>\n\t\t<\/div>\n\t\t\t\t\t\t<\/div>\n\t\t\t\t<\/div>\n\t\t\t\t\t<\/div>\n\t\t\t\t<\/div>\n\t\t<div class=\"elementor-element elementor-element-a0ad6e0 e-flex e-con-boxed e-con e-parent\" data-id=\"a0ad6e0\" data-element_type=\"container\" data-e-type=\"container\">\n\t\t\t\t\t<div class=\"e-con-inner\">\n\t\t\t\t\t<\/div>\n\t\t\t\t<\/div>\n\t\t\t\t<\/div>\n\t\t","protected":false},"excerpt":{"rendered":"<p>Conhe\u00e7a o Projeto Pedag\u00f3gico do Curso de Bacharelado em Ci\u00eancias Biol\u00f3gicas Projeto Vigente a partir de 2025 Projeto Vigente desde 2025 do Curso de Bacharelado em Ci\u00eancias Biol\u00f3gicas. Ementas, regulamentos e outras informa\u00e7\u00f5es. \/*! elementor &#8211; v3.21.0 &#8211; 26-05-2024 *\/ .elementor-heading-title{padding:0;margin:0;line-height:1}.elementor-widget-heading .elementor-heading-title[class*=elementor-size-]&gt;a{color:inherit;font-size:inherit;line-height:inherit}.elementor-widget-heading .elementor-heading-title.elementor-size-small{font-size:15px}.elementor-widget-heading .elementor-heading-title.elementor-size-medium{font-size:19px}.elementor-widget-heading .elementor-heading-title.elementor-size-large{font-size:29px}.elementor-widget-heading .elementor-heading-title.elementor-size-xl{font-size:39px}.elementor-widget-heading .elementor-heading-title.elementor-size-xxl{font-size:59px} Fluxograma \/*! elementor &#8211; v3.21.0 &#8211; 26-05-2024 *\/&#8230;<\/p>\n","protected":false},"author":359,"featured_media":0,"parent":523,"menu_order":0,"comment_status":"open","ping_status":"closed","template":"elementor_header_footer","meta":{"inline_featured_image":false,"site-sidebar-layout":"default","site-content-layout":"","ast-site-content-layout":"default","site-content-style":"default","site-sidebar-style":"default","ast-global-header-display":"","ast-banner-title-visibility":"","ast-main-header-display":"","ast-hfb-above-header-display":"","ast-hfb-below-header-display":"","ast-hfb-mobile-header-display":"","site-post-title":"","ast-breadcrumbs-content":"","ast-featured-img":"","footer-sml-layout":"","theme-transparent-header-meta":"","adv-header-id-meta":"","stick-header-meta":"","header-above-stick-meta":"","header-main-stick-meta":"","header-below-stick-meta":"","astra-migrate-meta-layouts":"default","ast-page-background-enabled":"default","ast-page-background-meta":{"desktop":{"background-color":"var(--ast-global-color-4)","background-image":"","background-repeat":"repeat","background-position":"center center","background-size":"auto","background-attachment":"scroll","background-type":"","background-media":"","overlay-type":"","overlay-color":"","overlay-opacity":"","overlay-gradient":""},"tablet":{"background-color":"","background-image":"","background-repeat":"repeat","background-position":"center center","background-size":"auto","background-attachment":"scroll","background-type":"","background-media":"","overlay-type":"","overlay-color":"","overlay-opacity":"","overlay-gradient":""},"mobile":{"background-color":"","background-image":"","background-repeat":"repeat","background-position":"center center","background-size":"auto","background-attachment":"scroll","background-type":"","background-media":"","overlay-type":"","overlay-color":"","overlay-opacity":"","overlay-gradient":""}},"ast-content-background-meta":{"desktop":{"background-color":"var(--ast-global-color-5)","background-image":"","background-repeat":"repeat","background-position":"center center","background-size":"auto","background-attachment":"scroll","background-type":"","background-media":"","overlay-type":"","overlay-color":"","overlay-opacity":"","overlay-gradient":""},"tablet":{"background-color":"var(--ast-global-color-5)","background-image":"","background-repeat":"repeat","background-position":"center center","background-size":"auto","background-attachment":"scroll","background-type":"","background-media":"","overlay-type":"","overlay-color":"","overlay-opacity":"","overlay-gradient":""},"mobile":{"background-color":"var(--ast-global-color-5)","background-image":"","background-repeat":"repeat","background-position":"center center","background-size":"auto","background-attachment":"scroll","background-type":"","background-media":"","overlay-type":"","overlay-color":"","overlay-opacity":"","overlay-gradient":""}},"ngg_post_thumbnail":0,"footnotes":""},"class_list":["post-1217","page","type-page","status-publish","hentry"],"_links":{"self":[{"href":"https:\/\/www2.unifap.br\/biologia\/wp-json\/wp\/v2\/pages\/1217","targetHints":{"allow":["GET"]}}],"collection":[{"href":"https:\/\/www2.unifap.br\/biologia\/wp-json\/wp\/v2\/pages"}],"about":[{"href":"https:\/\/www2.unifap.br\/biologia\/wp-json\/wp\/v2\/types\/page"}],"author":[{"embeddable":true,"href":"https:\/\/www2.unifap.br\/biologia\/wp-json\/wp\/v2\/users\/359"}],"replies":[{"embeddable":true,"href":"https:\/\/www2.unifap.br\/biologia\/wp-json\/wp\/v2\/comments?post=1217"}],"version-history":[{"count":56,"href":"https:\/\/www2.unifap.br\/biologia\/wp-json\/wp\/v2\/pages\/1217\/revisions"}],"predecessor-version":[{"id":5007,"href":"https:\/\/www2.unifap.br\/biologia\/wp-json\/wp\/v2\/pages\/1217\/revisions\/5007"}],"up":[{"embeddable":true,"href":"https:\/\/www2.unifap.br\/biologia\/wp-json\/wp\/v2\/pages\/523"}],"wp:attachment":[{"href":"https:\/\/www2.unifap.br\/biologia\/wp-json\/wp\/v2\/media?parent=1217"}],"curies":[{"name":"wp","href":"https:\/\/api.w.org\/{rel}","templated":true}]}}