{"id":1517,"date":"2015-04-07T16:18:35","date_gmt":"2015-04-07T16:18:35","guid":{"rendered":"http:\/\/www2.unifap.br\/biologia\/?page_id=1517"},"modified":"2022-01-05T01:54:57","modified_gmt":"2022-01-05T01:54:57","slug":"historico-do-curso","status":"publish","type":"page","link":"https:\/\/www2.unifap.br\/biologia\/coordenacao\/historico-do-curso\/","title":{"rendered":"Historico do Curso"},"content":{"rendered":"<p><a href=\"http:\/\/www2.unifap.br\/biologia\/files\/2009\/05\/JKJK.png\"><img fetchpriority=\"high\" decoding=\"async\" class=\"wp-image-895 alignleft\" title=\"J\u00falio C\u00e9sar S\u00e1 de Oliveira \" src=\"http:\/\/www2.unifap.br\/biologia\/files\/2009\/05\/JKJK.png\" alt=\"J\u00falio C\u00e9sar S\u00e1 de Oliveira \" width=\"263\" height=\"223\" srcset=\"https:\/\/www2.unifap.br\/biologia\/files\/2009\/05\/JKJK.png 375w, https:\/\/www2.unifap.br\/biologia\/files\/2009\/05\/JKJK-300x255.png 300w, https:\/\/www2.unifap.br\/biologia\/files\/2009\/05\/JKJK-176x150.png 176w\" sizes=\"(max-width: 263px) 100vw, 263px\" \/><\/a>Em 1997 os Professores <em>J\u00falio C\u00e9sar S\u00e1 de Oliveira<\/em> (Bi\u00f3logo) e <em>Jean Charles da Cunha Peixoto<\/em> (Biom\u00e9dico) da Universidade Federal do Amap\u00e1 fomentaram a<\/p>\n<p><img decoding=\"async\" class=\" wp-image-894 alignright\" title=\"Jean Charles da Cunha Peixoto\" src=\"http:\/\/www2.unifap.br\/biologia\/files\/2009\/05\/jean.jpg\" alt=\"Jean Charles da Cunha Peixoto\" width=\"222\" height=\"194\" srcset=\"https:\/\/www2.unifap.br\/biologia\/files\/2009\/05\/jean.jpg 463w, https:\/\/www2.unifap.br\/biologia\/files\/2009\/05\/jean-300x262.jpg 300w, https:\/\/www2.unifap.br\/biologia\/files\/2009\/05\/jean-171x150.jpg 171w\" sizes=\"(max-width: 222px) 100vw, 222px\" \/><\/p>\n<p>cria\u00e7\u00e3o do Curso de Ci\u00eancias Biol\u00f3gicas na UNIFAP. Para isso, os dois jovens docentes oficializaram a solicita\u00e7\u00e3o de cria\u00e7\u00e3o do Curso de Ci\u00eancias Biol\u00f3gicas atrav\u00e9s de um expediente que foi encaminhado \u00e0 Reitoria. Este documento resultou na delibera\u00e7\u00e3o de uma Comiss\u00e3o de Cria\u00e7\u00e3o e Implanta\u00e7\u00e3o do Curso, tendo como membros principais os dois docentes.<\/p>\n<p class=\"MsoNormal\" style=\"text-align: justify\">Ainda durante o ano 1997 os citados professores ministraram um curso a professores-leigos do ensino de Ci\u00eancias de 1\u00aa a 8\u00aa serie do ensino fundamental da rede p\u00fablica do estado Amap\u00e1. Este curso permitiu aquela categoria de professores a conscientiza\u00e7\u00e3o de suas prec\u00e1rias condi\u00e7\u00f5es legais e intelectuais enquanto professores de ci\u00eancias. Diante dessa conscientiza\u00e7\u00e3o, os professores-leigos encaminharam uma solicita\u00e7\u00e3o oficial aos dois docentes (J\u00falio e Jean) para que os mesmos envidassem esfor\u00e7os na cria\u00e7\u00e3o e implanta\u00e7\u00e3o do Curso de Ci\u00eancias Biol\u00f3gicas na UNIFAP.<\/p>\n<p class=\"MsoNormal\" style=\"text-align: justify\">O documento da categoria dos Professores de Ci\u00eancias estimulou os dois docentes a trabalhar com mais determina\u00e7\u00e3o no Projeto que criaria o desejado Curso. Durante todo aquele ano os dois professores buscaram informa\u00e7\u00f5es que pudessem subsidiar a justificativa de uma proposta de cria\u00e7\u00e3o de um curso de gradua\u00e7\u00e3o universit\u00e1ria que qualificasse aquela categoria de professores de ci\u00eancias, e conseguiram atrav\u00e9s de dados oficiais do estado o retrato fiel do quadro de professores de Ci\u00eancias e Biologia. O diagn\u00f3stico mostrou que havia somente 8% de profissionais qualificados legalmente nas duas mat\u00e9rias trabalhando na rede p\u00fablica, demonstrando haver uma demanda substancial para a profiss\u00e3oBi\u00f3logo (Licenciado e Bacharel) no Estado do Amap\u00e1.<\/p>\n<p class=\"MsoNormal\" style=\"text-align: justify\">No projeto determinou-se que a voca\u00e7\u00e3o do Curso de Ci\u00eancias Biol\u00f3gicas da UNIFAP seria voltada n\u00e3o s\u00f3 para a forma\u00e7\u00e3o de profissionais na \u00e1rea de Educa\u00e7\u00e3o, mas tamb\u00e9m para forma\u00e7\u00e3o de t\u00e9cnicos pesquisadores. Desde ent\u00e3o, verificava-se que a raz\u00e3o da exist\u00eancia inicial era prioritariamente responder, de forma positiva, \u00e0s necessidades regionais. Essa raz\u00e3o que ainda prevalece, norteou e norteia a estrutura\u00e7\u00e3o e reestrutura\u00e7\u00e3o do curso.<\/p>\n<p class=\"MsoNormal\" style=\"text-align: justify\">Cientes da car\u00eancia e da condi\u00e7\u00e3o de serem respons\u00e1veis pela proposi\u00e7\u00e3o junto \u00e0 reitoria da cria\u00e7\u00e3o de um curso que fosse capaz de mitigar as car\u00eancias docentes referidas e de profissional qualificado na \u00e1rea da pesquisa biol\u00f3gica, os dois professores da UNIFAP, j\u00e1 no ano de 1998, apontaram o caminho certo para a administra\u00e7\u00e3o de ent\u00e3o para a cria\u00e7\u00e3o e implanta\u00e7\u00e3o do Curso de Ci\u00eancias Biol\u00f3gicas da Universidade Federal do Amap\u00e1 atrav\u00e9s de um projeto que foi aprovado pelo Conselho Superior da UNIFAP, tendo como Relator o Prof. J\u00falio C\u00e9sar S\u00e1 de Oliveira.<\/p>\n<p style=\"text-align: justify\">Com base na filosofia expressa no Parecer n\u00ba. 107\/69 do CFE, e desejando proporcionar ao estudante as melhores oportunidades de aproveitamento de todos os seus recursos, a Reitoria da UNIFAP criou o Curso de Ci\u00eancias Biol\u00f3gicas com op\u00e7\u00e3o para Licenciatura ou Bacharelado oficializado atrav\u00e9s da Portaria da Reitoria N\u00ba 015 de 03\/11\/1998. Entretanto, a sua implanta\u00e7\u00e3o ocorreu somente em 2000 com o ingresso da primeira turma via processo seletivo.<\/p>\n","protected":false},"excerpt":{"rendered":"<p>Em 1997 os Professores J\u00falio C\u00e9sar S\u00e1 de Oliveira (Bi\u00f3logo) e Jean Charles da Cunha Peixoto (Biom\u00e9dico) da Universidade Federal do Amap\u00e1 fomentaram a cria\u00e7\u00e3o do Curso de Ci\u00eancias Biol\u00f3gicas na UNIFAP. Para isso, os dois jovens docentes oficializaram a solicita\u00e7\u00e3o de cria\u00e7\u00e3o do Curso de Ci\u00eancias Biol\u00f3gicas atrav\u00e9s de um expediente que foi encaminhado&#8230;<\/p>\n","protected":false},"author":359,"featured_media":0,"parent":45,"menu_order":0,"comment_status":"open","ping_status":"open","template":"","meta":{"inline_featured_image":false,"site-sidebar-layout":"default","site-content-layout":"","ast-site-content-layout":"default","site-content-style":"default","site-sidebar-style":"default","ast-global-header-display":"","ast-banner-title-visibility":"","ast-main-header-display":"","ast-hfb-above-header-display":"","ast-hfb-below-header-display":"","ast-hfb-mobile-header-display":"","site-post-title":"","ast-breadcrumbs-content":"","ast-featured-img":"","footer-sml-layout":"","theme-transparent-header-meta":"","adv-header-id-meta":"","stick-header-meta":"","header-above-stick-meta":"","header-main-stick-meta":"","header-below-stick-meta":"","astra-migrate-meta-layouts":"default","ast-page-background-enabled":"default","ast-page-background-meta":{"desktop":{"background-color":"var(--ast-global-color-4)","background-image":"","background-repeat":"repeat","background-position":"center center","background-size":"auto","background-attachment":"scroll","background-type":"","background-media":"","overlay-type":"","overlay-color":"","overlay-opacity":"","overlay-gradient":""},"tablet":{"background-color":"","background-image":"","background-repeat":"repeat","background-position":"center center","background-size":"auto","background-attachment":"scroll","background-type":"","background-media":"","overlay-type":"","overlay-color":"","overlay-opacity":"","overlay-gradient":""},"mobile":{"background-color":"","background-image":"","background-repeat":"repeat","background-position":"center center","background-size":"auto","background-attachment":"scroll","background-type":"","background-media":"","overlay-type":"","overlay-color":"","overlay-opacity":"","overlay-gradient":""}},"ast-content-background-meta":{"desktop":{"background-color":"var(--ast-global-color-5)","background-image":"","background-repeat":"repeat","background-position":"center center","background-size":"auto","background-attachment":"scroll","background-type":"","background-media":"","overlay-type":"","overlay-color":"","overlay-opacity":"","overlay-gradient":""},"tablet":{"background-color":"var(--ast-global-color-5)","background-image":"","background-repeat":"repeat","background-position":"center center","background-size":"auto","background-attachment":"scroll","background-type":"","background-media":"","overlay-type":"","overlay-color":"","overlay-opacity":"","overlay-gradient":""},"mobile":{"background-color":"var(--ast-global-color-5)","background-image":"","background-repeat":"repeat","background-position":"center center","background-size":"auto","background-attachment":"scroll","background-type":"","background-media":"","overlay-type":"","overlay-color":"","overlay-opacity":"","overlay-gradient":""}},"ngg_post_thumbnail":0,"footnotes":""},"class_list":["post-1517","page","type-page","status-publish","hentry"],"_links":{"self":[{"href":"https:\/\/www2.unifap.br\/biologia\/wp-json\/wp\/v2\/pages\/1517","targetHints":{"allow":["GET"]}}],"collection":[{"href":"https:\/\/www2.unifap.br\/biologia\/wp-json\/wp\/v2\/pages"}],"about":[{"href":"https:\/\/www2.unifap.br\/biologia\/wp-json\/wp\/v2\/types\/page"}],"author":[{"embeddable":true,"href":"https:\/\/www2.unifap.br\/biologia\/wp-json\/wp\/v2\/users\/359"}],"replies":[{"embeddable":true,"href":"https:\/\/www2.unifap.br\/biologia\/wp-json\/wp\/v2\/comments?post=1517"}],"version-history":[{"count":3,"href":"https:\/\/www2.unifap.br\/biologia\/wp-json\/wp\/v2\/pages\/1517\/revisions"}],"predecessor-version":[{"id":2079,"href":"https:\/\/www2.unifap.br\/biologia\/wp-json\/wp\/v2\/pages\/1517\/revisions\/2079"}],"up":[{"embeddable":true,"href":"https:\/\/www2.unifap.br\/biologia\/wp-json\/wp\/v2\/pages\/45"}],"wp:attachment":[{"href":"https:\/\/www2.unifap.br\/biologia\/wp-json\/wp\/v2\/media?parent=1517"}],"curies":[{"name":"wp","href":"https:\/\/api.w.org\/{rel}","templated":true}]}}