{"id":1640,"date":"2016-02-23T17:34:28","date_gmt":"2016-02-23T17:34:28","guid":{"rendered":"http:\/\/www2.unifap.br\/biologia\/?page_id=1640"},"modified":"2016-02-24T01:13:05","modified_gmt":"2016-02-24T01:13:05","slug":"fotos-2","status":"publish","type":"page","link":"https:\/\/www2.unifap.br\/biologia\/laboratorios\/labot\/fotos-2\/","title":{"rendered":"Fotos"},"content":{"rendered":"<ul>\n<li>Coleta de Bot\u00e2nica na area da universidade &#8211; <a title=\"Coleta de Bot\u00e2nica na area da universidade\" href=\"http:\/\/www2.unifap.br\/biologia\/2016\/02\/24\/coleta-de-botanica-na-area-da-universidade\/\" target=\"_blank\">clique<\/a><\/li>\n<li>Montagem de uma exsicata &#8211; <a title=\"Montagem de uma exsicata (material herborizado)\" href=\"http:\/\/www2.unifap.br\/biologia\/2016\/02\/24\/montagem-de-uma-exsicata-material-herborizado\/\" target=\"_blank\">Clique<\/a><\/li>\n<li>Identifica\u00e7\u00e3o na sala de aula &#8211; <a title=\"Sala de aula fazendo a identifica\u00e7\u00e3o Bot\u00e2nica\" href=\"http:\/\/www2.unifap.br\/biologia\/2016\/02\/24\/sala-de-aula-fazendo-a-identificacao-botanica\/\" target=\"_blank\">Clique<\/a><\/li>\n<\/ul>\n","protected":false},"excerpt":{"rendered":"<p>Coleta de Bot\u00e2nica na area da universidade &#8211; clique Montagem de uma exsicata &#8211; Clique Identifica\u00e7\u00e3o na sala de aula &#8211; Clique<\/p>\n","protected":false},"author":359,"featured_media":0,"parent":26,"menu_order":4,"comment_status":"open","ping_status":"open","template":"","meta":{"inline_featured_image":false,"site-sidebar-layout":"default","site-content-layout":"","ast-site-content-layout":"default","site-content-style":"default","site-sidebar-style":"default","ast-global-header-display":"","ast-banner-title-visibility":"","ast-main-header-display":"","ast-hfb-above-header-display":"","ast-hfb-below-header-display":"","ast-hfb-mobile-header-display":"","site-post-title":"","ast-breadcrumbs-content":"","ast-featured-img":"","footer-sml-layout":"","theme-transparent-header-meta":"","adv-header-id-meta":"","stick-header-meta":"","header-above-stick-meta":"","header-main-stick-meta":"","header-below-stick-meta":"","astra-migrate-meta-layouts":"default","ast-page-background-enabled":"default","ast-page-background-meta":{"desktop":{"background-color":"var(--ast-global-color-4)","background-image":"","background-repeat":"repeat","background-position":"center center","background-size":"auto","background-attachment":"scroll","background-type":"","background-media":"","overlay-type":"","overlay-color":"","overlay-opacity":"","overlay-gradient":""},"tablet":{"background-color":"","background-image":"","background-repeat":"repeat","background-position":"center center","background-size":"auto","background-attachment":"scroll","background-type":"","background-media":"","overlay-type":"","overlay-color":"","overlay-opacity":"","overlay-gradient":""},"mobile":{"background-color":"","background-image":"","background-repeat":"repeat","background-position":"center center","background-size":"auto","background-attachment":"scroll","background-type":"","background-media":"","overlay-type":"","overlay-color":"","overlay-opacity":"","overlay-gradient":""}},"ast-content-background-meta":{"desktop":{"background-color":"var(--ast-global-color-5)","background-image":"","background-repeat":"repeat","background-position":"center center","background-size":"auto","background-attachment":"scroll","background-type":"","background-media":"","overlay-type":"","overlay-color":"","overlay-opacity":"","overlay-gradient":""},"tablet":{"background-color":"var(--ast-global-color-5)","background-image":"","background-repeat":"repeat","background-position":"center center","background-size":"auto","background-attachment":"scroll","background-type":"","background-media":"","overlay-type":"","overlay-color":"","overlay-opacity":"","overlay-gradient":""},"mobile":{"background-color":"var(--ast-global-color-5)","background-image":"","background-repeat":"repeat","background-position":"center center","background-size":"auto","background-attachment":"scroll","background-type":"","background-media":"","overlay-type":"","overlay-color":"","overlay-opacity":"","overlay-gradient":""}},"ngg_post_thumbnail":0,"footnotes":""},"class_list":["post-1640","page","type-page","status-publish","hentry"],"_links":{"self":[{"href":"https:\/\/www2.unifap.br\/biologia\/wp-json\/wp\/v2\/pages\/1640","targetHints":{"allow":["GET"]}}],"collection":[{"href":"https:\/\/www2.unifap.br\/biologia\/wp-json\/wp\/v2\/pages"}],"about":[{"href":"https:\/\/www2.unifap.br\/biologia\/wp-json\/wp\/v2\/types\/page"}],"author":[{"embeddable":true,"href":"https:\/\/www2.unifap.br\/biologia\/wp-json\/wp\/v2\/users\/359"}],"replies":[{"embeddable":true,"href":"https:\/\/www2.unifap.br\/biologia\/wp-json\/wp\/v2\/comments?post=1640"}],"version-history":[{"count":6,"href":"https:\/\/www2.unifap.br\/biologia\/wp-json\/wp\/v2\/pages\/1640\/revisions"}],"predecessor-version":[{"id":1689,"href":"https:\/\/www2.unifap.br\/biologia\/wp-json\/wp\/v2\/pages\/1640\/revisions\/1689"}],"up":[{"embeddable":true,"href":"https:\/\/www2.unifap.br\/biologia\/wp-json\/wp\/v2\/pages\/26"}],"wp:attachment":[{"href":"https:\/\/www2.unifap.br\/biologia\/wp-json\/wp\/v2\/media?parent=1640"}],"curies":[{"name":"wp","href":"https:\/\/api.w.org\/{rel}","templated":true}]}}