{"id":2103,"date":"2022-01-08T02:27:52","date_gmt":"2022-01-08T02:27:52","guid":{"rendered":"http:\/\/www2.unifap.br\/biologia\/?page_id=2103"},"modified":"2022-01-08T02:34:12","modified_gmt":"2022-01-08T02:34:12","slug":"pexbio","status":"publish","type":"page","link":"https:\/\/www2.unifap.br\/biologia\/programas\/pexbio\/","title":{"rendered":"PExBio"},"content":{"rendered":"<p><strong>Programa de extens\u00e3o de Ci\u00eancias biol\u00f3gicas \u2013 PExBio<\/strong><\/p>\n<p>O <strong>PExBio<\/strong> ser\u00e1 desenvolvido atrav\u00e9s de diversas A\u00c7\u00d5ES almejando alcan\u00e7ar todos os envolvidos com uma proposta de Educa\u00e7\u00e3o Ambiental para a sustentabilidade visando a melhoria da qualifica\u00e7\u00e3o profissional. Atrav\u00e9s da defini\u00e7\u00e3o de um cronograma anual s\u00e3o desenvolvidas a\u00e7\u00f5es\/atividades, com \u00eanfase em datas significativas relacionadas com a Biologia.<\/p>\n<p><strong>Tipos de A\u00e7\u00f5es:<\/strong><br \/>\n<strong>a)Cursos<\/strong>: Instru\u00e7\u00e3o de Sobrevi.v\u00eancia na Selva, Expedi\u00e7\u00e3o Acad\u00eamica<br \/>\n<strong>b)Eventos e Exposi\u00e7\u00f5es:<\/strong> Semana do Calouro de Biologia, Ciclo de Palestras em Comemora\u00e7\u00e3o Ao dia do Bi\u00f3logo,<br \/>\n<strong>c)Treinamentos Espec\u00edficos:<\/strong> Oficinas t\u00e9cnicas de Biologia (Bot\u00e2nica, Zoologia, ictiologia, Entomologia, etc)<\/p>\n<p>Alguns projetos j\u00e1 v\u00eam sendo executados pelo Curso de Ci\u00eancias Biol\u00f3gicas desde a sua cria\u00e7\u00e3o em 2000, como o Curso de Instru\u00e7\u00e3o de Sobreviv\u00eancia na Selva, Semana de Inicia\u00e7\u00e3o Cient\u00edfica de Ci\u00eancias Biol\u00f3gicas, e o Ciclo de Palestras em comemora\u00e7\u00e3o ao Dia do Bi\u00f3logo. Outros ser\u00e3o incorporados a medida de sua realiza\u00e7\u00e3o<\/p>\n","protected":false},"excerpt":{"rendered":"<p>Programa de extens\u00e3o de Ci\u00eancias biol\u00f3gicas \u2013 PExBio O PExBio ser\u00e1 desenvolvido atrav\u00e9s de diversas A\u00c7\u00d5ES almejando alcan\u00e7ar todos os envolvidos com uma proposta de Educa\u00e7\u00e3o Ambiental para a sustentabilidade visando a melhoria da qualifica\u00e7\u00e3o profissional. Atrav\u00e9s da defini\u00e7\u00e3o de um cronograma anual s\u00e3o desenvolvidas a\u00e7\u00f5es\/atividades, com \u00eanfase em datas significativas relacionadas com a Biologia&#8230;.<\/p>\n","protected":false},"author":1213,"featured_media":0,"parent":229,"menu_order":1,"comment_status":"closed","ping_status":"closed","template":"","meta":{"inline_featured_image":false,"site-sidebar-layout":"default","site-content-layout":"","ast-site-content-layout":"default","site-content-style":"default","site-sidebar-style":"default","ast-global-header-display":"","ast-banner-title-visibility":"","ast-main-header-display":"","ast-hfb-above-header-display":"","ast-hfb-below-header-display":"","ast-hfb-mobile-header-display":"","site-post-title":"","ast-breadcrumbs-content":"","ast-featured-img":"","footer-sml-layout":"","theme-transparent-header-meta":"","adv-header-id-meta":"","stick-header-meta":"","header-above-stick-meta":"","header-main-stick-meta":"","header-below-stick-meta":"","astra-migrate-meta-layouts":"default","ast-page-background-enabled":"default","ast-page-background-meta":{"desktop":{"background-color":"var(--ast-global-color-4)","background-image":"","background-repeat":"repeat","background-position":"center center","background-size":"auto","background-attachment":"scroll","background-type":"","background-media":"","overlay-type":"","overlay-color":"","overlay-opacity":"","overlay-gradient":""},"tablet":{"background-color":"","background-image":"","background-repeat":"repeat","background-position":"center center","background-size":"auto","background-attachment":"scroll","background-type":"","background-media":"","overlay-type":"","overlay-color":"","overlay-opacity":"","overlay-gradient":""},"mobile":{"background-color":"","background-image":"","background-repeat":"repeat","background-position":"center center","background-size":"auto","background-attachment":"scroll","background-type":"","background-media":"","overlay-type":"","overlay-color":"","overlay-opacity":"","overlay-gradient":""}},"ast-content-background-meta":{"desktop":{"background-color":"var(--ast-global-color-5)","background-image":"","background-repeat":"repeat","background-position":"center center","background-size":"auto","background-attachment":"scroll","background-type":"","background-media":"","overlay-type":"","overlay-color":"","overlay-opacity":"","overlay-gradient":""},"tablet":{"background-color":"var(--ast-global-color-5)","background-image":"","background-repeat":"repeat","background-position":"center center","background-size":"auto","background-attachment":"scroll","background-type":"","background-media":"","overlay-type":"","overlay-color":"","overlay-opacity":"","overlay-gradient":""},"mobile":{"background-color":"var(--ast-global-color-5)","background-image":"","background-repeat":"repeat","background-position":"center center","background-size":"auto","background-attachment":"scroll","background-type":"","background-media":"","overlay-type":"","overlay-color":"","overlay-opacity":"","overlay-gradient":""}},"ngg_post_thumbnail":0,"footnotes":""},"class_list":["post-2103","page","type-page","status-publish","hentry"],"_links":{"self":[{"href":"https:\/\/www2.unifap.br\/biologia\/wp-json\/wp\/v2\/pages\/2103","targetHints":{"allow":["GET"]}}],"collection":[{"href":"https:\/\/www2.unifap.br\/biologia\/wp-json\/wp\/v2\/pages"}],"about":[{"href":"https:\/\/www2.unifap.br\/biologia\/wp-json\/wp\/v2\/types\/page"}],"author":[{"embeddable":true,"href":"https:\/\/www2.unifap.br\/biologia\/wp-json\/wp\/v2\/users\/1213"}],"replies":[{"embeddable":true,"href":"https:\/\/www2.unifap.br\/biologia\/wp-json\/wp\/v2\/comments?post=2103"}],"version-history":[{"count":1,"href":"https:\/\/www2.unifap.br\/biologia\/wp-json\/wp\/v2\/pages\/2103\/revisions"}],"predecessor-version":[{"id":2104,"href":"https:\/\/www2.unifap.br\/biologia\/wp-json\/wp\/v2\/pages\/2103\/revisions\/2104"}],"up":[{"embeddable":true,"href":"https:\/\/www2.unifap.br\/biologia\/wp-json\/wp\/v2\/pages\/229"}],"wp:attachment":[{"href":"https:\/\/www2.unifap.br\/biologia\/wp-json\/wp\/v2\/media?parent=2103"}],"curies":[{"name":"wp","href":"https:\/\/api.w.org\/{rel}","templated":true}]}}