{"id":2135,"date":"2022-02-23T14:00:46","date_gmt":"2022-02-23T14:00:46","guid":{"rendered":"http:\/\/www2.unifap.br\/biologia\/?page_id=2135"},"modified":"2025-06-27T19:22:17","modified_gmt":"2025-06-27T19:22:17","slug":"colacao-de-grau","status":"publish","type":"page","link":"https:\/\/www2.unifap.br\/biologia\/documentos\/colacao-de-grau\/","title":{"rendered":"Cola\u00e7\u00e3o de Grau"},"content":{"rendered":"\t\t<div data-elementor-type=\"wp-page\" data-elementor-id=\"2135\" class=\"elementor elementor-2135\">\n\t\t\t\t<div class=\"elementor-element elementor-element-9765a97 e-flex e-con-boxed e-con e-parent\" data-id=\"9765a97\" data-element_type=\"container\" data-e-type=\"container\">\n\t\t\t\t\t<div class=\"e-con-inner\">\n\t\t\t\t<div class=\"elementor-element elementor-element-047a86a elementor-widget elementor-widget-html\" data-id=\"047a86a\" data-element_type=\"widget\" data-e-type=\"widget\" data-widget_type=\"html.default\">\n\t\t\t\t<div class=\"elementor-widget-container\">\n\t\t\t\t\t<section style=\"font-family: Arial, sans-serif;line-height: 1.6;max-width: 800px;margin: auto\">\r\n\r\n  <h2 style=\"color: #004080\">\ud83c\udf93 Cola\u00e7\u00e3o de Grau \u2013 Orienta\u00e7\u00f5es Gerais<\/h2>\r\n\r\n  <p>Para iniciar o processo de cola\u00e7\u00e3o de grau, o(a) discente dever\u00e1 seguir os passos abaixo, conforme as diretrizes do DERCA\/UNIFAP. \u00c9 necess\u00e1rio estar com todas as pend\u00eancias resolvidas, incluindo a entrega e corre\u00e7\u00f5es do TCC\/Artigo.<\/p>\r\n\r\n  <!-- Etapas -->\r\n  <div style=\"background-color: #f0f8ff;border-left: 6px solid #3399ff;padding: 12px 16px;margin-bottom: 24px\">\r\n    <p style=\"margin: 0;font-size: 16px\"><strong>Passo a passo:<\/strong><\/p>\r\n    <ol style=\"margin-top: 8px\">\r\n      <li>\ud83d\udcc4 Preencha e assine o <a href=\"https:\/\/www2.unifap.br\/biologia\/download\/formulario_colacao-de-grau\/?wpdmdl=5362&amp;masterkey=Oc6JeB8eT3TGRQbpJ624J4h1qxJdzBpd55eksTJ3MBpjsEKFxdKf59UGrh-Vc3iWuxyjVq3OAQH3vyDux7LlylrSV3MfcxRDP8rIM3CdXNM\" target=\"_blank\"><strong>Formul\u00e1rio de Inscri\u00e7\u00e3o para Cola\u00e7\u00e3o de Grau<\/strong><\/a>.<\/li>\r\n      <li>\ud83d\udcd1 Digitalize o formul\u00e1rio preenchido e os documentos obrigat\u00f3rios listados abaixo.<\/li>\r\n      <li>\ud83d\udcc6 Verifique o prazo de envio conforme o <strong>Calend\u00e1rio Acad\u00eamico<\/strong>.<\/li>\r\n      <li>\ud83d\udce7 Envie tudo para: <a href=\"mailto:secretariabiologia@unifap.br\">secretariabiologia@unifap.br<\/a>, em <strong>um \u00fanico arquivo PDF<\/strong>.<\/li>\r\n      <li>\ud83d\udcdd No assunto do e-mail escreva: <strong>\"Cola\u00e7\u00e3o de Grau\"<\/strong> e informe no corpo do e-mail seu <strong>nome completo<\/strong> e <strong>n\u00famero de matr\u00edcula<\/strong>.<\/li>\r\n    <\/ol>\r\n  <\/div>\r\n\r\n  <!-- Documentos exigidos -->\r\n  <div style=\"background-color: #fffbe6;border-left: 6px solid #ffcc00;padding: 12px 16px;margin-bottom: 20px\">\r\n    <h3 style=\"margin-top: 0;color: #805300\">\ud83d\udccc Documentos obrigat\u00f3rios:<\/h3>\r\n    <ul>\r\n      <li>\ud83e\udeaa Documento de identidade civil (RG ou equivalente);<\/li>\r\n      <li>\ud83d\uddc3\ufe0f Certid\u00e3o de nascimento ou casamento;<\/li>\r\n      <li>\ud83d\uddf3\ufe0f Certid\u00e3o de quita\u00e7\u00e3o eleitoral (<a href=\"https:\/\/www.tse.jus.br\/eleitor\/certidoes\/certidao-de-quitacao-eleitoral\" target=\"_blank\">emitida no site do TSE<\/a>);<\/li>\r\n      <li>\ud83c\udf93 Prova de conclus\u00e3o do ensino m\u00e9dio ou equivalente;<\/li>\r\n      <li>\ud83e\ude96 Carteira de reservista ou CDI (para candidatos do sexo masculino);<\/li>\r\n      <li>\ud83d\udcda Declara\u00e7\u00e3o de quita\u00e7\u00e3o com a Biblioteca (<a href=\"https:\/\/www2.unifap.br\/biblioteca\/\" target=\"_blank\">link para emiss\u00e3o<\/a>);<\/li>\r\n    <\/ul>\r\n    <p><strong>Importante:<\/strong> Conforme a <strong>Portaria n\u00ba 076\/2025-GAB\/SEED<\/strong>, n\u00e3o \u00e9 mais exigido o carimbo da SEED (NIOE) nos certificados ou diplomas de ensino m\u00e9dio emitidos por institui\u00e7\u00f5es da Secretaria de Estado da Educa\u00e7\u00e3o.<\/p>\r\n  <\/div>\r\n\r\n  <!-- Acompanhamento -->\r\n  <div style=\"background-color: #f9f9f9;border-left: 6px solid #999999;padding: 12px 16px;margin-bottom: 20px\">\r\n    <h3 style=\"margin-top: 0;color: #333333\">\ud83d\udce5 Acompanhamento do Processo<\/h3>\r\n    <p>Ap\u00f3s o envio do requerimento e dos documentos, o(a) formando receber\u00e1 o <strong>n\u00famero do processo<\/strong> por e-mail. \u00c9 de responsabilidade do discente acompanhar o andamento e resolver eventuais pend\u00eancias indicadas por setores da UNIFAP.<\/p>\r\n    <p>A <strong>lista oficial de formandos<\/strong> ser\u00e1 publicada no site do <a href=\"https:\/\/www2.unifap.br\/derca\/\" target=\"_blank\">DERCA<\/a>.<\/p>\r\n  <\/div>\r\n\r\n  <!-- Cola\u00e7\u00e3o em Gabinete -->\r\n  <div style=\"background-color: #e6f7f0;border-left: 6px solid #33cc99;padding: 12px 16px;margin-bottom: 20px\">\r\n    <h3 style=\"margin-top: 0;color: #00664d\">\ud83c\udfdb\ufe0f Cola\u00e7\u00e3o de Grau em Gabinete<\/h3>\r\n    <p>Esse tipo de cola\u00e7\u00e3o ocorre internamente na UNIFAP, na presen\u00e7a do Reitor ou representante legal, e pode ser solicitado em casos de for\u00e7a maior que impe\u00e7am a participa\u00e7\u00e3o na cerim\u00f4nia oficial.<\/p>\r\n    <p><strong>Casos em que pode ser solicitada:<\/strong><\/p>\r\n    <ul>\r\n      <li>\u2708\ufe0f Mudan\u00e7a de Estado ou pa\u00eds;<\/li>\r\n      <li>\ud83d\udcd1 Nomea\u00e7\u00e3o em concurso p\u00fablico com exig\u00eancia de diploma antes da cola\u00e7\u00e3o;<\/li>\r\n      <li>\ud83c\udf93 Aprova\u00e7\u00e3o em programas de p\u00f3s-gradua\u00e7\u00e3o (mestrado\/doutorado) que exijam comprova\u00e7\u00e3o de gradua\u00e7\u00e3o;<\/li>\r\n      <li>\ud83d\udcbc Contrata\u00e7\u00e3o por empresa p\u00fablica ou privada, mediante carta original com proposta de emprego.<\/li>\r\n    <\/ul>\r\n  <\/div>\r\n\r\n<\/section>\r\n\t\t\t\t<\/div>\n\t\t\t\t<\/div>\n\t\t\t\t\t<\/div>\n\t\t\t\t<\/div>\n\t\t<div class=\"elementor-element elementor-element-1932671 e-flex e-con-boxed e-con e-parent\" data-id=\"1932671\" data-element_type=\"container\" data-e-type=\"container\">\n\t\t\t\t\t<div class=\"e-con-inner\">\n\t\t\t\t\t<\/div>\n\t\t\t\t<\/div>\n\t\t\t\t<\/div>\n\t\t","protected":false},"excerpt":{"rendered":"<p>\ud83c\udf93 Cola\u00e7\u00e3o de Grau \u2013 Orienta\u00e7\u00f5es Gerais Para iniciar o processo de cola\u00e7\u00e3o de grau, o(a) discente dever\u00e1 seguir os passos abaixo, conforme as diretrizes do DERCA\/UNIFAP. \u00c9 necess\u00e1rio estar com todas as pend\u00eancias resolvidas, incluindo a entrega e corre\u00e7\u00f5es do TCC\/Artigo. Passo a passo: \ud83d\udcc4 Preencha e assine o Formul\u00e1rio de Inscri\u00e7\u00e3o para Cola\u00e7\u00e3o&#8230;<\/p>\n","protected":false},"author":1213,"featured_media":0,"parent":1849,"menu_order":0,"comment_status":"closed","ping_status":"closed","template":"elementor_header_footer","meta":{"inline_featured_image":false,"site-sidebar-layout":"default","site-content-layout":"","ast-site-content-layout":"default","site-content-style":"default","site-sidebar-style":"default","ast-global-header-display":"","ast-banner-title-visibility":"","ast-main-header-display":"","ast-hfb-above-header-display":"","ast-hfb-below-header-display":"","ast-hfb-mobile-header-display":"","site-post-title":"","ast-breadcrumbs-content":"","ast-featured-img":"","footer-sml-layout":"","theme-transparent-header-meta":"","adv-header-id-meta":"","stick-header-meta":"","header-above-stick-meta":"","header-main-stick-meta":"","header-below-stick-meta":"","astra-migrate-meta-layouts":"default","ast-page-background-enabled":"default","ast-page-background-meta":{"desktop":{"background-color":"var(--ast-global-color-4)","background-image":"","background-repeat":"repeat","background-position":"center center","background-size":"auto","background-attachment":"scroll","background-type":"","background-media":"","overlay-type":"","overlay-color":"","overlay-opacity":"","overlay-gradient":""},"tablet":{"background-color":"","background-image":"","background-repeat":"repeat","background-position":"center center","background-size":"auto","background-attachment":"scroll","background-type":"","background-media":"","overlay-type":"","overlay-color":"","overlay-opacity":"","overlay-gradient":""},"mobile":{"background-color":"","background-image":"","background-repeat":"repeat","background-position":"center center","background-size":"auto","background-attachment":"scroll","background-type":"","background-media":"","overlay-type":"","overlay-color":"","overlay-opacity":"","overlay-gradient":""}},"ast-content-background-meta":{"desktop":{"background-color":"var(--ast-global-color-5)","background-image":"","background-repeat":"repeat","background-position":"center center","background-size":"auto","background-attachment":"scroll","background-type":"","background-media":"","overlay-type":"","overlay-color":"","overlay-opacity":"","overlay-gradient":""},"tablet":{"background-color":"var(--ast-global-color-5)","background-image":"","background-repeat":"repeat","background-position":"center center","background-size":"auto","background-attachment":"scroll","background-type":"","background-media":"","overlay-type":"","overlay-color":"","overlay-opacity":"","overlay-gradient":""},"mobile":{"background-color":"var(--ast-global-color-5)","background-image":"","background-repeat":"repeat","background-position":"center center","background-size":"auto","background-attachment":"scroll","background-type":"","background-media":"","overlay-type":"","overlay-color":"","overlay-opacity":"","overlay-gradient":""}},"ngg_post_thumbnail":0,"footnotes":""},"class_list":["post-2135","page","type-page","status-publish","hentry"],"_links":{"self":[{"href":"https:\/\/www2.unifap.br\/biologia\/wp-json\/wp\/v2\/pages\/2135","targetHints":{"allow":["GET"]}}],"collection":[{"href":"https:\/\/www2.unifap.br\/biologia\/wp-json\/wp\/v2\/pages"}],"about":[{"href":"https:\/\/www2.unifap.br\/biologia\/wp-json\/wp\/v2\/types\/page"}],"author":[{"embeddable":true,"href":"https:\/\/www2.unifap.br\/biologia\/wp-json\/wp\/v2\/users\/1213"}],"replies":[{"embeddable":true,"href":"https:\/\/www2.unifap.br\/biologia\/wp-json\/wp\/v2\/comments?post=2135"}],"version-history":[{"count":39,"href":"https:\/\/www2.unifap.br\/biologia\/wp-json\/wp\/v2\/pages\/2135\/revisions"}],"predecessor-version":[{"id":5376,"href":"https:\/\/www2.unifap.br\/biologia\/wp-json\/wp\/v2\/pages\/2135\/revisions\/5376"}],"up":[{"embeddable":true,"href":"https:\/\/www2.unifap.br\/biologia\/wp-json\/wp\/v2\/pages\/1849"}],"wp:attachment":[{"href":"https:\/\/www2.unifap.br\/biologia\/wp-json\/wp\/v2\/media?parent=2135"}],"curies":[{"name":"wp","href":"https:\/\/api.w.org\/{rel}","templated":true}]}}