{"id":24,"date":"2009-05-22T10:09:55","date_gmt":"2009-05-22T10:09:55","guid":{"rendered":"http:\/\/pororoca.unifap.br\/biologia\/?page_id=24"},"modified":"2024-09-22T21:15:09","modified_gmt":"2024-09-22T21:15:09","slug":"laboratorios","status":"publish","type":"page","link":"https:\/\/www2.unifap.br\/biologia\/laboratorios\/","title":{"rendered":"Laborat\u00f3rios"},"content":{"rendered":"\t\t<div data-elementor-type=\"wp-page\" data-elementor-id=\"24\" class=\"elementor elementor-24\">\n\t\t\t\t<div class=\"elementor-element elementor-element-283b0b47 e-flex e-con-boxed e-con e-parent\" data-id=\"283b0b47\" data-element_type=\"container\" data-e-type=\"container\">\n\t\t\t\t\t<div class=\"e-con-inner\">\n\t\t\t\t<div class=\"elementor-element elementor-element-57591e7f elementor-widget elementor-widget-text-editor\" data-id=\"57591e7f\" data-element_type=\"widget\" data-e-type=\"widget\" data-widget_type=\"text-editor.default\">\n\t\t\t\t<div class=\"elementor-widget-container\">\n\t\t\t\t\t\t\t\t\t<p style=\"text-align: justify\">A Coordena\u00e7\u00e3o do Curso de Ci\u00eancias Biol\u00f3gicas possui diversos Laborat\u00f3rio que desenvolvem atividades de ensino, pesquisa e extens\u00e3o. Tais laborat\u00f3rios s\u00e3o estruturados para o atendimento das aulas pr\u00e1ticas deo Curso de Biologia.<\/p><p style=\"text-align: justify\"><a href=\"http:\/\/www2.unifap.br\/biologia\/files\/2009\/05\/LOGOPUB.png\"><img fetchpriority=\"high\" decoding=\"async\" class=\"aligncenter size-full wp-image-927\" src=\"http:\/\/www2.unifap.br\/biologia\/files\/2009\/05\/LOGOPUB.png\" alt=\"LOGOPUB\" width=\"351\" height=\"181\" srcset=\"https:\/\/www2.unifap.br\/biologia\/files\/2009\/05\/LOGOPUB.png 351w, https:\/\/www2.unifap.br\/biologia\/files\/2009\/05\/LOGOPUB-300x154.png 300w, https:\/\/www2.unifap.br\/biologia\/files\/2009\/05\/LOGOPUB-250x128.png 250w\" sizes=\"(max-width: 351px) 100vw, 351px\" \/><\/a><\/p><p><strong>LABORAT\u00d3RIO DO CURSO DE CI\u00caNCIAS BIOL\u00d3GICAS<\/strong>:<\/p><ul><li style=\"text-align: justify\">Laborat\u00f3rio de Artr\u00f3podes &#8211;\u00a0<a title=\"ARTROLAB\" href=\"http:\/\/www2.unifap.br\/arthrolab\"><span class=\"aligncenter\"><strong>ARTHROLAB<\/strong><\/span><\/a><\/li><li>Laborat\u00f3rio de Biologia Molecular &#8211; <strong><a title=\"BIOMOL\" href=\"https:\/\/www2.unifap.br\/biologia\/laboratorios\/biomol\/\" target=\"_blank\" rel=\"noopener noreferrer\">BIOMOL<\/a><\/strong><\/li><li>Laborat\u00f3rio de Herpetologia &#8211;\u00a0<a title=\"HERPETOLAB\" href=\"http:\/\/www2.unifap.br\/biologia\/laboratorios\/herptolab\/\"><strong>HERPETOLAB<\/strong><\/a><\/li><li>Laborat\u00f3rio de Bot\u00e2nica e Educa\u00e7\u00e3o Ambiental &#8211; <a title=\"LABOT\" href=\"https:\/\/www2.unifap.br\/biologia\/laboratorios\/labot\/\" target=\"_blank\" rel=\"noopener noreferrer\"><strong>LABOT<\/strong><\/a><\/li><li>Laborat\u00f3rio de Invertebrados &#8211; <a title=\"LABINVET\" href=\"https:\/\/www2.unifap.br\/biologia\/laboratorios\/labinvent\/\" target=\"_blank\" rel=\"noopener noreferrer\"><strong>LABINVET<\/strong><\/a><\/li><li>Laborat\u00f3rio de Limnologia &#8211; <a title=\"LABLIMNO\" href=\"https:\/\/www2.unifap.br\/biologia\/laboratorios\/lablimno\/\" target=\"_blank\" rel=\"noopener noreferrer\"><strong>LABLIMNO<\/strong><\/a><\/li><li>Laborat\u00f3rio de Zoologia &#8211; <a title=\"LABZOO\" href=\"https:\/\/www2.unifap.br\/biologia\/laboratorios\/\" target=\"_blank\" rel=\"noopener noreferrer\"><strong>LABZOO<\/strong><\/a><\/li><li>Laborat\u00f3rio de Pr\u00e1tica de Ensino &#8211; <span style=\"color: #000000\"><strong><a title=\"LAPE\" href=\"https:\/\/www2.unifap.br\/biologia\/laboratorios\/lape\/\" target=\"_blank\" rel=\"noopener noreferrer\">LAPE<\/a><\/strong><\/span><\/li><li>Laborat\u00f3rio de Paleontologia &#8211; <a title=\"PALEOLab\" href=\"http:\/\/www2.unifap.br\/biologia\/laboratorios\/paleolab\/\" target=\"_blank\" rel=\"noopener noreferrer\"><strong>PALEOLAB<\/strong><\/a><\/li><li>Laborat\u00f3rio de Pesca e Aquicultura &#8211; <a title=\"NEPA\" href=\"http:\/\/nucleonepa.wix.com\/unifap\"><strong>NEPA<\/strong><\/a><\/li><li>Laborat\u00f3rio do Herb\u00e1rio &#8211; <strong>HUFAP<\/strong><\/li><\/ul>\t\t\t\t\t\t\t\t<\/div>\n\t\t\t\t<\/div>\n\t\t\t\t\t<\/div>\n\t\t\t\t<\/div>\n\t\t<div class=\"elementor-element elementor-element-59ae6bd e-flex e-con-boxed e-con e-parent\" data-id=\"59ae6bd\" data-element_type=\"container\" data-e-type=\"container\">\n\t\t\t\t\t<div class=\"e-con-inner\">\n\t\t\t\t<div class=\"elementor-element elementor-element-221ac59 elementor-widget elementor-widget-spacer\" data-id=\"221ac59\" data-element_type=\"widget\" data-e-type=\"widget\" data-widget_type=\"spacer.default\">\n\t\t\t\t<div class=\"elementor-widget-container\">\n\t\t\t\t\t\t\t<div class=\"elementor-spacer\">\n\t\t\t<div class=\"elementor-spacer-inner\"><\/div>\n\t\t<\/div>\n\t\t\t\t\t\t<\/div>\n\t\t\t\t<\/div>\n\t\t\t\t\t<\/div>\n\t\t\t\t<\/div>\n\t\t\t\t<\/div>\n\t\t","protected":false},"excerpt":{"rendered":"<p>A Coordena\u00e7\u00e3o do Curso de Ci\u00eancias Biol\u00f3gicas possui diversos Laborat\u00f3rio que desenvolvem atividades de ensino, pesquisa e extens\u00e3o. Tais laborat\u00f3rios s\u00e3o estruturados para o atendimento das aulas pr\u00e1ticas deo Curso de Biologia. LABORAT\u00d3RIO DO CURSO DE CI\u00caNCIAS BIOL\u00d3GICAS: Laborat\u00f3rio de Artr\u00f3podes &#8211;\u00a0ARTHROLAB Laborat\u00f3rio de Biologia Molecular &#8211; BIOMOL Laborat\u00f3rio de Herpetologia &#8211;\u00a0HERPETOLAB Laborat\u00f3rio de Bot\u00e2nica&#8230;<\/p>\n","protected":false},"author":58,"featured_media":0,"parent":0,"menu_order":0,"comment_status":"open","ping_status":"closed","template":"elementor_header_footer","meta":{"inline_featured_image":false,"site-sidebar-layout":"default","site-content-layout":"","ast-site-content-layout":"default","site-content-style":"default","site-sidebar-style":"default","ast-global-header-display":"","ast-banner-title-visibility":"","ast-main-header-display":"","ast-hfb-above-header-display":"","ast-hfb-below-header-display":"","ast-hfb-mobile-header-display":"","site-post-title":"","ast-breadcrumbs-content":"","ast-featured-img":"","footer-sml-layout":"","theme-transparent-header-meta":"","adv-header-id-meta":"","stick-header-meta":"","header-above-stick-meta":"","header-main-stick-meta":"","header-below-stick-meta":"","astra-migrate-meta-layouts":"default","ast-page-background-enabled":"default","ast-page-background-meta":{"desktop":{"background-color":"var(--ast-global-color-4)","background-image":"","background-repeat":"repeat","background-position":"center center","background-size":"auto","background-attachment":"scroll","background-type":"","background-media":"","overlay-type":"","overlay-color":"","overlay-opacity":"","overlay-gradient":""},"tablet":{"background-color":"","background-image":"","background-repeat":"repeat","background-position":"center center","background-size":"auto","background-attachment":"scroll","background-type":"","background-media":"","overlay-type":"","overlay-color":"","overlay-opacity":"","overlay-gradient":""},"mobile":{"background-color":"","background-image":"","background-repeat":"repeat","background-position":"center center","background-size":"auto","background-attachment":"scroll","background-type":"","background-media":"","overlay-type":"","overlay-color":"","overlay-opacity":"","overlay-gradient":""}},"ast-content-background-meta":{"desktop":{"background-color":"var(--ast-global-color-5)","background-image":"","background-repeat":"repeat","background-position":"center center","background-size":"auto","background-attachment":"scroll","background-type":"","background-media":"","overlay-type":"","overlay-color":"","overlay-opacity":"","overlay-gradient":""},"tablet":{"background-color":"var(--ast-global-color-5)","background-image":"","background-repeat":"repeat","background-position":"center center","background-size":"auto","background-attachment":"scroll","background-type":"","background-media":"","overlay-type":"","overlay-color":"","overlay-opacity":"","overlay-gradient":""},"mobile":{"background-color":"var(--ast-global-color-5)","background-image":"","background-repeat":"repeat","background-position":"center center","background-size":"auto","background-attachment":"scroll","background-type":"","background-media":"","overlay-type":"","overlay-color":"","overlay-opacity":"","overlay-gradient":""}},"ngg_post_thumbnail":0,"footnotes":""},"class_list":["post-24","page","type-page","status-publish","hentry"],"_links":{"self":[{"href":"https:\/\/www2.unifap.br\/biologia\/wp-json\/wp\/v2\/pages\/24","targetHints":{"allow":["GET"]}}],"collection":[{"href":"https:\/\/www2.unifap.br\/biologia\/wp-json\/wp\/v2\/pages"}],"about":[{"href":"https:\/\/www2.unifap.br\/biologia\/wp-json\/wp\/v2\/types\/page"}],"author":[{"embeddable":true,"href":"https:\/\/www2.unifap.br\/biologia\/wp-json\/wp\/v2\/users\/58"}],"replies":[{"embeddable":true,"href":"https:\/\/www2.unifap.br\/biologia\/wp-json\/wp\/v2\/comments?post=24"}],"version-history":[{"count":19,"href":"https:\/\/www2.unifap.br\/biologia\/wp-json\/wp\/v2\/pages\/24\/revisions"}],"predecessor-version":[{"id":3578,"href":"https:\/\/www2.unifap.br\/biologia\/wp-json\/wp\/v2\/pages\/24\/revisions\/3578"}],"wp:attachment":[{"href":"https:\/\/www2.unifap.br\/biologia\/wp-json\/wp\/v2\/media?parent=24"}],"curies":[{"name":"wp","href":"https:\/\/api.w.org\/{rel}","templated":true}]}}