{"id":2629,"date":"2023-07-14T04:54:48","date_gmt":"2023-07-14T04:54:48","guid":{"rendered":"https:\/\/www2.unifap.br\/biologia\/?page_id=2629"},"modified":"2023-07-14T04:55:04","modified_gmt":"2023-07-14T04:55:04","slug":"plano-de-trabalho-licenciatura","status":"publish","type":"page","link":"https:\/\/www2.unifap.br\/biologia\/coordenacao\/plano-de-trabalho-licenciatura\/","title":{"rendered":"Plano de trabalho Licenciatura"},"content":{"rendered":"<p>&nbsp;<\/p>\n<p style=\"text-align: center\"><a href=\"http:\/\/www2.unifap.br\/biologia\/files\/2023\/07\/Brasao_UNIFAP.png\"><img decoding=\"async\" class=\"wp-image-2632 aligncenter\" src=\"http:\/\/www2.unifap.br\/biologia\/files\/2023\/07\/Brasao_UNIFAP-300x300.png\" alt=\"\" width=\"93\" height=\"93\" srcset=\"https:\/\/www2.unifap.br\/biologia\/files\/2023\/07\/Brasao_UNIFAP-300x300.png 300w, https:\/\/www2.unifap.br\/biologia\/files\/2023\/07\/Brasao_UNIFAP-1024x1024.png 1024w, https:\/\/www2.unifap.br\/biologia\/files\/2023\/07\/Brasao_UNIFAP-150x150.png 150w, https:\/\/www2.unifap.br\/biologia\/files\/2023\/07\/Brasao_UNIFAP-768x768.png 768w, https:\/\/www2.unifap.br\/biologia\/files\/2023\/07\/Brasao_UNIFAP-1536x1536.png 1536w, https:\/\/www2.unifap.br\/biologia\/files\/2023\/07\/Brasao_UNIFAP-2048x2048.png 2048w, https:\/\/www2.unifap.br\/biologia\/files\/2023\/07\/Brasao_UNIFAP-600x600.png 600w\" sizes=\"(max-width: 93px) 100vw, 93px\" \/><\/a><strong>MINIST\u00c9RIO DA EDUCA\u00c7\u00c3O<\/strong><br \/>\n<strong>UNIVERSIDADE FEDERAL DO AMAP\u00c1<\/strong><br \/>\n<strong>PR\u00d3-REITORIA DE ENSINO DE GRADUA\u00c7\u00c3O<\/strong><br \/>\n<strong>DEPARTAMENTO DE CI\u00caNCIAS BIOL\u00d3GICAS E DA SA\u00daDE<\/strong><br \/>\n<strong>COORDENA\u00c7\u00c3O DO CURSO DE LICENCIATURA EM CI\u00caNCIAS BIOL\u00d3GICAS<\/strong><\/p>\n<p>&nbsp;<\/p>\n<p>&nbsp;<\/p>\n<h2 style=\"text-align: center\"><strong>PLANO DE TRABALHO- INTERST\u00cdCIO 08\/2022- 08\/2024<\/strong><\/h2>\n<p style=\"text-align: center\"><strong>COORDENA\u00c7\u00c3O DO CURSO DE CI\u00caNCIAS BIOL\u00d3GICAS LICENCIATURA<\/strong><\/p>\n<p>&nbsp;<\/p>\n<p><strong>Resumo: <\/strong>Plano de a\u00e7\u00e3o da Coordena\u00e7\u00e3o de Curso considerando as metas, planejamento e atividades a serem desenvolvidas no per\u00edodo a frente do Curso de Licenciatura em Ci\u00eancias Biol\u00f3gicas da Universidade Federal do Amap\u00e1.<\/p>\n<h3 style=\"text-align: left\">\u00a0 \u00a0 \u00a0 \u00a0 \u00a0 \u00a0 \u00a0Coordenador<\/h3>\n<p style=\"text-align: left\">\u00a0\u00a0\u00a0\u00a0\u00a0\u00a0\u00a0\u00a0\u00a0\u00a0\u00a0\u00a0\u00a0\u00a0\u00a0\u00a0\u00a0\u00a0\u00a0\u00a0\u00a0\u00a0\u00a0\u00a0\u00a0\u00a0\u00a0\u00a0\u00a0\u00a0\u00a0\u00a0\u00a0\u00a0\u00a0\u00a0\u00a0\u00a0 Profa. Dra. Artemis Socorro do N. Rodrigues<\/p>\n<p style=\"text-align: left\">\u00a0 \u00a0 \u00a0 \u00a0 \u00a0 \u00a0 \u00a0 \u00a0 \u00a0 \u00a0 \u00a0 \u00a0 \u00a0 \u00a0 \u00a0 \u00a0 \u00a0 \u00a0 \u00a0 \u00a0Portaria: 1247\/2022<\/p>\n<p style=\"text-align: left\">\u00a0\u00a0\u00a0\u00a0\u00a0\u00a0\u00a0\u00a0\u00a0\u00a0\u00a0\u00a0\u00a0\u00a0\u00a0\u00a0\u00a0\u00a0\u00a0\u00a0\u00a0\u00a0\u00a0\u00a0\u00a0\u00a0\u00a0\u00a0\u00a0\u00a0\u00a0\u00a0\u00a0\u00a0\u00a0\u00a0\u00a0\u00a0 Email: biologialic@unifap.br<\/p>\n<h3 style=\"text-align: left\">\u00a0 \u00a0 \u00a0 \u00a0 \u00a0 \u00a0 \u00a0 Vice-coordenador<\/h3>\n<p style=\"text-align: left\">\u00a0\u00a0\u00a0\u00a0\u00a0\u00a0\u00a0\u00a0\u00a0\u00a0 \u00a0\u00a0\u00a0\u00a0\u00a0\u00a0\u00a0\u00a0\u00a0\u00a0\u00a0\u00a0\u00a0\u00a0\u00a0\u00a0\u00a0\u00a0\u00a0\u00a0\u00a0\u00a0\u00a0\u00a0\u00a0\u00a0\u00a0\u00a0Prof. Dr. Cleydson Breno R. dos Santos<\/p>\n<p><strong>Hor\u00e1rio de atendimento da Coordena\u00e7\u00e3o<\/strong><\/p>\n<p>Segunda, quarta e sexta-feira: 08:30 \u00e0s 12:00<\/p>\n<p>Ter\u00e7a, quinta-feira: 14:00 \u00e0s 17:00<\/p>\n<p><strong>\u00a0<\/strong><strong>\u00a0<\/strong><\/p>\n<h3><strong>Objetivos: <\/strong><\/h3>\n<p>O plano objetiva orientar as a\u00e7\u00f5es e atividades da Coordena\u00e7\u00e3o de Ci\u00eancias Biol\u00f3gicas Licenciatura, baseando-se no plano de metas e a\u00e7\u00f5es garantindo assim o cumprimento das demandas existentes. Apresentamos a seguir os principais objetivos propostos para o pr\u00f3ximo bi\u00eanio:<\/p>\n<ol>\n<li>Conduzir o processo de elabora\u00e7\u00e3o do novo Projeto Pedag\u00f3gico do Curso;<\/li>\n<li>Dar o suporte necess\u00e1rio aos discentes durante os semestres;<\/li>\n<li>Realizar o planejamento anual e semestral da oferta dos componentes curriculares e distribui\u00e7\u00e3o das disciplinas aos docentes;<\/li>\n<li>Promover o suporte acad\u00eamico a docentes e discentes do curso;<\/li>\n<li>Desenvolver a\u00e7\u00f5es que facilitem a integra\u00e7\u00e3o do ensino, pesquisa e extens\u00e3o, articulando os discentes, docentes, t\u00e9cnicos, buscando o trabalho coletivo e integrador;<\/li>\n<li>Apoiar e divulgar a\u00e7\u00f5es realizadas no \u00e2mbito do curso de Ci\u00eancias Biol\u00f3gicas;<\/li>\n<li>Organizar e divulgar informa\u00e7\u00f5es relacionadas ao curso e \u00e0 coordena\u00e7\u00e3o;<\/li>\n<li>Promover a\u00e7\u00f5es de autoavalia\u00e7\u00e3o e melhoria organizacional facilitando os tr\u00e2mites e fluxos acad\u00eamicos;<\/li>\n<li>Promover as a\u00e7\u00f5es necess\u00e1rias em vistas ao reconhecimento do curso visando garantir o grau m\u00e1ximo de excel\u00eancia no processo avaliativo;<\/li>\n<li>Desenvolver a\u00e7\u00f5es em prol do aumento do n\u00famero de matriculados no curso, aumento da perman\u00eancia estudantil, e maior fluidez no processo de integraliza\u00e7\u00e3o do curso e migra\u00e7\u00e3o via primeiro semestre.<\/li>\n<\/ol>\n<p><strong>\u00a0<\/strong><\/p>\n<p><strong>\u00a0<\/strong><\/p>\n<h3><strong>A\u00e7\u00f5es e metas:<\/strong><\/h3>\n<p><strong>\u00a0\u00a0\u00a0\u00a0\u00a0\u00a0\u00a0<\/strong><\/p>\n<table width=\"756\">\n<tbody>\n<tr>\n<td width=\"199\"><strong>Objetivo<\/strong><\/td>\n<td width=\"170\"><strong>A\u00e7\u00e3o<\/strong><\/td>\n<td width=\"123\"><strong>Respons\u00e1vel(is)<\/strong><\/td>\n<td width=\"132\"><strong>Cronograma<\/strong><\/td>\n<td width=\"132\"><strong>Indicadores<\/strong><\/td>\n<\/tr>\n<tr>\n<td width=\"199\">1. Conduzir o processo de elabora\u00e7\u00e3o do novo Projeto Pedag\u00f3gico do Curso<\/td>\n<td width=\"170\">Realizar reuni\u00f5es com o NDE e Colegiado.<\/td>\n<td width=\"123\">Coordena\u00e7\u00e3o, NDE e Colegiado<\/td>\n<td width=\"132\">Mensalmente<\/td>\n<td width=\"132\">Atas das Reuni\u00f5es<\/td>\n<\/tr>\n<tr>\n<td width=\"199\">2. Dar o suporte necess\u00e1rio aos discentes durante os semestres;<\/p>\n<p>&nbsp;<\/td>\n<td width=\"170\">Orientar, informar os discentes durante o in\u00edcio e t\u00e9rmino dos semestres.<\/td>\n<td width=\"123\">Coordena\u00e7\u00e3o<\/td>\n<td width=\"132\">Mensalmente e anualmente.<\/td>\n<td width=\"132\">Formul\u00e1rios de requerimentos e Hor\u00e1rio marcado com a Coordena\u00e7\u00e3o.<\/td>\n<\/tr>\n<tr>\n<td width=\"199\">3. Realizar o planejamento anual e semestral da oferta dos componentes curriculares e distribui\u00e7\u00e3o dos docentes<\/td>\n<td width=\"170\">Otimizar a oferta de Componentes que sirvam para ambos os Curso;<\/p>\n<p>Realizar o planejamento pr\u00e9vio e a distribui\u00e7\u00e3o de disciplinas aos docentes.<\/td>\n<td width=\"123\">Coordena\u00e7\u00e3o, NDE e Colegiado<\/td>\n<td width=\"132\">Mensalmente e anualmente.<\/td>\n<td width=\"132\">Atas das Reuni\u00f5es<\/td>\n<\/tr>\n<tr>\n<td width=\"199\">4. Promover o suporte acad\u00eamico a docentes e discentes do curso<\/td>\n<td width=\"170\">Divulgar as a\u00e7\u00f5es de planejamento e orientar discentes sobre o Curso;<\/p>\n<p>Disponibilizar hor\u00e1rios espec\u00edficos de atendimento discente;<\/p>\n<p>Atuar no suporte e resolu\u00e7\u00e3o de problemas junto ao corpo docente;<\/p>\n<p>&#8211; Dar suporte pedag\u00f3gico necess\u00e1rio.<\/td>\n<td width=\"123\">Coordena\u00e7\u00e3o, NDE, Colegiado e Representantes discentes.<\/td>\n<td width=\"132\">Mensalmente e anualmente.<\/td>\n<td width=\"132\">Formul\u00e1rios de requerimentos e Hor\u00e1rio marcado com a Coordena\u00e7\u00e3o.<\/td>\n<\/tr>\n<tr>\n<td width=\"199\">5. Desenvolver a\u00e7\u00f5es que facilitem a integra\u00e7\u00e3o do ensino, pesquisa e extens\u00e3o, articulando os discentes, docentes, t\u00e9cnicos, buscando o trabalho coletivo e integrador<\/p>\n<p>&nbsp;<\/td>\n<td width=\"170\">Atuar em conjunto com os laborat\u00f3rios de pesquisa e ensino;<\/p>\n<p>Aproximar a\u00e7\u00f5es de pesquisa e ensino realizadas por docentes do curso;<\/p>\n<p>Integrar os discentes com a\u00e7\u00f5es de pesquisa e extens\u00e3o.<\/td>\n<td width=\"123\">Coordena\u00e7\u00e3o, NDE, Colegiado e Representantes discentes.<\/td>\n<td width=\"132\">Mensalmente e anualmente.<\/td>\n<td width=\"132\">Atas das Reuni\u00f5es<\/td>\n<\/tr>\n<tr>\n<td width=\"199\">6. Apoiar e divulgar a\u00e7\u00f5es realizadas no \u00e2mbito do curso de Ci\u00eancias Biol\u00f3gicas<\/td>\n<td width=\"170\">Atua\u00e7\u00e3o nas m\u00eddias sociais digitais;<\/p>\n<p>Atualiza\u00e7\u00e3o e disponibiliza\u00e7\u00e3o de informa\u00e7\u00f5es no site do curso;<\/p>\n<p>Promo\u00e7\u00e3o de a\u00e7\u00f5es presenciais junto \u00e0s escolas;<\/p>\n<p>Atua\u00e7\u00e3o nos meios de comunica\u00e7\u00e3o do munic\u00edpio e regi\u00e3o.<\/td>\n<td width=\"123\">Coordena\u00e7\u00e3o, Colegiado e Representantes discentes.<\/td>\n<td width=\"132\">Mensalmente e anualmente.<\/td>\n<td width=\"132\">Atas das reuni\u00f5es do colegiado e m\u00eddias sociais do curso<\/td>\n<\/tr>\n<tr>\n<td width=\"199\">7. Organizar e divulgar informa\u00e7\u00f5es relacionadas ao curso e \u00e0 coordena\u00e7\u00e3o<\/td>\n<td width=\"170\">Melhorar o gerenciamento e organiza\u00e7\u00e3o de documentos do curso e coordena\u00e7\u00e3o;<\/p>\n<p>Aumentar a divulga\u00e7\u00e3o das informa\u00e7\u00f5es e documentos institucionais do curso.<\/td>\n<td width=\"123\">Coordena\u00e7\u00e3o<\/td>\n<td width=\"132\">Mensalmente e anualmente.<\/td>\n<td width=\"132\">Atas do colegiado, disponibiliza\u00e7\u00e3o de informa\u00e7\u00f5es no site e m\u00eddias sociais do curso.<\/td>\n<\/tr>\n<tr>\n<td width=\"199\">8. Promover a\u00e7\u00f5es de autoavalia\u00e7\u00e3o e melhoria organizacional facilitando os tr\u00e2mites e fluxos acad\u00eamicos;<\/td>\n<td width=\"170\">Promover a avalia\u00e7\u00e3o do Curso pelos Docentes e Discentes.<\/td>\n<td width=\"123\">Coordena\u00e7\u00e3o e NDE.<\/td>\n<td width=\"132\">Anualmente.<\/td>\n<td width=\"132\">Formul\u00e1rios de avalia\u00e7\u00e3o.<\/td>\n<\/tr>\n<tr>\n<td width=\"199\">9. Promover a\u00e7\u00f5es necess\u00e1rias a vinda ao reconhecimento do curso visando garantir o grau m\u00e1ximo de excel\u00eancia no processo avaliativo<\/td>\n<td width=\"170\">Organiza\u00e7\u00e3o e adequa\u00e7\u00e3o dos par\u00e2metros do curso de acordo com indicadores de avalia\u00e7\u00e3o do INEP\/MEC<\/td>\n<td width=\"123\">Coordena\u00e7\u00e3o, NDE e Colegiado<\/td>\n<td width=\"132\">\u00a0\u00a0\u00a0\u00a0\u00a0\u00a0 Mensalmente.<\/td>\n<td width=\"132\">Atas das Reuni\u00f5es<\/td>\n<\/tr>\n<tr>\n<td width=\"199\">10. Desenvolver a\u00e7\u00f5es em prol do aumento do n\u00famero de matriculados no curso, aumento da perman\u00eancia estudantil, e maior fluidez no processo de integraliza\u00e7\u00e3o do curso e migra\u00e7\u00e3o via primeiro semestre.<\/td>\n<td width=\"170\">Aumentar a divulga\u00e7\u00e3o local e regional do curso;<\/p>\n<p>Atuar junto com as pr\u00f3-reitorias, PROGEP e PROEAC para fortalecimento de a\u00e7\u00f5es de perman\u00eancia estudantil.<\/td>\n<td width=\"123\">Coordena\u00e7\u00e3o e Colegiado<\/td>\n<td width=\"132\">Semestralmente e Anualmente.<\/td>\n<td width=\"132\">Relat\u00f3rios formandos\/Ingresso.<\/td>\n<\/tr>\n<\/tbody>\n<\/table>\n<p>&nbsp;<\/p>\n","protected":false},"excerpt":{"rendered":"<p>&nbsp; MINIST\u00c9RIO DA EDUCA\u00c7\u00c3O UNIVERSIDADE FEDERAL DO AMAP\u00c1 PR\u00d3-REITORIA DE ENSINO DE GRADUA\u00c7\u00c3O DEPARTAMENTO DE CI\u00caNCIAS BIOL\u00d3GICAS E DA SA\u00daDE COORDENA\u00c7\u00c3O DO CURSO DE LICENCIATURA EM CI\u00caNCIAS BIOL\u00d3GICAS &nbsp; &nbsp; PLANO DE TRABALHO- INTERST\u00cdCIO 08\/2022- 08\/2024 COORDENA\u00c7\u00c3O DO CURSO DE CI\u00caNCIAS BIOL\u00d3GICAS LICENCIATURA &nbsp; Resumo: Plano de a\u00e7\u00e3o da Coordena\u00e7\u00e3o de Curso considerando as metas,&#8230;<\/p>\n","protected":false},"author":1830,"featured_media":0,"parent":45,"menu_order":6,"comment_status":"closed","ping_status":"closed","template":"","meta":{"inline_featured_image":false,"site-sidebar-layout":"default","site-content-layout":"","ast-site-content-layout":"default","site-content-style":"default","site-sidebar-style":"default","ast-global-header-display":"","ast-banner-title-visibility":"","ast-main-header-display":"","ast-hfb-above-header-display":"","ast-hfb-below-header-display":"","ast-hfb-mobile-header-display":"","site-post-title":"","ast-breadcrumbs-content":"","ast-featured-img":"","footer-sml-layout":"","theme-transparent-header-meta":"","adv-header-id-meta":"","stick-header-meta":"","header-above-stick-meta":"","header-main-stick-meta":"","header-below-stick-meta":"","astra-migrate-meta-layouts":"default","ast-page-background-enabled":"default","ast-page-background-meta":{"desktop":{"background-color":"var(--ast-global-color-4)","background-image":"","background-repeat":"repeat","background-position":"center center","background-size":"auto","background-attachment":"scroll","background-type":"","background-media":"","overlay-type":"","overlay-color":"","overlay-opacity":"","overlay-gradient":""},"tablet":{"background-color":"","background-image":"","background-repeat":"repeat","background-position":"center center","background-size":"auto","background-attachment":"scroll","background-type":"","background-media":"","overlay-type":"","overlay-color":"","overlay-opacity":"","overlay-gradient":""},"mobile":{"background-color":"","background-image":"","background-repeat":"repeat","background-position":"center center","background-size":"auto","background-attachment":"scroll","background-type":"","background-media":"","overlay-type":"","overlay-color":"","overlay-opacity":"","overlay-gradient":""}},"ast-content-background-meta":{"desktop":{"background-color":"var(--ast-global-color-5)","background-image":"","background-repeat":"repeat","background-position":"center center","background-size":"auto","background-attachment":"scroll","background-type":"","background-media":"","overlay-type":"","overlay-color":"","overlay-opacity":"","overlay-gradient":""},"tablet":{"background-color":"var(--ast-global-color-5)","background-image":"","background-repeat":"repeat","background-position":"center center","background-size":"auto","background-attachment":"scroll","background-type":"","background-media":"","overlay-type":"","overlay-color":"","overlay-opacity":"","overlay-gradient":""},"mobile":{"background-color":"var(--ast-global-color-5)","background-image":"","background-repeat":"repeat","background-position":"center center","background-size":"auto","background-attachment":"scroll","background-type":"","background-media":"","overlay-type":"","overlay-color":"","overlay-opacity":"","overlay-gradient":""}},"ngg_post_thumbnail":0,"footnotes":""},"class_list":["post-2629","page","type-page","status-publish","hentry"],"_links":{"self":[{"href":"https:\/\/www2.unifap.br\/biologia\/wp-json\/wp\/v2\/pages\/2629","targetHints":{"allow":["GET"]}}],"collection":[{"href":"https:\/\/www2.unifap.br\/biologia\/wp-json\/wp\/v2\/pages"}],"about":[{"href":"https:\/\/www2.unifap.br\/biologia\/wp-json\/wp\/v2\/types\/page"}],"author":[{"embeddable":true,"href":"https:\/\/www2.unifap.br\/biologia\/wp-json\/wp\/v2\/users\/1830"}],"replies":[{"embeddable":true,"href":"https:\/\/www2.unifap.br\/biologia\/wp-json\/wp\/v2\/comments?post=2629"}],"version-history":[{"count":9,"href":"https:\/\/www2.unifap.br\/biologia\/wp-json\/wp\/v2\/pages\/2629\/revisions"}],"predecessor-version":[{"id":3683,"href":"https:\/\/www2.unifap.br\/biologia\/wp-json\/wp\/v2\/pages\/2629\/revisions\/3683"}],"up":[{"embeddable":true,"href":"https:\/\/www2.unifap.br\/biologia\/wp-json\/wp\/v2\/pages\/45"}],"wp:attachment":[{"href":"https:\/\/www2.unifap.br\/biologia\/wp-json\/wp\/v2\/media?parent=2629"}],"curies":[{"name":"wp","href":"https:\/\/api.w.org\/{rel}","templated":true}]}}