{"id":271,"date":"2009-06-03T19:51:42","date_gmt":"2009-06-03T22:51:42","guid":{"rendered":"http:\/\/pororoca.unifap.br\/biologia\/?page_id=271"},"modified":"2013-06-26T13:54:02","modified_gmt":"2013-06-26T13:54:02","slug":"lape","status":"publish","type":"page","link":"https:\/\/www2.unifap.br\/biologia\/laboratorios\/lape\/","title":{"rendered":"LAPE"},"content":{"rendered":"<p>O Laborat\u00f3rio de Pr\u00e1tica de Ensino do Curso de Ci\u00eancias Biol\u00f3gicas, constitu\u00eddo por recursos did\u00e1ticos pr\u00f3prios para a forma\u00e7\u00e3o de professores, se destina ao desenvolvimento de atividades did\u00e1ticas referentes ao Ensino Fundamental (s\u00e9ries finais) e Ensino M\u00e9dio.<br \/>\nO LAPE conta como coordenadora a Prof\u00aa Ledayane Barbosa e est\u00e1 localizado no Campus Marco Zero do Equador da Universidade Federal do Amap\u00e1, no bloco F sala 4 em uma \u00e1rea de 100 m2.<br \/>\nTodas as a\u00e7\u00f5es desenvolvidas no LAPE buscam contribuir para a forma\u00e7\u00e3o de um profissional comprometido com os paradigmas emergentes e para uma pr\u00e1tica reflexiva.<br \/>\nATIVIDADES<\/p>\n<p>O Laborat\u00f3rio de Pr\u00e1tica de Ensino do Curso de Ci\u00eancias Biol\u00f3gicas &#8211; LAPE, busca o aprofundamento conceitual e te\u00f3rico-metodol\u00f3gico a fim de auxiliar a forma\u00e7\u00e3o inicial e continuada de professores. O LAPE desenvolve as seguintes atividades: palestras, minicursos, oficinas, entre outras.<br \/>\nO LAPE visa atender o trip\u00e9 pesquisa, ensino e extens\u00e3o e esta vinculado no grupo de pesquisa &#8220;A\u00e7\u00f5es de Educa\u00e7\u00e3o Ambiental&#8221;, com o objetivo de Desenvolver a\u00e7\u00f5es de Educa\u00e7\u00e3o Ambiental, que visem a difus\u00e3o do conhecimento cient\u00edfico sobre meio ambiente para a sociedade, promovendo a conserva\u00e7\u00e3o e preserva\u00e7\u00e3o do ambiente social e patrim\u00f4nio natural do Estado do Amap\u00e1, e o fortalecimento de programas e pol\u00edticas p\u00fablicas de Educa\u00e7\u00e3o Ambiental.<br \/>\nO LAPE realiza os projetos de Extens\u00e3o Universit\u00e1ria: &#8220;Feira de Ci\u00eancias: Ensinar Ci\u00eancias fazendo Ci\u00eancia&#8221; e o &#8220;Projeto de Inicia\u00e7\u00e3o Cient\u00edfica &#8211; PIC.&#8221; Al\u00e9m de colaborar com: &#8220;Semana do calouro&#8221;, &#8220;Semana de Inicia\u00e7\u00e3o Cient\u00edfica &#8211; SEMIC&#8221;, &#8220;Dia do Bi\u00f3logo&#8221;.<br \/>\nTRABALHOS DE CONCLUS\u00c3O DE CURSO<\/p>\n<p>Atualmente j\u00e1 foram defendidos 10 (dez) Trabalhos de Conclus\u00e3o de Curso vinculados ao LAPE, e 05 (cinco) em andamento.<\/p>\n","protected":false},"excerpt":{"rendered":"<p>O Laborat\u00f3rio de Pr\u00e1tica de Ensino do Curso de Ci\u00eancias Biol\u00f3gicas, constitu\u00eddo por recursos did\u00e1ticos pr\u00f3prios para a forma\u00e7\u00e3o de professores, se destina ao desenvolvimento de atividades did\u00e1ticas referentes ao Ensino Fundamental (s\u00e9ries finais) e Ensino M\u00e9dio. O LAPE conta como coordenadora a Prof\u00aa Ledayane Barbosa e est\u00e1 localizado no Campus Marco Zero do Equador&#8230;<\/p>\n","protected":false},"author":58,"featured_media":0,"parent":24,"menu_order":0,"comment_status":"closed","ping_status":"closed","template":"template-twocolumns-left.php","meta":{"inline_featured_image":false,"site-sidebar-layout":"default","site-content-layout":"","ast-site-content-layout":"default","site-content-style":"default","site-sidebar-style":"default","ast-global-header-display":"","ast-banner-title-visibility":"","ast-main-header-display":"","ast-hfb-above-header-display":"","ast-hfb-below-header-display":"","ast-hfb-mobile-header-display":"","site-post-title":"","ast-breadcrumbs-content":"","ast-featured-img":"","footer-sml-layout":"","theme-transparent-header-meta":"","adv-header-id-meta":"","stick-header-meta":"","header-above-stick-meta":"","header-main-stick-meta":"","header-below-stick-meta":"","astra-migrate-meta-layouts":"default","ast-page-background-enabled":"default","ast-page-background-meta":{"desktop":{"background-color":"var(--ast-global-color-4)","background-image":"","background-repeat":"repeat","background-position":"center center","background-size":"auto","background-attachment":"scroll","background-type":"","background-media":"","overlay-type":"","overlay-color":"","overlay-opacity":"","overlay-gradient":""},"tablet":{"background-color":"","background-image":"","background-repeat":"repeat","background-position":"center center","background-size":"auto","background-attachment":"scroll","background-type":"","background-media":"","overlay-type":"","overlay-color":"","overlay-opacity":"","overlay-gradient":""},"mobile":{"background-color":"","background-image":"","background-repeat":"repeat","background-position":"center center","background-size":"auto","background-attachment":"scroll","background-type":"","background-media":"","overlay-type":"","overlay-color":"","overlay-opacity":"","overlay-gradient":""}},"ast-content-background-meta":{"desktop":{"background-color":"var(--ast-global-color-5)","background-image":"","background-repeat":"repeat","background-position":"center center","background-size":"auto","background-attachment":"scroll","background-type":"","background-media":"","overlay-type":"","overlay-color":"","overlay-opacity":"","overlay-gradient":""},"tablet":{"background-color":"var(--ast-global-color-5)","background-image":"","background-repeat":"repeat","background-position":"center center","background-size":"auto","background-attachment":"scroll","background-type":"","background-media":"","overlay-type":"","overlay-color":"","overlay-opacity":"","overlay-gradient":""},"mobile":{"background-color":"var(--ast-global-color-5)","background-image":"","background-repeat":"repeat","background-position":"center center","background-size":"auto","background-attachment":"scroll","background-type":"","background-media":"","overlay-type":"","overlay-color":"","overlay-opacity":"","overlay-gradient":""}},"ngg_post_thumbnail":0,"footnotes":""},"class_list":["post-271","page","type-page","status-publish","hentry"],"_links":{"self":[{"href":"https:\/\/www2.unifap.br\/biologia\/wp-json\/wp\/v2\/pages\/271","targetHints":{"allow":["GET"]}}],"collection":[{"href":"https:\/\/www2.unifap.br\/biologia\/wp-json\/wp\/v2\/pages"}],"about":[{"href":"https:\/\/www2.unifap.br\/biologia\/wp-json\/wp\/v2\/types\/page"}],"author":[{"embeddable":true,"href":"https:\/\/www2.unifap.br\/biologia\/wp-json\/wp\/v2\/users\/58"}],"replies":[{"embeddable":true,"href":"https:\/\/www2.unifap.br\/biologia\/wp-json\/wp\/v2\/comments?post=271"}],"version-history":[{"count":1,"href":"https:\/\/www2.unifap.br\/biologia\/wp-json\/wp\/v2\/pages\/271\/revisions"}],"predecessor-version":[{"id":653,"href":"https:\/\/www2.unifap.br\/biologia\/wp-json\/wp\/v2\/pages\/271\/revisions\/653"}],"up":[{"embeddable":true,"href":"https:\/\/www2.unifap.br\/biologia\/wp-json\/wp\/v2\/pages\/24"}],"wp:attachment":[{"href":"https:\/\/www2.unifap.br\/biologia\/wp-json\/wp\/v2\/media?parent=271"}],"curies":[{"name":"wp","href":"https:\/\/api.w.org\/{rel}","templated":true}]}}