{"id":3391,"date":"2024-09-18T23:42:56","date_gmt":"2024-09-18T23:42:56","guid":{"rendered":"https:\/\/www2.unifap.br\/biologia\/?page_id=3391"},"modified":"2024-09-23T22:54:56","modified_gmt":"2024-09-23T22:54:56","slug":"licenciatura","status":"publish","type":"page","link":"https:\/\/www2.unifap.br\/biologia\/principal\/licenciatura\/","title":{"rendered":"Licenciatura"},"content":{"rendered":"\t\t<div data-elementor-type=\"wp-page\" data-elementor-id=\"3391\" class=\"elementor elementor-3391\">\n\t\t\t\t<div class=\"elementor-element elementor-element-0e3dd6b e-flex e-con-boxed e-con e-parent\" data-id=\"0e3dd6b\" data-element_type=\"container\" data-e-type=\"container\">\n\t\t\t\t\t<div class=\"e-con-inner\">\n\t\t<div class=\"elementor-element elementor-element-55e0636 e-con-full e-flex e-con e-child\" data-id=\"55e0636\" data-element_type=\"container\" data-e-type=\"container\">\n\t\t\t\t<div class=\"elementor-element elementor-element-fb5ca34 eael-dual-header-content-align-center elementor-widget elementor-widget-eael-dual-color-header\" data-id=\"fb5ca34\" data-element_type=\"widget\" data-e-type=\"widget\" data-widget_type=\"eael-dual-color-header.default\">\n\t\t\t\t<div class=\"elementor-widget-container\">\n\t\t\t\t\t\t\t\t<div class=\"eael-dual-header\">\n\t\t\t\t<h1 class=\"title eael-dch-title\"><span class=\"eael-dch-title-text eael-dch-title-lead lead solid-color\">Licenciatura em Ci\u00eancias Biol\u00f3gicas <\/span> <span class=\"eael-dch-title-text\">- UNIFAP<\/span><\/h1>\t\t\t\t\t<span class=\"subtext\"><p><a href=\"http:\/\/www2.unifap.br\/biologia\/files\/2024\/09\/owl-1.gif\"><img decoding=\"async\" class=\" wp-image-3407 aligncenter\" src=\"http:\/\/www2.unifap.br\/biologia\/files\/2024\/09\/owl-1.gif\" alt=\"\" width=\"110\" height=\"110\" \/><\/a><\/p><\/span>\n\t\t\t\t\t\t\t<\/div>\n\n\t\t\t\t\t\t<\/div>\n\t\t\t\t<\/div>\n\t\t\t\t<div class=\"elementor-element elementor-element-17010f7 elementor-drop-cap-yes elementor-drop-cap-view-default elementor-widget elementor-widget-text-editor\" data-id=\"17010f7\" data-element_type=\"widget\" data-e-type=\"widget\" data-settings=\"{&quot;drop_cap&quot;:&quot;yes&quot;}\" data-widget_type=\"text-editor.default\">\n\t\t\t\t<div class=\"elementor-widget-container\">\n\t\t\t\t\t\t\t\t\t<p><span style=\"font-size: 14px\">O Curso de Licenciatura em Ci\u00eancias Biol\u00f3gicas da Universidade Federal do Amap\u00e1 (UNIFAP) forma professores capacitados para atuar na educa\u00e7\u00e3o b\u00e1sica, especialmente nas \u00e1reas de Ci\u00eancias para os anos finais do ensino fundamental e Biologia no ensino m\u00e9dio. Oferecendo uma forma\u00e7\u00e3o s\u00f3lida e interdisciplinar, o curso prepara os licenciados para enfrentar os desafios contempor\u00e2neos da educa\u00e7\u00e3o, valorizando a diversidade cultural, social e ambiental da regi\u00e3o amaz\u00f4nica.<\/span><\/p><p><strong>Hist\u00f3rico do Curso<\/strong><br \/>Criado em 1999, o curso de Licenciatura em Ci\u00eancias Biol\u00f3gicas da UNIFAP consolidou-se como um dos mais importantes do Estado, formando mais de 300 bi\u00f3logos licenciados ao longo de sua hist\u00f3ria. A cria\u00e7\u00e3o do curso atendeu \u00e0 crescente demanda por profissionais capacitados na \u00e1rea de educa\u00e7\u00e3o e biologia, contribuindo para o desenvolvimento da educa\u00e7\u00e3o b\u00e1sica no Amap\u00e1. Desde ent\u00e3o, o curso evoluiu continuamente, ampliando sua infraestrutura e modernizando seu curr\u00edculo para atender \u00e0s necessidades regionais e \u00e0s exig\u00eancias nacionais de ensino superior.<\/p><p>Com uma matriz estruturada para integrar ensino, pesquisa e extens\u00e3o, promovendo uma forma\u00e7\u00e3o abrangente que alia teoria e pr\u00e1tica. Os alunos t\u00eam acesso a laborat\u00f3rios modernos e participam de est\u00e1gios supervisionados desde o in\u00edcio da gradua\u00e7\u00e3o, o que garante uma experi\u00eancia pr\u00e1tica desde os primeiros semestres.<\/p><p>O curr\u00edculo do curso \u00e9 cuidadosamente desenhado para atender \u00e0s diretrizes curriculares nacionais e \u00e0s demandas locais, preparando o estudante para atuar de forma cr\u00edtica, \u00e9tica e reflexiva. Al\u00e9m disso, o curso oferece oportunidades para o desenvolvimento de projetos de pesquisa e extens\u00e3o, com enfoque em sustentabilidade e conserva\u00e7\u00e3o da biodiversidade, elementos essenciais para a forma\u00e7\u00e3o de um bi\u00f3logo licenciado comprometido com a regi\u00e3o amaz\u00f4nica.<\/p><p>Seja no ambiente escolar ou em outras \u00e1reas do conhecimento biol\u00f3gico, o curso de Licenciatura em Ci\u00eancias Biol\u00f3gicas da UNIFAP oferece uma forma\u00e7\u00e3o que capacita seus egressos a contribuir para o desenvolvimento socioambiental e educativo, tanto regional quanto nacional.<\/p>\t\t\t\t\t\t\t\t<\/div>\n\t\t\t\t<\/div>\n\t\t\t\t<\/div>\n\t\t\t\t\t<\/div>\n\t\t\t\t<\/div>\n\t\t<div class=\"elementor-element elementor-element-90331ef e-flex e-con-boxed e-con e-parent\" data-id=\"90331ef\" data-element_type=\"container\" data-e-type=\"container\">\n\t\t\t\t\t<div class=\"e-con-inner\">\n\t\t<div class=\"elementor-element elementor-element-cf54e09 e-con-full e-flex e-con e-child\" data-id=\"cf54e09\" data-element_type=\"container\" data-e-type=\"container\">\n\t\t\t\t<div class=\"elementor-element elementor-element-843a41b elementor-arrows-position-inside elementor-pagination-position-outside elementor-widget elementor-widget-image-carousel\" data-id=\"843a41b\" data-element_type=\"widget\" data-e-type=\"widget\" data-settings=\"{&quot;navigation&quot;:&quot;both&quot;,&quot;autoplay&quot;:&quot;yes&quot;,&quot;pause_on_hover&quot;:&quot;yes&quot;,&quot;pause_on_interaction&quot;:&quot;yes&quot;,&quot;autoplay_speed&quot;:5000,&quot;infinite&quot;:&quot;yes&quot;,&quot;speed&quot;:500}\" data-widget_type=\"image-carousel.default\">\n\t\t\t\t<div class=\"elementor-widget-container\">\n\t\t\t\t\t\t\t<div class=\"elementor-image-carousel-wrapper swiper\" role=\"region\" aria-roledescription=\"carousel\" aria-label=\"Carrossel de imagens\" dir=\"ltr\">\n\t\t\t<div class=\"elementor-image-carousel swiper-wrapper\" aria-live=\"off\">\n\t\t\t\t\t\t\t\t<div class=\"swiper-slide\" role=\"group\" aria-roledescription=\"slide\" aria-label=\"1 de 25\"><figure class=\"swiper-slide-inner\"><img decoding=\"async\" class=\"swiper-slide-image\" src=\"https:\/\/www2.unifap.br\/biologia\/files\/2009\/05\/slide0064_image076-300x225.jpg\" alt=\"ESEC Jari\" \/><\/figure><\/div><div class=\"swiper-slide\" role=\"group\" aria-roledescription=\"slide\" aria-label=\"2 de 25\"><figure class=\"swiper-slide-inner\"><img decoding=\"async\" class=\"swiper-slide-image\" src=\"https:\/\/www2.unifap.br\/biologia\/files\/2014\/10\/CB19-300x181.jpg\" alt=\"CB19\" \/><\/figure><\/div><div class=\"swiper-slide\" role=\"group\" aria-roledescription=\"slide\" aria-label=\"3 de 25\"><figure class=\"swiper-slide-inner\"><img decoding=\"async\" class=\"swiper-slide-image\" src=\"https:\/\/www2.unifap.br\/biologia\/files\/2014\/10\/Rio-Amapari-Serra-do-Navio-300x225.jpg\" alt=\"Rio Amapari Serra do Navio\" \/><\/figure><\/div><div class=\"swiper-slide\" role=\"group\" aria-roledescription=\"slide\" aria-label=\"4 de 25\"><figure class=\"swiper-slide-inner\"><img decoding=\"async\" class=\"swiper-slide-image\" src=\"https:\/\/www2.unifap.br\/biologia\/files\/2014\/10\/Trilha-do-Rio-Amapari-300x225.jpg\" alt=\"Trilha do Rio Amapari\" \/><\/figure><\/div><div class=\"swiper-slide\" role=\"group\" aria-roledescription=\"slide\" aria-label=\"5 de 25\"><figure class=\"swiper-slide-inner\"><img decoding=\"async\" class=\"swiper-slide-image\" src=\"https:\/\/www2.unifap.br\/biologia\/files\/2014\/10\/CB10-300x168.jpg\" alt=\"Alunas do Curso de Biologia e Professores Dayse e Andr\u00e9a\" \/><\/figure><\/div><div class=\"swiper-slide\" role=\"group\" aria-roledescription=\"slide\" aria-label=\"6 de 25\"><figure class=\"swiper-slide-inner\"><img decoding=\"async\" class=\"swiper-slide-image\" src=\"https:\/\/www2.unifap.br\/biologia\/files\/2014\/11\/12-300x189.jpg\" alt=\"Visita da Ecola Modelo Guanabara\" \/><\/figure><\/div><div class=\"swiper-slide\" role=\"group\" aria-roledescription=\"slide\" aria-label=\"7 de 25\"><figure class=\"swiper-slide-inner\"><img decoding=\"async\" class=\"swiper-slide-image\" src=\"https:\/\/www2.unifap.br\/biologia\/files\/2014\/11\/15-300x168.jpg\" alt=\"15\" \/><\/figure><\/div><div class=\"swiper-slide\" role=\"group\" aria-roledescription=\"slide\" aria-label=\"8 de 25\"><figure class=\"swiper-slide-inner\"><img decoding=\"async\" class=\"swiper-slide-image\" src=\"https:\/\/www2.unifap.br\/biologia\/files\/2014\/11\/91-300x168.jpg\" alt=\"9\" \/><\/figure><\/div><div class=\"swiper-slide\" role=\"group\" aria-roledescription=\"slide\" aria-label=\"9 de 25\"><figure class=\"swiper-slide-inner\"><img decoding=\"async\" class=\"swiper-slide-image\" src=\"https:\/\/www2.unifap.br\/biologia\/files\/2014\/11\/27-300x183.jpg\" alt=\"Prof EduardoCampos e alunos da\" \/><\/figure><\/div><div class=\"swiper-slide\" role=\"group\" aria-roledescription=\"slide\" aria-label=\"10 de 25\"><figure class=\"swiper-slide-inner\"><img decoding=\"async\" class=\"swiper-slide-image\" src=\"https:\/\/www2.unifap.br\/biologia\/files\/2014\/11\/11-300x168.jpg\" alt=\"1\" \/><\/figure><\/div><div class=\"swiper-slide\" role=\"group\" aria-roledescription=\"slide\" aria-label=\"11 de 25\"><figure class=\"swiper-slide-inner\"><img decoding=\"async\" class=\"swiper-slide-image\" src=\"https:\/\/www2.unifap.br\/biologia\/files\/2014\/12\/N7-300x168.jpg\" alt=\"N7\" \/><\/figure><\/div><div class=\"swiper-slide\" role=\"group\" aria-roledescription=\"slide\" aria-label=\"12 de 25\"><figure class=\"swiper-slide-inner\"><img decoding=\"async\" class=\"swiper-slide-image\" src=\"https:\/\/www2.unifap.br\/biologia\/files\/2014\/11\/DSC4226-200x300.jpg\" alt=\"LABINVERT  Expedi\u00e7\u00e3o Cient\u00edfica Tumucumaque\" \/><\/figure><\/div><div class=\"swiper-slide\" role=\"group\" aria-roledescription=\"slide\" aria-label=\"13 de 25\"><figure class=\"swiper-slide-inner\"><img decoding=\"async\" class=\"swiper-slide-image\" src=\"https:\/\/www2.unifap.br\/biologia\/files\/2015\/03\/DSC_0686-300x168.jpg\" alt=\"DSC_0686\" \/><\/figure><\/div><div class=\"swiper-slide\" role=\"group\" aria-roledescription=\"slide\" aria-label=\"14 de 25\"><figure class=\"swiper-slide-inner\"><img decoding=\"async\" class=\"swiper-slide-image\" src=\"https:\/\/www2.unifap.br\/biologia\/files\/2015\/03\/DSC02232-300x214.jpg\" alt=\"DSC02232\" \/><\/figure><\/div><div class=\"swiper-slide\" role=\"group\" aria-roledescription=\"slide\" aria-label=\"15 de 25\"><figure class=\"swiper-slide-inner\"><img decoding=\"async\" class=\"swiper-slide-image\" src=\"https:\/\/www2.unifap.br\/biologia\/files\/2015\/05\/BI1-300x176.jpg\" alt=\"Visita dos acad\u00eamicos da Faculdade Immes no Laborat\u00f3rio de Bot\u00e2nica da Unifap - LABOT\" \/><\/figure><\/div><div class=\"swiper-slide\" role=\"group\" aria-roledescription=\"slide\" aria-label=\"16 de 25\"><figure class=\"swiper-slide-inner\"><img decoding=\"async\" class=\"swiper-slide-image\" src=\"https:\/\/www2.unifap.br\/biologia\/files\/2016\/02\/32-300x168.jpg\" alt=\"Montagem de uma exsicata (material herborizado)\" \/><\/figure><\/div><div class=\"swiper-slide\" role=\"group\" aria-roledescription=\"slide\" aria-label=\"17 de 25\"><figure class=\"swiper-slide-inner\"><img decoding=\"async\" class=\"swiper-slide-image\" src=\"https:\/\/www2.unifap.br\/biologia\/files\/2016\/02\/31-300x168.jpg\" alt=\"31\" \/><\/figure><\/div><div class=\"swiper-slide\" role=\"group\" aria-roledescription=\"slide\" aria-label=\"18 de 25\"><figure class=\"swiper-slide-inner\"><img decoding=\"async\" class=\"swiper-slide-image\" src=\"https:\/\/www2.unifap.br\/biologia\/files\/2016\/06\/CPT4-300x168.jpg\" alt=\"\u202a#\u200eIIFEIRADECIENCIASPARATODOSUNIFAP\u202c  Escola Estadual Maria de Nazar\u00e9 Pereira de Vasconcelos TRANSFORME AGUA EM ENERGIA ELETRICA Professor Orientador: Maria Angelica D Rocha Acad\u00eamicos Co-Orientadores Orliane de Souza Soares Alunos Emerson Felipe\/Valdinei Nascimento\/Matheus Nunes\/Matheus Souza\/Tassio Freitas\/Robert Wilian\/Larissa Perpetua\/Alans Cristian \u202a#\u200eUnifap\u202c \u202a#\u200eScience\u202c \u202a#\u200ebiology\u202c \u202a#\u200euniversity\u202c\" \/><\/figure><\/div><div class=\"swiper-slide\" role=\"group\" aria-roledescription=\"slide\" aria-label=\"19 de 25\"><figure class=\"swiper-slide-inner\"><img decoding=\"async\" class=\"swiper-slide-image\" src=\"https:\/\/www2.unifap.br\/biologia\/files\/2017\/03\/1-300x224.jpg\" alt=\"Coleta e identifica\u00e7ao de helmintos\" \/><\/figure><\/div><div class=\"swiper-slide\" role=\"group\" aria-roledescription=\"slide\" aria-label=\"20 de 25\"><figure class=\"swiper-slide-inner\"><img decoding=\"async\" class=\"swiper-slide-image\" src=\"https:\/\/www2.unifap.br\/biologia\/files\/2017\/03\/6-300x224.jpg\" alt=\"6\" \/><\/figure><\/div><div class=\"swiper-slide\" role=\"group\" aria-roledescription=\"slide\" aria-label=\"21 de 25\"><figure class=\"swiper-slide-inner\"><img decoding=\"async\" class=\"swiper-slide-image\" src=\"https:\/\/www2.unifap.br\/biologia\/files\/2017\/09\/INV3-300x225.jpg\" alt=\"INV3\" \/><\/figure><\/div><div class=\"swiper-slide\" role=\"group\" aria-roledescription=\"slide\" aria-label=\"22 de 25\"><figure class=\"swiper-slide-inner\"><img decoding=\"async\" class=\"swiper-slide-image\" src=\"https:\/\/www2.unifap.br\/biologia\/files\/2014\/10\/Kentropyx-calcarata-300x211.jpg\" alt=\"Kentropyx calcarata\" \/><\/figure><\/div><div class=\"swiper-slide\" role=\"group\" aria-roledescription=\"slide\" aria-label=\"23 de 25\"><figure class=\"swiper-slide-inner\"><img decoding=\"async\" class=\"swiper-slide-image\" src=\"https:\/\/www2.unifap.br\/biologia\/files\/2014\/10\/Clelia-clelia-300x212.jpg\" alt=\"Clelia clelia\" \/><\/figure><\/div><div class=\"swiper-slide\" role=\"group\" aria-roledescription=\"slide\" aria-label=\"24 de 25\"><figure class=\"swiper-slide-inner\"><img decoding=\"async\" class=\"swiper-slide-image\" src=\"https:\/\/www2.unifap.br\/biologia\/files\/2014\/10\/Kentropyx-striata-300x212.jpg\" alt=\"Kentropyx striata\" \/><\/figure><\/div><div class=\"swiper-slide\" role=\"group\" aria-roledescription=\"slide\" aria-label=\"25 de 25\"><figure class=\"swiper-slide-inner\"><img decoding=\"async\" class=\"swiper-slide-image\" src=\"https:\/\/www2.unifap.br\/biologia\/files\/2015\/03\/1\u00ba-Dia-de-Coleta-n\u00ba-03-300x200.jpg\" alt=\"1\u00ba Dia de Coleta - n\u00ba 03\" \/><\/figure><\/div>\t\t\t<\/div>\n\t\t\t\t\t\t\t\t\t\t\t\t<div class=\"elementor-swiper-button elementor-swiper-button-prev\" role=\"button\" tabindex=\"0\">\n\t\t\t\t\t\t<svg aria-hidden=\"true\" class=\"e-font-icon-svg e-eicon-chevron-left\" viewBox=\"0 0 1000 1000\" xmlns=\"http:\/\/www.w3.org\/2000\/svg\"><path d=\"M646 125C629 125 613 133 604 142L308 442C296 454 292 471 292 487 292 504 296 521 308 533L604 854C617 867 629 875 646 875 663 875 679 871 692 858 704 846 713 829 713 812 713 796 708 779 692 767L438 487 692 225C700 217 708 204 708 187 708 171 704 154 692 142 675 129 663 125 646 125Z\"><\/path><\/svg>\t\t\t\t\t<\/div>\n\t\t\t\t\t<div class=\"elementor-swiper-button elementor-swiper-button-next\" role=\"button\" tabindex=\"0\">\n\t\t\t\t\t\t<svg aria-hidden=\"true\" class=\"e-font-icon-svg e-eicon-chevron-right\" viewBox=\"0 0 1000 1000\" xmlns=\"http:\/\/www.w3.org\/2000\/svg\"><path d=\"M696 533C708 521 713 504 713 487 713 471 708 454 696 446L400 146C388 133 375 125 354 125 338 125 325 129 313 142 300 154 292 171 292 187 292 204 296 221 308 233L563 492 304 771C292 783 288 800 288 817 288 833 296 850 308 863 321 871 338 875 354 875 371 875 388 867 400 854L696 533Z\"><\/path><\/svg>\t\t\t\t\t<\/div>\n\t\t\t\t\n\t\t\t\t\t\t\t\t\t<div class=\"swiper-pagination\"><\/div>\n\t\t\t\t\t\t\t\t\t<\/div>\n\t\t\t\t\t\t<\/div>\n\t\t\t\t<\/div>\n\t\t\t\t<\/div>\n\t\t\t\t\t<\/div>\n\t\t\t\t<\/div>\n\t\t\t\t<section class=\"elementor-section elementor-top-section elementor-element elementor-element-bac6074 elementor-section-boxed elementor-section-height-default elementor-section-height-default\" data-id=\"bac6074\" data-element_type=\"section\" data-e-type=\"section\">\n\t\t\t\t\t\t<div class=\"elementor-container elementor-column-gap-default\">\n\t\t\t\t\t<div class=\"elementor-column elementor-col-100 elementor-top-column elementor-element elementor-element-45bfef7\" data-id=\"45bfef7\" data-element_type=\"column\" data-e-type=\"column\">\n\t\t\t<div class=\"elementor-widget-wrap\">\n\t\t\t\t\t\t\t<\/div>\n\t\t<\/div>\n\t\t\t\t\t<\/div>\n\t\t<\/section>\n\t\t\t\t<\/div>\n\t\t","protected":false},"excerpt":{"rendered":"<p>Licenciatura em Ci\u00eancias Biol\u00f3gicas &#8211; UNIFAP O Curso de Licenciatura em Ci\u00eancias Biol\u00f3gicas da Universidade Federal do Amap\u00e1 (UNIFAP) forma professores capacitados para atuar na educa\u00e7\u00e3o b\u00e1sica, especialmente nas \u00e1reas de Ci\u00eancias para os anos finais do ensino fundamental e Biologia no ensino m\u00e9dio. Oferecendo uma forma\u00e7\u00e3o s\u00f3lida e interdisciplinar, o curso prepara os licenciados&#8230;<\/p>\n","protected":false},"author":4011,"featured_media":0,"parent":2958,"menu_order":0,"comment_status":"closed","ping_status":"closed","template":"elementor_header_footer","meta":{"inline_featured_image":false,"site-sidebar-layout":"default","site-content-layout":"","ast-site-content-layout":"default","site-content-style":"default","site-sidebar-style":"default","ast-global-header-display":"","ast-banner-title-visibility":"","ast-main-header-display":"","ast-hfb-above-header-display":"","ast-hfb-below-header-display":"","ast-hfb-mobile-header-display":"","site-post-title":"","ast-breadcrumbs-content":"","ast-featured-img":"","footer-sml-layout":"","theme-transparent-header-meta":"","adv-header-id-meta":"","stick-header-meta":"","header-above-stick-meta":"","header-main-stick-meta":"","header-below-stick-meta":"","astra-migrate-meta-layouts":"default","ast-page-background-enabled":"default","ast-page-background-meta":{"desktop":{"background-color":"var(--ast-global-color-4)","background-image":"","background-repeat":"repeat","background-position":"center center","background-size":"auto","background-attachment":"scroll","background-type":"","background-media":"","overlay-type":"","overlay-color":"","overlay-opacity":"","overlay-gradient":""},"tablet":{"background-color":"","background-image":"","background-repeat":"repeat","background-position":"center center","background-size":"auto","background-attachment":"scroll","background-type":"","background-media":"","overlay-type":"","overlay-color":"","overlay-opacity":"","overlay-gradient":""},"mobile":{"background-color":"","background-image":"","background-repeat":"repeat","background-position":"center center","background-size":"auto","background-attachment":"scroll","background-type":"","background-media":"","overlay-type":"","overlay-color":"","overlay-opacity":"","overlay-gradient":""}},"ast-content-background-meta":{"desktop":{"background-color":"var(--ast-global-color-5)","background-image":"","background-repeat":"repeat","background-position":"center center","background-size":"auto","background-attachment":"scroll","background-type":"","background-media":"","overlay-type":"","overlay-color":"","overlay-opacity":"","overlay-gradient":""},"tablet":{"background-color":"var(--ast-global-color-5)","background-image":"","background-repeat":"repeat","background-position":"center center","background-size":"auto","background-attachment":"scroll","background-type":"","background-media":"","overlay-type":"","overlay-color":"","overlay-opacity":"","overlay-gradient":""},"mobile":{"background-color":"var(--ast-global-color-5)","background-image":"","background-repeat":"repeat","background-position":"center center","background-size":"auto","background-attachment":"scroll","background-type":"","background-media":"","overlay-type":"","overlay-color":"","overlay-opacity":"","overlay-gradient":""}},"ngg_post_thumbnail":0,"footnotes":""},"class_list":["post-3391","page","type-page","status-publish","hentry"],"_links":{"self":[{"href":"https:\/\/www2.unifap.br\/biologia\/wp-json\/wp\/v2\/pages\/3391","targetHints":{"allow":["GET"]}}],"collection":[{"href":"https:\/\/www2.unifap.br\/biologia\/wp-json\/wp\/v2\/pages"}],"about":[{"href":"https:\/\/www2.unifap.br\/biologia\/wp-json\/wp\/v2\/types\/page"}],"author":[{"embeddable":true,"href":"https:\/\/www2.unifap.br\/biologia\/wp-json\/wp\/v2\/users\/4011"}],"replies":[{"embeddable":true,"href":"https:\/\/www2.unifap.br\/biologia\/wp-json\/wp\/v2\/comments?post=3391"}],"version-history":[{"count":14,"href":"https:\/\/www2.unifap.br\/biologia\/wp-json\/wp\/v2\/pages\/3391\/revisions"}],"predecessor-version":[{"id":3856,"href":"https:\/\/www2.unifap.br\/biologia\/wp-json\/wp\/v2\/pages\/3391\/revisions\/3856"}],"up":[{"embeddable":true,"href":"https:\/\/www2.unifap.br\/biologia\/wp-json\/wp\/v2\/pages\/2958"}],"wp:attachment":[{"href":"https:\/\/www2.unifap.br\/biologia\/wp-json\/wp\/v2\/media?parent=3391"}],"curies":[{"name":"wp","href":"https:\/\/api.w.org\/{rel}","templated":true}]}}