{"id":364,"date":"2009-12-01T12:25:53","date_gmt":"2009-12-01T12:25:53","guid":{"rendered":"http:\/\/pororoca.unifap.br\/biologia\/?page_id=364"},"modified":"2022-03-17T13:17:20","modified_gmt":"2022-03-17T13:17:20","slug":"plataforma-freire-biologia","status":"publish","type":"page","link":"https:\/\/www2.unifap.br\/biologia\/plataforma-freire-biologia\/","title":{"rendered":"Parfor"},"content":{"rendered":"<p style=\"text-align: justify\">A Plataforma Freire \u00e9 o novo investimento do MEC para melhorar o preparo dos professores brasileiros. A iniciativa em prol da educa\u00e7\u00e3o ajuda os docentes a ingressar em uma universidade p\u00fablica. O projeto visa atender as demandas de qualifica\u00e7\u00e3o de professores de ci\u00eancias e biologia do quadro docente do estado do Amap\u00e1 que ainda n\u00e3o possui nivelamento superior.<\/p>\n<p><a href=\"http:\/\/www2.unifap.br\/biologia\/files\/2009\/12\/PPC-PARFOR.pdf\">PPC &#8211; PARFOR<\/a><\/p>\n<p style=\"text-align: justify\"><span style=\"text-decoration: underline\"><strong>Informa\u00e7\u00f5es<\/strong><\/span>:<\/p>\n<p><strong>Dura\u00e7\u00e3o m\u00ednima<\/strong>: 04 anos (8 semestres)<\/p>\n<p><strong>Local de Funcionamento<\/strong>: Campus Marco Zero do Equador<\/p>\n<p><strong>In\u00edcio de funcionamento<\/strong>: Janeiro\/2010<\/p>\n<p><strong>Per\u00edodo de funcionamento<\/strong>: manh\u00e3 e tarde.<\/p>\n","protected":false},"excerpt":{"rendered":"<p>A Plataforma Freire \u00e9 o novo investimento do MEC para melhorar o preparo dos professores brasileiros. A iniciativa em prol da educa\u00e7\u00e3o ajuda os docentes a ingressar em uma universidade p\u00fablica. O projeto visa atender as demandas de qualifica\u00e7\u00e3o de professores de ci\u00eancias e biologia do quadro docente do estado do Amap\u00e1 que ainda n\u00e3o&#8230;<\/p>\n","protected":false},"author":58,"featured_media":0,"parent":0,"menu_order":0,"comment_status":"closed","ping_status":"closed","template":"","meta":{"inline_featured_image":false,"site-sidebar-layout":"default","site-content-layout":"","ast-site-content-layout":"default","site-content-style":"default","site-sidebar-style":"default","ast-global-header-display":"","ast-banner-title-visibility":"","ast-main-header-display":"","ast-hfb-above-header-display":"","ast-hfb-below-header-display":"","ast-hfb-mobile-header-display":"","site-post-title":"","ast-breadcrumbs-content":"","ast-featured-img":"","footer-sml-layout":"","theme-transparent-header-meta":"","adv-header-id-meta":"","stick-header-meta":"","header-above-stick-meta":"","header-main-stick-meta":"","header-below-stick-meta":"","astra-migrate-meta-layouts":"default","ast-page-background-enabled":"default","ast-page-background-meta":{"desktop":{"background-color":"var(--ast-global-color-4)","background-image":"","background-repeat":"repeat","background-position":"center center","background-size":"auto","background-attachment":"scroll","background-type":"","background-media":"","overlay-type":"","overlay-color":"","overlay-opacity":"","overlay-gradient":""},"tablet":{"background-color":"","background-image":"","background-repeat":"repeat","background-position":"center center","background-size":"auto","background-attachment":"scroll","background-type":"","background-media":"","overlay-type":"","overlay-color":"","overlay-opacity":"","overlay-gradient":""},"mobile":{"background-color":"","background-image":"","background-repeat":"repeat","background-position":"center center","background-size":"auto","background-attachment":"scroll","background-type":"","background-media":"","overlay-type":"","overlay-color":"","overlay-opacity":"","overlay-gradient":""}},"ast-content-background-meta":{"desktop":{"background-color":"var(--ast-global-color-5)","background-image":"","background-repeat":"repeat","background-position":"center center","background-size":"auto","background-attachment":"scroll","background-type":"","background-media":"","overlay-type":"","overlay-color":"","overlay-opacity":"","overlay-gradient":""},"tablet":{"background-color":"var(--ast-global-color-5)","background-image":"","background-repeat":"repeat","background-position":"center center","background-size":"auto","background-attachment":"scroll","background-type":"","background-media":"","overlay-type":"","overlay-color":"","overlay-opacity":"","overlay-gradient":""},"mobile":{"background-color":"var(--ast-global-color-5)","background-image":"","background-repeat":"repeat","background-position":"center center","background-size":"auto","background-attachment":"scroll","background-type":"","background-media":"","overlay-type":"","overlay-color":"","overlay-opacity":"","overlay-gradient":""}},"ngg_post_thumbnail":0,"footnotes":""},"class_list":["post-364","page","type-page","status-publish","hentry"],"_links":{"self":[{"href":"https:\/\/www2.unifap.br\/biologia\/wp-json\/wp\/v2\/pages\/364","targetHints":{"allow":["GET"]}}],"collection":[{"href":"https:\/\/www2.unifap.br\/biologia\/wp-json\/wp\/v2\/pages"}],"about":[{"href":"https:\/\/www2.unifap.br\/biologia\/wp-json\/wp\/v2\/types\/page"}],"author":[{"embeddable":true,"href":"https:\/\/www2.unifap.br\/biologia\/wp-json\/wp\/v2\/users\/58"}],"replies":[{"embeddable":true,"href":"https:\/\/www2.unifap.br\/biologia\/wp-json\/wp\/v2\/comments?post=364"}],"version-history":[{"count":8,"href":"https:\/\/www2.unifap.br\/biologia\/wp-json\/wp\/v2\/pages\/364\/revisions"}],"predecessor-version":[{"id":2187,"href":"https:\/\/www2.unifap.br\/biologia\/wp-json\/wp\/v2\/pages\/364\/revisions\/2187"}],"wp:attachment":[{"href":"https:\/\/www2.unifap.br\/biologia\/wp-json\/wp\/v2\/media?parent=364"}],"curies":[{"name":"wp","href":"https:\/\/api.w.org\/{rel}","templated":true}]}}