{"id":3877,"date":"2024-09-28T01:36:16","date_gmt":"2024-09-28T01:36:16","guid":{"rendered":"https:\/\/www2.unifap.br\/biologia\/?page_id=3877"},"modified":"2024-10-15T13:38:17","modified_gmt":"2024-10-15T13:38:17","slug":"semanabio","status":"publish","type":"page","link":"https:\/\/www2.unifap.br\/biologia\/semanabio\/","title":{"rendered":"semanabio"},"content":{"rendered":"\t\t<div data-elementor-type=\"wp-page\" data-elementor-id=\"3877\" class=\"elementor elementor-3877\">\n\t\t\t\t<div class=\"elementor-element elementor-element-10e7a2c e-flex e-con-boxed e-con e-parent\" data-id=\"10e7a2c\" data-element_type=\"container\" data-e-type=\"container\">\n\t\t\t\t\t<div class=\"e-con-inner\">\n\t\t\t\t<div class=\"elementor-element elementor-element-176307a elementor-widget elementor-widget-spacer\" data-id=\"176307a\" data-element_type=\"widget\" data-e-type=\"widget\" data-widget_type=\"spacer.default\">\n\t\t\t\t<div class=\"elementor-widget-container\">\n\t\t\t\t\t\t\t<div class=\"elementor-spacer\">\n\t\t\t<div class=\"elementor-spacer-inner\"><\/div>\n\t\t<\/div>\n\t\t\t\t\t\t<\/div>\n\t\t\t\t<\/div>\n\t\t\t\t<div class=\"elementor-element elementor-element-ee6d187 eael-dual-header-content-align-center elementor-widget elementor-widget-eael-dual-color-header\" data-id=\"ee6d187\" data-element_type=\"widget\" data-e-type=\"widget\" data-widget_type=\"eael-dual-color-header.default\">\n\t\t\t\t<div class=\"elementor-widget-container\">\n\t\t\t\t\t\t\t\t<div class=\"eael-dual-header\">\n\t\t\t\t<h2 class=\"title eael-dch-title\"><span class=\"eael-dch-title-text eael-dch-title-lead lead solid-color\">XI <\/span> <span class=\"eael-dch-title-text\">Semana de Biologia <\/span><\/h2>\t\t\t<\/div>\n\n\t\t\t\t\t\t<\/div>\n\t\t\t\t<\/div>\n\t\t\t\t\t<\/div>\n\t\t\t\t<\/div>\n\t\t<div class=\"elementor-element elementor-element-cd31659 e-flex e-con-boxed e-con e-parent\" data-id=\"cd31659\" data-element_type=\"container\" data-e-type=\"container\">\n\t\t\t\t\t<div class=\"e-con-inner\">\n\t\t\t\t<div class=\"elementor-element elementor-element-4a17fe5 elementor-widget elementor-widget-text-editor\" data-id=\"4a17fe5\" data-element_type=\"widget\" data-e-type=\"widget\" data-widget_type=\"text-editor.default\">\n\t\t\t\t<div class=\"elementor-widget-container\">\n\t\t\t\t\t\t\t\t\t<h3 style=\"text-align: left\"><a href=\"http:\/\/www2.unifap.br\/biologia\/files\/2024\/09\/XISEMANABIO.png\"><img fetchpriority=\"high\" decoding=\"async\" class=\"alignleft\" src=\"http:\/\/www2.unifap.br\/biologia\/files\/2024\/09\/XISEMANABIO-300x300.png\" alt=\"\" width=\"300\" height=\"300\" \/><\/a>XI Semana de Biologia da Universidade Federal do Amap\u00e1: Ci\u00eancia, Conhecimento e Sustentabilidade<\/h3><p>A <strong>XI Semana de Biologia<\/strong> da Universidade Federal do Amap\u00e1 (UNIFAP) ter\u00e1 um destaque especial em 2024, pois far\u00e1 parte da <strong>21\u00aa edi\u00e7\u00e3o da Semana Nacional de Ci\u00eancia e Tecnologia (SNCT)<\/strong>, que traz o tema <strong>\u201cBiomas do Brasil: diversidade, saberes e tecnologias sociais\u201d<\/strong>. Este evento ocorrer\u00e1 no <strong>Aeroporto Internacional de Macap\u00e1<\/strong>, nos dias\u00a0<b>16,17 e 18 de outubro<\/b>, conectando ci\u00eancia, inova\u00e7\u00e3o e saberes tradicionais ao p\u00fablico local e regional.<\/p><p>A SNCT, promovida em \u00e2mbito nacional, procura aproximar a ci\u00eancia da popula\u00e7\u00e3o e promover a valoriza\u00e7\u00e3o dos conhecimentos associados aos biomas brasileiros. No Amap\u00e1, a <strong>XI Semana de Biologia<\/strong> integrar\u00e1 esse movimento, abordando temas voltados para a <strong>diversidade biol\u00f3gica da Amaz\u00f4nia<\/strong> e as <strong>tecnologias sociais<\/strong> aplicadas \u00e0 conserva\u00e7\u00e3o e ao desenvolvimento sustent\u00e1vel.<\/p><h4>Programa\u00e7\u00e3o:<\/h4><p><span style=\"font-size: 14px;text-align: var(--text-align)\">\ud83d\udcc5<\/span><strong>16 de outubro:<\/strong><\/p><ul><li><strong>16h \u2013 18h | Exposi\u00e7\u00e3o das Fotos Finalistas do Concurso de Fotografia \u201cIdentidade Social e Diversidade Biol\u00f3gica no Amap\u00e1\u201d<\/strong><ul><li>Com imagens registradas por acad\u00eamicos de Ci\u00eancias Biol\u00f3gicas da UNIFAP, a exposi\u00e7\u00e3o destacar\u00e1 a biodiversidade e a identidade cultural do Amap\u00e1. O p\u00fablico poder\u00e1 votar nas melhores fotos e conferir a premia\u00e7\u00e3o das mais votadas.<\/li><\/ul><\/li><\/ul><p><span style=\"font-size: 14px;text-align: var(--text-align)\">\ud83d\udcc5<\/span><strong>17 de outubro:<\/strong><\/p><ul><li><strong>9:30h \u2013 11:30h | Exposi\u00e7\u00e3o das Fotos Finalistas do Concurso de Fotografia (continua\u00e7\u00e3o)<\/strong><ul><li>\u00daltima chance para conferir as fotos finalistas e votar nas suas preferidas!<\/li><\/ul><\/li><\/ul><p>\u00a0<\/p><ul><li><strong>16h \u2013 18h | Palestra do CRBio 6\u00aa Regi\u00e3o com\u00a0 Luciana Souza &#8211;\u00a0Fiscal Bi\u00f3loga\u201d<\/strong><ul><li>Um espa\u00e7o de di\u00e1logo em uma apresenta\u00e7\u00e3o com tema: \u00c1reas de Atua\u00e7\u00e3o do Profissional Bi\u00f3logo.\u00a0Um momento importante para tirar d\u00favidas e receber orienta\u00e7\u00f5es sobre o futuro profissional.<\/li><li><strong>Apenas 30 vagas!!!!<\/strong><\/li><li><strong>Inscri\u00e7\u00f5es:<\/strong>\u00a0<a href=\"https:\/\/forms.gle\/7wtuRYnLnPGbhu3dA\">https:\/\/forms.gle\/7wtuRYnLnPGbhu3dA<\/a><\/li><\/ul><\/li><\/ul><p><span style=\"font-size: 14px;text-align: var(--text-align)\">\ud83d\udcc5<\/span><strong>18 de outubro:<\/strong><\/p><ul><li><strong>16h \u2013 18h | Premia\u00e7\u00e3o do Concurso de Fotografia<\/strong><ul><li>Encerramento da semana com a premia\u00e7\u00e3o das fotos mais votadas nas categorias <strong>Biodiversidade Amapaense<\/strong> e <strong>Identidade Social Amapaense<\/strong>. Venha prestigiar os talentos da comunidade acad\u00eamica e celebrar a beleza e diversidade do Amap\u00e1.<\/li><\/ul><\/li><\/ul><h3>Um Evento Integrado \u00e0 Semana Nacional de Ci\u00eancia e Tecnologia<\/h3><p>A <strong>XI Semana de Biologia da UNIFAP<\/strong>, como parte da <strong>SNCT 2024<\/strong>, refor\u00e7a o compromisso da ci\u00eancia com a valoriza\u00e7\u00e3o dos <strong>biomas brasileiros<\/strong> e o desenvolvimento de <strong>tecnologias sociais<\/strong>. Ao sediar suas atividades no <strong>Aeroporto Internacional de Macap\u00e1<\/strong>, o evento ganha ainda mais visibilidade, conectando a comunidade acad\u00eamica com a popula\u00e7\u00e3o em um espa\u00e7o inovador de troca de conhecimento.<\/p><p>Prepare-se para uma semana de muita ci\u00eancia, troca de saberes e reflex\u00e3o sobre o futuro dos nossos biomas!<\/p>\t\t\t\t\t\t\t\t<\/div>\n\t\t\t\t<\/div>\n\t\t\t\t\t<\/div>\n\t\t\t\t<\/div>\n\t\t<div class=\"elementor-element elementor-element-7c83762 e-flex e-con-boxed e-con e-parent\" data-id=\"7c83762\" data-element_type=\"container\" data-e-type=\"container\">\n\t\t\t\t\t<div class=\"e-con-inner\">\n\t\t\t\t<div class=\"elementor-element elementor-element-fe3387f elementor-widget elementor-widget-heading\" data-id=\"fe3387f\" data-element_type=\"widget\" data-e-type=\"widget\" data-widget_type=\"heading.default\">\n\t\t\t\t<div class=\"elementor-widget-container\">\n\t\t\t\t\t<h2 class=\"elementor-heading-title elementor-size-default\">Inscri\u00e7\u00f5es I Concurso de Fotografia<\/h2>\t\t\t\t<\/div>\n\t\t\t\t<\/div>\n\t\t\t\t\t<\/div>\n\t\t\t\t<\/div>\n\t\t<div class=\"elementor-element elementor-element-0155108 e-flex e-con-boxed e-con e-parent\" data-id=\"0155108\" data-element_type=\"container\" data-e-type=\"container\">\n\t\t\t\t\t<div class=\"e-con-inner\">\n\t\t\t\t<div class=\"elementor-element elementor-element-5533a2c pulse elementor-widget elementor-widget-heading\" data-id=\"5533a2c\" data-element_type=\"widget\" data-e-type=\"widget\" data-widget_type=\"heading.default\">\n\t\t\t\t<div class=\"elementor-widget-container\">\n\t\t\t\t\t<h2 class=\"elementor-heading-title elementor-size-default\">INSCRI\u00c7\u00d5ES PRORROGADAS AT\u00c9 DIA 11\/10<\/h2>\t\t\t\t<\/div>\n\t\t\t\t<\/div>\n\t\t\t\t<div class=\"elementor-element elementor-element-21cbbe4 elementor-widget elementor-widget-text-editor\" data-id=\"21cbbe4\" data-element_type=\"widget\" data-e-type=\"widget\" data-widget_type=\"text-editor.default\">\n\t\t\t\t<div class=\"elementor-widget-container\">\n\t\t\t\t\t\t\t\t\t<p><a href=\"http:\/\/www2.unifap.br\/biologia\/files\/2024\/09\/Concurso-Fotografico.png\"><img decoding=\"async\" class=\"alignleft\" src=\"http:\/\/www2.unifap.br\/biologia\/files\/2024\/09\/Concurso-Fotografico-300x300.png\" alt=\"\" width=\"300\" height=\"300\" \/><\/a>Participe da <strong>Exposi\u00e7\u00e3o Fotogr\u00e1fica \u201cIdentidade Social e Diversidade Biol\u00f3gica no Amap\u00e1\u201d<\/strong>! Est\u00e3o abertas as inscri\u00e7\u00f5es para acad\u00eamicos de Ci\u00eancias Biol\u00f3gicas da UNIFAP que desejam expor suas fotos e compartilhar suas vis\u00f5es sobre a biodiversidade e identidade social do Amap\u00e1.<\/p><p>\ud83d\udcc5 <strong>Prazo de inscri\u00e7\u00e3o:<\/strong> at\u00e9 06\/10<br \/>\ud83d\udcdc <a href=\"http:\/\/www2.unifap.br\/biologia\/files\/2024\/09\/edital_concurso-de-fotografia_SEMANA-DE-BIOLOGIA_2024.pdf\"><strong>Leia o edital completo<\/strong><\/a> para mais detalhes sobre as categorias, premia\u00e7\u00f5es e como participar.<\/p><p>N\u00e3o perca a oportunidade de mostrar seu talento e contribuir para a valoriza\u00e7\u00e3o da nossa cultura e meio ambiente!<\/p><h1><b>\u00a0<\/b><span style=\"font-size: 14px;text-align: var(--text-align);color: #4a4a4a\">\ud83d\udcdd\u00a0<\/span><a href=\"https:\/\/forms.gle\/QHV9r7gZm5LAkFqL8\"><b style=\"font-size: 23px;text-align: var(--text-align)\">INSCRI\u00c7\u00d5ES<\/b><\/a><\/h1><p>D\u00favidas?\u00a0<br \/>Envie e-mail para <span style=\"color: #0000ff\">biologiabach@unifap.br<\/span><\/p>\t\t\t\t\t\t\t\t<\/div>\n\t\t\t\t<\/div>\n\t\t\t\t<div class=\"elementor-element elementor-element-574cc7e elementor-widget elementor-widget-heading\" data-id=\"574cc7e\" data-element_type=\"widget\" data-e-type=\"widget\" data-widget_type=\"heading.default\">\n\t\t\t\t<div class=\"elementor-widget-container\">\n\t\t\t\t\t<h2 class=\"elementor-heading-title elementor-size-default\">RESULTADO<\/h2>\t\t\t\t<\/div>\n\t\t\t\t<\/div>\n\t\t\t\t<div class=\"elementor-element elementor-element-ef6e9c1 elementor-widget elementor-widget-text-editor\" data-id=\"ef6e9c1\" data-element_type=\"widget\" data-e-type=\"widget\" data-widget_type=\"text-editor.default\">\n\t\t\t\t<div class=\"elementor-widget-container\">\n\t\t\t\t\t\t\t\t\t<p><strong><a href=\"http:\/\/www2.unifap.br\/biologia\/files\/2024\/10\/PARABENS.pdf\">Conhe\u00e7a o resultado da Sele\u00e7\u00e3o.<\/a><\/strong><br \/>*Os autores das fotos selecionadas devem estar presentes junto \u00e0s fotos na exposi\u00e7\u00e3o e tamb\u00e9m no evento de premia\u00e7\u00e3o para conhecerem os vencedores.<\/p>\t\t\t\t\t\t\t\t<\/div>\n\t\t\t\t<\/div>\n\t\t\t\t\t<\/div>\n\t\t\t\t<\/div>\n\t\t<div class=\"elementor-element elementor-element-d78dbc7 e-flex e-con-boxed e-con e-parent\" data-id=\"d78dbc7\" data-element_type=\"container\" data-e-type=\"container\">\n\t\t\t\t\t<div class=\"e-con-inner\">\n\t\t\t\t<div class=\"elementor-element elementor-element-1ae8f65 elementor-widget elementor-widget-spacer\" data-id=\"1ae8f65\" data-element_type=\"widget\" data-e-type=\"widget\" data-widget_type=\"spacer.default\">\n\t\t\t\t<div class=\"elementor-widget-container\">\n\t\t\t\t\t\t\t<div class=\"elementor-spacer\">\n\t\t\t<div class=\"elementor-spacer-inner\"><\/div>\n\t\t<\/div>\n\t\t\t\t\t\t<\/div>\n\t\t\t\t<\/div>\n\t\t\t\t\t<\/div>\n\t\t\t\t<\/div>\n\t\t\t\t<\/div>\n\t\t","protected":false},"excerpt":{"rendered":"<p>\/*! elementor &#8211; v3.21.0 &#8211; 26-05-2024 *\/ .elementor-column .elementor-spacer-inner{height:var(&#8211;spacer-size)}.e-con{&#8211;container-widget-width:100%}.e-con-inner&gt;.elementor-widget-spacer,.e-con&gt;.elementor-widget-spacer{width:var(&#8211;container-widget-width,var(&#8211;spacer-size));&#8211;align-self:var(&#8211;container-widget-align-self,initial);&#8211;flex-shrink:0}.e-con-inner&gt;.elementor-widget-spacer&gt;.elementor-widget-container,.e-con&gt;.elementor-widget-spacer&gt;.elementor-widget-container{height:100%;width:100%}.e-con-inner&gt;.elementor-widget-spacer&gt;.elementor-widget-container&gt;.elementor-spacer,.e-con&gt;.elementor-widget-spacer&gt;.elementor-widget-container&gt;.elementor-spacer{height:100%}.e-con-inner&gt;.elementor-widget-spacer&gt;.elementor-widget-container&gt;.elementor-spacer&gt;.elementor-spacer-inner,.e-con&gt;.elementor-widget-spacer&gt;.elementor-widget-container&gt;.elementor-spacer&gt;.elementor-spacer-inner{height:var(&#8211;container-widget-height,var(&#8211;spacer-size))}.e-con-inner&gt;.elementor-widget-spacer.elementor-widget-empty,.e-con&gt;.elementor-widget-spacer.elementor-widget-empty{position:relative;min-height:22px;min-width:22px}.e-con-inner&gt;.elementor-widget-spacer.elementor-widget-empty .elementor-widget-empty-icon,.e-con&gt;.elementor-widget-spacer.elementor-widget-empty .elementor-widget-empty-icon{position:absolute;top:0;bottom:0;left:0;right:0;margin:auto;padding:0;width:22px;height:22px} XI Semana de Biologia XI Semana de Biologia da Universidade Federal do Amap\u00e1: Ci\u00eancia, Conhecimento e Sustentabilidade A XI Semana de Biologia da Universidade Federal do Amap\u00e1 (UNIFAP) ter\u00e1 um destaque especial em 2024, pois far\u00e1 parte da 21\u00aa edi\u00e7\u00e3o da Semana Nacional de&#8230;<\/p>\n","protected":false},"author":4011,"featured_media":0,"parent":0,"menu_order":0,"comment_status":"closed","ping_status":"closed","template":"elementor_header_footer","meta":{"inline_featured_image":false,"site-sidebar-layout":"default","site-content-layout":"","ast-site-content-layout":"default","site-content-style":"default","site-sidebar-style":"default","ast-global-header-display":"","ast-banner-title-visibility":"","ast-main-header-display":"","ast-hfb-above-header-display":"","ast-hfb-below-header-display":"","ast-hfb-mobile-header-display":"","site-post-title":"","ast-breadcrumbs-content":"","ast-featured-img":"","footer-sml-layout":"","theme-transparent-header-meta":"","adv-header-id-meta":"","stick-header-meta":"","header-above-stick-meta":"","header-main-stick-meta":"","header-below-stick-meta":"","astra-migrate-meta-layouts":"default","ast-page-background-enabled":"default","ast-page-background-meta":{"desktop":{"background-color":"var(--ast-global-color-4)","background-image":"","background-repeat":"repeat","background-position":"center center","background-size":"auto","background-attachment":"scroll","background-type":"","background-media":"","overlay-type":"","overlay-color":"","overlay-opacity":"","overlay-gradient":""},"tablet":{"background-color":"","background-image":"","background-repeat":"repeat","background-position":"center center","background-size":"auto","background-attachment":"scroll","background-type":"","background-media":"","overlay-type":"","overlay-color":"","overlay-opacity":"","overlay-gradient":""},"mobile":{"background-color":"","background-image":"","background-repeat":"repeat","background-position":"center center","background-size":"auto","background-attachment":"scroll","background-type":"","background-media":"","overlay-type":"","overlay-color":"","overlay-opacity":"","overlay-gradient":""}},"ast-content-background-meta":{"desktop":{"background-color":"var(--ast-global-color-5)","background-image":"","background-repeat":"repeat","background-position":"center center","background-size":"auto","background-attachment":"scroll","background-type":"","background-media":"","overlay-type":"","overlay-color":"","overlay-opacity":"","overlay-gradient":""},"tablet":{"background-color":"var(--ast-global-color-5)","background-image":"","background-repeat":"repeat","background-position":"center center","background-size":"auto","background-attachment":"scroll","background-type":"","background-media":"","overlay-type":"","overlay-color":"","overlay-opacity":"","overlay-gradient":""},"mobile":{"background-color":"var(--ast-global-color-5)","background-image":"","background-repeat":"repeat","background-position":"center center","background-size":"auto","background-attachment":"scroll","background-type":"","background-media":"","overlay-type":"","overlay-color":"","overlay-opacity":"","overlay-gradient":""}},"ngg_post_thumbnail":0,"footnotes":""},"class_list":["post-3877","page","type-page","status-publish","hentry"],"_links":{"self":[{"href":"https:\/\/www2.unifap.br\/biologia\/wp-json\/wp\/v2\/pages\/3877","targetHints":{"allow":["GET"]}}],"collection":[{"href":"https:\/\/www2.unifap.br\/biologia\/wp-json\/wp\/v2\/pages"}],"about":[{"href":"https:\/\/www2.unifap.br\/biologia\/wp-json\/wp\/v2\/types\/page"}],"author":[{"embeddable":true,"href":"https:\/\/www2.unifap.br\/biologia\/wp-json\/wp\/v2\/users\/4011"}],"replies":[{"embeddable":true,"href":"https:\/\/www2.unifap.br\/biologia\/wp-json\/wp\/v2\/comments?post=3877"}],"version-history":[{"count":32,"href":"https:\/\/www2.unifap.br\/biologia\/wp-json\/wp\/v2\/pages\/3877\/revisions"}],"predecessor-version":[{"id":4524,"href":"https:\/\/www2.unifap.br\/biologia\/wp-json\/wp\/v2\/pages\/3877\/revisions\/4524"}],"wp:attachment":[{"href":"https:\/\/www2.unifap.br\/biologia\/wp-json\/wp\/v2\/media?parent=3877"}],"curies":[{"name":"wp","href":"https:\/\/api.w.org\/{rel}","templated":true}]}}