{"id":3940,"date":"2024-10-02T19:59:57","date_gmt":"2024-10-02T19:59:57","guid":{"rendered":"https:\/\/www2.unifap.br\/biologia\/?page_id=3940"},"modified":"2024-10-11T01:15:39","modified_gmt":"2024-10-11T01:15:39","slug":"corpo-tecnico","status":"publish","type":"page","link":"https:\/\/www2.unifap.br\/biologia\/coordenacao\/corpo-tecnico\/","title":{"rendered":"Corpo T\u00e9cnico"},"content":{"rendered":"\t\t<div data-elementor-type=\"wp-page\" data-elementor-id=\"3940\" class=\"elementor elementor-3940\">\n\t\t\t\t\t\t<section class=\"elementor-section elementor-top-section elementor-element elementor-element-e96403c elementor-section-boxed elementor-section-height-default elementor-section-height-default\" data-id=\"e96403c\" data-element_type=\"section\" data-e-type=\"section\">\n\t\t\t\t\t\t<div class=\"elementor-container elementor-column-gap-default\">\n\t\t\t\t\t<div class=\"elementor-column elementor-col-100 elementor-top-column elementor-element elementor-element-71be517\" data-id=\"71be517\" data-element_type=\"column\" data-e-type=\"column\">\n\t\t\t<div class=\"elementor-widget-wrap elementor-element-populated\">\n\t\t\t\t\t\t<div class=\"elementor-element elementor-element-7077b98 elementor-widget elementor-widget-spacer\" data-id=\"7077b98\" data-element_type=\"widget\" data-e-type=\"widget\" data-widget_type=\"spacer.default\">\n\t\t\t\t<div class=\"elementor-widget-container\">\n\t\t\t\t\t\t\t<div class=\"elementor-spacer\">\n\t\t\t<div class=\"elementor-spacer-inner\"><\/div>\n\t\t<\/div>\n\t\t\t\t\t\t<\/div>\n\t\t\t\t<\/div>\n\t\t\t\t\t<\/div>\n\t\t<\/div>\n\t\t\t\t\t<\/div>\n\t\t<\/section>\n\t\t\t\t<section class=\"elementor-section elementor-top-section elementor-element elementor-element-264fe36 elementor-section-boxed elementor-section-height-default elementor-section-height-default\" data-id=\"264fe36\" data-element_type=\"section\" data-e-type=\"section\">\n\t\t\t\t\t\t<div class=\"elementor-container elementor-column-gap-default\">\n\t\t\t\t\t<div class=\"elementor-column elementor-col-100 elementor-top-column elementor-element elementor-element-cca5c9a\" data-id=\"cca5c9a\" data-element_type=\"column\" data-e-type=\"column\">\n\t\t\t<div class=\"elementor-widget-wrap elementor-element-populated\">\n\t\t\t\t\t\t<div class=\"elementor-element elementor-element-eab02fe elementor-widget-divider--separator-type-pattern elementor-widget-divider--view-line elementor-widget elementor-widget-divider\" data-id=\"eab02fe\" data-element_type=\"widget\" data-e-type=\"widget\" data-widget_type=\"divider.default\">\n\t\t\t\t<div class=\"elementor-widget-container\">\n\t\t\t\t\t\t\t<div class=\"elementor-divider\" style=\"--divider-pattern-url: url(&quot;data:image\/svg+xml,%3Csvg xmlns=&#039;http:\/\/www.w3.org\/2000\/svg&#039; preserveAspectRatio=&#039;none&#039; overflow=&#039;visible&#039; height=&#039;100%&#039; viewBox=&#039;0 0 24 24&#039; fill=&#039;black&#039; stroke=&#039;none&#039;%3E%3Cpolygon points=&#039;9.4,2 24,2 14.6,21.6 0,21.6&#039;\/%3E%3C\/svg%3E&quot;);\">\n\t\t\t<span class=\"elementor-divider-separator\">\n\t\t\t\t\t\t<\/span>\n\t\t<\/div>\n\t\t\t\t\t\t<\/div>\n\t\t\t\t<\/div>\n\t\t\t\t<div class=\"elementor-element elementor-element-79c7fd7 elementor-widget elementor-widget-text-editor\" data-id=\"79c7fd7\" data-element_type=\"widget\" data-e-type=\"widget\" data-widget_type=\"text-editor.default\">\n\t\t\t\t<div class=\"elementor-widget-container\">\n\t\t\t\t\t\t\t\t\t<table width=\"604\"><thead><tr><td width=\"29\"><p>ID<\/p><\/td><td width=\"255\"><p>T\u00c9CNICO\/REGIME DE TRABALHO<\/p><\/td><td width=\"208\"><p>FORMA\u00c7\u00c3O ACAD\u00caMICA\/<\/p><p>TITULA\u00c7\u00c3O<\/p><\/td><td width=\"113\"><p>EXP.<\/p><p>PROFISSIONAL<\/p><\/td><\/tr><\/thead><tbody><tr><td width=\"29\"><p>01<\/p><\/td><td width=\"255\"><p>D\u00c9BORA CRISTINA DAMASCENO DE SOUZA<\/p><p><a href=\"http:\/\/lattes.cnqp.br\/8215943629083985\">http:\/\/lattes.cnqp.br\/8215943629083985<\/a><\/p><\/td><td width=\"208\"><p>Gradua\u00e7\u00e3o em Ci\u00eancias Biol\u00f3gicas (Bacharelado) \/ Mestre<\/p><\/td><td width=\"113\"><p>3 anos<\/p><\/td><\/tr><tr><td width=\"29\"><p>02<\/p><\/td><td width=\"255\"><p>FRANCY MENDES NOGUEIRA CARDOSO<\/p><p><a href=\"http:\/\/lattes.cnpq.br\/2973634574419381\">http:\/\/lattes.cnpq.br\/2973634574419381<\/a><\/p><\/td><td width=\"208\"><p>Gradua\u00e7\u00e3o em Biomedicina \/ Doutoranda<\/p><\/td><td width=\"113\"><p>20 anos<\/p><\/td><\/tr><tr><td width=\"29\"><p>03<\/p><\/td><td width=\"255\"><p>HUANN CARLLO GENTIL VASCONCELOS<\/p><p><a href=\"http:\/\/lattes.cnpq.br\/5658103045618349\">http:\/\/lattes.cnpq.br\/5658103045618349<\/a><\/p><\/td><td width=\"208\"><p>Gradua\u00e7\u00e3o em Ci\u00eancias Biol\u00f3gicas (Bacharelado) \/ Doutorando<\/p><\/td><td width=\"113\"><p>14 anos<\/p><\/td><\/tr><tr><td width=\"29\"><p>04<\/p><\/td><td width=\"255\"><p>JAQUELINE SANTOS GOMES<\/p><\/td><td width=\"208\"><p>Graduada em Farm\u00e1cia\/Especialista<\/p><\/td><td width=\"113\"><p>6 anos<\/p><\/td><\/tr><tr><td width=\"29\"><p>05<\/p><\/td><td width=\"255\"><p>KAREN CARMO DOS SANTOS<\/p><p><a href=\"http:\/\/lattes.cnpq.br\/0638647618118313\">http:\/\/lattes.cnpq.br\/0638647618118313<\/a><\/p><\/td><td width=\"208\"><p>Gradua\u00e7\u00e3o em Matem\u00e1tica (Licenciatura) \/ Especialista<\/p><\/td><td width=\"113\"><p>6 anos<\/p><\/td><\/tr><tr><td width=\"29\"><p><strong>06<\/strong><\/p><\/td><td width=\"255\"><p>LUCIANA SAMPAIO LIMA<br \/>http:\/\/lattes.cnpq.br\/0280043838670582<\/p><\/td><td width=\"208\"><p>Licenciatura em Ci\u00eancias Biol\u00f3gicas \/ Dourado<\/p><\/td><td width=\"113\"><p>16 anos<\/p><\/td><\/tr><\/tbody><\/table>\t\t\t\t\t\t\t\t<\/div>\n\t\t\t\t<\/div>\n\t\t\t\t\t<\/div>\n\t\t<\/div>\n\t\t\t\t\t<\/div>\n\t\t<\/section>\n\t\t\t\t<section class=\"elementor-section elementor-top-section elementor-element elementor-element-f07bd3f elementor-section-boxed elementor-section-height-default elementor-section-height-default\" data-id=\"f07bd3f\" data-element_type=\"section\" data-e-type=\"section\">\n\t\t\t\t\t\t<div class=\"elementor-container elementor-column-gap-default\">\n\t\t\t\t\t<div class=\"elementor-column elementor-col-50 elementor-top-column elementor-element elementor-element-8505d36\" data-id=\"8505d36\" data-element_type=\"column\" data-e-type=\"column\">\n\t\t\t<div class=\"elementor-widget-wrap elementor-element-populated\">\n\t\t\t\t\t\t<div class=\"elementor-element elementor-element-81bf104 elementor-position-top elementor-widget elementor-widget-image-box\" data-id=\"81bf104\" data-element_type=\"widget\" data-e-type=\"widget\" data-widget_type=\"image-box.default\">\n\t\t\t\t<div class=\"elementor-widget-container\">\n\t\t\t\t\t<div class=\"elementor-image-box-wrapper\"><figure class=\"elementor-image-box-img\"><a href=\"http:\/\/lattes.cnpq.br\/9216989940268119\" tabindex=\"-1\"><img fetchpriority=\"high\" decoding=\"async\" width=\"1924\" height=\"2560\" src=\"https:\/\/www2.unifap.br\/biologia\/files\/2024\/10\/FOTO-scaled.jpg\" class=\"attachment-full size-full wp-image-3943\" alt=\"\" srcset=\"https:\/\/www2.unifap.br\/biologia\/files\/2024\/10\/FOTO-scaled.jpg 1924w, https:\/\/www2.unifap.br\/biologia\/files\/2024\/10\/FOTO-226x300.jpg 226w, https:\/\/www2.unifap.br\/biologia\/files\/2024\/10\/FOTO-770x1024.jpg 770w, https:\/\/www2.unifap.br\/biologia\/files\/2024\/10\/FOTO-768x1022.jpg 768w, https:\/\/www2.unifap.br\/biologia\/files\/2024\/10\/FOTO-1155x1536.jpg 1155w, https:\/\/www2.unifap.br\/biologia\/files\/2024\/10\/FOTO-1540x2048.jpg 1540w\" sizes=\"(max-width: 1924px) 100vw, 1924px\" \/><\/a><\/figure><div class=\"elementor-image-box-content\"><h3 class=\"elementor-image-box-title\"><a href=\"http:\/\/lattes.cnpq.br\/9216989940268119\">ANDERSON SOARES DOS SANTOS<\/a><\/h3><p class=\"elementor-image-box-description\">Assistente Administrativo<\/p><\/div><\/div>\t\t\t\t<\/div>\n\t\t\t\t<\/div>\n\t\t\t\t\t<\/div>\n\t\t<\/div>\n\t\t\t\t<div class=\"elementor-column elementor-col-50 elementor-top-column elementor-element elementor-element-08e5211\" data-id=\"08e5211\" data-element_type=\"column\" data-e-type=\"column\">\n\t\t\t<div class=\"elementor-widget-wrap elementor-element-populated\">\n\t\t\t\t\t\t<div class=\"elementor-element elementor-element-13be94f elementor-widget elementor-widget-text-editor\" data-id=\"13be94f\" data-element_type=\"widget\" data-e-type=\"widget\" data-widget_type=\"text-editor.default\">\n\t\t\t\t<div class=\"elementor-widget-container\">\n\t\t\t\t\t\t\t\t\t<p><span style=\"font-family: 'Open Sans', sans-serif;font-size: 14px;font-style: normal;font-weight: 600\">Forma\u00e7\u00e3o Acad\u00eamica:\u00a0<\/span><span style=\"font-family: 'Open Sans', sans-serif;font-size: 14px;font-style: normal;font-weight: 400\">Superior em Gest\u00e3o Financeira<\/span><br \/><span style=\"font-family: 'Open Sans', sans-serif;font-size: 14px;font-style: normal;font-weight: 600\">Titula\u00e7\u00e3o:<\/span><span style=\"font-family: 'Open Sans', sans-serif;font-size: 14px;font-style: normal;font-weight: 400\">\u00a0Especialista em Gest\u00e3o P\u00fablica<\/span><br \/><span style=\"font-family: 'Open Sans', sans-serif;font-size: 14px;font-style: normal;font-weight: 600\">Dedica\u00e7\u00e3o Exclusiva<\/span><br \/><span style=\"font-family: 'Open Sans', sans-serif;font-size: 14px;font-style: normal;font-weight: 600\">Lota\u00e7\u00e3o:<\/span><span style=\"font-family: 'Open Sans', sans-serif;font-size: 14px;font-style: normal;font-weight: 400\">\u00a0<\/span><span style=\"font-family: 'Open Sans', sans-serif;font-size: 14px;font-style: normal;font-weight: 400\">Coordena\u00e7\u00e3o do Curso de Ci\u00eancias Biol\u00f3gicas Bacharelado<\/span><br \/><span style=\"font-family: 'Open Sans', sans-serif;font-size: 14px;font-style: normal;font-weight: 600\">Email:<\/span><span style=\"font-family: 'Open Sans', sans-serif;font-size: 14px;font-style: normal;font-weight: 400\">\u00a0andersonsantos<\/span><a style=\"font-family: 'Open Sans', sans-serif;font-size: 14px;font-style: normal;font-weight: 400;background-color: #ffffff\" href=\"mailto:santiago_as@unifap.br\">@unifap.br\u00a0<\/a><\/p>\t\t\t\t\t\t\t\t<\/div>\n\t\t\t\t<\/div>\n\t\t\t\t\t<\/div>\n\t\t<\/div>\n\t\t\t\t\t<\/div>\n\t\t<\/section>\n\t\t\t\t<\/div>\n\t\t","protected":false},"excerpt":{"rendered":"<p>\/*! elementor &#8211; v3.21.0 &#8211; 26-05-2024 *\/ .elementor-column .elementor-spacer-inner{height:var(&#8211;spacer-size)}.e-con{&#8211;container-widget-width:100%}.e-con-inner&gt;.elementor-widget-spacer,.e-con&gt;.elementor-widget-spacer{width:var(&#8211;container-widget-width,var(&#8211;spacer-size));&#8211;align-self:var(&#8211;container-widget-align-self,initial);&#8211;flex-shrink:0}.e-con-inner&gt;.elementor-widget-spacer&gt;.elementor-widget-container,.e-con&gt;.elementor-widget-spacer&gt;.elementor-widget-container{height:100%;width:100%}.e-con-inner&gt;.elementor-widget-spacer&gt;.elementor-widget-container&gt;.elementor-spacer,.e-con&gt;.elementor-widget-spacer&gt;.elementor-widget-container&gt;.elementor-spacer{height:100%}.e-con-inner&gt;.elementor-widget-spacer&gt;.elementor-widget-container&gt;.elementor-spacer&gt;.elementor-spacer-inner,.e-con&gt;.elementor-widget-spacer&gt;.elementor-widget-container&gt;.elementor-spacer&gt;.elementor-spacer-inner{height:var(&#8211;container-widget-height,var(&#8211;spacer-size))}.e-con-inner&gt;.elementor-widget-spacer.elementor-widget-empty,.e-con&gt;.elementor-widget-spacer.elementor-widget-empty{position:relative;min-height:22px;min-width:22px}.e-con-inner&gt;.elementor-widget-spacer.elementor-widget-empty .elementor-widget-empty-icon,.e-con&gt;.elementor-widget-spacer.elementor-widget-empty .elementor-widget-empty-icon{position:absolute;top:0;bottom:0;left:0;right:0;margin:auto;padding:0;width:22px;height:22px} \/*! elementor &#8211; v3.21.0 &#8211; 26-05-2024 *\/ .elementor-widget-divider{&#8211;divider-border-style:none;&#8211;divider-border-width:1px;&#8211;divider-color:#0c0d0e;&#8211;divider-icon-size:20px;&#8211;divider-element-spacing:10px;&#8211;divider-pattern-height:24px;&#8211;divider-pattern-size:20px;&#8211;divider-pattern-url:none;&#8211;divider-pattern-repeat:repeat-x}.elementor-widget-divider .elementor-divider{display:flex}.elementor-widget-divider .elementor-divider__text{font-size:15px;line-height:1;max-width:95%}.elementor-widget-divider .elementor-divider__element{margin:0 var(&#8211;divider-element-spacing);flex-shrink:0}.elementor-widget-divider .elementor-icon{font-size:var(&#8211;divider-icon-size)}.elementor-widget-divider .elementor-divider-separator{display:flex;margin:0;direction:ltr}.elementor-widget-divider&#8211;view-line_icon .elementor-divider-separator,.elementor-widget-divider&#8211;view-line_text .elementor-divider-separator{align-items:center}.elementor-widget-divider&#8211;view-line_icon .elementor-divider-separator:after,.elementor-widget-divider&#8211;view-line_icon .elementor-divider-separator:before,.elementor-widget-divider&#8211;view-line_text .elementor-divider-separator:after,.elementor-widget-divider&#8211;view-line_text .elementor-divider-separator:before{display:block;content:&#8221;&#8221;;border-block-end:0;flex-grow:1;border-block-start:var(&#8211;divider-border-width) var(&#8211;divider-border-style) var(&#8211;divider-color)}.elementor-widget-divider&#8211;element-align-left .elementor-divider .elementor-divider-separator&gt;.elementor-divider__svg:first-of-type{flex-grow:0;flex-shrink:100}.elementor-widget-divider&#8211;element-align-left .elementor-divider-separator:before{content:none}.elementor-widget-divider&#8211;element-align-left .elementor-divider__element{margin-left:0}.elementor-widget-divider&#8211;element-align-right .elementor-divider .elementor-divider-separator&gt;.elementor-divider__svg:last-of-type{flex-grow:0;flex-shrink:100}.elementor-widget-divider&#8211;element-align-right .elementor-divider-separator:after{content:none}.elementor-widget-divider&#8211;element-align-right .elementor-divider__element{margin-right:0}.elementor-widget-divider&#8211;element-align-start .elementor-divider .elementor-divider-separator&gt;.elementor-divider__svg:first-of-type{flex-grow:0;flex-shrink:100}.elementor-widget-divider&#8211;element-align-start .elementor-divider-separator:before{content:none}.elementor-widget-divider&#8211;element-align-start .elementor-divider__element{margin-inline-start:0}.elementor-widget-divider&#8211;element-align-end .elementor-divider .elementor-divider-separator&gt;.elementor-divider__svg:last-of-type{flex-grow:0;flex-shrink:100}.elementor-widget-divider&#8211;element-align-end .elementor-divider-separator:after{content:none}.elementor-widget-divider&#8211;element-align-end .elementor-divider__element{margin-inline-end:0}.elementor-widget-divider:not(.elementor-widget-divider&#8211;view-line_text):not(.elementor-widget-divider&#8211;view-line_icon) .elementor-divider-separator{border-block-start:var(&#8211;divider-border-width) var(&#8211;divider-border-style) var(&#8211;divider-color)}.elementor-widget-divider&#8211;separator-type-pattern{&#8211;divider-border-style:none}.elementor-widget-divider&#8211;separator-type-pattern.elementor-widget-divider&#8211;view-line .elementor-divider-separator,.elementor-widget-divider&#8211;separator-type-pattern:not(.elementor-widget-divider&#8211;view-line) .elementor-divider-separator:after,.elementor-widget-divider&#8211;separator-type-pattern:not(.elementor-widget-divider&#8211;view-line) .elementor-divider-separator:before,.elementor-widget-divider&#8211;separator-type-pattern:not([class*=elementor-widget-divider&#8211;view])&#8230;<\/p>\n","protected":false},"author":3925,"featured_media":0,"parent":45,"menu_order":0,"comment_status":"closed","ping_status":"closed","template":"elementor_header_footer","meta":{"inline_featured_image":false,"site-sidebar-layout":"default","site-content-layout":"","ast-site-content-layout":"default","site-content-style":"default","site-sidebar-style":"default","ast-global-header-display":"","ast-banner-title-visibility":"","ast-main-header-display":"","ast-hfb-above-header-display":"","ast-hfb-below-header-display":"","ast-hfb-mobile-header-display":"","site-post-title":"","ast-breadcrumbs-content":"","ast-featured-img":"","footer-sml-layout":"","theme-transparent-header-meta":"","adv-header-id-meta":"","stick-header-meta":"","header-above-stick-meta":"","header-main-stick-meta":"","header-below-stick-meta":"","astra-migrate-meta-layouts":"default","ast-page-background-enabled":"default","ast-page-background-meta":{"desktop":{"background-color":"var(--ast-global-color-4)","background-image":"","background-repeat":"repeat","background-position":"center center","background-size":"auto","background-attachment":"scroll","background-type":"","background-media":"","overlay-type":"","overlay-color":"","overlay-opacity":"","overlay-gradient":""},"tablet":{"background-color":"","background-image":"","background-repeat":"repeat","background-position":"center center","background-size":"auto","background-attachment":"scroll","background-type":"","background-media":"","overlay-type":"","overlay-color":"","overlay-opacity":"","overlay-gradient":""},"mobile":{"background-color":"","background-image":"","background-repeat":"repeat","background-position":"center center","background-size":"auto","background-attachment":"scroll","background-type":"","background-media":"","overlay-type":"","overlay-color":"","overlay-opacity":"","overlay-gradient":""}},"ast-content-background-meta":{"desktop":{"background-color":"var(--ast-global-color-5)","background-image":"","background-repeat":"repeat","background-position":"center center","background-size":"auto","background-attachment":"scroll","background-type":"","background-media":"","overlay-type":"","overlay-color":"","overlay-opacity":"","overlay-gradient":""},"tablet":{"background-color":"var(--ast-global-color-5)","background-image":"","background-repeat":"repeat","background-position":"center center","background-size":"auto","background-attachment":"scroll","background-type":"","background-media":"","overlay-type":"","overlay-color":"","overlay-opacity":"","overlay-gradient":""},"mobile":{"background-color":"var(--ast-global-color-5)","background-image":"","background-repeat":"repeat","background-position":"center center","background-size":"auto","background-attachment":"scroll","background-type":"","background-media":"","overlay-type":"","overlay-color":"","overlay-opacity":"","overlay-gradient":""}},"ngg_post_thumbnail":0,"footnotes":""},"class_list":["post-3940","page","type-page","status-publish","hentry"],"_links":{"self":[{"href":"https:\/\/www2.unifap.br\/biologia\/wp-json\/wp\/v2\/pages\/3940","targetHints":{"allow":["GET"]}}],"collection":[{"href":"https:\/\/www2.unifap.br\/biologia\/wp-json\/wp\/v2\/pages"}],"about":[{"href":"https:\/\/www2.unifap.br\/biologia\/wp-json\/wp\/v2\/types\/page"}],"author":[{"embeddable":true,"href":"https:\/\/www2.unifap.br\/biologia\/wp-json\/wp\/v2\/users\/3925"}],"replies":[{"embeddable":true,"href":"https:\/\/www2.unifap.br\/biologia\/wp-json\/wp\/v2\/comments?post=3940"}],"version-history":[{"count":14,"href":"https:\/\/www2.unifap.br\/biologia\/wp-json\/wp\/v2\/pages\/3940\/revisions"}],"predecessor-version":[{"id":4425,"href":"https:\/\/www2.unifap.br\/biologia\/wp-json\/wp\/v2\/pages\/3940\/revisions\/4425"}],"up":[{"embeddable":true,"href":"https:\/\/www2.unifap.br\/biologia\/wp-json\/wp\/v2\/pages\/45"}],"wp:attachment":[{"href":"https:\/\/www2.unifap.br\/biologia\/wp-json\/wp\/v2\/media?parent=3940"}],"curies":[{"name":"wp","href":"https:\/\/api.w.org\/{rel}","templated":true}]}}