{"id":4039,"date":"2024-10-07T18:38:29","date_gmt":"2024-10-07T18:38:29","guid":{"rendered":"https:\/\/www2.unifap.br\/biologia\/?page_id=4039"},"modified":"2024-10-07T18:45:06","modified_gmt":"2024-10-07T18:45:06","slug":"estagio-supervisionado","status":"publish","type":"page","link":"https:\/\/www2.unifap.br\/biologia\/portal-academico\/estagio-supervisionado\/","title":{"rendered":"Est\u00e1gio Supervisionado"},"content":{"rendered":"\t\t<div data-elementor-type=\"wp-page\" data-elementor-id=\"4039\" class=\"elementor elementor-4039\">\n\t\t\t\t<div class=\"elementor-element elementor-element-80d61c6 e-flex e-con-boxed e-con e-parent\" data-id=\"80d61c6\" data-element_type=\"container\" data-e-type=\"container\">\n\t\t\t\t\t<div class=\"e-con-inner\">\n\t\t<div class=\"elementor-element elementor-element-ee2daf5 e-con-full e-flex e-con e-child\" data-id=\"ee2daf5\" data-element_type=\"container\" data-e-type=\"container\">\n\t\t\t\t<div class=\"elementor-element elementor-element-5104dc3 elementor-widget elementor-widget-heading\" data-id=\"5104dc3\" data-element_type=\"widget\" data-e-type=\"widget\" data-widget_type=\"heading.default\">\n\t\t\t\t<div class=\"elementor-widget-container\">\n\t\t\t\t\t<h2 class=\"elementor-heading-title elementor-size-default\">Est\u00e1gio Supervisionado-Licenciatura<\/h2>\t\t\t\t<\/div>\n\t\t\t\t<\/div>\n\t\t\t\t<div class=\"elementor-element elementor-element-21525b1 elementor-widget elementor-widget-text-editor\" data-id=\"21525b1\" data-element_type=\"widget\" data-e-type=\"widget\" data-widget_type=\"text-editor.default\">\n\t\t\t\t<div class=\"elementor-widget-container\">\n\t\t\t\t\t\t\t\t\t<p>O Est\u00e1gio Curricular Supervisionado (ECS) do curso de Licenciatura em Ci\u00eancias Biol\u00f3gicas da UNIFAP \u00e9 um componente fundamental na forma\u00e7\u00e3o de professores, promovendo a articula\u00e7\u00e3o entre a teoria e a pr\u00e1tica docente. Com uma <strong>carga hor\u00e1ria total de 405 horas e 27 cr\u00e9ditos<\/strong>, distribu\u00eddas em cinco componentes ao longo da gradua\u00e7\u00e3o. O ECS ser\u00e1 ofertado como atividade livre, tamb\u00e9m conhecida como m\u00f3dulo livre, e oferecer\u00e1 aos futuros professores a oportunidade de vivenciar diferentes etapas da pr\u00e1tica docente, desde a observa\u00e7\u00e3o de aulas at\u00e9 a assun\u00e7\u00e3o completa da responsabilidade por turmas.<\/p><p>A organiza\u00e7\u00e3o do ECS, como demonstrado no Quadro 4, \u00e9 pensada para garantir uma progress\u00e3o gradual na forma\u00e7\u00e3o dos licenciandos. Iniciando no primeiro semestre, o est\u00e1gio proporciona aos estudantes uma imers\u00e3o precoce no ambiente escolar, permitindo a observa\u00e7\u00e3o e a compreens\u00e3o das din\u00e2micas de ensino e aprendizagem. Conforme avan\u00e7am nos semestres, os futuros professores assumem responsabilidades crescentes, como o planejamento de aulas, reg\u00eancia, aplica\u00e7\u00e3o de atividades e a avalia\u00e7\u00e3o dos alunos.<\/p><p>Como estabelece o regulamento do Est\u00e1gio Curricular Supervisionado, Ap\u00eandice IV, o acompanhamento do ECS \u00e9 realizado por um orientador da UNIFAP e um supervisor da escola de educa\u00e7\u00e3o b\u00e1sica, que atuam em conjunto para garantir a qualidade do processo formativo. Essa dupla orienta\u00e7\u00e3o oferece aos estagi\u00e1rios o suporte necess\u00e1rio para superar os desafios e desenvolver as compet\u00eancias essenciais para a atua\u00e7\u00e3o docente.<\/p><p>O ECS conta ainda com uma comiss\u00e3o, composta por docentes da \u00e1rea e tem como fun\u00e7\u00e3o acompanhar o desenvolvimento dos estagi\u00e1rios, analisar os relat\u00f3rios e portf\u00f3lios, promover encontros de discuss\u00e3o e fornecer orienta\u00e7\u00f5es gerais sobre o est\u00e1gio. A atua\u00e7\u00e3o da comiss\u00e3o garante a padroniza\u00e7\u00e3o dos procedimentos, a avalia\u00e7\u00e3o sistem\u00e1tica do processo e a identifica\u00e7\u00e3o de poss\u00edveis ajustes a serem realizados. Ao final do est\u00e1gio, os futuros professores estar\u00e3o preparados para enfrentar os desafios da profiss\u00e3o, contribuindo para a melhoria da qualidade do ensino de Ci\u00eancias Biol\u00f3gicas.<\/p><p>.<\/p>\t\t\t\t\t\t\t\t<\/div>\n\t\t\t\t<\/div>\n\t\t\t\t<div class=\"elementor-element elementor-element-ac0eb90 elementor-view-default elementor-position-block-start elementor-mobile-position-block-start elementor-widget elementor-widget-icon-box\" data-id=\"ac0eb90\" data-element_type=\"widget\" data-e-type=\"widget\" data-widget_type=\"icon-box.default\">\n\t\t\t\t<div class=\"elementor-widget-container\">\n\t\t\t\t\t\t\t<div class=\"elementor-icon-box-wrapper\">\n\n\t\t\t\t\t\t<div class=\"elementor-icon-box-icon\">\n\t\t\t\t<span  class=\"elementor-icon\">\n\t\t\t\t<svg aria-hidden=\"true\" class=\"e-font-icon-svg e-fas-file-alt\" viewBox=\"0 0 384 512\" xmlns=\"http:\/\/www.w3.org\/2000\/svg\"><path d=\"M224 136V0H24C10.7 0 0 10.7 0 24v464c0 13.3 10.7 24 24 24h336c13.3 0 24-10.7 24-24V160H248c-13.2 0-24-10.8-24-24zm64 236c0 6.6-5.4 12-12 12H108c-6.6 0-12-5.4-12-12v-8c0-6.6 5.4-12 12-12h168c6.6 0 12 5.4 12 12v8zm0-64c0 6.6-5.4 12-12 12H108c-6.6 0-12-5.4-12-12v-8c0-6.6 5.4-12 12-12h168c6.6 0 12 5.4 12 12v8zm0-72v8c0 6.6-5.4 12-12 12H108c-6.6 0-12-5.4-12-12v-8c0-6.6 5.4-12 12-12h168c6.6 0 12 5.4 12 12zm96-114.1v6.1H256V0h6.1c6.4 0 12.5 2.5 17 7l97.9 98c4.5 4.5 7 10.6 7 16.9z\"><\/path><\/svg>\t\t\t\t<\/span>\n\t\t\t<\/div>\n\t\t\t\n\t\t\t\t\t\t<div class=\"elementor-icon-box-content\">\n\n\t\t\t\t\t\t\t\t\t<h3 class=\"elementor-icon-box-title\">\n\t\t\t\t\t\t<span  >\n\t\t\t\t\t\t\tREGULAMENTO DO EST\u00c1GIO SUPERVISIONADO\t\t\t\t\t\t<\/span>\n\t\t\t\t\t<\/h3>\n\t\t\t\t\n\t\t\t\t\n\t\t\t<\/div>\n\t\t\t\n\t\t<\/div>\n\t\t\t\t\t\t<\/div>\n\t\t\t\t<\/div>\n\t\t\t\t<div class=\"elementor-element elementor-element-2ccb338 elementor-widget elementor-widget-text-editor\" data-id=\"2ccb338\" data-element_type=\"widget\" data-e-type=\"widget\" data-widget_type=\"text-editor.default\">\n\t\t\t\t<div class=\"elementor-widget-container\">\n\t\t\t\t\t\t\t\t\t<ul><li><a href=\"http:\/\/www2.unifap.br\/biologia\/files\/2024\/10\/ANEXO-I-MODELO-DE-PLANO-DE-ACAO-PARA-O-DISCENTE-.pdf\">ANEXO I &#8211; MODELO DE PLANO DE A\u00c7\u00c3O PARA O DISCENTE<\/a><\/li><li><a href=\"http:\/\/www2.unifap.br\/biologia\/files\/2024\/10\/ANEXO-II-\u2013-MODELO-DE-RELATORIO-ECS-I_II_III_IV_V.pdf\">ANEXO II \u2013 MODELO DE RELAT\u00d3RIO ECS I_II_III_IV_V<\/a><\/li><li><a href=\"http:\/\/www2.unifap.br\/biologia\/files\/2024\/10\/Fichas-de-Avaliacao_Frequencias-e-Roteiros.pdf\">Fichas de Avalia\u00e7\u00e3o_Frequencias e Roteiros<\/a><\/li><\/ul>\t\t\t\t\t\t\t\t<\/div>\n\t\t\t\t<\/div>\n\t\t\t\t<\/div>\n\t\t<div class=\"elementor-element elementor-element-672ec01 e-con-full e-flex e-con e-child\" data-id=\"672ec01\" data-element_type=\"container\" data-e-type=\"container\">\n\t\t\t\t<\/div>\n\t\t\t\t\t<\/div>\n\t\t\t\t<\/div>\n\t\t<div class=\"elementor-element elementor-element-f70227c e-flex e-con-boxed e-con e-parent\" data-id=\"f70227c\" data-element_type=\"container\" data-e-type=\"container\">\n\t\t\t\t\t<div class=\"e-con-inner\">\n\t\t\t\t<div class=\"elementor-element elementor-element-c61ec40 elementor-widget elementor-widget-spacer\" data-id=\"c61ec40\" data-element_type=\"widget\" data-e-type=\"widget\" data-widget_type=\"spacer.default\">\n\t\t\t\t<div class=\"elementor-widget-container\">\n\t\t\t\t\t\t\t<div class=\"elementor-spacer\">\n\t\t\t<div class=\"elementor-spacer-inner\"><\/div>\n\t\t<\/div>\n\t\t\t\t\t\t<\/div>\n\t\t\t\t<\/div>\n\t\t\t\t\t<\/div>\n\t\t\t\t<\/div>\n\t\t\t\t<\/div>\n\t\t","protected":false},"excerpt":{"rendered":"<p>\/*! elementor &#8211; v3.21.0 &#8211; 26-05-2024 *\/ .elementor-heading-title{padding:0;margin:0;line-height:1}.elementor-widget-heading .elementor-heading-title[class*=elementor-size-]&gt;a{color:inherit;font-size:inherit;line-height:inherit}.elementor-widget-heading .elementor-heading-title.elementor-size-small{font-size:15px}.elementor-widget-heading .elementor-heading-title.elementor-size-medium{font-size:19px}.elementor-widget-heading .elementor-heading-title.elementor-size-large{font-size:29px}.elementor-widget-heading .elementor-heading-title.elementor-size-xl{font-size:39px}.elementor-widget-heading .elementor-heading-title.elementor-size-xxl{font-size:59px} Est\u00e1gio Supervisionado-Licenciatura O Est\u00e1gio Curricular Supervisionado (ECS) do curso de Licenciatura em Ci\u00eancias Biol\u00f3gicas da UNIFAP \u00e9 um componente fundamental na forma\u00e7\u00e3o de professores, promovendo a articula\u00e7\u00e3o entre a teoria e a pr\u00e1tica docente. Com uma carga hor\u00e1ria total de 405&#8230;<\/p>\n","protected":false},"author":4011,"featured_media":0,"parent":3055,"menu_order":0,"comment_status":"closed","ping_status":"closed","template":"elementor_header_footer","meta":{"inline_featured_image":false,"site-sidebar-layout":"default","site-content-layout":"","ast-site-content-layout":"default","site-content-style":"default","site-sidebar-style":"default","ast-global-header-display":"","ast-banner-title-visibility":"","ast-main-header-display":"","ast-hfb-above-header-display":"","ast-hfb-below-header-display":"","ast-hfb-mobile-header-display":"","site-post-title":"","ast-breadcrumbs-content":"","ast-featured-img":"","footer-sml-layout":"","theme-transparent-header-meta":"","adv-header-id-meta":"","stick-header-meta":"","header-above-stick-meta":"","header-main-stick-meta":"","header-below-stick-meta":"","astra-migrate-meta-layouts":"default","ast-page-background-enabled":"default","ast-page-background-meta":{"desktop":{"background-color":"var(--ast-global-color-4)","background-image":"","background-repeat":"repeat","background-position":"center center","background-size":"auto","background-attachment":"scroll","background-type":"","background-media":"","overlay-type":"","overlay-color":"","overlay-opacity":"","overlay-gradient":""},"tablet":{"background-color":"","background-image":"","background-repeat":"repeat","background-position":"center center","background-size":"auto","background-attachment":"scroll","background-type":"","background-media":"","overlay-type":"","overlay-color":"","overlay-opacity":"","overlay-gradient":""},"mobile":{"background-color":"","background-image":"","background-repeat":"repeat","background-position":"center center","background-size":"auto","background-attachment":"scroll","background-type":"","background-media":"","overlay-type":"","overlay-color":"","overlay-opacity":"","overlay-gradient":""}},"ast-content-background-meta":{"desktop":{"background-color":"var(--ast-global-color-5)","background-image":"","background-repeat":"repeat","background-position":"center center","background-size":"auto","background-attachment":"scroll","background-type":"","background-media":"","overlay-type":"","overlay-color":"","overlay-opacity":"","overlay-gradient":""},"tablet":{"background-color":"var(--ast-global-color-5)","background-image":"","background-repeat":"repeat","background-position":"center center","background-size":"auto","background-attachment":"scroll","background-type":"","background-media":"","overlay-type":"","overlay-color":"","overlay-opacity":"","overlay-gradient":""},"mobile":{"background-color":"var(--ast-global-color-5)","background-image":"","background-repeat":"repeat","background-position":"center center","background-size":"auto","background-attachment":"scroll","background-type":"","background-media":"","overlay-type":"","overlay-color":"","overlay-opacity":"","overlay-gradient":""}},"ngg_post_thumbnail":0,"footnotes":""},"class_list":["post-4039","page","type-page","status-publish","hentry"],"_links":{"self":[{"href":"https:\/\/www2.unifap.br\/biologia\/wp-json\/wp\/v2\/pages\/4039","targetHints":{"allow":["GET"]}}],"collection":[{"href":"https:\/\/www2.unifap.br\/biologia\/wp-json\/wp\/v2\/pages"}],"about":[{"href":"https:\/\/www2.unifap.br\/biologia\/wp-json\/wp\/v2\/types\/page"}],"author":[{"embeddable":true,"href":"https:\/\/www2.unifap.br\/biologia\/wp-json\/wp\/v2\/users\/4011"}],"replies":[{"embeddable":true,"href":"https:\/\/www2.unifap.br\/biologia\/wp-json\/wp\/v2\/comments?post=4039"}],"version-history":[{"count":4,"href":"https:\/\/www2.unifap.br\/biologia\/wp-json\/wp\/v2\/pages\/4039\/revisions"}],"predecessor-version":[{"id":4045,"href":"https:\/\/www2.unifap.br\/biologia\/wp-json\/wp\/v2\/pages\/4039\/revisions\/4045"}],"up":[{"embeddable":true,"href":"https:\/\/www2.unifap.br\/biologia\/wp-json\/wp\/v2\/pages\/3055"}],"wp:attachment":[{"href":"https:\/\/www2.unifap.br\/biologia\/wp-json\/wp\/v2\/media?parent=4039"}],"curies":[{"name":"wp","href":"https:\/\/api.w.org\/{rel}","templated":true}]}}