{"id":4046,"date":"2024-10-07T18:46:44","date_gmt":"2024-10-07T18:46:44","guid":{"rendered":"https:\/\/www2.unifap.br\/biologia\/?page_id=4046"},"modified":"2024-10-10T23:05:14","modified_gmt":"2024-10-10T23:05:14","slug":"infraestrutura","status":"publish","type":"page","link":"https:\/\/www2.unifap.br\/biologia\/principal\/infraestrutura\/","title":{"rendered":"Infraestrutura"},"content":{"rendered":"\t\t<div data-elementor-type=\"wp-page\" data-elementor-id=\"4046\" class=\"elementor elementor-4046\">\n\t\t\t\t<div class=\"elementor-element elementor-element-e9bfc78 e-flex e-con-boxed e-con e-parent\" data-id=\"e9bfc78\" data-element_type=\"container\" data-e-type=\"container\">\n\t\t\t\t\t<div class=\"e-con-inner\">\n\t\t\t\t<div class=\"elementor-element elementor-element-30d1dcd elementor-widget elementor-widget-text-editor\" data-id=\"30d1dcd\" data-element_type=\"widget\" data-e-type=\"widget\" data-widget_type=\"text-editor.default\">\n\t\t\t\t<div class=\"elementor-widget-container\">\n\t\t\t\t\t\t\t\t\t<p>Infraestrutura f\u00edsica<\/p><ul><li>Departamento De Ci\u00eancias Biol\u00f3gicas e da Sa\u00fade &#8211; DCBS<\/li><li>Curso De Licenciatura Em Ci\u00eancias Biol\u00f3gicas<\/li><li>Secretaria do Curso<\/li><li>Laborat\u00f3rios Did\u00e1ticos<\/li><li>Cole\u00e7\u00e3o Zool\u00f3gica de Invertebrados<\/li><li>Herb\u00e1rio<\/li><li>Salas de aula<\/li><\/ul>\t\t\t\t\t\t\t\t<\/div>\n\t\t\t\t<\/div>\n\t\t\t\t<div class=\"elementor-element elementor-element-5050085 elementor-widget elementor-widget-image\" data-id=\"5050085\" data-element_type=\"widget\" data-e-type=\"widget\" data-widget_type=\"image.default\">\n\t\t\t\t<div class=\"elementor-widget-container\">\n\t\t\t\t\t\t\t\t\t\t\t\t\t\t\t\t<a href=\"http:\/\/www2.unifap.br\/biologia\/files\/2024\/10\/Infraestrutura_Cursos-Lic.png\" data-elementor-open-lightbox=\"yes\" data-elementor-lightbox-title=\"Infraestrutura_Cursos Lic\" data-e-action-hash=\"#elementor-action%3Aaction%3Dlightbox%26settings%3DeyJpZCI6IjQwNDgiLCJ1cmwiOiJodHRwczpcL1wvd3d3Mi51bmlmYXAuYnJcL2Jpb2xvZ2lhXC9maWxlc1wvMjAyNFwvMTBcL0luZnJhZXN0cnV0dXJhX0N1cnNvcy1MaWMucG5nIn0%3D\">\n\t\t\t\t\t\t\t<img fetchpriority=\"high\" decoding=\"async\" width=\"768\" height=\"768\" src=\"https:\/\/www2.unifap.br\/biologia\/files\/2024\/10\/Infraestrutura_Cursos-Lic-768x768.png\" class=\"attachment-medium_large size-medium_large wp-image-4048\" alt=\"\" srcset=\"https:\/\/www2.unifap.br\/biologia\/files\/2024\/10\/Infraestrutura_Cursos-Lic-768x768.png 768w, https:\/\/www2.unifap.br\/biologia\/files\/2024\/10\/Infraestrutura_Cursos-Lic-300x300.png 300w, https:\/\/www2.unifap.br\/biologia\/files\/2024\/10\/Infraestrutura_Cursos-Lic-1024x1024.png 1024w, https:\/\/www2.unifap.br\/biologia\/files\/2024\/10\/Infraestrutura_Cursos-Lic-150x150.png 150w, https:\/\/www2.unifap.br\/biologia\/files\/2024\/10\/Infraestrutura_Cursos-Lic-600x600.png 600w, https:\/\/www2.unifap.br\/biologia\/files\/2024\/10\/Infraestrutura_Cursos-Lic.png 1080w\" sizes=\"(max-width: 768px) 100vw, 768px\" \/>\t\t\t\t\t\t\t\t<\/a>\n\t\t\t\t\t\t\t\t\t\t\t\t\t\t\t<\/div>\n\t\t\t\t<\/div>\n\t\t\t\t<div class=\"elementor-element elementor-element-16e02f5 elementor-widget elementor-widget-image\" data-id=\"16e02f5\" data-element_type=\"widget\" data-e-type=\"widget\" data-widget_type=\"image.default\">\n\t\t\t\t<div class=\"elementor-widget-container\">\n\t\t\t\t\t\t\t\t\t\t\t\t\t\t\t\t<a href=\"http:\/\/www2.unifap.br\/biologia\/files\/2024\/10\/5.png\" data-elementor-open-lightbox=\"yes\" data-elementor-lightbox-title=\"5\" data-e-action-hash=\"#elementor-action%3Aaction%3Dlightbox%26settings%3DeyJpZCI6IjQzMjAiLCJ1cmwiOiJodHRwczpcL1wvd3d3Mi51bmlmYXAuYnJcL2Jpb2xvZ2lhXC9maWxlc1wvMjAyNFwvMTBcLzUucG5nIn0%3D\">\n\t\t\t\t\t\t\t<img decoding=\"async\" width=\"768\" height=\"768\" src=\"https:\/\/www2.unifap.br\/biologia\/files\/2024\/10\/5-768x768.png\" class=\"attachment-medium_large size-medium_large wp-image-4320\" alt=\"\" srcset=\"https:\/\/www2.unifap.br\/biologia\/files\/2024\/10\/5-768x768.png 768w, https:\/\/www2.unifap.br\/biologia\/files\/2024\/10\/5-300x300.png 300w, https:\/\/www2.unifap.br\/biologia\/files\/2024\/10\/5-1024x1024.png 1024w, https:\/\/www2.unifap.br\/biologia\/files\/2024\/10\/5-150x150.png 150w, https:\/\/www2.unifap.br\/biologia\/files\/2024\/10\/5-600x600.png 600w, https:\/\/www2.unifap.br\/biologia\/files\/2024\/10\/5.png 1080w\" sizes=\"(max-width: 768px) 100vw, 768px\" \/>\t\t\t\t\t\t\t\t<\/a>\n\t\t\t\t\t\t\t\t\t\t\t\t\t\t\t<\/div>\n\t\t\t\t<\/div>\n\t\t\t\t<div class=\"elementor-element elementor-element-56caec3 elementor-widget elementor-widget-image\" data-id=\"56caec3\" data-element_type=\"widget\" data-e-type=\"widget\" data-widget_type=\"image.default\">\n\t\t\t\t<div class=\"elementor-widget-container\">\n\t\t\t\t\t\t\t\t\t\t\t\t\t\t\t\t<a href=\"http:\/\/www2.unifap.br\/biologia\/files\/2024\/10\/3.png\" data-elementor-open-lightbox=\"yes\" data-elementor-lightbox-title=\"3\" data-e-action-hash=\"#elementor-action%3Aaction%3Dlightbox%26settings%3DeyJpZCI6IjQzMTgiLCJ1cmwiOiJodHRwczpcL1wvd3d3Mi51bmlmYXAuYnJcL2Jpb2xvZ2lhXC9maWxlc1wvMjAyNFwvMTBcLzMucG5nIn0%3D\">\n\t\t\t\t\t\t\t<img decoding=\"async\" width=\"768\" height=\"768\" src=\"https:\/\/www2.unifap.br\/biologia\/files\/2024\/10\/3-768x768.png\" class=\"attachment-medium_large size-medium_large wp-image-4318\" alt=\"\" srcset=\"https:\/\/www2.unifap.br\/biologia\/files\/2024\/10\/3-768x768.png 768w, https:\/\/www2.unifap.br\/biologia\/files\/2024\/10\/3-300x300.png 300w, https:\/\/www2.unifap.br\/biologia\/files\/2024\/10\/3-1024x1024.png 1024w, https:\/\/www2.unifap.br\/biologia\/files\/2024\/10\/3-150x150.png 150w, https:\/\/www2.unifap.br\/biologia\/files\/2024\/10\/3-600x600.png 600w, https:\/\/www2.unifap.br\/biologia\/files\/2024\/10\/3.png 1080w\" sizes=\"(max-width: 768px) 100vw, 768px\" \/>\t\t\t\t\t\t\t\t<\/a>\n\t\t\t\t\t\t\t\t\t\t\t\t\t\t\t<\/div>\n\t\t\t\t<\/div>\n\t\t\t\t\t<\/div>\n\t\t\t\t<\/div>\n\t\t<div class=\"elementor-element elementor-element-de8a21d e-flex e-con-boxed e-con e-parent\" data-id=\"de8a21d\" data-element_type=\"container\" data-e-type=\"container\">\n\t\t\t\t\t<div class=\"e-con-inner\">\n\t\t<div class=\"elementor-element elementor-element-2ca63ad e-flex e-con-boxed e-con e-child\" data-id=\"2ca63ad\" data-element_type=\"container\" data-e-type=\"container\">\n\t\t\t\t\t<div class=\"e-con-inner\">\n\t\t<div class=\"elementor-element elementor-element-42f5e5e e-con-full e-flex e-con e-child\" data-id=\"42f5e5e\" data-element_type=\"container\" data-e-type=\"container\">\n\t\t\t\t<div class=\"elementor-element elementor-element-828829d elementor-widget elementor-widget-google_maps\" data-id=\"828829d\" data-element_type=\"widget\" data-e-type=\"widget\" data-widget_type=\"google_maps.default\">\n\t\t\t\t<div class=\"elementor-widget-container\">\n\t\t\t\t\t\t\t<div class=\"elementor-custom-embed\">\n\t\t\t<iframe loading=\"lazy\"\n\t\t\t\t\tsrc=\"https:\/\/maps.google.com\/maps?q=Bloco%20de%20Ci%C3%AAncias%20Biol%C3%B3gicas%20-%20UNIFAP&#038;t=m&#038;z=10&#038;output=embed&#038;iwloc=near\"\n\t\t\t\t\ttitle=\"Bloco de Ci\u00eancias Biol\u00f3gicas - UNIFAP\"\n\t\t\t\t\taria-label=\"Bloco de Ci\u00eancias Biol\u00f3gicas - UNIFAP\"\n\t\t\t><\/iframe>\n\t\t<\/div>\n\t\t\t\t\t\t<\/div>\n\t\t\t\t<\/div>\n\t\t\t\t<\/div>\n\t\t\t\t\t<\/div>\n\t\t\t\t<\/div>\n\t\t\t\t\t<\/div>\n\t\t\t\t<\/div>\n\t\t<div class=\"elementor-element elementor-element-771f13a e-flex e-con-boxed e-con e-parent\" data-id=\"771f13a\" data-element_type=\"container\" data-e-type=\"container\">\n\t\t\t\t\t<div class=\"e-con-inner\">\n\t\t\t\t<div class=\"elementor-element elementor-element-1ff1844 elementor-widget elementor-widget-spacer\" data-id=\"1ff1844\" data-element_type=\"widget\" data-e-type=\"widget\" data-widget_type=\"spacer.default\">\n\t\t\t\t<div class=\"elementor-widget-container\">\n\t\t\t\t\t\t\t<div class=\"elementor-spacer\">\n\t\t\t<div class=\"elementor-spacer-inner\"><\/div>\n\t\t<\/div>\n\t\t\t\t\t\t<\/div>\n\t\t\t\t<\/div>\n\t\t\t\t\t<\/div>\n\t\t\t\t<\/div>\n\t\t\t\t<\/div>\n\t\t","protected":false},"excerpt":{"rendered":"<p>Infraestrutura f\u00edsica Departamento De Ci\u00eancias Biol\u00f3gicas e da Sa\u00fade &#8211; DCBS Curso De Licenciatura Em Ci\u00eancias Biol\u00f3gicas Secretaria do Curso Laborat\u00f3rios Did\u00e1ticos Cole\u00e7\u00e3o Zool\u00f3gica de Invertebrados Herb\u00e1rio Salas de aula \/*! elementor &#8211; v3.21.0 &#8211; 26-05-2024 *\/ .elementor-widget-image{text-align:center}.elementor-widget-image a{display:inline-block}.elementor-widget-image a img[src$=&#8221;.svg&#8221;]{width:48px}.elementor-widget-image img{vertical-align:middle;display:inline-block} \/*! elementor &#8211; v3.21.0 &#8211; 26-05-2024 *\/ .elementor-widget-google_maps .elementor-widget-container{overflow:hidden}.elementor-widget-google_maps .elementor-custom-embed{line-height:0}.elementor-widget-google_maps iframe{height:300px} \/*! elementor&#8230;<\/p>\n","protected":false},"author":4011,"featured_media":0,"parent":2958,"menu_order":0,"comment_status":"closed","ping_status":"closed","template":"elementor_header_footer","meta":{"inline_featured_image":false,"site-sidebar-layout":"default","site-content-layout":"","ast-site-content-layout":"default","site-content-style":"default","site-sidebar-style":"default","ast-global-header-display":"","ast-banner-title-visibility":"","ast-main-header-display":"","ast-hfb-above-header-display":"","ast-hfb-below-header-display":"","ast-hfb-mobile-header-display":"","site-post-title":"","ast-breadcrumbs-content":"","ast-featured-img":"","footer-sml-layout":"","theme-transparent-header-meta":"","adv-header-id-meta":"","stick-header-meta":"","header-above-stick-meta":"","header-main-stick-meta":"","header-below-stick-meta":"","astra-migrate-meta-layouts":"default","ast-page-background-enabled":"default","ast-page-background-meta":{"desktop":{"background-color":"var(--ast-global-color-4)","background-image":"","background-repeat":"repeat","background-position":"center center","background-size":"auto","background-attachment":"scroll","background-type":"","background-media":"","overlay-type":"","overlay-color":"","overlay-opacity":"","overlay-gradient":""},"tablet":{"background-color":"","background-image":"","background-repeat":"repeat","background-position":"center center","background-size":"auto","background-attachment":"scroll","background-type":"","background-media":"","overlay-type":"","overlay-color":"","overlay-opacity":"","overlay-gradient":""},"mobile":{"background-color":"","background-image":"","background-repeat":"repeat","background-position":"center center","background-size":"auto","background-attachment":"scroll","background-type":"","background-media":"","overlay-type":"","overlay-color":"","overlay-opacity":"","overlay-gradient":""}},"ast-content-background-meta":{"desktop":{"background-color":"var(--ast-global-color-5)","background-image":"","background-repeat":"repeat","background-position":"center center","background-size":"auto","background-attachment":"scroll","background-type":"","background-media":"","overlay-type":"","overlay-color":"","overlay-opacity":"","overlay-gradient":""},"tablet":{"background-color":"var(--ast-global-color-5)","background-image":"","background-repeat":"repeat","background-position":"center center","background-size":"auto","background-attachment":"scroll","background-type":"","background-media":"","overlay-type":"","overlay-color":"","overlay-opacity":"","overlay-gradient":""},"mobile":{"background-color":"var(--ast-global-color-5)","background-image":"","background-repeat":"repeat","background-position":"center center","background-size":"auto","background-attachment":"scroll","background-type":"","background-media":"","overlay-type":"","overlay-color":"","overlay-opacity":"","overlay-gradient":""}},"ngg_post_thumbnail":0,"footnotes":""},"class_list":["post-4046","page","type-page","status-publish","hentry"],"_links":{"self":[{"href":"https:\/\/www2.unifap.br\/biologia\/wp-json\/wp\/v2\/pages\/4046","targetHints":{"allow":["GET"]}}],"collection":[{"href":"https:\/\/www2.unifap.br\/biologia\/wp-json\/wp\/v2\/pages"}],"about":[{"href":"https:\/\/www2.unifap.br\/biologia\/wp-json\/wp\/v2\/types\/page"}],"author":[{"embeddable":true,"href":"https:\/\/www2.unifap.br\/biologia\/wp-json\/wp\/v2\/users\/4011"}],"replies":[{"embeddable":true,"href":"https:\/\/www2.unifap.br\/biologia\/wp-json\/wp\/v2\/comments?post=4046"}],"version-history":[{"count":16,"href":"https:\/\/www2.unifap.br\/biologia\/wp-json\/wp\/v2\/pages\/4046\/revisions"}],"predecessor-version":[{"id":4350,"href":"https:\/\/www2.unifap.br\/biologia\/wp-json\/wp\/v2\/pages\/4046\/revisions\/4350"}],"up":[{"embeddable":true,"href":"https:\/\/www2.unifap.br\/biologia\/wp-json\/wp\/v2\/pages\/2958"}],"wp:attachment":[{"href":"https:\/\/www2.unifap.br\/biologia\/wp-json\/wp\/v2\/media?parent=4046"}],"curies":[{"name":"wp","href":"https:\/\/api.w.org\/{rel}","templated":true}]}}