{"id":4064,"date":"2024-10-07T19:04:42","date_gmt":"2024-10-07T19:04:42","guid":{"rendered":"https:\/\/www2.unifap.br\/biologia\/?page_id=4064"},"modified":"2025-02-12T14:40:27","modified_gmt":"2025-02-12T14:40:27","slug":"acc","status":"publish","type":"page","link":"https:\/\/www2.unifap.br\/biologia\/portal-academico\/acc\/","title":{"rendered":"ACC"},"content":{"rendered":"\t\t<div data-elementor-type=\"wp-page\" data-elementor-id=\"4064\" class=\"elementor elementor-4064\">\n\t\t\t\t<div class=\"elementor-element elementor-element-2d4895e e-flex e-con-boxed e-con e-parent\" data-id=\"2d4895e\" data-element_type=\"container\" data-e-type=\"container\">\n\t\t\t\t\t<div class=\"e-con-inner\">\n\t\t\t\t<div class=\"elementor-element elementor-element-25bb7f5 elementor-widget elementor-widget-text-editor\" data-id=\"25bb7f5\" data-element_type=\"widget\" data-e-type=\"widget\" data-widget_type=\"text-editor.default\">\n\t\t\t\t<div class=\"elementor-widget-container\">\n\t\t\t\t\t\t\t\t\t<h2><strong>Orienta\u00e7\u00f5es para Entrega das Atividades Complementares Curriculares (ACC)<\/strong><\/h2><div>\u00a0<\/div><div>As Atividades Complementares Curriculares (ACC) s\u00e3o parte essencial da forma\u00e7\u00e3o dos estudantes dos cursos de Licenciatura e Bacharelado em Ci\u00eancias Biol\u00f3gicas da Universidade Federal do Amap\u00e1 (UNIFAP). Elas possibilitam a amplia\u00e7\u00e3o do conhecimento acad\u00eamico por meio da participa\u00e7\u00e3o em atividades extracurriculares, promovendo interdisciplinaridade e integra\u00e7\u00e3o com diferentes \u00e1reas do saber.<\/div><div>\u00a0<\/div><div>A realiza\u00e7\u00e3o de cursos, semin\u00e1rios, eventos cient\u00edficos, atividades de pesquisa e extens\u00e3o contribui para uma forma\u00e7\u00e3o profissional mais completa, atendendo \u00e0s exig\u00eancias do mercado de trabalho e do ensino superior.<\/div><div>\u00a0<\/div><div>Regulamento das Atividades Complementares<\/div><h4><strong>\u2022O estudante deve cumprir uma carga hor\u00e1ria obrigat\u00f3ria de:<\/strong><\/h4><pre><strong>Para turmas at\u00e9 2024:<\/strong><\/pre><div><strong>\u2022240 horas para Licenciatura<\/strong><\/div><div><strong>\u2022240 horas para Bacharelado<\/strong><\/div><div>O discente deve integralizar at\u00e9 o \u00faltimo semestre do curso.<\/div><div><div>\u2022As atividades devem ser desenvolvidas ao longo da gradua\u00e7\u00e3o e est\u00e3o organizadas em sete grupos, conforme a Resolu\u00e7\u00e3o N. 24\/2008-CONSU\/UNIFAP:<\/div><div>1.Atividade de Ensino<\/div><div>2.Atividade de Pesquisa<\/div><div>3.Atividade de Extens\u00e3o<\/div><div>4.Participa\u00e7\u00e3o em Eventos Cient\u00edficos, Art\u00edsticos ou Culturais<\/div><div>5.Produ\u00e7\u00f5es Diversas<\/div><div>6.A\u00e7\u00f5es Comunit\u00e1rias<\/div><div>7.Representa\u00e7\u00e3o Estudantil<\/div><div>\u2022O est\u00e1gio n\u00e3o-obrigat\u00f3rio pode ser aproveitado como ACC.<\/div><\/div><pre><strong>Passo a Passo para a Entrega das ACC<\/strong><\/pre><div><strong>1. Preenchimento do Formul\u00e1rio<\/strong><\/div><div>\u2022O estudante deve preencher corretamente o Formul\u00e1rio de Atividades Complementares, dispon\u00edvel abaixo.<\/div><div>\u2022No formul\u00e1rio, \u00e9 necess\u00e1rio informar todas as atividades realizadas, conforme o modelo disponibilizado.<\/div><div>\u00a0<\/div><div><strong>2. Organiza\u00e7\u00e3o dos Documentos Comprobat\u00f3rios<\/strong><\/div><div>\u2022Os certificados, declara\u00e7\u00f5es e demais documentos comprobat\u00f3rios devem estar organizados na ordem das atividades listadas no formul\u00e1rio.<\/div><div>\u2022Todos os documentos devem ser reunidos em um \u00fanico arquivo PDF, incluindo o formul\u00e1rio preenchido.<\/div><div>\u00a0<\/div><div><strong>3. Envio do Arquivo \u00danico em PDF<\/strong><\/div><div>\u2022O arquivo PDF contendo o formul\u00e1rio e os comprovantes deve ser enviado para o e-mail da secretaria do curso:<span style=\"color: #3366ff\"> secretariabiologia@unifap.br<\/span>.<\/div><div>\u2022O assunto do e-mail deve seguir o formato: Entrega de ACC \u2013 [Nome do Estudante].<\/div><div>\u2022No corpo do e-mail, devem constar as seguintes informa\u00e7\u00f5es:<\/div><div>\u2022Nome completo<\/div><div>\u2022Matr\u00edcula<\/div><div>\u2022Curso (Licenciatura ou Bacharelado)<\/div><div>\u2022Per\u00edodo atual<\/div><div>\u2022Quantidade total de horas enviadas<\/div><div>\u2022Anexar Formul\u00e1rio<\/div><div>\u00a0<\/div><div><strong>4. Prazos e Confirma\u00e7\u00e3o<\/strong><\/div><div>\u2022A entrega das Atividades Complementares deve seguir o calend\u00e1rio acad\u00eamico vigente, <span style=\"color: #000000\"><strong>onde o envio deve ser feito <span style=\"color: #ff0000\">at\u00e9 30 dias antes do t\u00e9rmino do semestre vigente.<\/span><\/strong><\/span><\/div><div>\u2022Ap\u00f3s o envio, o estudante receber\u00e1 um e-mail de confirma\u00e7\u00e3o da secretaria.<\/div><div>\u2022Caso haja inconsist\u00eancias, o estudante ser\u00e1 notificado para realizar as corre\u00e7\u00f5es necess\u00e1rias.<\/div><div>\u00a0<\/div><div>Em caso de d\u00favidas, entre em contato com a secretaria do curso.<\/div><div>\u00a0<\/div>\t\t\t\t\t\t\t\t<\/div>\n\t\t\t\t<\/div>\n\t\t\t\t<div class=\"elementor-element elementor-element-2ba82d5 elementor-widget elementor-widget-shortcode\" data-id=\"2ba82d5\" data-element_type=\"widget\" data-e-type=\"widget\" data-widget_type=\"shortcode.default\">\n\t\t\t\t<div class=\"elementor-widget-container\">\n\t\t\t\t\t\t\t<div class=\"elementor-shortcode\"><div class='w3eden'><!-- WPDM Link Template: Default Template -->\n\n<div class=\"link-template-default card mb-2\">\n    <div class=\"card-body\">\n        <div class=\"media\">\n            <div class=\"mr-3 img-48\"><img decoding=\"async\" class=\"wpdm_icon\" alt=\"\u00edcone\" src=\"https:\/\/www2.unifap.br\/biologia\/wp-content\/plugins\/download-manager\/assets\/file-type-icons\/docx.svg\" \/><\/div>\n            <div class=\"media-body\">\n                <h3 class=\"package-title\"><a href='https:\/\/www2.unifap.br\/biologia\/download\/formulario-planilha-de-acc\/'>Formul\u00e1rio-Planilha de ACC<\/a><\/h3>\n                <div class=\"text-muted text-small\"><i class=\"fas fa-copy\"><\/i> 1  arquivo(s) <i class=\"fas fa-hdd ml-3\"><\/i> 31.84 KB<\/div>\n            <\/div>\n            <div class=\"ml-3\">\n                <a class='wpdm-download-link download-on-click btn btn-primary ' rel='nofollow' href='#' data-downloadurl=\"https:\/\/www2.unifap.br\/biologia\/download\/formulario-planilha-de-acc\/?wpdmdl=4820&refresh=69e748e0ec68f1776765152\">Download<\/a>\n            <\/div>\n        <\/div>\n    <\/div>\n<\/div>\n\n<\/div><\/div>\n\t\t\t\t\t\t<\/div>\n\t\t\t\t<\/div>\n\t\t\t\t\t<\/div>\n\t\t\t\t<\/div>\n\t\t<div class=\"elementor-element elementor-element-fc2fd44 e-flex e-con-boxed e-con e-parent\" data-id=\"fc2fd44\" data-element_type=\"container\" data-e-type=\"container\">\n\t\t\t\t\t<div class=\"e-con-inner\">\n\t\t<div class=\"elementor-element elementor-element-78cae47 e-con-full e-flex e-con e-child\" data-id=\"78cae47\" data-element_type=\"container\" data-e-type=\"container\">\n\t\t\t\t<div class=\"elementor-element elementor-element-9310507 elementor-widget elementor-widget-heading\" data-id=\"9310507\" data-element_type=\"widget\" data-e-type=\"widget\" data-widget_type=\"heading.default\">\n\t\t\t\t<div class=\"elementor-widget-container\">\n\t\t\t\t\t<h2 class=\"elementor-heading-title elementor-size-default\">Regulamento e Orienta\u00e7\u00f5es da ACC de Licenciatura - TURMAS A PARTIR DE 2025<\/h2>\t\t\t\t<\/div>\n\t\t\t\t<\/div>\n\t\t\t\t<div class=\"elementor-element elementor-element-3a2b03c elementor-widget elementor-widget-text-editor\" data-id=\"3a2b03c\" data-element_type=\"widget\" data-e-type=\"widget\" data-widget_type=\"text-editor.default\">\n\t\t\t\t<div class=\"elementor-widget-container\">\n\t\t\t\t\t\t\t\t\t<p>As atividades complementares ampliam a forma\u00e7\u00e3o acad\u00eamica do estudante, permitindo de forma mais efetiva a interdisciplinaridade e multidisciplinaridade necess\u00e1rias ao profissional. A possibilidade de frequentar cursos, semin\u00e1rios, e outros eventos viabiliza a comunica\u00e7\u00e3o entre as diversas \u00e1reas do conhecimento, cuja import\u00e2ncia \u00e9 evidente quando se deseja fazer uma leitura profissional n\u00e3o s\u00f3 no contexto global, mas, sobretudo, no contexto social. A proposta tamb\u00e9m permite ao discente a participa\u00e7\u00e3o na forma\u00e7\u00e3o do seu curr\u00edculo, atendendo \u00e0 crescente demanda do conhecimento no tempo de conclus\u00e3o do curso.<\/p><p>O cr\u00e9dito nas atividades complementares ser\u00e1 obtido quando o acad\u00eamico apresentar comprovantes de atividades que perfa\u00e7am o total de carga hor\u00e1ria 210h, podendo ser integralizada a partir do 4\u00b0 semestre, como atividade livre, tamb\u00e9m conhecido como m\u00f3dulo livre.<\/p><p>Consoante com a Resolu\u00e7\u00e3o N. 24\/2008-CONSU\/UNIFAP, as Atividades Complementares devem ser desenvolvidas durante a trajet\u00f3ria acad\u00eamica do aluno e est\u00e3o organizadas em 7 grupos: Atividade de Ensino, Atividades de Pesquisa, Atividade de Extens\u00e3o, Participa\u00e7\u00e3o em eventos de natureza art\u00edstica, cient\u00edfica ou cultural, Produ\u00e7\u00f5es diversas, A\u00e7\u00f5es Comunit\u00e1rias e Representa\u00e7\u00e3o Estudantil.<\/p><p>Dentre tais atividades, o aproveitamento do est\u00e1gio n\u00e3o-obrigat\u00f3rio tamb\u00e9m poder\u00e1 ser creditado como ACC. Enquanto as Atividades Acad\u00eamicas de Extens\u00e3o n\u00e3o poder\u00e3o ser validadas como Atividades complementares, para evitar duplicidade de integraliza\u00e7\u00e3o de carga hor\u00e1ria,\u00a0 conforme estabelecido no Regulamento das Atividades Complementares do Curso Licenciatura em Ci\u00eancias Biol\u00f3gicas.<\/p>\t\t\t\t\t\t\t\t<\/div>\n\t\t\t\t<\/div>\n\t\t\t\t<div class=\"elementor-element elementor-element-cf32d0f elementor-view-default elementor-position-block-start elementor-mobile-position-block-start elementor-widget elementor-widget-icon-box\" data-id=\"cf32d0f\" data-element_type=\"widget\" data-e-type=\"widget\" data-widget_type=\"icon-box.default\">\n\t\t\t\t<div class=\"elementor-widget-container\">\n\t\t\t\t\t\t\t<div class=\"elementor-icon-box-wrapper\">\n\n\t\t\t\t\t\t<div class=\"elementor-icon-box-icon\">\n\t\t\t\t<a href=\"http:\/\/www2.unifap.br\/biologia\/files\/2024\/10\/APENDICE-V-\u2014-REGULAMENTO-DAS-ATIVIDADES-COMPLEMENTARES.pdf\" class=\"elementor-icon\" tabindex=\"-1\" aria-label=\"Regulamento das ACC&#039;s - Licenciatura\">\n\t\t\t\t<svg aria-hidden=\"true\" class=\"e-font-icon-svg e-fas-file\" viewBox=\"0 0 384 512\" xmlns=\"http:\/\/www.w3.org\/2000\/svg\"><path d=\"M224 136V0H24C10.7 0 0 10.7 0 24v464c0 13.3 10.7 24 24 24h336c13.3 0 24-10.7 24-24V160H248c-13.2 0-24-10.8-24-24zm160-14.1v6.1H256V0h6.1c6.4 0 12.5 2.5 17 7l97.9 98c4.5 4.5 7 10.6 7 16.9z\"><\/path><\/svg>\t\t\t\t<\/a>\n\t\t\t<\/div>\n\t\t\t\n\t\t\t\t\t\t<div class=\"elementor-icon-box-content\">\n\n\t\t\t\t\t\t\t\t\t<h3 class=\"elementor-icon-box-title\">\n\t\t\t\t\t\t<a href=\"http:\/\/www2.unifap.br\/biologia\/files\/2024\/10\/APENDICE-V-\u2014-REGULAMENTO-DAS-ATIVIDADES-COMPLEMENTARES.pdf\" >\n\t\t\t\t\t\t\tRegulamento das ACC's - Licenciatura\t\t\t\t\t\t<\/a>\n\t\t\t\t\t<\/h3>\n\t\t\t\t\n\t\t\t\t\t\t\t\t\t<p class=\"elementor-icon-box-description\">\n\t\t\t\t\t\tConhe\u00e7a os Grupos de Atividades e Ch m\u00e1xima a ser creditada\t\t\t\t\t<\/p>\n\t\t\t\t\n\t\t\t<\/div>\n\t\t\t\n\t\t<\/div>\n\t\t\t\t\t\t<\/div>\n\t\t\t\t<\/div>\n\t\t\t\t<\/div>\n\t\t<div class=\"elementor-element elementor-element-797a9bf e-con-full e-flex e-con e-child\" data-id=\"797a9bf\" data-element_type=\"container\" data-e-type=\"container\">\n\t\t\t\t<\/div>\n\t\t\t\t\t<\/div>\n\t\t\t\t<\/div>\n\t\t<div class=\"elementor-element elementor-element-da1cb81 e-flex e-con-boxed e-con e-parent\" data-id=\"da1cb81\" data-element_type=\"container\" data-e-type=\"container\">\n\t\t\t\t\t<div class=\"e-con-inner\">\n\t\t\t\t<div class=\"elementor-element elementor-element-5559025 elementor-widget elementor-widget-spacer\" data-id=\"5559025\" data-element_type=\"widget\" data-e-type=\"widget\" data-widget_type=\"spacer.default\">\n\t\t\t\t<div class=\"elementor-widget-container\">\n\t\t\t\t\t\t\t<div class=\"elementor-spacer\">\n\t\t\t<div class=\"elementor-spacer-inner\"><\/div>\n\t\t<\/div>\n\t\t\t\t\t\t<\/div>\n\t\t\t\t<\/div>\n\t\t\t\t\t<\/div>\n\t\t\t\t<\/div>\n\t\t\t\t<\/div>\n\t\t","protected":false},"excerpt":{"rendered":"<p>Orienta\u00e7\u00f5es para Entrega das Atividades Complementares Curriculares (ACC) \u00a0As Atividades Complementares Curriculares (ACC) s\u00e3o parte essencial da forma\u00e7\u00e3o dos estudantes dos cursos de Licenciatura e Bacharelado em Ci\u00eancias Biol\u00f3gicas da Universidade Federal do Amap\u00e1 (UNIFAP). Elas possibilitam a amplia\u00e7\u00e3o do conhecimento acad\u00eamico por meio da participa\u00e7\u00e3o em atividades extracurriculares, promovendo interdisciplinaridade e integra\u00e7\u00e3o com diferentes&#8230;<\/p>\n","protected":false},"author":4011,"featured_media":0,"parent":3055,"menu_order":0,"comment_status":"closed","ping_status":"closed","template":"elementor_header_footer","meta":{"inline_featured_image":false,"site-sidebar-layout":"default","site-content-layout":"","ast-site-content-layout":"default","site-content-style":"default","site-sidebar-style":"default","ast-global-header-display":"","ast-banner-title-visibility":"","ast-main-header-display":"","ast-hfb-above-header-display":"","ast-hfb-below-header-display":"","ast-hfb-mobile-header-display":"","site-post-title":"","ast-breadcrumbs-content":"","ast-featured-img":"","footer-sml-layout":"","theme-transparent-header-meta":"","adv-header-id-meta":"","stick-header-meta":"","header-above-stick-meta":"","header-main-stick-meta":"","header-below-stick-meta":"","astra-migrate-meta-layouts":"default","ast-page-background-enabled":"default","ast-page-background-meta":{"desktop":{"background-color":"var(--ast-global-color-4)","background-image":"","background-repeat":"repeat","background-position":"center center","background-size":"auto","background-attachment":"scroll","background-type":"","background-media":"","overlay-type":"","overlay-color":"","overlay-opacity":"","overlay-gradient":""},"tablet":{"background-color":"","background-image":"","background-repeat":"repeat","background-position":"center center","background-size":"auto","background-attachment":"scroll","background-type":"","background-media":"","overlay-type":"","overlay-color":"","overlay-opacity":"","overlay-gradient":""},"mobile":{"background-color":"","background-image":"","background-repeat":"repeat","background-position":"center center","background-size":"auto","background-attachment":"scroll","background-type":"","background-media":"","overlay-type":"","overlay-color":"","overlay-opacity":"","overlay-gradient":""}},"ast-content-background-meta":{"desktop":{"background-color":"var(--ast-global-color-5)","background-image":"","background-repeat":"repeat","background-position":"center center","background-size":"auto","background-attachment":"scroll","background-type":"","background-media":"","overlay-type":"","overlay-color":"","overlay-opacity":"","overlay-gradient":""},"tablet":{"background-color":"var(--ast-global-color-5)","background-image":"","background-repeat":"repeat","background-position":"center center","background-size":"auto","background-attachment":"scroll","background-type":"","background-media":"","overlay-type":"","overlay-color":"","overlay-opacity":"","overlay-gradient":""},"mobile":{"background-color":"var(--ast-global-color-5)","background-image":"","background-repeat":"repeat","background-position":"center center","background-size":"auto","background-attachment":"scroll","background-type":"","background-media":"","overlay-type":"","overlay-color":"","overlay-opacity":"","overlay-gradient":""}},"ngg_post_thumbnail":0,"footnotes":""},"class_list":["post-4064","page","type-page","status-publish","hentry"],"_links":{"self":[{"href":"https:\/\/www2.unifap.br\/biologia\/wp-json\/wp\/v2\/pages\/4064","targetHints":{"allow":["GET"]}}],"collection":[{"href":"https:\/\/www2.unifap.br\/biologia\/wp-json\/wp\/v2\/pages"}],"about":[{"href":"https:\/\/www2.unifap.br\/biologia\/wp-json\/wp\/v2\/types\/page"}],"author":[{"embeddable":true,"href":"https:\/\/www2.unifap.br\/biologia\/wp-json\/wp\/v2\/users\/4011"}],"replies":[{"embeddable":true,"href":"https:\/\/www2.unifap.br\/biologia\/wp-json\/wp\/v2\/comments?post=4064"}],"version-history":[{"count":19,"href":"https:\/\/www2.unifap.br\/biologia\/wp-json\/wp\/v2\/pages\/4064\/revisions"}],"predecessor-version":[{"id":4830,"href":"https:\/\/www2.unifap.br\/biologia\/wp-json\/wp\/v2\/pages\/4064\/revisions\/4830"}],"up":[{"embeddable":true,"href":"https:\/\/www2.unifap.br\/biologia\/wp-json\/wp\/v2\/pages\/3055"}],"wp:attachment":[{"href":"https:\/\/www2.unifap.br\/biologia\/wp-json\/wp\/v2\/media?parent=4064"}],"curies":[{"name":"wp","href":"https:\/\/api.w.org\/{rel}","templated":true}]}}