{"id":4094,"date":"2024-10-07T19:41:39","date_gmt":"2024-10-07T19:41:39","guid":{"rendered":"https:\/\/www2.unifap.br\/biologia\/?page_id=4094"},"modified":"2024-10-07T19:46:54","modified_gmt":"2024-10-07T19:46:54","slug":"atividades-academicas-de-extensao","status":"publish","type":"page","link":"https:\/\/www2.unifap.br\/biologia\/portal-academico\/atividades-academicas-de-extensao\/","title":{"rendered":"Atividades Acad\u00eamicas de Extens\u00e3o"},"content":{"rendered":"\t\t<div data-elementor-type=\"wp-page\" data-elementor-id=\"4094\" class=\"elementor elementor-4094\">\n\t\t\t\t<div class=\"elementor-element elementor-element-49bbe2f e-flex e-con-boxed e-con e-parent\" data-id=\"49bbe2f\" data-element_type=\"container\" data-e-type=\"container\">\n\t\t\t\t\t<div class=\"e-con-inner\">\n\t\t<div class=\"elementor-element elementor-element-f1f62e5 e-con-full e-flex e-con e-child\" data-id=\"f1f62e5\" data-element_type=\"container\" data-e-type=\"container\">\n\t\t\t\t<div class=\"elementor-element elementor-element-29d48e7 elementor-widget elementor-widget-heading\" data-id=\"29d48e7\" data-element_type=\"widget\" data-e-type=\"widget\" data-widget_type=\"heading.default\">\n\t\t\t\t<div class=\"elementor-widget-container\">\n\t\t\t\t\t<h2 class=\"elementor-heading-title elementor-size-default\">Atividades Acad\u00eamicas de Extens\u00e3o - Licenciatura<\/h2>\t\t\t\t<\/div>\n\t\t\t\t<\/div>\n\t\t\t\t<div class=\"elementor-element elementor-element-fe3f0d5 elementor-widget elementor-widget-text-editor\" data-id=\"fe3f0d5\" data-element_type=\"widget\" data-e-type=\"widget\" data-widget_type=\"text-editor.default\">\n\t\t\t\t<div class=\"elementor-widget-container\">\n\t\t\t\t\t\t\t\t\t<p>O N\u00facleo III &#8211; Atividades Acad\u00eamicas de Extens\u00e3o (AAE) \u00e9 estruturado para promover a forma\u00e7\u00e3o integral dos futuros professores, integrando teoria e pr\u00e1tica de forma indissoci\u00e1vel. As AAE\u2019s s\u00e3o obrigatoriamente desenvolvidas em institui\u00e7\u00f5es de Educa\u00e7\u00e3o B\u00e1sica, permitindo que os licenciandos vivenciem diretamente a realidade escolar e apliquem pr\u00e1ticas pedag\u00f3gicas em contextos reais de ensino. Essas atividades visam fomentar a participa\u00e7\u00e3o ativa dos futuros docentes em projetos que impactam diretamente a comunidade escolar, fortalecendo a rela\u00e7\u00e3o entre universidade e escola.<\/p><p>As pr\u00e1ticas pedag\u00f3gicas ser\u00e3o desenvolvidas na organiza\u00e7\u00e3o das AAE\u2019s que ir\u00e1 incentivar o desenvolvimento de pr\u00e1ticas pedag\u00f3gicas inovadoras, com foco no uso de metodologias ativas, ensino colaborativo e produ\u00e7\u00e3o de materiais did\u00e1ticos inclusivos, adaptados \u00e0s necessidades e diversidades dos estudantes da Educa\u00e7\u00e3o B\u00e1sica. Essa abordagem permite que os licenciandos n\u00e3o apenas experimentem diferentes estrat\u00e9gias de ensino, mas tamb\u00e9m criem, testem e avaliem essas metodologias em sala de aula, promovendo uma aprendizagem significativa e inclusiva.<\/p><p>No Quadro 3, s\u00e3o apresentados os componentes obrigat\u00f3rios deste n\u00facleo, Atividade Acad\u00eamica de Extens\u00e3o I, II e III que incluem atividades pr\u00e1ticas como a produ\u00e7\u00e3o de materiais did\u00e1ticos, a promo\u00e7\u00e3o da inclus\u00e3o e a an\u00e1lise do contexto escolar, totalizando 330 horas e 22 cr\u00e9ditos. Estes componentes curriculares devem ser associados a projetos de extens\u00e3o, devidamente registrados no Departamento de Extens\u00e3o-DEX. A realiza\u00e7\u00e3o dessas atividades em institui\u00e7\u00f5es de Educa\u00e7\u00e3o B\u00e1sica proporciona aos licenciandos uma experi\u00eancia imersiva e colaborativa com outros profissionais da educa\u00e7\u00e3o, possibilitando a constru\u00e7\u00e3o de redes de trabalho e contribuindo para a melhoria cont\u00ednua da qualidade do ensino. O regulamento das Atividades Acad\u00eamicas de Extens\u00e3o est\u00e1 detalhado no Ap\u00eandice IV.<\/p><p>\u00a0<\/p><p><strong><em>Quadro 3.<\/em><\/strong> N\u00facleo III &#8211; Atividades Acad\u00eamicas de Extens\u00e3o \u2013 AAE\u00a0 consoante a Res. CNE 04\/2024. CHT=Carga Hor\u00e1ria Total.<\/p><table width=\"604\"><tbody><tr><td width=\"335\"><p><strong>ATIVIDADES ACAD\u00caMICAS DE EXTENS\u00c3O &#8211; N\u00daCLEO III<\/strong><\/p><\/td><td width=\"53\"><p><strong>CHT<\/strong><\/p><\/td><td width=\"88\"><p><strong>CR\u00c9DITO<\/strong><\/p><\/td><td width=\"129\"><p><strong>SEMESTRE<\/strong><\/p><\/td><\/tr><tr><td width=\"335\"><p>Atividades Acad\u00eamicas de Extens\u00e3o I<\/p><\/td><td width=\"53\"><p>105<\/p><\/td><td width=\"88\"><p>7<\/p><\/td><td width=\"129\"><p>2<\/p><\/td><\/tr><tr><td width=\"335\"><p>Atividades Acad\u00eamicas de Extens\u00e3o II<\/p><\/td><td width=\"53\"><p>120<\/p><\/td><td width=\"88\"><p>8<\/p><\/td><td width=\"129\"><p>3<\/p><\/td><\/tr><tr><td width=\"335\"><p>Atividades Acad\u00eamicas de Extens\u00e3o III<\/p><\/td><td width=\"53\"><p>105<\/p><\/td><td width=\"88\"><p>7<\/p><\/td><td width=\"129\"><p>5<\/p><\/td><\/tr><tr><td width=\"335\"><p><strong>TOTAL<\/strong><\/p><\/td><td width=\"53\"><p><strong>330<\/strong><\/p><\/td><td width=\"88\"><p><strong>22<\/strong><\/p><\/td><td width=\"129\"><p>\u00a0<\/p><\/td><\/tr><\/tbody><\/table>\t\t\t\t\t\t\t\t<\/div>\n\t\t\t\t<\/div>\n\t\t\t\t<div class=\"elementor-element elementor-element-2ad67f3 elementor-view-default elementor-position-block-start elementor-mobile-position-block-start elementor-widget elementor-widget-icon-box\" data-id=\"2ad67f3\" data-element_type=\"widget\" data-e-type=\"widget\" data-widget_type=\"icon-box.default\">\n\t\t\t\t<div class=\"elementor-widget-container\">\n\t\t\t\t\t\t\t<div class=\"elementor-icon-box-wrapper\">\n\n\t\t\t\t\t\t<div class=\"elementor-icon-box-icon\">\n\t\t\t\t<a href=\"http:\/\/www2.unifap.br\/biologia\/files\/2024\/10\/APENDICE-VI-\u2014-REGULAMENTO-DA-ATIVIDADE-ACADEMICA-DE-EXTENSAO.pdf\" class=\"elementor-icon\" tabindex=\"-1\" aria-label=\"Relulamento da AAE - Licenciatura\">\n\t\t\t\t<svg aria-hidden=\"true\" class=\"e-font-icon-svg e-far-file-pdf\" viewBox=\"0 0 384 512\" xmlns=\"http:\/\/www.w3.org\/2000\/svg\"><path d=\"M369.9 97.9L286 14C277 5 264.8-.1 252.1-.1H48C21.5 0 0 21.5 0 48v416c0 26.5 21.5 48 48 48h288c26.5 0 48-21.5 48-48V131.9c0-12.7-5.1-25-14.1-34zM332.1 128H256V51.9l76.1 76.1zM48 464V48h160v104c0 13.3 10.7 24 24 24h104v288H48zm250.2-143.7c-12.2-12-47-8.7-64.4-6.5-17.2-10.5-28.7-25-36.8-46.3 3.9-16.1 10.1-40.6 5.4-56-4.2-26.2-37.8-23.6-42.6-5.9-4.4 16.1-.4 38.5 7 67.1-10 23.9-24.9 56-35.4 74.4-20 10.3-47 26.2-51 46.2-3.3 15.8 26 55.2 76.1-31.2 22.4-7.4 46.8-16.5 68.4-20.1 18.9 10.2 41 17 55.8 17 25.5 0 28-28.2 17.5-38.7zm-198.1 77.8c5.1-13.7 24.5-29.5 30.4-35-19 30.3-30.4 35.7-30.4 35zm81.6-190.6c7.4 0 6.7 32.1 1.8 40.8-4.4-13.9-4.3-40.8-1.8-40.8zm-24.4 136.6c9.7-16.9 18-37 24.7-54.7 8.3 15.1 18.9 27.2 30.1 35.5-20.8 4.3-38.9 13.1-54.8 19.2zm131.6-5s-5 6-37.3-7.8c35.1-2.6 40.9 5.4 37.3 7.8z\"><\/path><\/svg>\t\t\t\t<\/a>\n\t\t\t<\/div>\n\t\t\t\n\t\t\t\t\t\t<div class=\"elementor-icon-box-content\">\n\n\t\t\t\t\t\t\t\t\t<h3 class=\"elementor-icon-box-title\">\n\t\t\t\t\t\t<a href=\"http:\/\/www2.unifap.br\/biologia\/files\/2024\/10\/APENDICE-VI-\u2014-REGULAMENTO-DA-ATIVIDADE-ACADEMICA-DE-EXTENSAO.pdf\" >\n\t\t\t\t\t\t\tRelulamento da AAE - Licenciatura\t\t\t\t\t\t<\/a>\n\t\t\t\t\t<\/h3>\n\t\t\t\t\n\t\t\t\t\t\t\t\t\t<p class=\"elementor-icon-box-description\">\n\t\t\t\t\t\t.\t\t\t\t\t<\/p>\n\t\t\t\t\n\t\t\t<\/div>\n\t\t\t\n\t\t<\/div>\n\t\t\t\t\t\t<\/div>\n\t\t\t\t<\/div>\n\t\t\t\t<\/div>\n\t\t<div class=\"elementor-element elementor-element-70ca179 e-con-full e-flex e-con e-child\" data-id=\"70ca179\" data-element_type=\"container\" data-e-type=\"container\">\n\t\t\t\t<\/div>\n\t\t\t\t\t<\/div>\n\t\t\t\t<\/div>\n\t\t\t\t<\/div>\n\t\t","protected":false},"excerpt":{"rendered":"<p>\/*! elementor &#8211; v3.21.0 &#8211; 26-05-2024 *\/ .elementor-heading-title{padding:0;margin:0;line-height:1}.elementor-widget-heading .elementor-heading-title[class*=elementor-size-]&gt;a{color:inherit;font-size:inherit;line-height:inherit}.elementor-widget-heading .elementor-heading-title.elementor-size-small{font-size:15px}.elementor-widget-heading .elementor-heading-title.elementor-size-medium{font-size:19px}.elementor-widget-heading .elementor-heading-title.elementor-size-large{font-size:29px}.elementor-widget-heading .elementor-heading-title.elementor-size-xl{font-size:39px}.elementor-widget-heading .elementor-heading-title.elementor-size-xxl{font-size:59px} Atividades Acad\u00eamicas de Extens\u00e3o &#8211; Licenciatura O N\u00facleo III &#8211; Atividades Acad\u00eamicas de Extens\u00e3o (AAE) \u00e9 estruturado para promover a forma\u00e7\u00e3o integral dos futuros professores, integrando teoria e pr\u00e1tica de forma indissoci\u00e1vel. As AAE\u2019s s\u00e3o obrigatoriamente desenvolvidas em institui\u00e7\u00f5es de Educa\u00e7\u00e3o&#8230;<\/p>\n","protected":false},"author":4011,"featured_media":0,"parent":3055,"menu_order":0,"comment_status":"closed","ping_status":"closed","template":"elementor_header_footer","meta":{"inline_featured_image":false,"site-sidebar-layout":"default","site-content-layout":"","ast-site-content-layout":"default","site-content-style":"default","site-sidebar-style":"default","ast-global-header-display":"","ast-banner-title-visibility":"","ast-main-header-display":"","ast-hfb-above-header-display":"","ast-hfb-below-header-display":"","ast-hfb-mobile-header-display":"","site-post-title":"","ast-breadcrumbs-content":"","ast-featured-img":"","footer-sml-layout":"","theme-transparent-header-meta":"","adv-header-id-meta":"","stick-header-meta":"","header-above-stick-meta":"","header-main-stick-meta":"","header-below-stick-meta":"","astra-migrate-meta-layouts":"default","ast-page-background-enabled":"default","ast-page-background-meta":{"desktop":{"background-color":"var(--ast-global-color-4)","background-image":"","background-repeat":"repeat","background-position":"center center","background-size":"auto","background-attachment":"scroll","background-type":"","background-media":"","overlay-type":"","overlay-color":"","overlay-opacity":"","overlay-gradient":""},"tablet":{"background-color":"","background-image":"","background-repeat":"repeat","background-position":"center center","background-size":"auto","background-attachment":"scroll","background-type":"","background-media":"","overlay-type":"","overlay-color":"","overlay-opacity":"","overlay-gradient":""},"mobile":{"background-color":"","background-image":"","background-repeat":"repeat","background-position":"center center","background-size":"auto","background-attachment":"scroll","background-type":"","background-media":"","overlay-type":"","overlay-color":"","overlay-opacity":"","overlay-gradient":""}},"ast-content-background-meta":{"desktop":{"background-color":"var(--ast-global-color-5)","background-image":"","background-repeat":"repeat","background-position":"center center","background-size":"auto","background-attachment":"scroll","background-type":"","background-media":"","overlay-type":"","overlay-color":"","overlay-opacity":"","overlay-gradient":""},"tablet":{"background-color":"var(--ast-global-color-5)","background-image":"","background-repeat":"repeat","background-position":"center center","background-size":"auto","background-attachment":"scroll","background-type":"","background-media":"","overlay-type":"","overlay-color":"","overlay-opacity":"","overlay-gradient":""},"mobile":{"background-color":"var(--ast-global-color-5)","background-image":"","background-repeat":"repeat","background-position":"center center","background-size":"auto","background-attachment":"scroll","background-type":"","background-media":"","overlay-type":"","overlay-color":"","overlay-opacity":"","overlay-gradient":""}},"ngg_post_thumbnail":0,"footnotes":""},"class_list":["post-4094","page","type-page","status-publish","hentry"],"_links":{"self":[{"href":"https:\/\/www2.unifap.br\/biologia\/wp-json\/wp\/v2\/pages\/4094","targetHints":{"allow":["GET"]}}],"collection":[{"href":"https:\/\/www2.unifap.br\/biologia\/wp-json\/wp\/v2\/pages"}],"about":[{"href":"https:\/\/www2.unifap.br\/biologia\/wp-json\/wp\/v2\/types\/page"}],"author":[{"embeddable":true,"href":"https:\/\/www2.unifap.br\/biologia\/wp-json\/wp\/v2\/users\/4011"}],"replies":[{"embeddable":true,"href":"https:\/\/www2.unifap.br\/biologia\/wp-json\/wp\/v2\/comments?post=4094"}],"version-history":[{"count":9,"href":"https:\/\/www2.unifap.br\/biologia\/wp-json\/wp\/v2\/pages\/4094\/revisions"}],"predecessor-version":[{"id":4104,"href":"https:\/\/www2.unifap.br\/biologia\/wp-json\/wp\/v2\/pages\/4094\/revisions\/4104"}],"up":[{"embeddable":true,"href":"https:\/\/www2.unifap.br\/biologia\/wp-json\/wp\/v2\/pages\/3055"}],"wp:attachment":[{"href":"https:\/\/www2.unifap.br\/biologia\/wp-json\/wp\/v2\/media?parent=4094"}],"curies":[{"name":"wp","href":"https:\/\/api.w.org\/{rel}","templated":true}]}}