{"id":4111,"date":"2024-10-07T20:05:26","date_gmt":"2024-10-07T20:05:26","guid":{"rendered":"https:\/\/www2.unifap.br\/biologia\/?page_id=4111"},"modified":"2024-10-07T20:10:20","modified_gmt":"2024-10-07T20:10:20","slug":"grupos-de-pesquisa","status":"publish","type":"page","link":"https:\/\/www2.unifap.br\/biologia\/principal\/portal-docente\/grupos-de-pesquisa\/","title":{"rendered":"Grupos de Pesquisa"},"content":{"rendered":"\t\t<div data-elementor-type=\"wp-page\" data-elementor-id=\"4111\" class=\"elementor elementor-4111\">\n\t\t\t\t<div class=\"elementor-element elementor-element-bb9972e e-flex e-con-boxed e-con e-parent\" data-id=\"bb9972e\" data-element_type=\"container\" data-e-type=\"container\">\n\t\t\t\t\t<div class=\"e-con-inner\">\n\t\t\t\t<div class=\"elementor-element elementor-element-4ca9b50 elementor-widget elementor-widget-spacer\" data-id=\"4ca9b50\" data-element_type=\"widget\" data-e-type=\"widget\" data-widget_type=\"spacer.default\">\n\t\t\t\t<div class=\"elementor-widget-container\">\n\t\t\t\t\t\t\t<div class=\"elementor-spacer\">\n\t\t\t<div class=\"elementor-spacer-inner\"><\/div>\n\t\t<\/div>\n\t\t\t\t\t\t<\/div>\n\t\t\t\t<\/div>\n\t\t\t\t<div class=\"elementor-element elementor-element-a1c080c elementor-widget elementor-widget-text-editor\" data-id=\"a1c080c\" data-element_type=\"widget\" data-e-type=\"widget\" data-widget_type=\"text-editor.default\">\n\t\t\t\t<div class=\"elementor-widget-container\">\n\t\t\t\t\t\t\t\t\t<p>Conhe\u00e7a os grupos de Pesquisa do Curso de Ci\u00eancias Biol\u00f3gicas<\/p><table width=\"882\"><tbody><tr><td width=\"487\"><strong>GRUPO<\/strong><\/td><td width=\"243\"><strong>L\u00cdDERES<\/strong><\/td><td width=\"152\"><strong>\u00c1REA<\/strong><\/td><\/tr><tr><td width=\"487\">Taxonomia, Sistem\u00e1tica e Bioecologia de insetos de import\u00e2ncia M\u00e9dica, Econ\u00f4mica e Forense<\/td><td width=\"243\">Raimundo Nonato Pican\u00e7o Souto Ledayane Mayana Costa Barbosa<\/td><td width=\"152\">Zoologia<\/td><\/tr><tr><td width=\"487\">Grupo de pesquisa em vertebrados<\/td><td width=\"243\">Andrea Soares de Araujo Carlos Eduardo Costa de Campos<\/td><td width=\"152\">Zoologia<\/td><\/tr><tr><td width=\"487\">Estudo Molecular das Doen\u00e7as Amaz\u00f4nica<\/td><td width=\"243\">Artemis Socorro do Nascimento Rodrigues<\/td><td width=\"152\">Gen\u00e9tica<\/td><\/tr><tr><td width=\"487\">ECODELTA<\/td><td width=\"243\">Tiago Gabriel Correia Davi Silva Dalberto<\/td><td width=\"152\">Fisiologia<\/td><\/tr><tr><td width=\"487\">Diversidade e Conserva\u00e7\u00e3o da Herpetofauna da Amaz\u00f4nia Oriental<\/td><td width=\"243\">Carlos Eduardo Costa de Campos<\/td><td width=\"152\">Zoologia<\/td><\/tr><tr><td width=\"487\">Grupo de Pesquisa em Qu\u00edmica de Produtos Naturais e Doen\u00e7as End\u00eamicas<\/td><td width=\"243\">Elizabeth Viana Moraes da Costa<\/td><td width=\"152\">Farm\u00e1cia<\/td><\/tr><tr><td width=\"487\">Qu\u00edmica Computacional Aplicada<\/td><td width=\"243\">Cleydson Breno Rodrigues dos Santos<\/td><td width=\"152\">Qu\u00edmica<\/td><\/tr><\/tbody><\/table>\t\t\t\t\t\t\t\t<\/div>\n\t\t\t\t<\/div>\n\t\t\t\t<div class=\"elementor-element elementor-element-1e60eac elementor-widget elementor-widget-spacer\" data-id=\"1e60eac\" data-element_type=\"widget\" data-e-type=\"widget\" data-widget_type=\"spacer.default\">\n\t\t\t\t<div class=\"elementor-widget-container\">\n\t\t\t\t\t\t\t<div class=\"elementor-spacer\">\n\t\t\t<div class=\"elementor-spacer-inner\"><\/div>\n\t\t<\/div>\n\t\t\t\t\t\t<\/div>\n\t\t\t\t<\/div>\n\t\t\t\t\t<\/div>\n\t\t\t\t<\/div>\n\t\t\t\t<\/div>\n\t\t","protected":false},"excerpt":{"rendered":"<p>\/*! elementor &#8211; v3.21.0 &#8211; 26-05-2024 *\/ .elementor-column .elementor-spacer-inner{height:var(&#8211;spacer-size)}.e-con{&#8211;container-widget-width:100%}.e-con-inner&gt;.elementor-widget-spacer,.e-con&gt;.elementor-widget-spacer{width:var(&#8211;container-widget-width,var(&#8211;spacer-size));&#8211;align-self:var(&#8211;container-widget-align-self,initial);&#8211;flex-shrink:0}.e-con-inner&gt;.elementor-widget-spacer&gt;.elementor-widget-container,.e-con&gt;.elementor-widget-spacer&gt;.elementor-widget-container{height:100%;width:100%}.e-con-inner&gt;.elementor-widget-spacer&gt;.elementor-widget-container&gt;.elementor-spacer,.e-con&gt;.elementor-widget-spacer&gt;.elementor-widget-container&gt;.elementor-spacer{height:100%}.e-con-inner&gt;.elementor-widget-spacer&gt;.elementor-widget-container&gt;.elementor-spacer&gt;.elementor-spacer-inner,.e-con&gt;.elementor-widget-spacer&gt;.elementor-widget-container&gt;.elementor-spacer&gt;.elementor-spacer-inner{height:var(&#8211;container-widget-height,var(&#8211;spacer-size))}.e-con-inner&gt;.elementor-widget-spacer.elementor-widget-empty,.e-con&gt;.elementor-widget-spacer.elementor-widget-empty{position:relative;min-height:22px;min-width:22px}.e-con-inner&gt;.elementor-widget-spacer.elementor-widget-empty .elementor-widget-empty-icon,.e-con&gt;.elementor-widget-spacer.elementor-widget-empty .elementor-widget-empty-icon{position:absolute;top:0;bottom:0;left:0;right:0;margin:auto;padding:0;width:22px;height:22px} Conhe\u00e7a os grupos de Pesquisa do Curso de Ci\u00eancias Biol\u00f3gicas GRUPO L\u00cdDERES \u00c1REA Taxonomia, Sistem\u00e1tica e Bioecologia de insetos de import\u00e2ncia M\u00e9dica, Econ\u00f4mica e Forense Raimundo Nonato Pican\u00e7o Souto Ledayane Mayana Costa Barbosa Zoologia Grupo de pesquisa em vertebrados Andrea Soares de Araujo Carlos&#8230;<\/p>\n","protected":false},"author":4011,"featured_media":0,"parent":3018,"menu_order":0,"comment_status":"closed","ping_status":"closed","template":"elementor_header_footer","meta":{"inline_featured_image":false,"site-sidebar-layout":"default","site-content-layout":"","ast-site-content-layout":"default","site-content-style":"default","site-sidebar-style":"default","ast-global-header-display":"","ast-banner-title-visibility":"","ast-main-header-display":"","ast-hfb-above-header-display":"","ast-hfb-below-header-display":"","ast-hfb-mobile-header-display":"","site-post-title":"","ast-breadcrumbs-content":"","ast-featured-img":"","footer-sml-layout":"","theme-transparent-header-meta":"","adv-header-id-meta":"","stick-header-meta":"","header-above-stick-meta":"","header-main-stick-meta":"","header-below-stick-meta":"","astra-migrate-meta-layouts":"default","ast-page-background-enabled":"default","ast-page-background-meta":{"desktop":{"background-color":"var(--ast-global-color-4)","background-image":"","background-repeat":"repeat","background-position":"center center","background-size":"auto","background-attachment":"scroll","background-type":"","background-media":"","overlay-type":"","overlay-color":"","overlay-opacity":"","overlay-gradient":""},"tablet":{"background-color":"","background-image":"","background-repeat":"repeat","background-position":"center center","background-size":"auto","background-attachment":"scroll","background-type":"","background-media":"","overlay-type":"","overlay-color":"","overlay-opacity":"","overlay-gradient":""},"mobile":{"background-color":"","background-image":"","background-repeat":"repeat","background-position":"center center","background-size":"auto","background-attachment":"scroll","background-type":"","background-media":"","overlay-type":"","overlay-color":"","overlay-opacity":"","overlay-gradient":""}},"ast-content-background-meta":{"desktop":{"background-color":"var(--ast-global-color-5)","background-image":"","background-repeat":"repeat","background-position":"center center","background-size":"auto","background-attachment":"scroll","background-type":"","background-media":"","overlay-type":"","overlay-color":"","overlay-opacity":"","overlay-gradient":""},"tablet":{"background-color":"var(--ast-global-color-5)","background-image":"","background-repeat":"repeat","background-position":"center center","background-size":"auto","background-attachment":"scroll","background-type":"","background-media":"","overlay-type":"","overlay-color":"","overlay-opacity":"","overlay-gradient":""},"mobile":{"background-color":"var(--ast-global-color-5)","background-image":"","background-repeat":"repeat","background-position":"center center","background-size":"auto","background-attachment":"scroll","background-type":"","background-media":"","overlay-type":"","overlay-color":"","overlay-opacity":"","overlay-gradient":""}},"ngg_post_thumbnail":0,"footnotes":""},"class_list":["post-4111","page","type-page","status-publish","hentry"],"_links":{"self":[{"href":"https:\/\/www2.unifap.br\/biologia\/wp-json\/wp\/v2\/pages\/4111","targetHints":{"allow":["GET"]}}],"collection":[{"href":"https:\/\/www2.unifap.br\/biologia\/wp-json\/wp\/v2\/pages"}],"about":[{"href":"https:\/\/www2.unifap.br\/biologia\/wp-json\/wp\/v2\/types\/page"}],"author":[{"embeddable":true,"href":"https:\/\/www2.unifap.br\/biologia\/wp-json\/wp\/v2\/users\/4011"}],"replies":[{"embeddable":true,"href":"https:\/\/www2.unifap.br\/biologia\/wp-json\/wp\/v2\/comments?post=4111"}],"version-history":[{"count":4,"href":"https:\/\/www2.unifap.br\/biologia\/wp-json\/wp\/v2\/pages\/4111\/revisions"}],"predecessor-version":[{"id":4116,"href":"https:\/\/www2.unifap.br\/biologia\/wp-json\/wp\/v2\/pages\/4111\/revisions\/4116"}],"up":[{"embeddable":true,"href":"https:\/\/www2.unifap.br\/biologia\/wp-json\/wp\/v2\/pages\/3018"}],"wp:attachment":[{"href":"https:\/\/www2.unifap.br\/biologia\/wp-json\/wp\/v2\/media?parent=4111"}],"curies":[{"name":"wp","href":"https:\/\/api.w.org\/{rel}","templated":true}]}}