{"id":4151,"date":"2024-10-07T21:32:09","date_gmt":"2024-10-07T21:32:09","guid":{"rendered":"https:\/\/www2.unifap.br\/biologia\/?page_id=4151"},"modified":"2024-10-07T21:51:49","modified_gmt":"2024-10-07T21:51:49","slug":"projetos-de-extensao","status":"publish","type":"page","link":"https:\/\/www2.unifap.br\/biologia\/principal\/portal-docente\/projetos-de-extensao\/","title":{"rendered":"Projetos de Extens\u00e3o"},"content":{"rendered":"\t\t<div data-elementor-type=\"wp-page\" data-elementor-id=\"4151\" class=\"elementor elementor-4151\">\n\t\t\t\t<div class=\"elementor-element elementor-element-4beb9a6 e-flex e-con-boxed e-con e-parent\" data-id=\"4beb9a6\" data-element_type=\"container\" data-e-type=\"container\">\n\t\t\t\t\t<div class=\"e-con-inner\">\n\t\t\t\t<div class=\"elementor-element elementor-element-2bc980c elementor-widget elementor-widget-text-editor\" data-id=\"2bc980c\" data-element_type=\"widget\" data-e-type=\"widget\" data-widget_type=\"text-editor.default\">\n\t\t\t\t<div class=\"elementor-widget-container\">\n\t\t\t\t\t\t\t\t\t<table width=\"644\"><tbody><tr><td colspan=\"3\" width=\"191\">PROFESSOR COORDENADOR<\/td><td colspan=\"5\" width=\"277\">PROJETO CADASTRADO NO DEPARTAMENTO DE PESQUISA<\/td><td colspan=\"2\" width=\"176\">COLABORADORES<\/td><\/tr><tr><td colspan=\"3\">Andrea Soares de Ara\u00fajo<\/td><td colspan=\"5\" width=\"277\">Estudo de padr\u00f5es comportamentais, aspectos reprodutivos e tr\u00f3ficos do peixe (acar\u00e1 festivo-Mesonauta festivus), do Anuro (Leptodactylus fuscus) e do R\u00e9ptil (Gonatodes humeralis), no Estado do Amap\u00e1. Subprojeto: Peixes e Dinos nas escolas<\/td><td colspan=\"2\" width=\"176\">Discentes Veteranos do Curso<\/td><\/tr><tr><td colspan=\"3\" width=\"191\">Carlos Eduardo Costa de Campos<\/td><td colspan=\"5\" width=\"277\">Cole\u00e7\u00e3o Herpetol\u00f3gica<\/td><td colspan=\"2\">Discentes Veteranos do Curso<\/td><\/tr><tr><td colspan=\"3\">Raimundo Nonato Pican\u00e7o Souto<\/td><td colspan=\"5\" width=\"277\">A cole\u00e7\u00e3o did\u00e1tica de Arthropoda vai \u00e0 escola: exposi\u00e7\u00f5es intinerantes em escolas de ensino fundamental na cidade de Macap\u00e1<\/td><td colspan=\"2\" width=\"176\">Discentes Veteranos do Curso<\/td><\/tr><tr><td>\u00a0<\/td><td>\u00a0<\/td><td>\u00a0<\/td><td>\u00a0<\/td><td>\u00a0<\/td><td>\u00a0<\/td><td>\u00a0<\/td><td>\u00a0<\/td><td colspan=\"2\">&#8211;<\/td><\/tr><tr><td colspan=\"3\">Wegliane Campelo da Silva Apar\u00edcio<\/td><td colspan=\"5\" width=\"277\">Interven\u00e7\u00f5es Pedag\u00f3gicas como Estrat\u00e9gias Did\u00e1ticas para o Ensino de Bot\u00e2nica no Amap\u00e1<\/td><td colspan=\"2\">Discentes Veteranos do Curso<\/td><\/tr><\/tbody><\/table>\t\t\t\t\t\t\t\t<\/div>\n\t\t\t\t<\/div>\n\t\t\t\t\t<\/div>\n\t\t\t\t<\/div>\n\t\t<div class=\"elementor-element elementor-element-3f09315 e-flex e-con-boxed e-con e-parent\" data-id=\"3f09315\" data-element_type=\"container\" data-e-type=\"container\">\n\t\t\t\t\t<div class=\"e-con-inner\">\n\t\t<div class=\"elementor-element elementor-element-45d84e1 e-con-full e-flex e-con e-child\" data-id=\"45d84e1\" data-element_type=\"container\" data-e-type=\"container\">\n\t\t\t\t<div class=\"elementor-element elementor-element-a7ff66e elementor-widget elementor-widget-video\" data-id=\"a7ff66e\" data-element_type=\"widget\" data-e-type=\"widget\" data-settings=\"{&quot;video_type&quot;:&quot;hosted&quot;,&quot;controls&quot;:&quot;yes&quot;}\" data-widget_type=\"video.default\">\n\t\t\t\t<div class=\"elementor-widget-container\">\n\t\t\t\t\t\t\t<div class=\"e-hosted-video elementor-wrapper elementor-open-inline\">\n\t\t\t\t\t<video class=\"elementor-video\" src=\"http:\/\/www2.unifap.br\/biologia\/files\/2024\/10\/Exposicao-Interativa_Intinerante_CBio.mp4\" controls=\"\" preload=\"metadata\" controlsList=\"nodownload\"><\/video>\n\t\t\t\t<\/div>\n\t\t\t\t\t\t<\/div>\n\t\t\t\t<\/div>\n\t\t\t\t<\/div>\n\t\t<div class=\"elementor-element elementor-element-ddecf94 e-con-full e-flex e-con e-child\" data-id=\"ddecf94\" data-element_type=\"container\" data-e-type=\"container\">\n\t\t\t\t<div class=\"elementor-element elementor-element-368b5e5 elementor-widget elementor-widget-video\" data-id=\"368b5e5\" data-element_type=\"widget\" data-e-type=\"widget\" data-settings=\"{&quot;video_type&quot;:&quot;hosted&quot;,&quot;controls&quot;:&quot;yes&quot;}\" data-widget_type=\"video.default\">\n\t\t\t\t<div class=\"elementor-widget-container\">\n\t\t\t\t\t\t\t<div class=\"e-hosted-video elementor-wrapper elementor-open-inline\">\n\t\t\t\t\t<video class=\"elementor-video\" src=\"http:\/\/www2.unifap.br\/biologia\/files\/2024\/10\/X_Semena-de-Biologia.mp4\" controls=\"\" preload=\"metadata\" controlsList=\"nodownload\"><\/video>\n\t\t\t\t<\/div>\n\t\t\t\t\t\t<\/div>\n\t\t\t\t<\/div>\n\t\t\t\t<\/div>\n\t\t\t\t\t<\/div>\n\t\t\t\t<\/div>\n\t\t<div class=\"elementor-element elementor-element-0f7fd4f e-flex e-con-boxed e-con e-parent\" data-id=\"0f7fd4f\" data-element_type=\"container\" data-e-type=\"container\">\n\t\t\t\t\t<div class=\"e-con-inner\">\n\t\t\t\t<div class=\"elementor-element elementor-element-58cf331 elementor-view-default elementor-position-block-start elementor-mobile-position-block-start elementor-widget elementor-widget-icon-box\" data-id=\"58cf331\" data-element_type=\"widget\" data-e-type=\"widget\" data-widget_type=\"icon-box.default\">\n\t\t\t\t<div class=\"elementor-widget-container\">\n\t\t\t\t\t\t\t<div class=\"elementor-icon-box-wrapper\">\n\n\t\t\t\t\t\t<div class=\"elementor-icon-box-icon\">\n\t\t\t\t<a href=\"https:\/\/sigaa.unifap.br\/sigaa\/public\/extensao\/consulta_extensao.jsf?acao=2&#038;aba=p-extensao\" class=\"elementor-icon\" tabindex=\"-1\" aria-label=\"Projetos de Extens\u00e3o da UNIFAP\">\n\t\t\t\t<svg aria-hidden=\"true\" class=\"e-font-icon-svg e-fas-folder\" viewBox=\"0 0 512 512\" xmlns=\"http:\/\/www.w3.org\/2000\/svg\"><path d=\"M464 128H272l-64-64H48C21.49 64 0 85.49 0 112v288c0 26.51 21.49 48 48 48h416c26.51 0 48-21.49 48-48V176c0-26.51-21.49-48-48-48z\"><\/path><\/svg>\t\t\t\t<\/a>\n\t\t\t<\/div>\n\t\t\t\n\t\t\t\t\t\t<div class=\"elementor-icon-box-content\">\n\n\t\t\t\t\t\t\t\t\t<h3 class=\"elementor-icon-box-title\">\n\t\t\t\t\t\t<a href=\"https:\/\/sigaa.unifap.br\/sigaa\/public\/extensao\/consulta_extensao.jsf?acao=2&#038;aba=p-extensao\" >\n\t\t\t\t\t\t\tProjetos de Extens\u00e3o da UNIFAP\t\t\t\t\t\t<\/a>\n\t\t\t\t\t<\/h3>\n\t\t\t\t\n\t\t\t\t\t\t\t\t\t<p class=\"elementor-icon-box-description\">\n\t\t\t\t\t\tConhe\u00e7a outros projetos de Extens\u00e3o da UNIFAP\t\t\t\t\t<\/p>\n\t\t\t\t\n\t\t\t<\/div>\n\t\t\t\n\t\t<\/div>\n\t\t\t\t\t\t<\/div>\n\t\t\t\t<\/div>\n\t\t\t\t\t<\/div>\n\t\t\t\t<\/div>\n\t\t<div class=\"elementor-element elementor-element-2a622f8 e-flex e-con-boxed e-con e-parent\" data-id=\"2a622f8\" data-element_type=\"container\" data-e-type=\"container\">\n\t\t\t\t\t<div class=\"e-con-inner\">\n\t\t\t\t<div class=\"elementor-element elementor-element-ad86670 elementor-widget elementor-widget-spacer\" data-id=\"ad86670\" data-element_type=\"widget\" data-e-type=\"widget\" data-widget_type=\"spacer.default\">\n\t\t\t\t<div class=\"elementor-widget-container\">\n\t\t\t\t\t\t\t<div class=\"elementor-spacer\">\n\t\t\t<div class=\"elementor-spacer-inner\"><\/div>\n\t\t<\/div>\n\t\t\t\t\t\t<\/div>\n\t\t\t\t<\/div>\n\t\t\t\t\t<\/div>\n\t\t\t\t<\/div>\n\t\t\t\t<\/div>\n\t\t","protected":false},"excerpt":{"rendered":"<p>PROFESSOR COORDENADOR PROJETO CADASTRADO NO DEPARTAMENTO DE PESQUISA COLABORADORES Andrea Soares de Ara\u00fajo Estudo de padr\u00f5es comportamentais, aspectos reprodutivos e tr\u00f3ficos do peixe (acar\u00e1 festivo-Mesonauta festivus), do Anuro (Leptodactylus fuscus) e do R\u00e9ptil (Gonatodes humeralis), no Estado do Amap\u00e1. Subprojeto: Peixes e Dinos nas escolas Discentes Veteranos do Curso Carlos Eduardo Costa de Campos Cole\u00e7\u00e3o&#8230;<\/p>\n","protected":false},"author":4011,"featured_media":0,"parent":3018,"menu_order":0,"comment_status":"closed","ping_status":"closed","template":"elementor_header_footer","meta":{"inline_featured_image":false,"site-sidebar-layout":"default","site-content-layout":"","ast-site-content-layout":"default","site-content-style":"default","site-sidebar-style":"default","ast-global-header-display":"","ast-banner-title-visibility":"","ast-main-header-display":"","ast-hfb-above-header-display":"","ast-hfb-below-header-display":"","ast-hfb-mobile-header-display":"","site-post-title":"","ast-breadcrumbs-content":"","ast-featured-img":"","footer-sml-layout":"","theme-transparent-header-meta":"","adv-header-id-meta":"","stick-header-meta":"","header-above-stick-meta":"","header-main-stick-meta":"","header-below-stick-meta":"","astra-migrate-meta-layouts":"default","ast-page-background-enabled":"default","ast-page-background-meta":{"desktop":{"background-color":"var(--ast-global-color-4)","background-image":"","background-repeat":"repeat","background-position":"center center","background-size":"auto","background-attachment":"scroll","background-type":"","background-media":"","overlay-type":"","overlay-color":"","overlay-opacity":"","overlay-gradient":""},"tablet":{"background-color":"","background-image":"","background-repeat":"repeat","background-position":"center center","background-size":"auto","background-attachment":"scroll","background-type":"","background-media":"","overlay-type":"","overlay-color":"","overlay-opacity":"","overlay-gradient":""},"mobile":{"background-color":"","background-image":"","background-repeat":"repeat","background-position":"center center","background-size":"auto","background-attachment":"scroll","background-type":"","background-media":"","overlay-type":"","overlay-color":"","overlay-opacity":"","overlay-gradient":""}},"ast-content-background-meta":{"desktop":{"background-color":"var(--ast-global-color-5)","background-image":"","background-repeat":"repeat","background-position":"center center","background-size":"auto","background-attachment":"scroll","background-type":"","background-media":"","overlay-type":"","overlay-color":"","overlay-opacity":"","overlay-gradient":""},"tablet":{"background-color":"var(--ast-global-color-5)","background-image":"","background-repeat":"repeat","background-position":"center center","background-size":"auto","background-attachment":"scroll","background-type":"","background-media":"","overlay-type":"","overlay-color":"","overlay-opacity":"","overlay-gradient":""},"mobile":{"background-color":"var(--ast-global-color-5)","background-image":"","background-repeat":"repeat","background-position":"center center","background-size":"auto","background-attachment":"scroll","background-type":"","background-media":"","overlay-type":"","overlay-color":"","overlay-opacity":"","overlay-gradient":""}},"ngg_post_thumbnail":0,"footnotes":""},"class_list":["post-4151","page","type-page","status-publish","hentry"],"_links":{"self":[{"href":"https:\/\/www2.unifap.br\/biologia\/wp-json\/wp\/v2\/pages\/4151","targetHints":{"allow":["GET"]}}],"collection":[{"href":"https:\/\/www2.unifap.br\/biologia\/wp-json\/wp\/v2\/pages"}],"about":[{"href":"https:\/\/www2.unifap.br\/biologia\/wp-json\/wp\/v2\/types\/page"}],"author":[{"embeddable":true,"href":"https:\/\/www2.unifap.br\/biologia\/wp-json\/wp\/v2\/users\/4011"}],"replies":[{"embeddable":true,"href":"https:\/\/www2.unifap.br\/biologia\/wp-json\/wp\/v2\/comments?post=4151"}],"version-history":[{"count":13,"href":"https:\/\/www2.unifap.br\/biologia\/wp-json\/wp\/v2\/pages\/4151\/revisions"}],"predecessor-version":[{"id":4173,"href":"https:\/\/www2.unifap.br\/biologia\/wp-json\/wp\/v2\/pages\/4151\/revisions\/4173"}],"up":[{"embeddable":true,"href":"https:\/\/www2.unifap.br\/biologia\/wp-json\/wp\/v2\/pages\/3018"}],"wp:attachment":[{"href":"https:\/\/www2.unifap.br\/biologia\/wp-json\/wp\/v2\/media?parent=4151"}],"curies":[{"name":"wp","href":"https:\/\/api.w.org\/{rel}","templated":true}]}}