{"id":42,"date":"2009-05-22T10:32:17","date_gmt":"2009-05-22T13:32:17","guid":{"rendered":"http:\/\/pororoca.unifap.br\/biologia\/?page_id=42"},"modified":"2014-10-09T12:21:11","modified_gmt":"2014-10-09T12:21:11","slug":"labinvent","status":"publish","type":"page","link":"https:\/\/www2.unifap.br\/biologia\/laboratorios\/labinvent\/","title":{"rendered":"LABINVERT"},"content":{"rendered":"<p class=\"MsoNormal\" style=\"margin: 0cm 0cm 10pt\"><span style=\"font-size: small\"><span style=\"font-family: Times New Roman\"><span><a href=\"http:\/\/www2.unifap.br\/biologia\/files\/2009\/05\/LABINVERT1.png\"><img fetchpriority=\"high\" decoding=\"async\" class=\" wp-image-955 alignleft\" alt=\"LABINVERT\" src=\"http:\/\/www2.unifap.br\/biologia\/files\/2009\/05\/LABINVERT1.png\" width=\"282\" height=\"186\" srcset=\"https:\/\/www2.unifap.br\/biologia\/files\/2009\/05\/LABINVERT1.png 1118w, https:\/\/www2.unifap.br\/biologia\/files\/2009\/05\/LABINVERT1-300x198.png 300w, https:\/\/www2.unifap.br\/biologia\/files\/2009\/05\/LABINVERT1-1024x676.png 1024w, https:\/\/www2.unifap.br\/biologia\/files\/2009\/05\/LABINVERT1-226x150.png 226w\" sizes=\"(max-width: 282px) 100vw, 282px\" \/><\/a>\u00a0 \u00a0 \u00a0 \u00a0 \u00a0 \u00a0\u00a0<\/span><\/span><\/span><\/p>\n<p class=\"MsoNormal\" style=\"margin: 0cm 0cm 10pt;text-align: justify\"><span style=\"font-size: small\"><span style=\"font-family: Times New Roman\">O Laborat\u00f3rio de Zoologia de Invertebrados (LABINVERT) teve seu funcionamento efetivado com a contrata\u00e7\u00e3o do Professor Mestre Alexandre Souto Santiago, em Setembro de 2005, estando em pleno funcionamento desde ent\u00e3o.<\/span><\/span><\/p>\n<p class=\"MsoNormal\" style=\"margin: 0cm 0cm 10pt;text-align: justify\"><span style=\"font-size: small\"><span style=\"font-family: Times New Roman\"><span>\u00a0\u00a0\u00a0\u00a0\u00a0\u00a0\u00a0\u00a0\u00a0\u00a0\u00a0 <\/span>O LABINVERT tem como objetivo principal, pesquisar a diversidade biol\u00f3gica de invertebrados terrestres e aqu\u00e1ticos pertencentes \u00e0 fauna Amaz\u00f4nica, em especial \u00e0quela do Amap\u00e1.<\/span><\/span><\/p>\n<p class=\"MsoNormal\" style=\"margin: 0cm 0cm 10pt;text-align: justify\"><span style=\"font-size: small\"><span style=\"font-family: Times New Roman\"><span>\u00a0\u00a0\u00a0\u00a0\u00a0\u00a0\u00a0\u00a0\u00a0\u00a0\u00a0 <\/span>Al\u00e9m disso, o LABINVERT tem como objetivos secund\u00e1rios:<\/span><\/span><\/p>\n<p class=\"MsoListParagraphCxSpFirst\" style=\"margin: 0cm 0cm 0pt 36pt;text-align: justify\"><span style=\"font-family: Wingdings\"><span><span style=\"font-size: small\">\u00d8<\/span><span>\u00a0 <\/span><\/span><\/span><span style=\"font-size: small;font-family: Times New Roman\">Dar suporte \u00e0s pesquisas b\u00e1sicas para melhor qualifica\u00e7\u00e3o dos alunos de gradua\u00e7\u00e3o e futuramente, p\u00f3s-gradua\u00e7\u00e3o;<\/span><\/p>\n<p class=\"MsoListParagraphCxSpMiddle\" style=\"margin: 0cm 0cm 0pt 36pt;text-align: justify\"><span style=\"font-family: Wingdings\"><span><span style=\"font-size: small\">\u00d8<\/span><span>\u00a0 <\/span><\/span><\/span><span style=\"font-size: small;font-family: Times New Roman\">Auxiliar no desenvolvimento de produtos originados atrav\u00e9s de pesquisas aplicadas;<\/span><\/p>\n<p class=\"MsoListParagraphCxSpMiddle\" style=\"margin: 0cm 0cm 0pt 36pt;text-align: justify\"><span style=\"font-family: Wingdings\"><span><span style=\"font-size: small\">\u00d8<\/span><span>\u00a0 <\/span><\/span><\/span><span style=\"font-size: small;font-family: Times New Roman\">Desenvolver estudos sobre a ecologia de comunidades biol\u00f3gicas do Amap\u00e1 e das respostas dessas comunidades diante dos impactos causados aos ambientes onde as mesmas habitem;<\/span><\/p>\n<p class=\"MsoListParagraphCxSpMiddle\" style=\"margin: 0cm 0cm 0pt 36pt;text-align: justify\"><span style=\"font-family: Wingdings\"><span><span style=\"font-size: small\">\u00d8<\/span><span>\u00a0 <\/span><\/span><\/span><span style=\"font-size: small;font-family: Times New Roman\">Desenvolver atividades de apoio ao ensino (fundamental, m\u00e9dio e superior);<\/span><\/p>\n<p class=\"MsoListParagraphCxSpMiddle\" style=\"margin: 0cm 0cm 0pt 36pt;text-align: justify\"><span style=\"font-size: small;font-family: Times New Roman\">Atualmente, o LABINVERT conta com uma equipe formada por:<\/span><\/p>\n<p class=\"MsoListParagraphCxSpMiddle\" style=\"margin: 0cm 0cm 0pt 72pt;text-align: justify\"><span style=\"font-family: Wingdings\"><span><span style=\"font-size: small\">\u00d8<\/span><span>\u00a0 <\/span><\/span><\/span><span style=\"font-size: small;font-family: Times New Roman\">Um (01) Professor com mestrado em BIOECOLOGIA AQU\u00c1TICA e concentra\u00e7\u00e3o em ECOLOGIA DE COMUNIDADES DE INVERTEBRADOS AQU\u00c1TICOS;<\/span><\/p>\n<p class=\"MsoListParagraphCxSpLast\" style=\"margin: 0cm 0cm 10pt 72pt;text-align: justify\"><span style=\"font-family: Wingdings\"><span><span style=\"font-size: small\">\u00d8<\/span><span>\u00a0 <\/span><\/span><\/span><span style=\"font-size: small;font-family: Times New Roman\">Sete (07) acad\u00eamicos da gradua\u00e7\u00e3o em Ci\u00eancias Biol\u00f3gicas desenvolvendo pesquisas relacionadas \u00e0 Fauna de Invertebrados Terrestres de Ambientes Naturais do Amap\u00e1 e de Invertebrados Bent\u00f4nicos usados como bioindicadores de qualidade ambiental.<\/span><\/p>\n<p class=\"MsoNormal\" style=\"margin: 0cm 0cm 10pt;text-align: justify\"><span style=\"font-size: small;font-family: Times New Roman\">\u00a0<\/span><\/p>\n<p class=\"MsoNormal\" style=\"margin: 0cm 0cm 10pt;text-align: justify\"><span style=\"font-size: small\"><span style=\"font-family: Times New Roman\">2)<span style=\"text-decoration: underline\">ATIVIDADES DE ENSINO, PESQUISA E EXTENS\u00c3O:<\/span><\/span><\/span><\/p>\n<p class=\"MsoListParagraphCxSpFirst\" style=\"margin: 0cm 0cm 0pt;text-align: justify\"><span style=\"font-size: small\"><span style=\"font-family: Times New Roman\"><span>\u00a0\u00a0\u00a0\u00a0\u00a0\u00a0\u00a0\u00a0\u00a0\u00a0\u00a0 <\/span>O LABINVERT tem atuado na elabora\u00e7\u00e3o de:<\/span><\/span><\/p>\n<p class=\"MsoListParagraphCxSpMiddle\" style=\"margin: 0cm 0cm 0pt 36pt;text-align: justify\"><span style=\"font-family: Symbol\"><span><span style=\"font-size: small\">\u00b7<\/span><span>\u00a0\u00a0\u00a0\u00a0\u00a0\u00a0\u00a0\u00a0 <\/span><\/span><\/span><span style=\"font-size: small;font-family: Times New Roman\">Sete (07) Trabalhos de Conclus\u00e3o de Curso (TCC) \u2013 Conclu\u00eddos;<\/span><\/p>\n<p class=\"MsoListParagraphCxSpLast\" style=\"margin: 0cm 0cm 10pt 36pt;text-align: justify\"><span style=\"font-family: Symbol\"><span><span style=\"font-size: small\">\u00b7<\/span><span>\u00a0\u00a0\u00a0\u00a0\u00a0\u00a0\u00a0\u00a0 <\/span><\/span><\/span><span style=\"font-size: small;font-family: Times New Roman\">Pesquisas de Inicia\u00e7\u00e3o Cient\u00edfica, com 7 projetos em andamento.<\/span><\/p>\n<p class=\"MsoNormal\" style=\"margin: 0cm 0cm 10pt;text-align: justify\"><span style=\"font-size: small\"><span style=\"font-family: Times New Roman\"><span>\u00a0\u00a0\u00a0\u00a0\u00a0\u00a0\u00a0\u00a0\u00a0\u00a0\u00a0 <\/span>As principais Linhas de Pesquisas Desenvolvidas pelo LABINVERT s\u00e3o:<\/span><\/span><\/p>\n<p class=\"MsoListParagraphCxSpFirst\" style=\"margin: 0cm 0cm 0pt 36pt;text-align: justify\"><span style=\"font-family: Times New Roman\"><span><span><span style=\"font-size: small\">1.<\/span><span>\u00a0\u00a0\u00a0\u00a0\u00a0 <\/span><\/span><\/span><span style=\"font-size: small\">FAUNA DE INVERTEBRADOS TERRESTRES DA \u00c1REA DE PROTE\u00c7\u00c3O AMBIENTAL DO RIO CURIA\u00da;<\/span><\/span><\/p>\n<p class=\"MsoListParagraphCxSpLast\" style=\"margin: 0cm 0cm 10pt 36pt;text-align: justify\"><span style=\"font-family: Symbol\"><span><span style=\"font-size: small\">\u00b7<\/span><span>\u00a0\u00a0\u00a0\u00a0\u00a0\u00a0\u00a0\u00a0 <\/span><\/span><\/span><span style=\"font-size: small;font-family: Times New Roman\">Principais Grupos Estudados: Archnida, Orthoptera, Odonata, Lepidoptera, Hymenoptera, Coleoptera, Gastropoda, Miriapode, Diptera.<\/span><\/p>\n<p class=\"MsoListParagraphCxSpFirst\" style=\"margin: 0cm 0cm 0pt 36pt;text-align: justify\"><span style=\"font-family: Symbol\"><span><span style=\"font-size: small\">\u00b7<\/span><span>\u00a0\u00a0\u00a0\u00a0\u00a0\u00a0\u00a0\u00a0 <\/span><\/span><\/span><span style=\"font-size: small;font-family: Times New Roman\">Principais Linhas de Pesquisa:<\/span><\/p>\n<p class=\"MsoListParagraphCxSpMiddle\" style=\"margin: 0cm 0cm 0pt 36pt\"><span style=\"font-family: Symbol\"><span><span style=\"font-size: small\">\u00b7<\/span><span>\u00a0\u00a0\u00a0\u00a0\u00a0\u00a0\u00a0\u00a0 <\/span><\/span><\/span><span style=\"font-size: small;font-family: Times New Roman\">Invertebrados Pe\u00e7onhentos da APA do rio Curia\u00fa, Causadores de Acidentes com Humanos em Macap\u00e1\/AP <\/span><\/p>\n<p class=\"MsoListParagraphCxSpMiddle\" style=\"margin: 0cm 0cm 0pt 36pt\"><span style=\"font-family: Symbol\"><span><span style=\"font-size: small\">\u00b7<\/span><span>\u00a0\u00a0\u00a0\u00a0\u00a0\u00a0\u00a0\u00a0 <\/span><\/span><\/span><span style=\"font-size: small;font-family: Times New Roman\">Popula\u00e7\u00e3o de Migalomorfas (Araneae \u2013 Mygalomorphae) da APA do Rio Curia\u00fa.<\/span><\/p>\n<p class=\"MsoListParagraphCxSpMiddle\" style=\"margin: 0cm 0cm 0pt 36pt;text-align: justify\"><span style=\"font-size: small;font-family: Times New Roman\">\u00a0<\/span><\/p>\n<p class=\"MsoListParagraphCxSpMiddle\" style=\"margin: 0cm 0cm 0pt 36pt;text-align: justify\"><span style=\"font-family: Times New Roman\"><span><span><span style=\"font-size: small\">2.<\/span><span>\u00a0\u00a0\u00a0\u00a0\u00a0 <\/span><\/span><\/span><span style=\"font-size: small\">FAUNA DE INVERTEBRADOS TERRESTRES DO CAMPUS MARCO ZERO \u2013 UNIFAP;<\/span><\/span><\/p>\n<p class=\"MsoListParagraphCxSpMiddle\" style=\"margin: 0cm 0cm 0pt 36pt;text-align: justify\"><span style=\"font-family: Symbol\"><span><span style=\"font-size: small\">\u00b7<\/span><span>\u00a0\u00a0\u00a0\u00a0\u00a0\u00a0\u00a0\u00a0 <\/span><\/span><\/span><span style=\"font-size: small;font-family: Times New Roman\">Principais Grupos Estudados: Lepidoptera, Odonata, Arachnida, Orthoptera; Arachnida.<\/span><\/p>\n<p class=\"MsoListParagraphCxSpMiddle\" style=\"margin: 0cm 0cm 0pt 36pt\"><span style=\"font-family: Symbol\"><span><span style=\"font-size: small\">\u00b7<\/span><span>\u00a0\u00a0\u00a0\u00a0\u00a0\u00a0\u00a0\u00a0 <\/span><\/span><\/span><span style=\"font-size: small;font-family: Times New Roman\">Novos Achados: Onychophora (ainda n\u00e3o classificado).<\/span><\/p>\n<p class=\"MsoListParagraphCxSpMiddle\" style=\"margin: 0cm 0cm 0pt 36pt;text-align: justify\"><span style=\"font-family: Times New Roman\"><span><span><span style=\"font-size: small\">3.<\/span><span>\u00a0\u00a0\u00a0\u00a0\u00a0 <\/span><\/span><\/span><span style=\"font-size: small\">BIOMONITORAMENTO DE AMBIENTES AQU\u00c1TICOS DULC\u00cdCOLAS.<\/span><\/span><\/p>\n<p class=\"MsoListParagraphCxSpMiddle\" style=\"margin: 0cm 0cm 0pt 36pt;text-align: justify\"><span style=\"font-family: Symbol\"><span><span style=\"font-size: small\">\u00b7<\/span><span>\u00a0\u00a0\u00a0\u00a0\u00a0\u00a0\u00a0\u00a0 <\/span><\/span><\/span><span style=\"font-size: small;font-family: Times New Roman\">Linhas de Pesquisa:<\/span><\/p>\n<p class=\"MsoListParagraphCxSpMiddle\" style=\"margin: 0cm 0cm 0pt 36pt;text-align: justify\"><span style=\"font-family: Symbol\"><span><span style=\"font-size: small\">\u00b7<\/span><span>\u00a0\u00a0\u00a0\u00a0\u00a0\u00a0\u00a0\u00a0 <\/span><\/span><\/span><span style=\"font-size: small;font-family: Times New Roman\">Estrutura da Comunidade de Macroinvertebrados Bent\u00f4nicos de lagos tempor\u00e1rios em Macap\u00e1\/AP;<\/span><\/p>\n<p class=\"MsoListParagraphCxSpMiddle\" style=\"margin: 0cm 0cm 0pt 36pt;text-align: justify\"><span style=\"font-family: Symbol\"><span><span style=\"font-size: small\">\u00b7<\/span><span>\u00a0\u00a0\u00a0\u00a0\u00a0\u00a0\u00a0\u00a0 <\/span><\/span><\/span><span style=\"font-size: small;font-family: Times New Roman\">Estrutura da Comunidade de D\u00edpteras de lagos tempor\u00e1rios em Macap\u00e1\/AP;<\/span><\/p>\n<p class=\"MsoListParagraphCxSpLast\" style=\"margin: 0cm 0cm 10pt 36pt;text-align: justify\"><span style=\"font-family: Symbol\"><span><span style=\"font-size: small\">\u00b7<\/span><span>\u00a0\u00a0\u00a0\u00a0\u00a0\u00a0\u00a0\u00a0 <\/span><\/span><\/span><span style=\"font-size: small;font-family: Times New Roman\">Diversidade Populacional de Quironom\u00eddeos de lagos tempor\u00e1rios em Macap\u00e1\/AP;<\/span><\/p>\n<p class=\"MsoNormal\" style=\"margin: 0cm 0cm 10pt;text-align: justify\"><span style=\"font-size: small;font-family: Times New Roman\">3)<span style=\"text-decoration: underline\">OUTRAS LINHAS DE PESQUISA<\/span>:<\/span><\/p>\n<p class=\"MsoListParagraph\" style=\"margin: 0cm 0cm 10pt 36pt;text-align: justify\"><span style=\"font-family: Wingdings\"><span><span style=\"font-size: small\">v<\/span><span>\u00a0 <\/span><\/span><\/span><span style=\"font-size: small;font-family: Times New Roman\">Projeto Elesb\u00e3o: Pesquisa Socioambiental da Comunidade do Elesb\u00e3o, Santana\/AP \u2013 Observa\u00e7\u00e3o dos Aspectos Biol\u00f3gicos do Ambiente.<\/span><\/p>\n","protected":false},"excerpt":{"rendered":"<p>\u00a0 \u00a0 \u00a0 \u00a0 \u00a0 \u00a0\u00a0 O Laborat\u00f3rio de Zoologia de Invertebrados (LABINVERT) teve seu funcionamento efetivado com a contrata\u00e7\u00e3o do Professor Mestre Alexandre Souto Santiago, em Setembro de 2005, estando em pleno funcionamento desde ent\u00e3o. \u00a0\u00a0\u00a0\u00a0\u00a0\u00a0\u00a0\u00a0\u00a0\u00a0\u00a0 O LABINVERT tem como objetivo principal, pesquisar a diversidade biol\u00f3gica de invertebrados terrestres e aqu\u00e1ticos pertencentes \u00e0 fauna&#8230;<\/p>\n","protected":false},"author":58,"featured_media":0,"parent":24,"menu_order":0,"comment_status":"closed","ping_status":"closed","template":"template-twocolumns-left.php","meta":{"inline_featured_image":false,"site-sidebar-layout":"default","site-content-layout":"","ast-site-content-layout":"default","site-content-style":"default","site-sidebar-style":"default","ast-global-header-display":"","ast-banner-title-visibility":"","ast-main-header-display":"","ast-hfb-above-header-display":"","ast-hfb-below-header-display":"","ast-hfb-mobile-header-display":"","site-post-title":"","ast-breadcrumbs-content":"","ast-featured-img":"","footer-sml-layout":"","theme-transparent-header-meta":"","adv-header-id-meta":"","stick-header-meta":"","header-above-stick-meta":"","header-main-stick-meta":"","header-below-stick-meta":"","astra-migrate-meta-layouts":"default","ast-page-background-enabled":"default","ast-page-background-meta":{"desktop":{"background-color":"var(--ast-global-color-4)","background-image":"","background-repeat":"repeat","background-position":"center center","background-size":"auto","background-attachment":"scroll","background-type":"","background-media":"","overlay-type":"","overlay-color":"","overlay-opacity":"","overlay-gradient":""},"tablet":{"background-color":"","background-image":"","background-repeat":"repeat","background-position":"center center","background-size":"auto","background-attachment":"scroll","background-type":"","background-media":"","overlay-type":"","overlay-color":"","overlay-opacity":"","overlay-gradient":""},"mobile":{"background-color":"","background-image":"","background-repeat":"repeat","background-position":"center center","background-size":"auto","background-attachment":"scroll","background-type":"","background-media":"","overlay-type":"","overlay-color":"","overlay-opacity":"","overlay-gradient":""}},"ast-content-background-meta":{"desktop":{"background-color":"var(--ast-global-color-5)","background-image":"","background-repeat":"repeat","background-position":"center center","background-size":"auto","background-attachment":"scroll","background-type":"","background-media":"","overlay-type":"","overlay-color":"","overlay-opacity":"","overlay-gradient":""},"tablet":{"background-color":"var(--ast-global-color-5)","background-image":"","background-repeat":"repeat","background-position":"center center","background-size":"auto","background-attachment":"scroll","background-type":"","background-media":"","overlay-type":"","overlay-color":"","overlay-opacity":"","overlay-gradient":""},"mobile":{"background-color":"var(--ast-global-color-5)","background-image":"","background-repeat":"repeat","background-position":"center center","background-size":"auto","background-attachment":"scroll","background-type":"","background-media":"","overlay-type":"","overlay-color":"","overlay-opacity":"","overlay-gradient":""}},"ngg_post_thumbnail":0,"footnotes":""},"class_list":["post-42","page","type-page","status-publish","hentry"],"_links":{"self":[{"href":"https:\/\/www2.unifap.br\/biologia\/wp-json\/wp\/v2\/pages\/42","targetHints":{"allow":["GET"]}}],"collection":[{"href":"https:\/\/www2.unifap.br\/biologia\/wp-json\/wp\/v2\/pages"}],"about":[{"href":"https:\/\/www2.unifap.br\/biologia\/wp-json\/wp\/v2\/types\/page"}],"author":[{"embeddable":true,"href":"https:\/\/www2.unifap.br\/biologia\/wp-json\/wp\/v2\/users\/58"}],"replies":[{"embeddable":true,"href":"https:\/\/www2.unifap.br\/biologia\/wp-json\/wp\/v2\/comments?post=42"}],"version-history":[{"count":7,"href":"https:\/\/www2.unifap.br\/biologia\/wp-json\/wp\/v2\/pages\/42\/revisions"}],"predecessor-version":[{"id":947,"href":"https:\/\/www2.unifap.br\/biologia\/wp-json\/wp\/v2\/pages\/42\/revisions\/947"}],"up":[{"embeddable":true,"href":"https:\/\/www2.unifap.br\/biologia\/wp-json\/wp\/v2\/pages\/24"}],"wp:attachment":[{"href":"https:\/\/www2.unifap.br\/biologia\/wp-json\/wp\/v2\/media?parent=42"}],"curies":[{"name":"wp","href":"https:\/\/api.w.org\/{rel}","templated":true}]}}