{"id":4428,"date":"2024-10-11T01:19:42","date_gmt":"2024-10-11T01:19:42","guid":{"rendered":"https:\/\/www2.unifap.br\/biologia\/?page_id=4428"},"modified":"2024-10-11T01:25:09","modified_gmt":"2024-10-11T01:25:09","slug":"interiorizacao","status":"publish","type":"page","link":"https:\/\/www2.unifap.br\/biologia\/portal-academico\/interiorizacao\/","title":{"rendered":"Interioriza\u00e7\u00e3o"},"content":{"rendered":"\t\t<div data-elementor-type=\"wp-page\" data-elementor-id=\"4428\" class=\"elementor elementor-4428\">\n\t\t\t\t<div class=\"elementor-element elementor-element-9e7007a e-flex e-con-boxed e-con e-parent\" data-id=\"9e7007a\" data-element_type=\"container\" data-e-type=\"container\">\n\t\t\t\t\t<div class=\"e-con-inner\">\n\t\t\t\t<div class=\"elementor-element elementor-element-58464d5 elementor-widget elementor-widget-text-editor\" data-id=\"58464d5\" data-element_type=\"widget\" data-e-type=\"widget\" data-widget_type=\"text-editor.default\">\n\t\t\t\t<div class=\"elementor-widget-container\">\n\t\t\t\t\t\t\t\t\t<h1><strong>O CURSO E SUA RELA\u00c7\u00c3O COM AS DEMANDAS REGIONAIS E O PROGRAMA DE INTERIORIZA\u00c7\u00c3O.<\/strong><\/h1><p>\u00a0<\/p><p>O curso de Licenciatura em Ci\u00eancias Biol\u00f3gicas da UNIFAP, comprometido com a forma\u00e7\u00e3o de professores qualificados e sens\u00edveis \u00e0s particularidades regionais, tem desempenhado um papel fundamental na promo\u00e7\u00e3o da educa\u00e7\u00e3o de qualidade e na valoriza\u00e7\u00e3o da diversidade cultural.<\/p><p>Ao longo de sua trajet\u00f3ria, o curso tem direcionado seus esfor\u00e7os para atender \u00e0s demandas espec\u00edficas de diferentes regi\u00f5es do Estado do Amap\u00e1 e proximidades, como as comunidades quilombolas, ribeirinhas, rurais e urbanas. Atrav\u00e9s de programas como o Parfor, Programa Interioriza\u00e7\u00e3o de Educa\u00e7\u00e3o Quilombola e o Programa de Gradua\u00e7\u00e3o de Interioriza\u00e7\u00e3o Ribeirinha o curso tem contribu\u00eddo para a forma\u00e7\u00e3o de professores capazes de atuar em contextos socioculturais diversos, promovendo a inclus\u00e3o e a valoriza\u00e7\u00e3o das identidades locais com uma matriz curricular que atenda as demandas.<\/p><p>Assim, o curso demonstra um forte compromisso com a pol\u00edtica de interioriza\u00e7\u00e3o, buscando garantir o acesso e a perman\u00eancia de estudantes provenientes de grupos historicamente marginalizados, bem como contribuir para a diversifica\u00e7\u00e3o da comunidade acad\u00eamica e para a constru\u00e7\u00e3o de um futuro mais equ\u00e2nime.<\/p>\t\t\t\t\t\t\t\t<\/div>\n\t\t\t\t<\/div>\n\t\t\t\t<div class=\"elementor-element elementor-element-88444de elementor-widget elementor-widget-image\" data-id=\"88444de\" data-element_type=\"widget\" data-e-type=\"widget\" data-widget_type=\"image.default\">\n\t\t\t\t<div class=\"elementor-widget-container\">\n\t\t\t\t\t\t\t\t\t\t\t\t\t\t\t\t<a href=\"http:\/\/www2.unifap.br\/biologia\/files\/2024\/10\/WhatsApp-Image-2024-10-10-at-22.08.10.jpeg\" data-elementor-open-lightbox=\"yes\" data-elementor-lightbox-title=\"WhatsApp Image 2024-10-10 at 22.08.10\" data-e-action-hash=\"#elementor-action%3Aaction%3Dlightbox%26settings%3DeyJpZCI6IjQ0MzEiLCJ1cmwiOiJodHRwczpcL1wvd3d3Mi51bmlmYXAuYnJcL2Jpb2xvZ2lhXC9maWxlc1wvMjAyNFwvMTBcL1doYXRzQXBwLUltYWdlLTIwMjQtMTAtMTAtYXQtMjIuMDguMTAuanBlZyJ9\">\n\t\t\t\t\t\t\t<img fetchpriority=\"high\" decoding=\"async\" width=\"768\" height=\"481\" src=\"https:\/\/www2.unifap.br\/biologia\/files\/2024\/10\/WhatsApp-Image-2024-10-10-at-22.08.10-768x481.jpeg\" class=\"attachment-medium_large size-medium_large wp-image-4431\" alt=\"\" srcset=\"https:\/\/www2.unifap.br\/biologia\/files\/2024\/10\/WhatsApp-Image-2024-10-10-at-22.08.10-768x481.jpeg 768w, https:\/\/www2.unifap.br\/biologia\/files\/2024\/10\/WhatsApp-Image-2024-10-10-at-22.08.10-300x188.jpeg 300w, https:\/\/www2.unifap.br\/biologia\/files\/2024\/10\/WhatsApp-Image-2024-10-10-at-22.08.10-1024x642.jpeg 1024w, https:\/\/www2.unifap.br\/biologia\/files\/2024\/10\/WhatsApp-Image-2024-10-10-at-22.08.10.jpeg 1280w\" sizes=\"(max-width: 768px) 100vw, 768px\" \/>\t\t\t\t\t\t\t\t<\/a>\n\t\t\t\t\t\t\t\t\t\t\t\t\t\t\t<\/div>\n\t\t\t\t<\/div>\n\t\t\t\t<div class=\"elementor-element elementor-element-5275bc7 elementor-widget elementor-widget-spacer\" data-id=\"5275bc7\" data-element_type=\"widget\" data-e-type=\"widget\" data-widget_type=\"spacer.default\">\n\t\t\t\t<div class=\"elementor-widget-container\">\n\t\t\t\t\t\t\t<div class=\"elementor-spacer\">\n\t\t\t<div class=\"elementor-spacer-inner\"><\/div>\n\t\t<\/div>\n\t\t\t\t\t\t<\/div>\n\t\t\t\t<\/div>\n\t\t\t\t\t<\/div>\n\t\t\t\t<\/div>\n\t\t\t\t<\/div>\n\t\t","protected":false},"excerpt":{"rendered":"<p>O CURSO E SUA RELA\u00c7\u00c3O COM AS DEMANDAS REGIONAIS E O PROGRAMA DE INTERIORIZA\u00c7\u00c3O. O curso de Licenciatura em Ci\u00eancias Biol\u00f3gicas da UNIFAP, comprometido com a forma\u00e7\u00e3o de professores qualificados e sens\u00edveis \u00e0s particularidades regionais, tem desempenhado um papel fundamental na promo\u00e7\u00e3o da educa\u00e7\u00e3o de qualidade e na valoriza\u00e7\u00e3o da diversidade cultural. Ao longo de&#8230;<\/p>\n","protected":false},"author":4011,"featured_media":0,"parent":3055,"menu_order":0,"comment_status":"closed","ping_status":"closed","template":"elementor_header_footer","meta":{"inline_featured_image":false,"site-sidebar-layout":"default","site-content-layout":"","ast-site-content-layout":"default","site-content-style":"default","site-sidebar-style":"default","ast-global-header-display":"","ast-banner-title-visibility":"","ast-main-header-display":"","ast-hfb-above-header-display":"","ast-hfb-below-header-display":"","ast-hfb-mobile-header-display":"","site-post-title":"","ast-breadcrumbs-content":"","ast-featured-img":"","footer-sml-layout":"","theme-transparent-header-meta":"","adv-header-id-meta":"","stick-header-meta":"","header-above-stick-meta":"","header-main-stick-meta":"","header-below-stick-meta":"","astra-migrate-meta-layouts":"default","ast-page-background-enabled":"default","ast-page-background-meta":{"desktop":{"background-color":"var(--ast-global-color-4)","background-image":"","background-repeat":"repeat","background-position":"center center","background-size":"auto","background-attachment":"scroll","background-type":"","background-media":"","overlay-type":"","overlay-color":"","overlay-opacity":"","overlay-gradient":""},"tablet":{"background-color":"","background-image":"","background-repeat":"repeat","background-position":"center center","background-size":"auto","background-attachment":"scroll","background-type":"","background-media":"","overlay-type":"","overlay-color":"","overlay-opacity":"","overlay-gradient":""},"mobile":{"background-color":"","background-image":"","background-repeat":"repeat","background-position":"center center","background-size":"auto","background-attachment":"scroll","background-type":"","background-media":"","overlay-type":"","overlay-color":"","overlay-opacity":"","overlay-gradient":""}},"ast-content-background-meta":{"desktop":{"background-color":"var(--ast-global-color-5)","background-image":"","background-repeat":"repeat","background-position":"center center","background-size":"auto","background-attachment":"scroll","background-type":"","background-media":"","overlay-type":"","overlay-color":"","overlay-opacity":"","overlay-gradient":""},"tablet":{"background-color":"var(--ast-global-color-5)","background-image":"","background-repeat":"repeat","background-position":"center center","background-size":"auto","background-attachment":"scroll","background-type":"","background-media":"","overlay-type":"","overlay-color":"","overlay-opacity":"","overlay-gradient":""},"mobile":{"background-color":"var(--ast-global-color-5)","background-image":"","background-repeat":"repeat","background-position":"center center","background-size":"auto","background-attachment":"scroll","background-type":"","background-media":"","overlay-type":"","overlay-color":"","overlay-opacity":"","overlay-gradient":""}},"ngg_post_thumbnail":0,"footnotes":""},"class_list":["post-4428","page","type-page","status-publish","hentry"],"_links":{"self":[{"href":"https:\/\/www2.unifap.br\/biologia\/wp-json\/wp\/v2\/pages\/4428","targetHints":{"allow":["GET"]}}],"collection":[{"href":"https:\/\/www2.unifap.br\/biologia\/wp-json\/wp\/v2\/pages"}],"about":[{"href":"https:\/\/www2.unifap.br\/biologia\/wp-json\/wp\/v2\/types\/page"}],"author":[{"embeddable":true,"href":"https:\/\/www2.unifap.br\/biologia\/wp-json\/wp\/v2\/users\/4011"}],"replies":[{"embeddable":true,"href":"https:\/\/www2.unifap.br\/biologia\/wp-json\/wp\/v2\/comments?post=4428"}],"version-history":[{"count":5,"href":"https:\/\/www2.unifap.br\/biologia\/wp-json\/wp\/v2\/pages\/4428\/revisions"}],"predecessor-version":[{"id":4435,"href":"https:\/\/www2.unifap.br\/biologia\/wp-json\/wp\/v2\/pages\/4428\/revisions\/4435"}],"up":[{"embeddable":true,"href":"https:\/\/www2.unifap.br\/biologia\/wp-json\/wp\/v2\/pages\/3055"}],"wp:attachment":[{"href":"https:\/\/www2.unifap.br\/biologia\/wp-json\/wp\/v2\/media?parent=4428"}],"curies":[{"name":"wp","href":"https:\/\/api.w.org\/{rel}","templated":true}]}}