{"id":4638,"date":"2024-11-22T13:10:21","date_gmt":"2024-11-22T13:10:21","guid":{"rendered":"https:\/\/www2.unifap.br\/biologia\/?page_id=4638"},"modified":"2024-12-17T20:02:22","modified_gmt":"2024-12-17T20:02:22","slug":"trabalho-de-campo","status":"publish","type":"page","link":"https:\/\/www2.unifap.br\/biologia\/portal-administrativo\/trabalho-de-campo\/","title":{"rendered":"Trabalho de Campo"},"content":{"rendered":"\t\t<div data-elementor-type=\"wp-page\" data-elementor-id=\"4638\" class=\"elementor elementor-4638\">\n\t\t\t\t<div class=\"elementor-element elementor-element-104ec1c e-flex e-con-boxed e-con e-parent\" data-id=\"104ec1c\" data-element_type=\"container\" data-e-type=\"container\">\n\t\t\t\t\t<div class=\"e-con-inner\">\n\t\t\t\t<div class=\"elementor-element elementor-element-b0daa3f elementor-widget__width-inherit elementor-widget elementor-widget-text-editor\" data-id=\"b0daa3f\" data-element_type=\"widget\" data-e-type=\"widget\" data-widget_type=\"text-editor.default\">\n\t\t\t\t<div class=\"elementor-widget-container\">\n\t\t\t\t\t\t\t\t\t<pre><strong style=\"font-size: 1em\">DOCUMENTOS E FORMUL\u00c1RIOS NECESS\u00c1RIOS PARA SOLICITAR APOIO LOG\u00cdSTICO A TRABALHO DE CAMPO<\/strong><\/pre><div><p>&gt;&gt;&gt;&gt;&gt;\u00a0<strong>Entregar requerimento para Trabalho de Campo com 30 dias de anteced\u00eancia<\/strong>&lt;&lt;&lt;&lt;&lt;<\/p><p><strong>Encaminhar os itens (2, 3 , 4 e 5) \u00e0 secretaria\/coordena\u00e7\u00e3o do curso<\/strong><\/p><p>Obs.: Todas as informa\u00e7\u00f5es dispon\u00edveis nesta p\u00e1gina podem ser conferidas na<\/p><p>&gt;&gt;&gt;<strong><a href=\"http:\/\/www2.unifap.br\/geografia\/files\/2018\/07\/GUIA_TRABALHO_DE_CAMPO.pdf\" target=\"_blank\" rel=\"noopener\">Guia de Trabalho de Campo<\/a><\/strong>&lt;&lt;&lt;<\/p><p>\u2014\u2014\u2014\u2014\u2014\u2014\u2014\u2014\u2014\u2014\u2014\u2014\u2014\u2014\u2014\u2014\u2014\u2014\u2014\u2014\u2014\u2014\u2014\u2014\u2014\u2014\u2014\u2014\u2014\u2014\u2014-<\/p><p><strong>1 \u2013\u00a0<a href=\"http:\/\/www2.unifap.br\/geografia\/files\/2016\/12\/Portaria-002-2011-Regulamenta-trabalhos-de-campo1.pdf\">PORTARIA 002\/2011- REGULAMENTA TRABALHOS DE CAMPO<\/a>\u00a0<\/strong><\/p><p><strong>2 \u2013\u00a0<a href=\"http:\/\/www2.unifap.br\/geografia\/files\/2019\/09\/Requisi%C3%A7%C3%A3o-de-di%C3%A1rias-Acad%C3%AAmicos.docx\">REQUISI\u00c7\u00c3O DE APOIO A TRABALHO DE CAMPO (Aluno \u2013 Entregar)<\/a><\/strong><\/p><p>Al\u00e9m da requisi\u00e7\u00e3o de apoio, o acad\u00eamico dever\u00e1 apresentar os documentos abaixo:<\/p><p>\u2014 C\u00f3pia de RG e CPF;<br \/>\u2014 C\u00f3pia de extrato ou cart\u00e3o banc\u00e1rio;<br \/>\u2014 Comprovante de resid\u00eancia (atualizado \u2013 at\u00e9 tr\u00eas meses)<\/p><p>*Para efeito de cria\u00e7\u00e3o de banco de dados os acad\u00eamicos dever\u00e3o encaminhar RG, CPF, Cart\u00e3o do banco ou extrato banc\u00e1rio e Comprovante de resid\u00eancia em formato JPEG e em cores para o e-mail da coordena\u00e7\u00e3o\/secretaria.<\/p><p><strong>3 \u2013\u00a0<a href=\"http:\/\/www2.unifap.br\/geografia\/files\/2019\/08\/Requisi%C3%A7%C3%A3o-de-di%C3%A1rias.docx\">REQUISI\u00c7\u00c3O DE APOIO A TRABALHO DE CAMPO (Professor \u2013 Entregar)<\/a><\/strong><\/p><p>Al\u00e9m da requisi\u00e7\u00e3o acima o\u00a0 docente dever\u00e1 apresentar c\u00f3pia do di\u00e1rio do semestre em curso, devidamente<br \/>assinado.<\/p><p><strong>4 \u2013\u00a0<a href=\"http:\/\/www2.unifap.br\/geografia\/files\/2018\/07\/Planilha_Pagamento_de_Atividade_de_Campo1.doc\">Planilha_Pagamento_de_Atividade_de_Campo<\/a>\u00a0(Entregar digitalizado em formato edit\u00e1vel)<\/strong><\/p><p>Obs.: Entregar planilha (item 4) via e-mail\u00a0da coordena\u00e7\u00e3o em documento edit\u00e1vel<\/p><p><strong>5 \u2013\u00a0<a href=\"http:\/\/www2.unifap.br\/geografia\/files\/2018\/07\/Modelo-de-Plano-de-Trabalho-de-Campo.doc\" target=\"_blank\" rel=\"noopener\">Modelo de Plano de Trabalho de Campo<\/a>\u00a0(Entregar digitalizado)<\/strong><\/p><p>\u2014\u2014\u2014\u2014\u2014\u2014\u2014\u2014\u2014\u2014\u2014\u2014\u2014\u2014\u2014\u2014\u2014\u2014\u2014\u2014\u2014\u2014\u2014\u2014\u2014\u2014\u2014\u2014\u2014\u2014\u2014<\/p><p><strong>RELAT\u00d3RIOS P\u00d3S-TRABALHO DE CAMPO<\/strong><\/p><p><strong><a href=\"http:\/\/www2.unifap.br\/geografia\/files\/2018\/07\/Relat%C3%B3rio-Acad%C3%AAmico.pdf\" target=\"_blank\" rel=\"noopener\">RELAT\u00d3RIO ACAD\u00caMICO<\/a> (Enviar para o e-mail da coordena\u00e7\u00e3o)<\/strong><\/p><p>Obs.: Entregar at\u00e9 05 (cinco) dias ap\u00f3s a realiza\u00e7\u00e3o do trabalho de campo. Caso o acad\u00eamico n\u00e3o apresente o relat\u00f3rio<br \/>de viagem ficar\u00e1 impedido de solicita\u00e7\u00e3o e recebimento de novo aux\u00edlio da\u00a0PROGRAD.<\/p><p><strong><a href=\"http:\/\/www2.unifap.br\/geografia\/files\/2018\/07\/Relat%C3%B3rio-Docente-ou-T%C3%A9cnico.pdf\" target=\"_blank\" rel=\"noopener\">RELAT\u00d3RIO DOCENTE OU T\u00c9CNICO<\/a> (Enviar para o e-mail da cordena\u00e7\u00e3o)<\/strong><\/p><p>Obs.: Entregar at\u00e9 05 (cinco) dias ap\u00f3s a realiza\u00e7\u00e3o do trabalho de campo.\u00a0Caso o servidor n\u00e3o apresente o relat\u00f3rio de viagem, ficar\u00e1 impedido de<br \/>solicita\u00e7\u00e3o e recebimento de novo aux\u00edlio, no \u00e2mbito local, nacional e\u00a0internacional, seja pela UNIFAP ou outra institui\u00e7\u00e3o do sistema federal.<\/p><\/div>\t\t\t\t\t\t\t\t<\/div>\n\t\t\t\t<\/div>\n\t\t\t\t\t<\/div>\n\t\t\t\t<\/div>\n\t\t<div class=\"elementor-element elementor-element-077ffff e-flex e-con-boxed e-con e-parent\" data-id=\"077ffff\" data-element_type=\"container\" data-e-type=\"container\">\n\t\t\t\t\t<div class=\"e-con-inner\">\n\t\t<div class=\"elementor-element elementor-element-5ce9846 e-con-full e-flex e-con e-child\" data-id=\"5ce9846\" data-element_type=\"container\" data-e-type=\"container\">\n\t\t\t\t<div class=\"elementor-element elementor-element-8aa6560 elementor-widget elementor-widget-shortcode\" data-id=\"8aa6560\" data-element_type=\"widget\" data-e-type=\"widget\" data-widget_type=\"shortcode.default\">\n\t\t\t\t<div class=\"elementor-widget-container\">\n\t\t\t\t\t\t\t<div class=\"elementor-shortcode\"><div class='w3eden'><!-- WPDM Link Template: Default Template -->\n\n<div class=\"link-template-default card mb-2\">\n    <div class=\"card-body\">\n        <div class=\"media\">\n            <div class=\"mr-3 img-48\"><img decoding=\"async\" class=\"wpdm_icon\" alt=\"\u00edcone\"   src=\"https:\/\/cdn4.iconfinder.com\/data\/icons\/file-extensions-1\/64\/pdfs-1024.png\" \/><\/div>\n            <div class=\"media-body\">\n                <h3 class=\"package-title\"><a href='https:\/\/www2.unifap.br\/biologia\/download\/guia-de-trabalho-de-campo\/'>Guia de Solicita\u00e7\u00e3o de Aux\u00edlio a Trabalho de Campo<\/a><\/h3>\n                <div class=\"text-muted text-small\"><i class=\"fas fa-copy\"><\/i> 1  arquivo(s) <i class=\"fas fa-hdd ml-3\"><\/i> 426 KB<\/div>\n            <\/div>\n            <div class=\"ml-3\">\n                <a class='wpdm-download-link download-on-click btn btn-primary ' rel='nofollow' href='#' data-downloadurl=\"https:\/\/www2.unifap.br\/biologia\/download\/guia-de-trabalho-de-campo\/?wpdmdl=4727&refresh=6a02964d83dab1778554445\">Download<\/a>\n            <\/div>\n        <\/div>\n    <\/div>\n<\/div>\n\n<\/div><\/div>\n\t\t\t\t\t\t<\/div>\n\t\t\t\t<\/div>\n\t\t\t\t<div class=\"elementor-element elementor-element-2226317 elementor-widget elementor-widget-shortcode\" data-id=\"2226317\" data-element_type=\"widget\" data-e-type=\"widget\" data-widget_type=\"shortcode.default\">\n\t\t\t\t<div class=\"elementor-widget-container\">\n\t\t\t\t\t\t\t<div class=\"elementor-shortcode\"><div class='w3eden'><!-- WPDM Link Template: Default Template -->\n\n<div class=\"link-template-default card mb-2\">\n    <div class=\"card-body\">\n        <div class=\"media\">\n            <div class=\"mr-3 img-48\"><img decoding=\"async\" class=\"wpdm_icon\" alt=\"\u00edcone\"   src=\"https:\/\/cdn4.iconfinder.com\/data\/icons\/file-extensions-1\/64\/pdfs-1024.png\" \/><\/div>\n            <div class=\"media-body\">\n                <h3 class=\"package-title\"><a href='https:\/\/www2.unifap.br\/biologia\/download\/portaria-002-2011-regulamenta-trabalhos-de-campo\/'>PORTARIA 002\/2011- REGULAMENTA TRABALHOS DE CAMPO<\/a><\/h3>\n                <div class=\"text-muted text-small\"><i class=\"fas fa-copy\"><\/i> 1  arquivo(s) <i class=\"fas fa-hdd ml-3\"><\/i> 245 KB<\/div>\n            <\/div>\n            <div class=\"ml-3\">\n                <a class='wpdm-download-link download-on-click btn btn-primary ' rel='nofollow' href='#' data-downloadurl=\"https:\/\/www2.unifap.br\/biologia\/download\/portaria-002-2011-regulamenta-trabalhos-de-campo\/?wpdmdl=4729&refresh=6a02964d869811778554445\">Download<\/a>\n            <\/div>\n        <\/div>\n    <\/div>\n<\/div>\n\n<\/div><\/div>\n\t\t\t\t\t\t<\/div>\n\t\t\t\t<\/div>\n\t\t\t\t<div class=\"elementor-element elementor-element-0f53b27 elementor-widget elementor-widget-shortcode\" data-id=\"0f53b27\" data-element_type=\"widget\" data-e-type=\"widget\" data-widget_type=\"shortcode.default\">\n\t\t\t\t<div class=\"elementor-widget-container\">\n\t\t\t\t\t\t\t<div class=\"elementor-shortcode\"><div class='w3eden'><!-- WPDM Link Template: Default Template -->\n\n<div class=\"link-template-default card mb-2\">\n    <div class=\"card-body\">\n        <div class=\"media\">\n            <div class=\"mr-3 img-48\"><img decoding=\"async\" class=\"wpdm_icon\" alt=\"\u00edcone\"   src=\"https:\/\/cdn0.iconfinder.com\/data\/icons\/logos-microsoft-office-365\/128\/Microsoft_Office_Mesa_de_trabajo_1-512.png\" \/><\/div>\n            <div class=\"media-body\">\n                <h3 class=\"package-title\"><a href='https:\/\/www2.unifap.br\/biologia\/download\/requisicao-de-apoio-a-trabalho-de-campo-2\/'>REQUISI\u00c7\u00c3O DE APOIO A TRABALHO DE CAMPO (Professor \u2013 Entregar)<\/a><\/h3>\n                <div class=\"text-muted text-small\"><i class=\"fas fa-copy\"><\/i> 1  arquivo(s) <i class=\"fas fa-hdd ml-3\"><\/i> 26 KB<\/div>\n            <\/div>\n            <div class=\"ml-3\">\n                <a class='wpdm-download-link download-on-click btn btn-primary ' rel='nofollow' href='#' data-downloadurl=\"https:\/\/www2.unifap.br\/biologia\/download\/requisicao-de-apoio-a-trabalho-de-campo-2\/?wpdmdl=4735&refresh=6a02964d889261778554445\">Download<\/a>\n            <\/div>\n        <\/div>\n    <\/div>\n<\/div>\n\n<\/div><\/div>\n\t\t\t\t\t\t<\/div>\n\t\t\t\t<\/div>\n\t\t\t\t<div class=\"elementor-element elementor-element-0eee1d8 elementor-widget elementor-widget-shortcode\" data-id=\"0eee1d8\" data-element_type=\"widget\" data-e-type=\"widget\" data-widget_type=\"shortcode.default\">\n\t\t\t\t<div class=\"elementor-widget-container\">\n\t\t\t\t\t\t\t<div class=\"elementor-shortcode\"><div class='w3eden'><!-- WPDM Link Template: Default Template -->\n\n<div class=\"link-template-default card mb-2\">\n    <div class=\"card-body\">\n        <div class=\"media\">\n            <div class=\"mr-3 img-48\"><img decoding=\"async\" class=\"wpdm_icon\" alt=\"\u00edcone\"   src=\"https:\/\/cdn0.iconfinder.com\/data\/icons\/logos-microsoft-office-365\/128\/Microsoft_Office_Mesa_de_trabajo_1-512.png\" \/><\/div>\n            <div class=\"media-body\">\n                <h3 class=\"package-title\"><a href='https:\/\/www2.unifap.br\/biologia\/download\/requisicao-de-apoio-a-trabalho-de-campo\/'>REQUISI\u00c7\u00c3O DE APOIO A TRABALHO DE CAMPO (Aluno \u2013 Entregar)<\/a><\/h3>\n                <div class=\"text-muted text-small\"><i class=\"fas fa-copy\"><\/i> 1  arquivo(s) <i class=\"fas fa-hdd ml-3\"><\/i> 26 KB<\/div>\n            <\/div>\n            <div class=\"ml-3\">\n                <a class='wpdm-download-link download-on-click btn btn-primary ' rel='nofollow' href='#' data-downloadurl=\"https:\/\/www2.unifap.br\/biologia\/download\/requisicao-de-apoio-a-trabalho-de-campo\/?wpdmdl=4734&refresh=6a02964d8a6c81778554445\">Download<\/a>\n            <\/div>\n        <\/div>\n    <\/div>\n<\/div>\n\n<\/div><\/div>\n\t\t\t\t\t\t<\/div>\n\t\t\t\t<\/div>\n\t\t\t\t<div class=\"elementor-element elementor-element-c9fd55a elementor-widget elementor-widget-shortcode\" data-id=\"c9fd55a\" data-element_type=\"widget\" data-e-type=\"widget\" data-widget_type=\"shortcode.default\">\n\t\t\t\t<div class=\"elementor-widget-container\">\n\t\t\t\t\t\t\t<div class=\"elementor-shortcode\"><div class='w3eden'><!-- WPDM Link Template: Default Template -->\n\n<div class=\"link-template-default card mb-2\">\n    <div class=\"card-body\">\n        <div class=\"media\">\n            <div class=\"mr-3 img-48\"><img decoding=\"async\" class=\"wpdm_icon\" alt=\"\u00edcone\"   src=\"https:\/\/www2.unifap.br\/biologia\/wp-content\/plugins\/download-manager\/assets\/file-type-icons\/dotx.svg\" \/><\/div>\n            <div class=\"media-body\">\n                <h3 class=\"package-title\"><a href='https:\/\/www2.unifap.br\/biologia\/download\/planilha_pagamento_de_atividade_de_campo\/'>Planilha_Pagamento_de_Atividade_de_Campo<\/a><\/h3>\n                <div class=\"text-muted text-small\"><i class=\"fas fa-copy\"><\/i> 1  arquivo(s) <i class=\"fas fa-hdd ml-3\"><\/i> 177 KB<\/div>\n            <\/div>\n            <div class=\"ml-3\">\n                <a class='wpdm-download-link download-on-click btn btn-primary ' rel='nofollow' href='#' data-downloadurl=\"https:\/\/www2.unifap.br\/biologia\/download\/planilha_pagamento_de_atividade_de_campo\/?wpdmdl=4736&refresh=6a02964d8c3a71778554445\">Download<\/a>\n            <\/div>\n        <\/div>\n    <\/div>\n<\/div>\n\n<\/div><\/div>\n\t\t\t\t\t\t<\/div>\n\t\t\t\t<\/div>\n\t\t\t\t<div class=\"elementor-element elementor-element-e8a68fc elementor-widget elementor-widget-shortcode\" data-id=\"e8a68fc\" data-element_type=\"widget\" data-e-type=\"widget\" data-widget_type=\"shortcode.default\">\n\t\t\t\t<div class=\"elementor-widget-container\">\n\t\t\t\t\t\t\t<div class=\"elementor-shortcode\"><div class='w3eden'><!-- WPDM Link Template: Default Template -->\n\n<div class=\"link-template-default card mb-2\">\n    <div class=\"card-body\">\n        <div class=\"media\">\n            <div class=\"mr-3 img-48\"><img decoding=\"async\" class=\"wpdm_icon\" alt=\"\u00edcone\"   src=\"https:\/\/www2.unifap.br\/biologia\/wp-content\/plugins\/download-manager\/assets\/file-type-icons\/doc.png\" \/><\/div>\n            <div class=\"media-body\">\n                <h3 class=\"package-title\"><a href='https:\/\/www2.unifap.br\/biologia\/download\/modelo-de-plano-de-trabalho-de-campo\/'>Modelo de Plano de Trabalho de Campo<\/a><\/h3>\n                <div class=\"text-muted text-small\"><i class=\"fas fa-copy\"><\/i> 1  arquivo(s) <i class=\"fas fa-hdd ml-3\"><\/i> 59 KB<\/div>\n            <\/div>\n            <div class=\"ml-3\">\n                <a class='wpdm-download-link download-on-click btn btn-primary ' rel='nofollow' href='#' data-downloadurl=\"https:\/\/www2.unifap.br\/biologia\/download\/modelo-de-plano-de-trabalho-de-campo\/?wpdmdl=4737&refresh=6a02964d8e63c1778554445\">Download<\/a>\n            <\/div>\n        <\/div>\n    <\/div>\n<\/div>\n\n<\/div><\/div>\n\t\t\t\t\t\t<\/div>\n\t\t\t\t<\/div>\n\t\t\t\t<\/div>\n\t\t<div class=\"elementor-element elementor-element-8bffc7a e-con-full e-flex e-con e-child\" data-id=\"8bffc7a\" data-element_type=\"container\" data-e-type=\"container\">\n\t\t\t\t<\/div>\n\t\t\t\t\t<\/div>\n\t\t\t\t<\/div>\n\t\t<div class=\"elementor-element elementor-element-e6242c7 e-flex e-con-boxed e-con e-parent\" data-id=\"e6242c7\" data-element_type=\"container\" data-e-type=\"container\">\n\t\t\t\t\t<div class=\"e-con-inner\">\n\t\t\t\t\t<\/div>\n\t\t\t\t<\/div>\n\t\t\t\t<\/div>\n\t\t","protected":false},"excerpt":{"rendered":"<p>DOCUMENTOS E FORMUL\u00c1RIOS NECESS\u00c1RIOS PARA SOLICITAR APOIO LOG\u00cdSTICO A TRABALHO DE CAMPO &gt;&gt;&gt;&gt;&gt;\u00a0Entregar requerimento para Trabalho de Campo com 30 dias de anteced\u00eancia&lt;&lt;&lt;&lt;&lt; Encaminhar os itens (2, 3 , 4 e 5) \u00e0 secretaria\/coordena\u00e7\u00e3o do curso Obs.: Todas as informa\u00e7\u00f5es dispon\u00edveis nesta p\u00e1gina podem ser conferidas na &gt;&gt;&gt;Guia de Trabalho de Campo&lt;&lt;&lt; \u2014\u2014\u2014\u2014\u2014\u2014\u2014\u2014\u2014\u2014\u2014\u2014\u2014\u2014\u2014\u2014\u2014\u2014\u2014\u2014\u2014\u2014\u2014\u2014\u2014\u2014\u2014\u2014\u2014\u2014\u2014- 1 \u2013\u00a0PORTARIA&#8230;<\/p>\n","protected":false},"author":4011,"featured_media":0,"parent":3014,"menu_order":0,"comment_status":"closed","ping_status":"closed","template":"elementor_header_footer","meta":{"inline_featured_image":false,"site-sidebar-layout":"default","site-content-layout":"","ast-site-content-layout":"default","site-content-style":"default","site-sidebar-style":"default","ast-global-header-display":"","ast-banner-title-visibility":"","ast-main-header-display":"","ast-hfb-above-header-display":"","ast-hfb-below-header-display":"","ast-hfb-mobile-header-display":"","site-post-title":"","ast-breadcrumbs-content":"","ast-featured-img":"","footer-sml-layout":"","theme-transparent-header-meta":"","adv-header-id-meta":"","stick-header-meta":"","header-above-stick-meta":"","header-main-stick-meta":"","header-below-stick-meta":"","astra-migrate-meta-layouts":"default","ast-page-background-enabled":"default","ast-page-background-meta":{"desktop":{"background-color":"var(--ast-global-color-4)","background-image":"","background-repeat":"repeat","background-position":"center center","background-size":"auto","background-attachment":"scroll","background-type":"","background-media":"","overlay-type":"","overlay-color":"","overlay-opacity":"","overlay-gradient":""},"tablet":{"background-color":"","background-image":"","background-repeat":"repeat","background-position":"center center","background-size":"auto","background-attachment":"scroll","background-type":"","background-media":"","overlay-type":"","overlay-color":"","overlay-opacity":"","overlay-gradient":""},"mobile":{"background-color":"","background-image":"","background-repeat":"repeat","background-position":"center center","background-size":"auto","background-attachment":"scroll","background-type":"","background-media":"","overlay-type":"","overlay-color":"","overlay-opacity":"","overlay-gradient":""}},"ast-content-background-meta":{"desktop":{"background-color":"var(--ast-global-color-5)","background-image":"","background-repeat":"repeat","background-position":"center center","background-size":"auto","background-attachment":"scroll","background-type":"","background-media":"","overlay-type":"","overlay-color":"","overlay-opacity":"","overlay-gradient":""},"tablet":{"background-color":"var(--ast-global-color-5)","background-image":"","background-repeat":"repeat","background-position":"center center","background-size":"auto","background-attachment":"scroll","background-type":"","background-media":"","overlay-type":"","overlay-color":"","overlay-opacity":"","overlay-gradient":""},"mobile":{"background-color":"var(--ast-global-color-5)","background-image":"","background-repeat":"repeat","background-position":"center center","background-size":"auto","background-attachment":"scroll","background-type":"","background-media":"","overlay-type":"","overlay-color":"","overlay-opacity":"","overlay-gradient":""}},"ngg_post_thumbnail":0,"footnotes":""},"class_list":["post-4638","page","type-page","status-publish","hentry"],"_links":{"self":[{"href":"https:\/\/www2.unifap.br\/biologia\/wp-json\/wp\/v2\/pages\/4638","targetHints":{"allow":["GET"]}}],"collection":[{"href":"https:\/\/www2.unifap.br\/biologia\/wp-json\/wp\/v2\/pages"}],"about":[{"href":"https:\/\/www2.unifap.br\/biologia\/wp-json\/wp\/v2\/types\/page"}],"author":[{"embeddable":true,"href":"https:\/\/www2.unifap.br\/biologia\/wp-json\/wp\/v2\/users\/4011"}],"replies":[{"embeddable":true,"href":"https:\/\/www2.unifap.br\/biologia\/wp-json\/wp\/v2\/comments?post=4638"}],"version-history":[{"count":31,"href":"https:\/\/www2.unifap.br\/biologia\/wp-json\/wp\/v2\/pages\/4638\/revisions"}],"predecessor-version":[{"id":4750,"href":"https:\/\/www2.unifap.br\/biologia\/wp-json\/wp\/v2\/pages\/4638\/revisions\/4750"}],"up":[{"embeddable":true,"href":"https:\/\/www2.unifap.br\/biologia\/wp-json\/wp\/v2\/pages\/3014"}],"wp:attachment":[{"href":"https:\/\/www2.unifap.br\/biologia\/wp-json\/wp\/v2\/media?parent=4638"}],"curies":[{"name":"wp","href":"https:\/\/api.w.org\/{rel}","templated":true}]}}