{"id":4683,"date":"2024-12-09T14:35:11","date_gmt":"2024-12-09T14:35:11","guid":{"rendered":"https:\/\/www2.unifap.br\/biologia\/?page_id=4683"},"modified":"2024-12-16T14:33:12","modified_gmt":"2024-12-16T14:33:12","slug":"trancamento-de-curso","status":"publish","type":"page","link":"https:\/\/www2.unifap.br\/biologia\/trancamento-de-curso\/","title":{"rendered":"Trancamento de Curso"},"content":{"rendered":"\t\t<div data-elementor-type=\"wp-page\" data-elementor-id=\"4683\" class=\"elementor elementor-4683\">\n\t\t\t\t<div class=\"elementor-element elementor-element-36598f7e e-flex e-con-boxed e-con e-parent\" data-id=\"36598f7e\" data-element_type=\"container\" data-e-type=\"container\">\n\t\t\t\t\t<div class=\"e-con-inner\">\n\t\t\t\t<div class=\"elementor-element elementor-element-5bf2fc5c elementor-widget elementor-widget-text-editor\" data-id=\"5bf2fc5c\" data-element_type=\"widget\" data-e-type=\"widget\" data-widget_type=\"text-editor.default\">\n\t\t\t\t<div class=\"elementor-widget-container\">\n\t\t\t\t\t\t\t\t\t<p><strong><img decoding=\"async\" class=\"emoji\" role=\"img\" src=\"https:\/\/s.w.org\/images\/core\/emoji\/15.0.3\/svg\/1f4e2.svg\" alt=\"\ud83d\udce2\" \/> Orienta\u00e7\u00f5es para Preenchimento do Formul\u00e1rio de Requerimento da DIMATRI \u2013 UNIFAP<\/strong><\/p><p>A <strong>Divis\u00e3o de Matr\u00edcula (DIMATRI)<\/strong> informa que est\u00e1 dispon\u00edvel o <strong>Formul\u00e1rio de Requerimento<\/strong> para solicita\u00e7\u00f5es relacionadas aos procedimentos acad\u00eamicos. Para garantir um preenchimento correto e eficiente, siga as instru\u00e7\u00f5es abaixo:<\/p><hr \/><h3><img decoding=\"async\" class=\"emoji\" role=\"img\" src=\"https:\/\/s.w.org\/images\/core\/emoji\/15.0.3\/svg\/26a0.svg\" alt=\"\u26a0\ufe0f\" \/> <strong>Aten\u00e7\u00e3o ao Preencher o Formul\u00e1rio<\/strong><\/h3><ol><li><strong>Dados Pessoais:<\/strong><ul><li>Preencha corretamente seu e-mail, nome\/nome social, matr\u00edcula, CPF, telefone e endere\u00e7o completo.<\/li><li>Certifique-se de revisar todas as informa\u00e7\u00f5es antes de enviar o formul\u00e1rio.<\/li><\/ul><\/li><li><strong>Upload de Documentos:<\/strong><ul><li>Caso seja necess\u00e1rio anexar arquivos, eles devem estar no formato <strong>PDF<\/strong> ou <strong>imagem<\/strong>.<\/li><li><strong>Tamanho m\u00e1ximo:<\/strong> 10 MB por arquivo.<\/li><li>Nomeie os arquivos com seu nome completo e uma numera\u00e7\u00e3o. Exemplo: <em>NomeCompleto_DivisaoDeMatricula01.pdf<\/em>.<\/li><\/ul><\/li><li><strong>Curso e Campus:<\/strong><ul><li>Informe o nome completo do curso seguido do campus ao qual pertence. Exemplo: <em>Licenciatura em Ci\u00eancias Biol\u00f3gicas &#8211; Campus Marco Zero<\/em>.<\/li><\/ul><\/li><li><strong>Tipo de Solicita\u00e7\u00e3o:<\/strong> Escolha uma das op\u00e7\u00f5es dispon\u00edveis:<ul><li>Trancamento de curso<\/li><li>Destrancamento de curso<\/li><li>Cancelamento de curso\/Comprova\u00e7\u00e3o de cancelamento<\/li><li>Atestado de v\u00ednculo (transfer\u00eancia, carteira de passe escolar, plano de sa\u00fade)<\/li><li>Entrega de documento pendente (Ingressante)<\/li><li>Hist\u00f3rico escolar (Abandono\/Cancelamento)<\/li><li>Altera\u00e7\u00e3o\/Corre\u00e7\u00e3o nos dados cadastrados<\/li><li>Outro (Descreva na justificativa)<\/li><\/ul><\/li><li><strong>Justificativa:<\/strong><ul><li>Redija um texto claro, objetivo e coerente, explicando a sua solicita\u00e7\u00e3o.<\/li><li>Anexe documentos comprobat\u00f3rios, caso necess\u00e1rio, como em situa\u00e7\u00f5es de:<ul><li>Entrega de documento pendente (Ingressante).<\/li><li>Altera\u00e7\u00e3o\/Corre\u00e7\u00e3o nos dados cadastrados.<\/li><li>Trancamento por motivo de sa\u00fade ou convoca\u00e7\u00e3o em concurso.<\/li><\/ul><\/li><\/ul><\/li><\/ol><hr \/><h3><img decoding=\"async\" class=\"emoji\" role=\"img\" src=\"https:\/\/s.w.org\/images\/core\/emoji\/15.0.3\/svg\/2705.svg\" alt=\"\u2705\" \/> <strong>Dicas Importantes<\/strong><\/h3><ul><li>Use um <strong>e-mail v\u00e1lido<\/strong> e de acesso frequente, pois ele ser\u00e1 utilizado para contato posterior.<\/li><li>Verifique todos os campos obrigat\u00f3rios (*) antes de enviar.<\/li><li>Salve uma c\u00f3pia do comprovante de envio para controle pr\u00f3prio.<\/li><\/ul><div><img decoding=\"async\" class=\"emoji\" role=\"img\" src=\"https:\/\/s.w.org\/images\/core\/emoji\/15.0.3\/svg\/1f4dd.svg\" alt=\"\ud83d\udcdd\" \/> <strong>Acesse o Formul\u00e1rio Aqui:<\/strong><br \/><span style=\"text-decoration: underline\"><a href=\"https:\/\/docs.google.com\/forms\/d\/e\/1FAIpQLSfWVIMhwR-3wDLezsZiOAy7h2HrArDPhdwgg6iF2aRjVMPXlw\/viewform\" rel=\"noopener\">Formul\u00e1rio de Requerimento da DIMATRI<\/a><\/span><\/div>\t\t\t\t\t\t\t\t<\/div>\n\t\t\t\t<\/div>\n\t\t\t\t\t<\/div>\n\t\t\t\t<\/div>\n\t\t<div class=\"elementor-element elementor-element-f9130cb e-flex e-con-boxed e-con e-parent\" data-id=\"f9130cb\" data-element_type=\"container\" data-e-type=\"container\">\n\t\t\t\t\t<div class=\"e-con-inner\">\n\t\t\t\t<div class=\"elementor-element elementor-element-e8a7ab5 elementor-widget elementor-widget-spacer\" data-id=\"e8a7ab5\" data-element_type=\"widget\" data-e-type=\"widget\" data-widget_type=\"spacer.default\">\n\t\t\t\t<div class=\"elementor-widget-container\">\n\t\t\t\t\t\t\t<div class=\"elementor-spacer\">\n\t\t\t<div class=\"elementor-spacer-inner\"><\/div>\n\t\t<\/div>\n\t\t\t\t\t\t<\/div>\n\t\t\t\t<\/div>\n\t\t\t\t\t<\/div>\n\t\t\t\t<\/div>\n\t\t\t\t<\/div>\n\t\t","protected":false},"excerpt":{"rendered":"<p>Orienta\u00e7\u00f5es para Preenchimento do Formul\u00e1rio de Requerimento da DIMATRI \u2013 UNIFAP A Divis\u00e3o de Matr\u00edcula (DIMATRI) informa que est\u00e1 dispon\u00edvel o Formul\u00e1rio de Requerimento para solicita\u00e7\u00f5es relacionadas aos procedimentos acad\u00eamicos. Para garantir um preenchimento correto e eficiente, siga as instru\u00e7\u00f5es abaixo: Aten\u00e7\u00e3o ao Preencher o Formul\u00e1rio Dados Pessoais: Preencha corretamente seu e-mail, nome\/nome social, matr\u00edcula,&#8230;<\/p>\n","protected":false},"author":4011,"featured_media":0,"parent":0,"menu_order":0,"comment_status":"closed","ping_status":"closed","template":"elementor_header_footer","meta":{"inline_featured_image":false,"site-sidebar-layout":"default","site-content-layout":"","ast-site-content-layout":"default","site-content-style":"default","site-sidebar-style":"default","ast-global-header-display":"","ast-banner-title-visibility":"","ast-main-header-display":"","ast-hfb-above-header-display":"","ast-hfb-below-header-display":"","ast-hfb-mobile-header-display":"","site-post-title":"","ast-breadcrumbs-content":"","ast-featured-img":"","footer-sml-layout":"","theme-transparent-header-meta":"","adv-header-id-meta":"","stick-header-meta":"","header-above-stick-meta":"","header-main-stick-meta":"","header-below-stick-meta":"","astra-migrate-meta-layouts":"default","ast-page-background-enabled":"default","ast-page-background-meta":{"desktop":{"background-color":"var(--ast-global-color-4)","background-image":"","background-repeat":"repeat","background-position":"center center","background-size":"auto","background-attachment":"scroll","background-type":"","background-media":"","overlay-type":"","overlay-color":"","overlay-opacity":"","overlay-gradient":""},"tablet":{"background-color":"","background-image":"","background-repeat":"repeat","background-position":"center center","background-size":"auto","background-attachment":"scroll","background-type":"","background-media":"","overlay-type":"","overlay-color":"","overlay-opacity":"","overlay-gradient":""},"mobile":{"background-color":"","background-image":"","background-repeat":"repeat","background-position":"center center","background-size":"auto","background-attachment":"scroll","background-type":"","background-media":"","overlay-type":"","overlay-color":"","overlay-opacity":"","overlay-gradient":""}},"ast-content-background-meta":{"desktop":{"background-color":"var(--ast-global-color-5)","background-image":"","background-repeat":"repeat","background-position":"center center","background-size":"auto","background-attachment":"scroll","background-type":"","background-media":"","overlay-type":"","overlay-color":"","overlay-opacity":"","overlay-gradient":""},"tablet":{"background-color":"var(--ast-global-color-5)","background-image":"","background-repeat":"repeat","background-position":"center center","background-size":"auto","background-attachment":"scroll","background-type":"","background-media":"","overlay-type":"","overlay-color":"","overlay-opacity":"","overlay-gradient":""},"mobile":{"background-color":"var(--ast-global-color-5)","background-image":"","background-repeat":"repeat","background-position":"center center","background-size":"auto","background-attachment":"scroll","background-type":"","background-media":"","overlay-type":"","overlay-color":"","overlay-opacity":"","overlay-gradient":""}},"ngg_post_thumbnail":0,"footnotes":""},"class_list":["post-4683","page","type-page","status-publish","hentry"],"_links":{"self":[{"href":"https:\/\/www2.unifap.br\/biologia\/wp-json\/wp\/v2\/pages\/4683","targetHints":{"allow":["GET"]}}],"collection":[{"href":"https:\/\/www2.unifap.br\/biologia\/wp-json\/wp\/v2\/pages"}],"about":[{"href":"https:\/\/www2.unifap.br\/biologia\/wp-json\/wp\/v2\/types\/page"}],"author":[{"embeddable":true,"href":"https:\/\/www2.unifap.br\/biologia\/wp-json\/wp\/v2\/users\/4011"}],"replies":[{"embeddable":true,"href":"https:\/\/www2.unifap.br\/biologia\/wp-json\/wp\/v2\/comments?post=4683"}],"version-history":[{"count":10,"href":"https:\/\/www2.unifap.br\/biologia\/wp-json\/wp\/v2\/pages\/4683\/revisions"}],"predecessor-version":[{"id":4716,"href":"https:\/\/www2.unifap.br\/biologia\/wp-json\/wp\/v2\/pages\/4683\/revisions\/4716"}],"wp:attachment":[{"href":"https:\/\/www2.unifap.br\/biologia\/wp-json\/wp\/v2\/media?parent=4683"}],"curies":[{"name":"wp","href":"https:\/\/api.w.org\/{rel}","templated":true}]}}