{"id":529,"date":"2013-02-13T15:29:48","date_gmt":"2013-02-13T15:29:48","guid":{"rendered":"http:\/\/www2.unifap.br\/biologia\/?page_id=529"},"modified":"2024-10-07T18:16:49","modified_gmt":"2024-10-07T18:16:49","slug":"conteudo-programatico","status":"publish","type":"page","link":"https:\/\/www2.unifap.br\/biologia\/ensino\/conteudo-programatico\/","title":{"rendered":"Conte\u00fado Program\u00e1tico"},"content":{"rendered":"\t\t<div data-elementor-type=\"wp-page\" data-elementor-id=\"529\" class=\"elementor elementor-529\">\n\t\t\t\t<div class=\"elementor-element elementor-element-80ada01 e-flex e-con-boxed e-con e-parent\" data-id=\"80ada01\" data-element_type=\"container\" data-e-type=\"container\">\n\t\t\t\t\t<div class=\"e-con-inner\">\n\t\t\t\t<div class=\"elementor-element elementor-element-cb8810d elementor-widget elementor-widget-text-editor\" data-id=\"cb8810d\" data-element_type=\"widget\" data-e-type=\"widget\" data-widget_type=\"text-editor.default\">\n\t\t\t\t<div class=\"elementor-widget-container\">\n\t\t\t\t\t\t\t\t\t<h2>Ementas referente ao Projeto de 2008<\/h2><p>Outras informa\u00e7\u00f5es podem ser verificadas no PCC de 2008.<\/p>\t\t\t\t\t\t\t\t<\/div>\n\t\t\t\t<\/div>\n\t\t\t\t\t<\/div>\n\t\t\t\t<\/div>\n\t\t<div class=\"elementor-element elementor-element-635fea94 e-flex e-con-boxed e-con e-parent\" data-id=\"635fea94\" data-element_type=\"container\" data-e-type=\"container\">\n\t\t\t\t\t<div class=\"e-con-inner\">\n\t\t\t\t<div class=\"elementor-element elementor-element-29d832b5 elementor-widget elementor-widget-text-editor\" data-id=\"29d832b5\" data-element_type=\"widget\" data-e-type=\"widget\" data-widget_type=\"text-editor.default\">\n\t\t\t\t<div class=\"elementor-widget-container\">\n\t\t\t\t\t\t\t\t\t<ul><li><a href=\"http:\/\/www2.unifap.br\/biologia\/files\/2013\/02\/Anatomia-Comparada.pdf\">Anatomia Comparada<\/a><\/li><li><a href=\"http:\/\/www2.unifap.br\/biologia\/files\/2013\/02\/Antropologia-Biol..pdf\">Antropologia Biol\u00f3gica<\/a><\/li><li><a href=\"http:\/\/www2.unifap.br\/biologia\/files\/2013\/02\/Ativ.Comp_.-IIIIIIIV.pdf\">Atividades Complementares I,II,III,IV<\/a><\/li><li><a href=\"http:\/\/www2.unifap.br\/biologia\/files\/2013\/02\/Bioestat\u00edstica.pdf\">Bioestat\u00edstica<\/a><\/li><li><a href=\"http:\/\/www2.unifap.br\/biologia\/files\/2013\/02\/Bio\u00e9tica.pdf\">Bio\u00e9tica<\/a><\/li><li><a href=\"http:\/\/www2.unifap.br\/biologia\/files\/2013\/02\/Biogeografia.pdf\">Biogeografia<\/a><\/li><li><a href=\"http:\/\/www2.unifap.br\/biologia\/files\/2013\/02\/Biol.Celular.pdf\">Biologia Celular<\/a><\/li><li><a href=\"http:\/\/www2.unifap.br\/biologia\/files\/2013\/02\/Biologia-Molecular.pdf\">Biologia Molecular<\/a><\/li><li><a href=\"http:\/\/www2.unifap.br\/biologia\/files\/2013\/02\/Bioqui.-I.pdf\">Bioqu\u00edmica I<\/a><\/li><li><a href=\"http:\/\/www2.unifap.br\/biologia\/files\/2013\/02\/Bioqu\u00edmica-II.pdf\">Bioqu\u00edmica II<\/a><\/li><li><a href=\"http:\/\/www2.unifap.br\/biologia\/files\/2013\/02\/Bot\u00e2nica-I.pdf\">Bot\u00e2nica I<\/a><\/li><li><a href=\"http:\/\/www2.unifap.br\/biologia\/files\/2013\/02\/Did\u00e1tica-Geral.pdf\">Did\u00e1tica Geral<\/a><\/li><li><a href=\"http:\/\/www2.unifap.br\/biologia\/files\/2013\/02\/Direito-Ambient..pdf\">Direito Ambiental<\/a><\/li><li><a href=\"http:\/\/www2.unifap.br\/biologia\/files\/2013\/02\/Ecologia-Geral.pdf\">Ecologia Geral<\/a><\/li><li><a href=\"http:\/\/www2.unifap.br\/biologia\/files\/2013\/02\/Educa\u00e7\u00e3o-Ambient..pdf\">Educa\u00e7\u00e3o Ambiental<\/a><\/li><li><a href=\"http:\/\/www2.unifap.br\/biologia\/files\/2013\/02\/Embriologia-Comparada.pdf\">Embriologia Comparada<\/a><\/li><li><a href=\"http:\/\/www2.unifap.br\/biologia\/files\/2013\/02\/Est.Sup_.-III.pdf\">Est\u00e1gio Supervisionado \u00a0I e II<\/a><\/li><li><a href=\"http:\/\/www2.unifap.br\/biologia\/files\/2013\/02\/Esta.Superv.-III-e-IV.pdf\">Est\u00e1gio Supervisionado \u00a0III e IV<\/a><\/li><li><a href=\"http:\/\/www2.unifap.br\/biologia\/files\/2013\/02\/Evolu\u00e7\u00e3o.pdf\">Evolu\u00e7\u00e3o<\/a><\/li><li><a href=\"http:\/\/www2.unifap.br\/biologia\/files\/2013\/02\/F\u00eds.Geral_.Exp_.Apli_.Biol_..pdf\">F\u00edsica Geral e Experimental Apli<\/a><\/li><\/ul>\t\t\t\t\t\t\t\t<\/div>\n\t\t\t\t<\/div>\n\t\t\t\t\t<\/div>\n\t\t\t\t<\/div>\n\t\t\t\t<\/div>\n\t\t","protected":false},"excerpt":{"rendered":"<p>Ementas referente ao Projeto de 2008 Outras informa\u00e7\u00f5es podem ser verificadas no PCC de 2008. Anatomia Comparada Antropologia Biol\u00f3gica Atividades Complementares I,II,III,IV Bioestat\u00edstica Bio\u00e9tica Biogeografia Biologia Celular Biologia Molecular Bioqu\u00edmica I Bioqu\u00edmica II Bot\u00e2nica I Did\u00e1tica Geral Direito Ambiental Ecologia Geral Educa\u00e7\u00e3o Ambiental Embriologia Comparada Est\u00e1gio Supervisionado \u00a0I e II Est\u00e1gio Supervisionado \u00a0III e IV&#8230;<\/p>\n","protected":false},"author":142,"featured_media":0,"parent":2092,"menu_order":0,"comment_status":"closed","ping_status":"closed","template":"elementor_header_footer","meta":{"inline_featured_image":false,"site-sidebar-layout":"default","site-content-layout":"","ast-site-content-layout":"default","site-content-style":"default","site-sidebar-style":"default","ast-global-header-display":"","ast-banner-title-visibility":"","ast-main-header-display":"","ast-hfb-above-header-display":"","ast-hfb-below-header-display":"","ast-hfb-mobile-header-display":"","site-post-title":"","ast-breadcrumbs-content":"","ast-featured-img":"","footer-sml-layout":"","theme-transparent-header-meta":"","adv-header-id-meta":"","stick-header-meta":"","header-above-stick-meta":"","header-main-stick-meta":"","header-below-stick-meta":"","astra-migrate-meta-layouts":"default","ast-page-background-enabled":"default","ast-page-background-meta":{"desktop":{"background-color":"var(--ast-global-color-4)","background-image":"","background-repeat":"repeat","background-position":"center center","background-size":"auto","background-attachment":"scroll","background-type":"","background-media":"","overlay-type":"","overlay-color":"","overlay-opacity":"","overlay-gradient":""},"tablet":{"background-color":"","background-image":"","background-repeat":"repeat","background-position":"center center","background-size":"auto","background-attachment":"scroll","background-type":"","background-media":"","overlay-type":"","overlay-color":"","overlay-opacity":"","overlay-gradient":""},"mobile":{"background-color":"","background-image":"","background-repeat":"repeat","background-position":"center center","background-size":"auto","background-attachment":"scroll","background-type":"","background-media":"","overlay-type":"","overlay-color":"","overlay-opacity":"","overlay-gradient":""}},"ast-content-background-meta":{"desktop":{"background-color":"var(--ast-global-color-5)","background-image":"","background-repeat":"repeat","background-position":"center center","background-size":"auto","background-attachment":"scroll","background-type":"","background-media":"","overlay-type":"","overlay-color":"","overlay-opacity":"","overlay-gradient":""},"tablet":{"background-color":"var(--ast-global-color-5)","background-image":"","background-repeat":"repeat","background-position":"center center","background-size":"auto","background-attachment":"scroll","background-type":"","background-media":"","overlay-type":"","overlay-color":"","overlay-opacity":"","overlay-gradient":""},"mobile":{"background-color":"var(--ast-global-color-5)","background-image":"","background-repeat":"repeat","background-position":"center center","background-size":"auto","background-attachment":"scroll","background-type":"","background-media":"","overlay-type":"","overlay-color":"","overlay-opacity":"","overlay-gradient":""}},"ngg_post_thumbnail":0,"footnotes":""},"class_list":["post-529","page","type-page","status-publish","hentry"],"_links":{"self":[{"href":"https:\/\/www2.unifap.br\/biologia\/wp-json\/wp\/v2\/pages\/529","targetHints":{"allow":["GET"]}}],"collection":[{"href":"https:\/\/www2.unifap.br\/biologia\/wp-json\/wp\/v2\/pages"}],"about":[{"href":"https:\/\/www2.unifap.br\/biologia\/wp-json\/wp\/v2\/types\/page"}],"author":[{"embeddable":true,"href":"https:\/\/www2.unifap.br\/biologia\/wp-json\/wp\/v2\/users\/142"}],"replies":[{"embeddable":true,"href":"https:\/\/www2.unifap.br\/biologia\/wp-json\/wp\/v2\/comments?post=529"}],"version-history":[{"count":15,"href":"https:\/\/www2.unifap.br\/biologia\/wp-json\/wp\/v2\/pages\/529\/revisions"}],"predecessor-version":[{"id":4014,"href":"https:\/\/www2.unifap.br\/biologia\/wp-json\/wp\/v2\/pages\/529\/revisions\/4014"}],"up":[{"embeddable":true,"href":"https:\/\/www2.unifap.br\/biologia\/wp-json\/wp\/v2\/pages\/2092"}],"wp:attachment":[{"href":"https:\/\/www2.unifap.br\/biologia\/wp-json\/wp\/v2\/media?parent=529"}],"curies":[{"name":"wp","href":"https:\/\/api.w.org\/{rel}","templated":true}]}}