{"id":930,"date":"2014-10-08T22:14:59","date_gmt":"2014-10-08T22:14:59","guid":{"rendered":"http:\/\/www2.unifap.br\/biologia\/?page_id=930"},"modified":"2024-10-09T19:27:34","modified_gmt":"2024-10-09T19:27:34","slug":"herptolab","status":"publish","type":"page","link":"https:\/\/www2.unifap.br\/biologia\/laboratorios\/herptolab\/","title":{"rendered":"HERPETOLAB"},"content":{"rendered":"\t\t<div data-elementor-type=\"wp-page\" data-elementor-id=\"930\" class=\"elementor elementor-930\">\n\t\t\t\t<div class=\"elementor-element elementor-element-4967aceb e-flex e-con-boxed e-con e-parent\" data-id=\"4967aceb\" data-element_type=\"container\" data-e-type=\"container\">\n\t\t\t\t\t<div class=\"e-con-inner\">\n\t\t\t\t<div class=\"elementor-element elementor-element-353d7a6f elementor-widget elementor-widget-text-editor\" data-id=\"353d7a6f\" data-element_type=\"widget\" data-e-type=\"widget\" data-widget_type=\"text-editor.default\">\n\t\t\t\t<div class=\"elementor-widget-container\">\n\t\t\t\t\t\t\t\t\t<p><a href=\"http:\/\/www2.unifap.br\/biologia\/files\/2014\/10\/HERPTO-FUNDO.png\"><img fetchpriority=\"high\" decoding=\"async\" class=\"alignnone size-medium wp-image-1094 alignleft\" src=\"http:\/\/www2.unifap.br\/biologia\/files\/2014\/10\/HERPTO-FUNDO-300x207.png\" alt=\"HERPTO FUNDO\" width=\"300\" height=\"207\" srcset=\"https:\/\/www2.unifap.br\/biologia\/files\/2014\/10\/HERPTO-FUNDO-300x207.png 300w, https:\/\/www2.unifap.br\/biologia\/files\/2014\/10\/HERPTO-FUNDO-217x150.png 217w, https:\/\/www2.unifap.br\/biologia\/files\/2014\/10\/HERPTO-FUNDO.png 1003w\" sizes=\"(max-width: 300px) 100vw, 300px\" \/><\/a><\/p><p style=\"text-align: justify\">A\u00a0herpetologia\u00a0\u00e9 um ramo da\u00a0zoologia\u00a0dedicado ao estudo dos\u00a0r\u00e9pteis\u00a0e\u00a0anf\u00edbios: sua classifica\u00e7\u00e3o,\u00a0ecologia,\u00a0comportamento,\u00a0fisiologia\u00a0e\u00a0paleontologia. Em geral os animais desse grupo n\u00e3o produzem o pr\u00f3prio calor, ou seja s\u00e3o chamados de animais de sangue frio. O controle t\u00e9rmico nesse grupo de vertebrados \u00e9 feito por termoregula\u00e7\u00e3o. O Brasil est\u00e1 entre os pa\u00edses com maior diversidade, com 790 r\u00e9pteis e 1026 anf\u00edbios, segundo a Sociedade Brasileira de Herpetologia.<\/p><p><div id='gallery-1' class='gallery galleryid-930 gallery-columns-5 gallery-size-thumbnail'><figure class='gallery-item'>\n\t\t\t<div class='gallery-icon landscape'>\n\t\t\t\t<a href='https:\/\/www2.unifap.br\/biologia\/files\/2014\/10\/Arthrosaura-kockii.jpg'><img decoding=\"async\" width=\"150\" height=\"150\" src=\"https:\/\/www2.unifap.br\/biologia\/files\/2014\/10\/Arthrosaura-kockii-150x150.jpg\" class=\"attachment-thumbnail size-thumbnail\" alt=\"\" \/><\/a>\n\t\t\t<\/div><\/figure><figure class='gallery-item'>\n\t\t\t<div class='gallery-icon landscape'>\n\t\t\t\t<a href='https:\/\/www2.unifap.br\/biologia\/files\/2014\/10\/Kentropyx-calcarata.jpg'><img decoding=\"async\" width=\"150\" height=\"150\" src=\"https:\/\/www2.unifap.br\/biologia\/files\/2014\/10\/Kentropyx-calcarata-150x150.jpg\" class=\"attachment-thumbnail size-thumbnail\" alt=\"\" \/><\/a>\n\t\t\t<\/div><\/figure><figure class='gallery-item'>\n\t\t\t<div class='gallery-icon landscape'>\n\t\t\t\t<a href='https:\/\/www2.unifap.br\/biologia\/files\/2014\/10\/Gonatodes-humeralis-femea.jpg'><img loading=\"lazy\" decoding=\"async\" width=\"150\" height=\"150\" src=\"https:\/\/www2.unifap.br\/biologia\/files\/2014\/10\/Gonatodes-humeralis-femea-150x150.jpg\" class=\"attachment-thumbnail size-thumbnail\" alt=\"\" \/><\/a>\n\t\t\t<\/div><\/figure><figure class='gallery-item'>\n\t\t\t<div class='gallery-icon landscape'>\n\t\t\t\t<a href='https:\/\/www2.unifap.br\/biologia\/files\/2014\/10\/Clelia-clelia.jpg'><img loading=\"lazy\" decoding=\"async\" width=\"150\" height=\"150\" src=\"https:\/\/www2.unifap.br\/biologia\/files\/2014\/10\/Clelia-clelia-150x150.jpg\" class=\"attachment-thumbnail size-thumbnail\" alt=\"\" \/><\/a>\n\t\t\t<\/div><\/figure><figure class='gallery-item'>\n\t\t\t<div class='gallery-icon landscape'>\n\t\t\t\t<a href='https:\/\/www2.unifap.br\/biologia\/files\/2014\/10\/Hemidactylus-mabouia.jpg'><img loading=\"lazy\" decoding=\"async\" width=\"150\" height=\"150\" src=\"https:\/\/www2.unifap.br\/biologia\/files\/2014\/10\/Hemidactylus-mabouia-150x150.jpg\" class=\"attachment-thumbnail size-thumbnail\" alt=\"\" \/><\/a>\n\t\t\t<\/div><\/figure><figure class='gallery-item'>\n\t\t\t<div class='gallery-icon landscape'>\n\t\t\t\t<a href='https:\/\/www2.unifap.br\/biologia\/files\/2014\/10\/Gonatodes-humeralis-macho.jpg'><img loading=\"lazy\" decoding=\"async\" width=\"150\" height=\"150\" src=\"https:\/\/www2.unifap.br\/biologia\/files\/2014\/10\/Gonatodes-humeralis-macho-150x150.jpg\" class=\"attachment-thumbnail size-thumbnail\" alt=\"\" \/><\/a>\n\t\t\t<\/div><\/figure><figure class='gallery-item'>\n\t\t\t<div class='gallery-icon landscape'>\n\t\t\t\t<a href='https:\/\/www2.unifap.br\/biologia\/files\/2014\/10\/Cercosaura-ocellata.jpg'><img loading=\"lazy\" decoding=\"async\" width=\"150\" height=\"150\" src=\"https:\/\/www2.unifap.br\/biologia\/files\/2014\/10\/Cercosaura-ocellata-150x150.jpg\" class=\"attachment-thumbnail size-thumbnail\" alt=\"\" \/><\/a>\n\t\t\t<\/div><\/figure><figure class='gallery-item'>\n\t\t\t<div class='gallery-icon landscape'>\n\t\t\t\t<a href='https:\/\/www2.unifap.br\/biologia\/files\/2014\/10\/Cnemidophorus-cryptus.jpg'><img loading=\"lazy\" decoding=\"async\" width=\"150\" height=\"150\" src=\"https:\/\/www2.unifap.br\/biologia\/files\/2014\/10\/Cnemidophorus-cryptus-150x150.jpg\" class=\"attachment-thumbnail size-thumbnail\" alt=\"\" \/><\/a>\n\t\t\t<\/div><\/figure><figure class='gallery-item'>\n\t\t\t<div class='gallery-icon landscape'>\n\t\t\t\t<a href='https:\/\/www2.unifap.br\/biologia\/files\/2014\/10\/Kentropyx-striata.jpg'><img loading=\"lazy\" decoding=\"async\" width=\"150\" height=\"150\" src=\"https:\/\/www2.unifap.br\/biologia\/files\/2014\/10\/Kentropyx-striata-150x150.jpg\" class=\"attachment-thumbnail size-thumbnail\" alt=\"\" \/><\/a>\n\t\t\t<\/div><\/figure><figure class='gallery-item'>\n\t\t\t<div class='gallery-icon landscape'>\n\t\t\t\t<a href='https:\/\/www2.unifap.br\/biologia\/files\/2014\/10\/Leposoma-guianense.jpg'><img loading=\"lazy\" decoding=\"async\" width=\"150\" height=\"150\" src=\"https:\/\/www2.unifap.br\/biologia\/files\/2014\/10\/Leposoma-guianense-150x150.jpg\" class=\"attachment-thumbnail size-thumbnail\" alt=\"\" \/><\/a>\n\t\t\t<\/div><\/figure>\n\t\t<\/div>\n<\/p><p><a href=\"http:\/\/pt.wikipedia.org\/wiki\/Herpetologia#cite_note-1\">1<\/a><\/p>\t\t\t\t\t\t\t\t<\/div>\n\t\t\t\t<\/div>\n\t\t\t\t\t<\/div>\n\t\t\t\t<\/div>\n\t\t\t\t<\/div>\n\t\t","protected":false},"excerpt":{"rendered":"<p>A\u00a0herpetologia\u00a0\u00e9 um ramo da\u00a0zoologia\u00a0dedicado ao estudo dos\u00a0r\u00e9pteis\u00a0e\u00a0anf\u00edbios: sua classifica\u00e7\u00e3o,\u00a0ecologia,\u00a0comportamento,\u00a0fisiologia\u00a0e\u00a0paleontologia. Em geral os animais desse grupo n\u00e3o produzem o pr\u00f3prio calor, ou seja s\u00e3o chamados de animais de sangue frio. O controle t\u00e9rmico nesse grupo de vertebrados \u00e9 feito por termoregula\u00e7\u00e3o. O Brasil est\u00e1 entre os pa\u00edses com maior diversidade, com 790 r\u00e9pteis e 1026 anf\u00edbios,&#8230;<\/p>\n","protected":false},"author":142,"featured_media":0,"parent":24,"menu_order":0,"comment_status":"open","ping_status":"open","template":"elementor_header_footer","meta":{"inline_featured_image":false,"site-sidebar-layout":"default","site-content-layout":"","ast-site-content-layout":"default","site-content-style":"default","site-sidebar-style":"default","ast-global-header-display":"","ast-banner-title-visibility":"","ast-main-header-display":"","ast-hfb-above-header-display":"","ast-hfb-below-header-display":"","ast-hfb-mobile-header-display":"","site-post-title":"","ast-breadcrumbs-content":"","ast-featured-img":"","footer-sml-layout":"","theme-transparent-header-meta":"","adv-header-id-meta":"","stick-header-meta":"","header-above-stick-meta":"","header-main-stick-meta":"","header-below-stick-meta":"","astra-migrate-meta-layouts":"default","ast-page-background-enabled":"default","ast-page-background-meta":{"desktop":{"background-color":"var(--ast-global-color-4)","background-image":"","background-repeat":"repeat","background-position":"center center","background-size":"auto","background-attachment":"scroll","background-type":"","background-media":"","overlay-type":"","overlay-color":"","overlay-opacity":"","overlay-gradient":""},"tablet":{"background-color":"","background-image":"","background-repeat":"repeat","background-position":"center center","background-size":"auto","background-attachment":"scroll","background-type":"","background-media":"","overlay-type":"","overlay-color":"","overlay-opacity":"","overlay-gradient":""},"mobile":{"background-color":"","background-image":"","background-repeat":"repeat","background-position":"center center","background-size":"auto","background-attachment":"scroll","background-type":"","background-media":"","overlay-type":"","overlay-color":"","overlay-opacity":"","overlay-gradient":""}},"ast-content-background-meta":{"desktop":{"background-color":"var(--ast-global-color-5)","background-image":"","background-repeat":"repeat","background-position":"center center","background-size":"auto","background-attachment":"scroll","background-type":"","background-media":"","overlay-type":"","overlay-color":"","overlay-opacity":"","overlay-gradient":""},"tablet":{"background-color":"var(--ast-global-color-5)","background-image":"","background-repeat":"repeat","background-position":"center center","background-size":"auto","background-attachment":"scroll","background-type":"","background-media":"","overlay-type":"","overlay-color":"","overlay-opacity":"","overlay-gradient":""},"mobile":{"background-color":"var(--ast-global-color-5)","background-image":"","background-repeat":"repeat","background-position":"center center","background-size":"auto","background-attachment":"scroll","background-type":"","background-media":"","overlay-type":"","overlay-color":"","overlay-opacity":"","overlay-gradient":""}},"ngg_post_thumbnail":0,"footnotes":""},"class_list":["post-930","page","type-page","status-publish","hentry"],"_links":{"self":[{"href":"https:\/\/www2.unifap.br\/biologia\/wp-json\/wp\/v2\/pages\/930","targetHints":{"allow":["GET"]}}],"collection":[{"href":"https:\/\/www2.unifap.br\/biologia\/wp-json\/wp\/v2\/pages"}],"about":[{"href":"https:\/\/www2.unifap.br\/biologia\/wp-json\/wp\/v2\/types\/page"}],"author":[{"embeddable":true,"href":"https:\/\/www2.unifap.br\/biologia\/wp-json\/wp\/v2\/users\/142"}],"replies":[{"embeddable":true,"href":"https:\/\/www2.unifap.br\/biologia\/wp-json\/wp\/v2\/comments?post=930"}],"version-history":[{"count":12,"href":"https:\/\/www2.unifap.br\/biologia\/wp-json\/wp\/v2\/pages\/930\/revisions"}],"predecessor-version":[{"id":4223,"href":"https:\/\/www2.unifap.br\/biologia\/wp-json\/wp\/v2\/pages\/930\/revisions\/4223"}],"up":[{"embeddable":true,"href":"https:\/\/www2.unifap.br\/biologia\/wp-json\/wp\/v2\/pages\/24"}],"wp:attachment":[{"href":"https:\/\/www2.unifap.br\/biologia\/wp-json\/wp\/v2\/media?parent=930"}],"curies":[{"name":"wp","href":"https:\/\/api.w.org\/{rel}","templated":true}]}}