{"id":2,"date":"2012-08-27T13:01:17","date_gmt":"2012-08-27T13:01:17","guid":{"rendered":"http:\/\/www2.unifap.br\/bionorte\/?page_id=2"},"modified":"2015-05-12T14:04:16","modified_gmt":"2015-05-12T14:04:16","slug":"pagina-exemplo","status":"publish","type":"page","link":"https:\/\/www2.unifap.br\/bionorte\/pagina-exemplo\/","title":{"rendered":"Sobre o Programa"},"content":{"rendered":"<p><a href=\"http:\/\/www2.unifap.br\/bionorte\/files\/2012\/08\/bionorte.gif\"><img decoding=\"async\" class=\"alignnone size-medium wp-image-9\" alt=\"bionorte\" src=\"http:\/\/www2.unifap.br\/bionorte\/files\/2012\/08\/bionorte-300x60.gif\" width=\"300\" height=\"60\" \/><\/a><\/p>\n<p><strong>Programa de P\u00f3s-Gradua\u00e7\u00e3o da Bionorte<\/strong><\/p>\n<p style=\"text-align: justify\">A proposta do PPG-BIONORTE est\u00e1 baseada no trip\u00e9: biodiversidade \u2013 biotecnologia &#8211; conserva\u00e7\u00e3o, e na convic\u00e7\u00e3o de que o melhor conhecimento da biodiversidade contribuir\u00e1 para o desenvolvimento da biotecnologia e que ambas ser\u00e3o extremamente importantes para a conserva\u00e7\u00e3o do Bioma Amaz\u00f4nico. O programa de p\u00f3s-gradua\u00e7\u00e3o vem atender um dos principais objetivos da Rede BIONORTE que \u00e9 a forma\u00e7\u00e3o de doutores.<\/p>\n<p style=\"text-align: justify\">A proposta do Programa, que \u00e9 na sua ess\u00eancia regional (inter-estadual), multi-institucional e interdisciplinar &#8211; focaliza o desenvolvimento de bioprocessos e bioprodutos objetivando a conserva\u00e7\u00e3o do bioma e ao desenvolvimento de um setor industrial baseado na biodiversidade Amaz\u00f4nica.<\/p>\n<p style=\"text-align: justify\">A uni\u00e3o das for\u00e7as das principais institui\u00e7\u00f5es de ensino e pesquisa da Amaz\u00f4nia, por meio da Rede BIONORTE, propiciar\u00e1 maior velocidade na forma\u00e7\u00e3o de doutores, que por sua vez estar\u00e3o:<\/p>\n<p>-difundindo seus conhecimentos &#8211; como professores;<br \/>\n-aprovando seus pr\u00f3prios projetos &#8211; como pesquisadores;<br \/>\n-publicando e requerendo marcas e patentes &#8211; como inventores; e<br \/>\n-dando apoio a empresas da \u00e1rea ou incubando suas pr\u00f3prias empresas &#8211; como empres\u00e1rios.<\/p>\n","protected":false},"excerpt":{"rendered":"<p>Programa de P\u00f3s-Gradua\u00e7\u00e3o da Bionorte A proposta do PPG-BIONORTE est\u00e1 baseada no trip\u00e9: biodiversidade \u2013 biotecnologia &#8211; conserva\u00e7\u00e3o, e na convic\u00e7\u00e3o de que o melhor conhecimento da biodiversidade contribuir\u00e1 para o desenvolvimento da biotecnologia e que ambas ser\u00e3o extremamente importantes&hellip; <\/p>\n<p><a href=\"https:\/\/www2.unifap.br\/bionorte\/pagina-exemplo\/\" class=\"readmore-button\">Continue Reading<\/a><\/p>\n","protected":false},"author":1,"featured_media":0,"parent":0,"menu_order":2,"comment_status":"open","ping_status":"open","template":"","meta":{"inline_featured_image":false,"ngg_post_thumbnail":0,"footnotes":""},"class_list":["post-2","page","type-page","status-publish","hentry"],"_links":{"self":[{"href":"https:\/\/www2.unifap.br\/bionorte\/wp-json\/wp\/v2\/pages\/2","targetHints":{"allow":["GET"]}}],"collection":[{"href":"https:\/\/www2.unifap.br\/bionorte\/wp-json\/wp\/v2\/pages"}],"about":[{"href":"https:\/\/www2.unifap.br\/bionorte\/wp-json\/wp\/v2\/types\/page"}],"author":[{"embeddable":true,"href":"https:\/\/www2.unifap.br\/bionorte\/wp-json\/wp\/v2\/users\/1"}],"replies":[{"embeddable":true,"href":"https:\/\/www2.unifap.br\/bionorte\/wp-json\/wp\/v2\/comments?post=2"}],"version-history":[{"count":2,"href":"https:\/\/www2.unifap.br\/bionorte\/wp-json\/wp\/v2\/pages\/2\/revisions"}],"predecessor-version":[{"id":11,"href":"https:\/\/www2.unifap.br\/bionorte\/wp-json\/wp\/v2\/pages\/2\/revisions\/11"}],"wp:attachment":[{"href":"https:\/\/www2.unifap.br\/bionorte\/wp-json\/wp\/v2\/media?parent=2"}],"curies":[{"name":"wp","href":"https:\/\/api.w.org\/{rel}","templated":true}]}}