{"id":26,"date":"2015-05-12T14:13:26","date_gmt":"2015-05-12T14:13:26","guid":{"rendered":"http:\/\/www2.unifap.br\/bionorte\/?page_id=26"},"modified":"2015-05-12T14:14:25","modified_gmt":"2015-05-12T14:14:25","slug":"areas-de-concentracao","status":"publish","type":"page","link":"https:\/\/www2.unifap.br\/bionorte\/pagina-exemplo\/areas-de-concentracao\/","title":{"rendered":"\u00c1reas de Concentra\u00e7\u00e3o"},"content":{"rendered":"<div id=\"orb_content\">\n<h2><span style=\"color: #008000\">Conhe\u00e7a as \u00c1reas de Concentra\u00e7\u00e3o da Bionorte<\/span><\/h2>\n<div>\n<p>O Programa de P\u00f3s-Gradua\u00e7\u00e3o da Rede BIONORTE contar\u00e1 com duas \u00e1reas de concentra\u00e7\u00e3o e tr\u00eas linhas de pesquisa, conforme descrito a seguir:<\/p>\n<p><strong><em>\u00c1rea 1 :\u00a0 Biodiversidade e Conserva\u00e7\u00e3o<\/em><\/strong><\/p>\n<p style=\"text-align: justify\">Essa \u00e1rea de concentra\u00e7\u00e3o tem como objetivo formar doutores em duas grandes linhas: &#8220;Conhecimento da Biodiversidade&#8221; e &#8220;Conserva\u00e7\u00e3o e Uso Sustent\u00e1vel da Biodiversidade&#8221;. Como a base para a conserva\u00e7\u00e3o e o uso sustent\u00e1vel da biodiversidade \u00e9 sem d\u00favida o seu profundo conhecimento, o programa oferecer\u00e1 disciplinas, e estimular\u00e1 trabalhos de tese voltados, por exemplo, para a estimativa da biodiversidade, sua caracteriza\u00e7\u00e3o e o entendimento das rela\u00e7\u00f5es entre as esp\u00e9cies. Com base nesses conhecimentos, atividades (disciplinas, projetos, workshops e outras)\u00a0 que visem a compreens\u00e3o das din\u00e2micas populacionais, conserva\u00e7\u00e3o de germoplasmas, manejo de recursos naturais, desenho e implanta\u00e7\u00e3o de sistemas agroflorestais, biorremedia\u00e7\u00e3o, recupera\u00e7\u00e3o de \u00e1reas degradadas, dentre outras, ser\u00e3o tamb\u00e9m priorizadas, sempre visando a conserva\u00e7\u00e3o do bioma amaz\u00f4nico e o bem estar de suas popula\u00e7\u00f5es.<\/p>\n<ul>\n<li>Linha de Pesquisa 1:\u00a0<strong>Conhecimento da Biodiversidade<br \/>\n<\/strong>Nessa linha de pesquisa ser\u00e3o desenvolvidos projetos que visam o conhecimento da biodiversidade amaz\u00f4nica nos seus mais variados aspectos, entre eles:<\/p>\n<ul>\n<li>an\u00e1lises taxon\u00f4micas e filogen\u00e9ticas;<\/li>\n<li>estimativa da biodiversidade;<\/li>\n<li>estudos sobre diversidade das paisagens;<\/li>\n<li>morfologia, reprodu\u00e7\u00e3o e comportamento das esp\u00e9cies;<\/li>\n<li>intera\u00e7\u00f5es entre as esp\u00e9cies nos ecossistemas;<\/li>\n<li>valoriza\u00e7\u00e3o da biodiversidade, etc&#8230;<\/li>\n<\/ul>\n<\/li>\n<li>Linha de Pesquisa 2:\u00a0<strong>Conserva\u00e7\u00e3o e Uso Sustent\u00e1vel da Biodiversidade<br \/>\n<\/strong>Nessa linha de pesquisa ser\u00e3o desenvolvidos projetos que visam a conserva\u00e7\u00e3o e o uso sustent\u00e1vel da biodiversidade amaz\u00f4nica nos seus mais variados aspectos, entre eles:<\/p>\n<ul>\n<li>an\u00e1lise da diversidade gen\u00e9tica das popula\u00e7\u00f5es das esp\u00e9cies amaz\u00f4nicas por meio de marcadores cl\u00e1ssicos e moleculares;<\/li>\n<li>conserva\u00e7\u00e3o de germoplasma &#8220;in situ&#8221; e &#8220;ex situ&#8221;;<\/li>\n<li>micropropaga\u00e7\u00e3o vegetal;<\/li>\n<li>reprodu\u00e7\u00e3o de animais silvestres;<\/li>\n<li>recupera\u00e7\u00e3o de \u00e1reas degradadas;<\/li>\n<li>desenho e implanta\u00e7\u00e3o de sistemas agroflorestais, etc&#8230;<\/li>\n<\/ul>\n<\/li>\n<\/ul>\n<p><strong><em>\u00c1rea 2: Biotecnologia<\/em><\/strong><\/p>\n<p style=\"text-align: justify\">Essa \u00e1rea de concentra\u00e7\u00e3o tem como objetivo formar doutores voltados para a Bioprospec\u00e7\u00e3o e Desenvolvimento de Bioprocessos e Bioprodutos. As disciplinas que ser\u00e3o oferecidas nessa \u00e1rea procuram oferecer aos estudantes a base te\u00f3rico\/pr\u00e1tica das ci\u00eancias biomoleculares bem como das tecnologias de bioprocessos, al\u00e9m dos marcos regulat\u00f3rios em bioprospec\u00e7\u00e3o e bioneg\u00f3cios. A partir desse conhecimento e tendo a disposi\u00e7\u00e3o essa imensa biodiversidade, atividades (disciplinas, projetos, workshops e outros) que visem o desenvolvimento de novas biotecnologias para fins industriais e tamb\u00e9m para a conserva\u00e7\u00e3o dos ecossistemas amaz\u00f4nicos ser\u00e3o priorizadas, com o intuito de desenvolver p\u00f3los de bioind\u00fastrias na Amaz\u00f4nia e desta forma contribuir para a conserva\u00e7\u00e3o do bioma amaz\u00f4nico e o bem estar de suas popula\u00e7\u00f5es.<\/p>\n<ul>\n<li>Linha de Pesquisa 1:\u00a0<strong>Bioprospec\u00e7\u00e3o e Desenvolvimento de Bioprocessos e Bioprodutos<br \/>\n<\/strong>Nessa linha de pesquisa ser\u00e3o desenvolvidos projetos que visam a bioprospec\u00e7\u00e3o e o desenvolvimento de bioprocessos e bioprodutos, nos seus mais variados aspectos, entre eles:<\/p>\n<ul>\n<li>an\u00e1lise da composi\u00e7\u00e3o qu\u00edmica das esp\u00e9cies;<\/li>\n<li>desenvolvimentos de bioensaios cl\u00e1ssicos e modernos;<\/li>\n<li>desenvolvimentos de fitoter\u00e1picos e fitofarmacos;<\/li>\n<li>desenvolvimento de tecnologias de produ\u00e7\u00e3o de enzimas industriais;<\/li>\n<li>an\u00e1lises toxicol\u00f3gicas, ensaios pr\u00e9-clinicos e cl\u00ednicos;<\/li>\n<li>escalonamento de bioprocessos;<\/li>\n<li>aprimoramento dos marcos regulat\u00f3rios referentes a acessos propriedade intelectual e uso sustent\u00e1vel da biodiversidade, etc&#8230;<\/li>\n<\/ul>\n<\/li>\n<\/ul>\n<\/div>\n<\/div>\n","protected":false},"excerpt":{"rendered":"<p>Conhe\u00e7a as \u00c1reas de Concentra\u00e7\u00e3o da Bionorte O Programa de P\u00f3s-Gradua\u00e7\u00e3o da Rede BIONORTE contar\u00e1 com duas \u00e1reas de concentra\u00e7\u00e3o e tr\u00eas linhas de pesquisa, conforme descrito a seguir: \u00c1rea 1 :\u00a0 Biodiversidade e Conserva\u00e7\u00e3o Essa \u00e1rea de concentra\u00e7\u00e3o tem&hellip; <\/p>\n<p><a href=\"https:\/\/www2.unifap.br\/bionorte\/pagina-exemplo\/areas-de-concentracao\/\" class=\"readmore-button\">Continue Reading<\/a><\/p>\n","protected":false},"author":308,"featured_media":0,"parent":2,"menu_order":0,"comment_status":"open","ping_status":"open","template":"","meta":{"inline_featured_image":false,"ngg_post_thumbnail":0,"footnotes":""},"class_list":["post-26","page","type-page","status-publish","hentry"],"_links":{"self":[{"href":"https:\/\/www2.unifap.br\/bionorte\/wp-json\/wp\/v2\/pages\/26","targetHints":{"allow":["GET"]}}],"collection":[{"href":"https:\/\/www2.unifap.br\/bionorte\/wp-json\/wp\/v2\/pages"}],"about":[{"href":"https:\/\/www2.unifap.br\/bionorte\/wp-json\/wp\/v2\/types\/page"}],"author":[{"embeddable":true,"href":"https:\/\/www2.unifap.br\/bionorte\/wp-json\/wp\/v2\/users\/308"}],"replies":[{"embeddable":true,"href":"https:\/\/www2.unifap.br\/bionorte\/wp-json\/wp\/v2\/comments?post=26"}],"version-history":[{"count":3,"href":"https:\/\/www2.unifap.br\/bionorte\/wp-json\/wp\/v2\/pages\/26\/revisions"}],"predecessor-version":[{"id":30,"href":"https:\/\/www2.unifap.br\/bionorte\/wp-json\/wp\/v2\/pages\/26\/revisions\/30"}],"up":[{"embeddable":true,"href":"https:\/\/www2.unifap.br\/bionorte\/wp-json\/wp\/v2\/pages\/2"}],"wp:attachment":[{"href":"https:\/\/www2.unifap.br\/bionorte\/wp-json\/wp\/v2\/media?parent=26"}],"curies":[{"name":"wp","href":"https:\/\/api.w.org\/{rel}","templated":true}]}}