{"id":318,"date":"2019-02-13T19:39:00","date_gmt":"2019-02-13T19:39:00","guid":{"rendered":"http:\/\/www2.unifap.br\/bionorte\/?page_id=318"},"modified":"2019-02-17T23:29:25","modified_gmt":"2019-02-17T23:29:25","slug":"livros-publicados","status":"publish","type":"page","link":"https:\/\/www2.unifap.br\/bionorte\/livros-publicados\/","title":{"rendered":"Livros publicados"},"content":{"rendered":"<p><b>Livros:<\/b><\/p>\n<ul>\n<li>2016:<\/li>\n<\/ul>\n<p><a title=\"Livro Completo\" href=\"https:\/\/www.amazon.com\/Planejamento-Racional-F%C3%A1rmacos-Antimal%C3%A1ricos-Portuguese\/dp\/3330739983\" target=\"_blank\"><img decoding=\"async\" class=\"size-thumbnail wp-image-335 alignleft\" alt=\"LIVRO1 BRENO\" src=\"http:\/\/www2.unifap.br\/bionorte\/files\/2019\/02\/LIVRO1-BRENO-150x150.jpg\" width=\"150\" height=\"150\" srcset=\"https:\/\/www2.unifap.br\/bionorte\/files\/2019\/02\/LIVRO1-BRENO-150x150.jpg 150w, https:\/\/www2.unifap.br\/bionorte\/files\/2019\/02\/LIVRO1-BRENO-70x70.jpg 70w\" sizes=\"(max-width: 150px) 100vw, 150px\" \/><\/a><\/p>\n<p>SANTOS, CLEYDSON B. R.; CARVALHO, JOS\u00c9 C. T.; MAC\u00caDO, WILIAMS, J. C. <b>Planejamento Racional de F\u00e1rmacos Antimal\u00e1ricos: Qu\u00edmica Medicinal Aplicada (Portuguese Edition)<\/b>.\u00a0Saarbr\u00fccken (Alemanha): Novas Edi\u00e7\u00f5es Acad\u00eamicas, 2016.<\/p>\n<p>&nbsp;<\/p>\n<p>&nbsp;<\/p>\n<p>&nbsp;<\/p>\n<p>&nbsp;<\/p>\n<p><a title=\"Livro Completo\" href=\"https:\/\/www.amazon.com.br\/An%C3%A1lise-Aprendizagem-Ensino-Qu%C3%ADmica-Alternativas\/dp\/384172051X\/ref=sr_1_6?qid=1550088058&amp;refinements=p_27%3AJosivan&amp;s=books&amp;sr=1-6\" target=\"_blank\"><img decoding=\"async\" class=\"size-thumbnail wp-image-336 alignleft\" alt=\"livro2 breno\" src=\"http:\/\/www2.unifap.br\/bionorte\/files\/2019\/02\/livro2-breno-150x150.jpg\" width=\"150\" height=\"150\" srcset=\"https:\/\/www2.unifap.br\/bionorte\/files\/2019\/02\/livro2-breno-150x150.jpg 150w, https:\/\/www2.unifap.br\/bionorte\/files\/2019\/02\/livro2-breno-70x70.jpg 70w\" sizes=\"(max-width: 150px) 100vw, 150px\" \/><\/a><\/p>\n<p>COSTA, JOSIVAN S.; SANTOS, CLEYDSON B. R.; VIDAL, LUANNY MARIA, A.\u00a0<b>An\u00e1lise da Aprendizagem no Ensino de Qu\u00edmica: Acessando as Concep\u00e7\u00f5es Alternativas<\/b>.\u00a0Saarbr\u00fccken (Alemanha): Novas Edi\u00e7\u00f5es Acad\u00eamicas, 2016.<\/p>\n<p>&nbsp;<\/p>\n<p>&nbsp;<\/p>\n<p>&nbsp;<\/p>\n<p>&nbsp;<\/p>\n<ul>\n<li>2017:<\/li>\n<\/ul>\n<p>&nbsp;<\/p>\n<p><a title=\"Livro Completo\" href=\"http:\/\/pdf.blucher.com.br.s3-sa-east-1.amazonaws.com\/openaccess\/9788580392197\/completo.pdf\" target=\"_blank\"><img decoding=\"async\" class=\"size-thumbnail wp-image-332 alignleft\" alt=\"print livro argemiro\" src=\"http:\/\/www2.unifap.br\/bionorte\/files\/2019\/02\/print-livro-argemiro-150x150.jpg\" width=\"150\" height=\"150\" srcset=\"https:\/\/www2.unifap.br\/bionorte\/files\/2019\/02\/print-livro-argemiro-150x150.jpg 150w, https:\/\/www2.unifap.br\/bionorte\/files\/2019\/02\/print-livro-argemiro-70x70.jpg 70w\" sizes=\"(max-width: 150px) 100vw, 150px\" \/><\/a><\/p>\n<p>BASTOS, ARGEMIRO M.; MIRANDA JUNIOR, JOS\u00c9 P.; SILVA, RAULLYAN B. L.<b>Conhecimento e Manejo Sustent\u00e1vel da Biodiversidade Amapaense<\/b>. S\u00e3o Paulo: Edgard Bl\u00fccher, 2017.<\/p>\n<p>&nbsp;<\/p>\n<p>&nbsp;<\/p>\n<p>&nbsp;<\/p>\n<ul>\n<li>2018:<\/li>\n<\/ul>\n<p>&nbsp;<\/p>\n<p><a title=\"Livro Completo\" href=\"https:\/\/www.amazon.com.br\/Climatologia-Amap%C3%A1-Quase-S%C3%A9culo-Hist%C3%B3ria\/dp\/8559683887\" target=\"_blank\"><img loading=\"lazy\" decoding=\"async\" class=\"size-thumbnail wp-image-331 alignleft\" alt=\"capa livro jefferson\" src=\"http:\/\/www2.unifap.br\/bionorte\/files\/2019\/02\/capa-livro-jefferson-150x150.jpg\" width=\"150\" height=\"150\" srcset=\"https:\/\/www2.unifap.br\/bionorte\/files\/2019\/02\/capa-livro-jefferson-150x150.jpg 150w, https:\/\/www2.unifap.br\/bionorte\/files\/2019\/02\/capa-livro-jefferson-70x70.jpg 70w\" sizes=\"(max-width: 150px) 100vw, 150px\" \/><\/a><\/p>\n<p>VILHENA, JEFFERSON E. S.; SILVA, RAULLYAN B. L.; FREITAS, JO\u00c3O L. <b>Climatologia do Amap\u00e1: Quase um S\u00e9culo de Hist\u00f3ria.<\/b> Rio de Janeiro: Gramma, 2018.<\/p>\n","protected":false},"excerpt":{"rendered":"<p>Livros: 2016: SANTOS, CLEYDSON B. R.; CARVALHO, JOS\u00c9 C. T.; MAC\u00caDO, WILIAMS, J. C. Planejamento Racional de F\u00e1rmacos Antimal\u00e1ricos: Qu\u00edmica Medicinal Aplicada (Portuguese Edition).\u00a0Saarbr\u00fccken (Alemanha): Novas Edi\u00e7\u00f5es Acad\u00eamicas, 2016. &nbsp; &nbsp; &nbsp; &nbsp; COSTA, JOSIVAN S.; SANTOS, CLEYDSON B. R.;&hellip; <\/p>\n<p><a href=\"https:\/\/www2.unifap.br\/bionorte\/livros-publicados\/\" class=\"readmore-button\">Continue Reading<\/a><\/p>\n","protected":false},"author":3813,"featured_media":0,"parent":0,"menu_order":7,"comment_status":"open","ping_status":"closed","template":"","meta":{"inline_featured_image":false,"ngg_post_thumbnail":0,"footnotes":""},"class_list":["post-318","page","type-page","status-publish","hentry"],"_links":{"self":[{"href":"https:\/\/www2.unifap.br\/bionorte\/wp-json\/wp\/v2\/pages\/318","targetHints":{"allow":["GET"]}}],"collection":[{"href":"https:\/\/www2.unifap.br\/bionorte\/wp-json\/wp\/v2\/pages"}],"about":[{"href":"https:\/\/www2.unifap.br\/bionorte\/wp-json\/wp\/v2\/types\/page"}],"author":[{"embeddable":true,"href":"https:\/\/www2.unifap.br\/bionorte\/wp-json\/wp\/v2\/users\/3813"}],"replies":[{"embeddable":true,"href":"https:\/\/www2.unifap.br\/bionorte\/wp-json\/wp\/v2\/comments?post=318"}],"version-history":[{"count":13,"href":"https:\/\/www2.unifap.br\/bionorte\/wp-json\/wp\/v2\/pages\/318\/revisions"}],"predecessor-version":[{"id":347,"href":"https:\/\/www2.unifap.br\/bionorte\/wp-json\/wp\/v2\/pages\/318\/revisions\/347"}],"wp:attachment":[{"href":"https:\/\/www2.unifap.br\/bionorte\/wp-json\/wp\/v2\/media?parent=318"}],"curies":[{"name":"wp","href":"https:\/\/api.w.org\/{rel}","templated":true}]}}