{"id":34,"date":"2015-05-12T14:21:43","date_gmt":"2015-05-12T14:21:43","guid":{"rendered":"http:\/\/www2.unifap.br\/bionorte\/?page_id=34"},"modified":"2019-02-11T23:07:11","modified_gmt":"2019-02-11T23:07:11","slug":"coordenacao-geral-e-estadual","status":"publish","type":"page","link":"https:\/\/www2.unifap.br\/bionorte\/pagina-exemplo\/coordenacao-geral-e-estadual\/","title":{"rendered":"Coordena\u00e7\u00e3o Geral e Estadual"},"content":{"rendered":"<p><a href=\"http:\/\/www2.unifap.br\/bionorte\/files\/2012\/08\/bionorte.gif\"><img decoding=\"async\" class=\"alignnone size-medium wp-image-9\" alt=\"bionorte\" src=\"http:\/\/www2.unifap.br\/bionorte\/files\/2012\/08\/bionorte-300x60.gif\" width=\"300\" height=\"60\" \/><\/a><\/p>\n<p><span style=\"color: #008000\"><strong style=\"font-size: 14px;line-height: 1.5em\">Nome do Curso:<\/strong><\/span><\/p>\n<div>\n<p>Doutorado em Biodiversidade, Conserva\u00e7\u00e3o e Biotecnologia<\/p>\n<p><strong><span style=\"color: #008000\">\u00c1reas de Concentra\u00e7\u00e3o:<\/span><em><br \/>\n<\/em><\/strong>\u00c1rea 1 &#8211; Biodiversidade e Conserva\u00e7\u00e3o<br \/>\n\u00c1rea 2 &#8211; Biotecnologia<\/p>\n<p><strong><span style=\"color: #008000\">Institui\u00e7\u00e3o Coordenadora (Sede):<\/span><\/strong><\/p>\n<p class=\"MsoNormal\" style=\"margin-bottom: 0.0001pt;text-align: justify;line-height: normal\"><span style=\"font-size: 10.5pt;font-family: Georgia, serif\">Universidade Estadual do Maranh\u00e3o \u2013 UEMA<\/span><span style=\"font-size: 10.5pt;font-family: Georgia, serif\">\u00a0<\/span><\/p>\n<p class=\"MsoNormal\" style=\"margin-bottom: 0.0001pt;text-align: justify;line-height: normal\">Avenida Louren\u00e7o Vieira da Silva s\/n,\u00a0S\u00e3o Lu\u00eds, MA<\/p>\n<p class=\"MsoNormal\" style=\"margin-bottom: 0.0001pt;text-align: justify;line-height: normal\">Cidade Universit\u00e1ria Paulo VI, Pr\u00e9dio da Veterin\u00e1ria, caixa postal 09<\/p>\n<p class=\"MsoNormal\" style=\"margin-bottom: 0.0001pt;text-align: justify;line-height: normal\"><span style=\"font-size: 10.5pt;font-family: Georgia, serif\">CEP: 65055-310<\/span><\/p>\n<p class=\"MsoNormal\" style=\"margin-bottom: 0.0001pt;text-align: justify;line-height: normal\"><span style=\"font-size: 10.5pt;font-family: Georgia, serif\">Telefone: (98) 2016\u20138130<\/span><\/p>\n<p>&nbsp;<\/p>\n<p class=\"MsoNormal\" style=\"margin-bottom: 0.0001pt;text-align: justify;line-height: normal\"><strong style=\"color: #008000\">Coordenador Geral:<\/strong><\/p>\n<p>Prof\u00aa. Dra. Patricia Maia Correia de Albuquerque (<a title=\"Curr\u00edculo Lattes\" href=\"http:\/\/lattes.cnpq.br\/2638140144113936\" target=\"_blank\">Lattes<\/a>)<\/p>\n<p><strong style=\"color: #008000\">Colegiado Estadual:<\/strong><\/p>\n<p class=\"MsoNormal\" style=\"margin-bottom: .0001pt;line-height: 150%\"><span style=\"font-size: 10.5pt;line-height: 150%;font-family: Georgia, serif\">Universidade Federal do Amap\u00e1 &#8211; UNIFAP<\/span><span style=\"font-size: 10.5pt;line-height: 150%;font-family: Georgia, serif\"><br \/>\n<span>Campus Universit\u00e1rio Marco Zero do Equador<\/span><br \/>\n<span>Rodovia Juscelino Kubitschek, Km 02, Jardim Marco Zero,<\/span> <span>Macap\u00e1, AP<\/span><\/span><br \/>\n<span>CEP: 68902-280<\/span><br \/>\n<span>Secretaria do PPG-BIONORTE,\u00a0Centro de Estudos e Pesquisas da Amaz\u00f4nia &#8211; CEPA<\/span><br \/>\n<span>Telefone: (96) 3312-1740<\/span><br \/>\n<span>Coordenador: Dr. Cleydson Breno Rodrigues dos Santos (<a title=\"Curr\u00edculo Lattes\" href=\"http:\/\/lattes.cnpq.br\/4851715640991871\" target=\"_blank\">Lattes<\/a>)<\/span><span style=\"font-size: 10.5pt;line-height: 107%;font-family: 'Georgia',serif;color: #333333;background: white\"><span style=\"font-family: Georgia, 'Times New Roman', 'Bitstream Charter', Times, serif\"><br \/>\n<\/span><\/span><\/p>\n<\/div>\n","protected":false},"excerpt":{"rendered":"<p>Nome do Curso: Doutorado em Biodiversidade, Conserva\u00e7\u00e3o e Biotecnologia \u00c1reas de Concentra\u00e7\u00e3o: \u00c1rea 1 &#8211; Biodiversidade e Conserva\u00e7\u00e3o \u00c1rea 2 &#8211; Biotecnologia Institui\u00e7\u00e3o Coordenadora (Sede): Universidade Estadual do Maranh\u00e3o \u2013 UEMA\u00a0 Avenida Louren\u00e7o Vieira da Silva s\/n,\u00a0S\u00e3o Lu\u00eds, MA Cidade&hellip; <\/p>\n<p><a href=\"https:\/\/www2.unifap.br\/bionorte\/pagina-exemplo\/coordenacao-geral-e-estadual\/\" class=\"readmore-button\">Continue Reading<\/a><\/p>\n","protected":false},"author":308,"featured_media":0,"parent":2,"menu_order":3,"comment_status":"open","ping_status":"open","template":"","meta":{"inline_featured_image":false,"ngg_post_thumbnail":0,"footnotes":""},"class_list":["post-34","page","type-page","status-publish","hentry"],"_links":{"self":[{"href":"https:\/\/www2.unifap.br\/bionorte\/wp-json\/wp\/v2\/pages\/34","targetHints":{"allow":["GET"]}}],"collection":[{"href":"https:\/\/www2.unifap.br\/bionorte\/wp-json\/wp\/v2\/pages"}],"about":[{"href":"https:\/\/www2.unifap.br\/bionorte\/wp-json\/wp\/v2\/types\/page"}],"author":[{"embeddable":true,"href":"https:\/\/www2.unifap.br\/bionorte\/wp-json\/wp\/v2\/users\/308"}],"replies":[{"embeddable":true,"href":"https:\/\/www2.unifap.br\/bionorte\/wp-json\/wp\/v2\/comments?post=34"}],"version-history":[{"count":12,"href":"https:\/\/www2.unifap.br\/bionorte\/wp-json\/wp\/v2\/pages\/34\/revisions"}],"predecessor-version":[{"id":312,"href":"https:\/\/www2.unifap.br\/bionorte\/wp-json\/wp\/v2\/pages\/34\/revisions\/312"}],"up":[{"embeddable":true,"href":"https:\/\/www2.unifap.br\/bionorte\/wp-json\/wp\/v2\/pages\/2"}],"wp:attachment":[{"href":"https:\/\/www2.unifap.br\/bionorte\/wp-json\/wp\/v2\/media?parent=34"}],"curies":[{"name":"wp","href":"https:\/\/api.w.org\/{rel}","templated":true}]}}