{"id":348,"date":"2019-02-17T23:30:22","date_gmt":"2019-02-17T23:30:22","guid":{"rendered":"http:\/\/www2.unifap.br\/bionorte\/?page_id=348"},"modified":"2019-04-15T13:18:23","modified_gmt":"2019-04-15T13:18:23","slug":"artigos-publicados","status":"publish","type":"page","link":"https:\/\/www2.unifap.br\/bionorte\/artigos-publicados\/","title":{"rendered":"Artigos publicados"},"content":{"rendered":"<p><b>Artigos:<\/b><\/p>\n<ul>\n<li>2013:<\/li>\n<\/ul>\n<p><a title=\"Artigo completo\" href=\"http:\/\/www2.unifap.br\/bionorte\/files\/2019\/02\/01.Evaluation-of-Quantum-Chemical-Methods-and-Basis-Sets-Applied-in-the-Molecular-Modeling-of-Artemisinin.pdf\" target=\"_blank\" rel=\"noopener\">SANTOS, CLEYDSON B. R.; LOBATO, CLEISON C.; VIEIRA, JOSINETE B.; BRASIL, DAVI S. B.; BRITO, ALAAN U.; MAC\u00caDO, WILIAMS, J. C.;&nbsp;CARVALHO, JOS\u00c9 C. T.; PINHEIRO, JOS\u00c9 C. Evaluation of Quantum Chemical Methods and Basis Sets Applied in the Molecular Modeling of Artemisinin. <b>Computational Molecular Bioscience<\/b>, v. 3, p. 66-79, 2013.<\/a><\/p>\n<ul>\n<li>2014:<\/li>\n<\/ul>\n<p><a href=\"http:\/\/www2.unifap.br\/bionorte\/files\/2019\/02\/02.Validation-of-Computational-Methods-Applied-in-Molecular-Modeling-of-Artemisinin-with-Antimalarial-Activity.pdf\" target=\"_blank\" rel=\"noopener\">SANTOS, C. B. R.; VIEIRA, J. B.; FORMIGOSA, A. S.; VIANA, E; PINHEIRO, M. T.; DA SILVA, J. O.; MAC\u00caDO, W. J. C.; CARVALHO, J. C. T. Validation of Computational Methods Applied in Molecular Modeling of Artemisinin with Antimalarial Activity. <strong>Journal of Computational and Theoretical Nanoscience<\/strong>, v. 11, p. 553-561, 2014.<\/a><\/p>\n<p><a href=\"http:\/\/www2.unifap.br\/bionorte\/files\/2019\/03\/03.A-SAR-and-QSAR-Study-of-New-Artemisinin-Compounds-with-Antimalarial-Activity.pdf\" target=\"_blank\" rel=\"noopener\">SANTOS, CLEYDSON; VIEIRA, JOSINETE ; LOBATO, CLEISON ; HAGE-MELIM, LORANE ; SOUTO, RAIMUNDO ; LIMA, CLARISSA ; COSTA, ELIZABETH ; BRASIL, DAVI ; MAC\u00caDO, WILLIAMS ; CARVALHO, JOS\u00c9 . A SAR and QSAR Study of New Artemisinin Compounds with Antimalarial Activity. <strong>Molecules (Basel. Online)<\/strong>, v. 19, p. 367-399, 2014.<\/a><\/p>\n<p><a href=\"http:\/\/www2.unifap.br\/bionorte\/files\/2019\/03\/04.Application-of-Hartree-Fock-Method-for-Modeling-of-Bioactive-Molecules-Using-SAR-and-QSAR.pdf\" target=\"_blank\" rel=\"noopener\">SANTOS, C. B. R.; LOBATO, C. C. ; BRAGA, F. S. ; MORAIS, S. S. S. ; SANTOS, C. F. ; FERNANDES, C. P. ;&nbsp;BRASIL, D. S. B.&nbsp;; HAGE-MELIM, L. I. S. ; MACEDO, W. J. C. ;&nbsp;CARVALHO, J. C. T.&nbsp;. Application of Hartree-Fock Method for Modeling of Bioactive Molecules Using SAR and QSPR. <strong>Computational Molecular Bioscience<\/strong>, v. 04, p. 1-24, 2014.<\/a><\/p>\n<p><a href=\"http:\/\/www2.unifap.br\/bionorte\/files\/2019\/03\/05.Molecular-Modeling-Origin-Fundamental-Concepts-and-Applications-Using-Structure-Activity-Relationship-and-Quantitative-Structure-Activity-Relationship.pdf\" target=\"_blank\" rel=\"noopener\">SANTOS, C. B. R.; LOBATO, C. C ; SOUSA, M. A. C. ; MAC\u00caDO, W. J. C ;&nbsp;CARVALHO, J. C. T.&nbsp;. Molecular Modeling: Origin, Fundamental Concepts and Applications Using Structure-Activity Relationship and Quantitative Structure-Activity Relationship. <strong>Reviews in Theoretical Science<\/strong>, v. 2, p. 91-115, 2014.<\/a><\/p>\n<p><a href=\"http:\/\/www2.unifap.br\/bionorte\/files\/2019\/03\/06.ANTIOPHIDIAN-ACTIVITY-OF-BROSIMUM-GUIANENSE.pdf\" target=\"_blank\" rel=\"noopener\">BITTENCOURT, JOSE ADOLFO HOMOBONO MACHADO ; DE OLIVEIRA, NAYANA KEYLA SEABRA ; CABRAL, MAXWELL SANTOS ; RIBEIRO, JOSE RENATO ; HENRIQUES, SHAYANNE VANESSA CORREIA ; PICAN\u00c7O, LEIDE CAROLINE DOS SANTOS ;&nbsp;SANTOS, CLEYDSON BRENO DOS&nbsp;; STIEN, DIDIER ; CARVALHO, JOSE CARLOS TAVARES ; DA SILVA, JOCIVANIA OLIVEIRA . ANTIOPHIDIAN ACTIVITY OF&nbsp;<i>BROSIMUM GUIANENSE<\/i>&nbsp;(AUBL) HUBER. <strong>American Journal of Pharmacology and Toxicology<\/strong>, v. 9, p. 148-156, 2014.<\/a><\/p>\n<p><a href=\"http:\/\/www2.unifap.br\/bionorte\/files\/2019\/03\/07.A-QSAR-Pharmacokinetic-and-Toxicological-Study-of-New-Artemisinin-Compounds-with-Anticancer-Activity.pdf\" target=\"_blank\" rel=\"noopener\">VIEIRA, JOSINETE ; BRAGA, FRANCINALDO ; LOBATO, CLEISON ; SANTOS, C\u00c9SAR ; COSTA, JOSIVAN ; BITTENCOURT, JOS\u00c9 ; BRASIL, DAVI ; SILVA, JOCIV\u00c2NIA ; HAGE-MELIM, LORANE ; MAC\u00caDO, WILLIAMS ; CARVALHO, JOS\u00c9 ;&nbsp;SANTOS, CLEYDSON&nbsp;. A QSAR, Pharmacokinetic and Toxicological Study of New Artemisinin Compounds with Anticancer Activity. <strong>Molecules (Basel. Online)<\/strong>, v. 19, p. 10670-10697, 2014.<\/a><\/p>\n<p><a href=\"http:\/\/www2.unifap.br\/bionorte\/files\/2019\/03\/08.Computational-Medicinal-Chemistry-to-Design-Novel-Phosphoinositide-3-Kinase-PI3K-Alpha-Inhibitors-in-view-of-cancer.pdf\" target=\"_blank\" rel=\"noopener\">HAGE-MELIM, LORANE ;&nbsp;SANTOS, CLEYDSON&nbsp;; POIANI, JOAO ; VAIDERGOM, MIGUEL ; MANZOLLI, EDUARDO ; SILVA, CARLOS . Computational Medicinal Chemistry to Design Novel Phosphoinositide 3- Kinase (PI3K) Alpha Inhibitors in View of Cancer. <strong>Current Bioactive Compounds<\/strong>, v. 10, p. 147-157, 2014.<\/a><\/p>\n<p><a href=\"http:\/\/www2.unifap.br\/bionorte\/files\/2019\/03\/09.Determination-of-Trace-metals-in-Sediments-and-Plants-on-Canal-of-Jandi\u00e1-and-Iguarape-of-Fortaleza-in-Macapa_AP_Brazil.pdf\" target=\"_blank\" rel=\"noopener\">SANTOS, KAROLINE ;&nbsp;SANTOS, CLEYDSON&nbsp;; FERREIRA, ADRIANA ; BRAGA, FRANCINALDO ; LOBATO, CLEISON ; FLORENTINO, ALEXANDRO ; CARVALHO, JOS\u00c9 ; BEZERRA, ROBERTO . Determination of Trace-metals in Sediments and Plants on Canal of Jandi\u00e1 and Igarape of Fortaleza in Macap\u00e1-AP-Brazil. <strong>American Chemical Science Journal<\/strong>, v. 4, p. 706-714, 2014.<\/a><\/p>\n<p><a href=\"http:\/\/www2.unifap.br\/bionorte\/files\/2019\/03\/10.Oral-Administration-of-Euterpe-oleracea-Mart-its-influence.pdf\" target=\"_blank\" rel=\"noopener\">PINHEIRO, M. T. ; LOBATO, C. C. ; BRAGA, F. S. ; SANTOS, C. F. ; COSTA, J. S. ;&nbsp;CARVALHO, J. C. T.&nbsp;;&nbsp;SANTOS, C. B. R.&nbsp;. Oral Administration of Euterpe oleracea Mart., Its Influence over Body Weight and Lymphoid Organs and Alterations in Haematological and Glycaemical Parameters. <strong>British Journal of Pharmaceutical Research<\/strong>, v. 4, p. 2484-2493, 2014.<\/a><\/p>\n<p><a href=\"http:\/\/www2.unifap.br\/bionorte\/files\/2019\/03\/12.Computational-Analysis-of-Physicochemical-Pharmacokinetic-and-Toxicological-Properties-of-Deoxyhypusine-Synthase-Inhibitors-With-Antimalarial-Activity.pdf\" target=\"_blank\" rel=\"noopener\">SILVA, NAYARA S. R. ; GON\u00c7ALVES, LUANA K. S. ; DUARTE, JONATAS L. ; SILVA, JULIANE S. ; SANTOS, C\u00c9SAR F. ; BRAGA, FRANCINALDO S. ; SILVA, RA\u00cd C. ; COSTA, JOSIVAN S. ; HAGE-MELIM, LORANE I. S. ;&nbsp;DOS SANTOS, CLEYDSON B. R.&nbsp;. Computational Analysis of Physicochemical, Pharmacokinetic and Toxicological Properties of Deoxyhypusine Synthase Inhibitors with Antimalarial Activity. <strong>Computational Molecular Bioscience<\/strong>, v. 04, p. 47-57, 2014.<\/a><\/p>\n<ul>\n<li>2015:<\/li>\n<\/ul>\n<p><a href=\"http:\/\/www2.unifap.br\/bionorte\/files\/2019\/03\/11.Physicochemical-Characterization-of-Water-Quality_Lagoa-dos-indios-in-Macap\u00e1.pdf\" target=\"_blank\" rel=\"noopener\">COSTA, JOSIVAN ; BRAGA, FRANCINALDO ; ALMEIDA, SHEYLLA ; RAMOS, RYAN ; BRITO, DA\u00cdMIO ; CUNHA, ALAN ;&nbsp;SANTOS, CLEYDSON&nbsp;. Physicochemical Characterization of Water Quality &#8211; Lagoa dos \u00cdndios in Macap\u00e1, Brazil. <strong>American Chemical Science Journal<\/strong>, v. 5, p. 122-134, 2015.<\/a><\/p>\n<ul>\n<li>2019:<\/li>\n<\/ul>\n<p><a href=\"http:\/\/www2.unifap.br\/bionorte\/files\/2019\/04\/molecules-24-01476-s001_artigo-novo-2019.pdf\" target=\"_blank\" rel=\"noopener\">BITTENCOURT, J. A. H. M.; NETO, M. F. A.; LACERDA, P. S.; BITTENCOURT, RENATA C. V.; SILVA, R. C.; LOBATO, C. C.; SILVA, LUCIANE B.; LEITE, F. H. A.; ZULIANE, J. P.; ROSA, J. M. C.; BORGES, R. S.; SANTOS, C. B. R. In Silico Evaluation of Ibuprofen and two Benzoylpropionic Acid Derivatives With Potential Anti-Inflammatory Activity.&nbsp;<strong>Molecules<\/strong>, v. 24, 2019.<\/a><\/p>\n","protected":false},"excerpt":{"rendered":"<p>Artigos: 2013: SANTOS, CLEYDSON B. R.; LOBATO, CLEISON C.; VIEIRA, JOSINETE B.; BRASIL, DAVI S. B.; BRITO, ALAAN U.; MAC\u00caDO, WILIAMS, J. C.;&nbsp;CARVALHO, JOS\u00c9 C. T.; PINHEIRO, JOS\u00c9 C. Evaluation of Quantum Chemical Methods and Basis Sets Applied in the&hellip; <\/p>\n<p><a href=\"https:\/\/www2.unifap.br\/bionorte\/artigos-publicados\/\" class=\"readmore-button\">Continue Reading<\/a><\/p>\n","protected":false},"author":3813,"featured_media":0,"parent":0,"menu_order":8,"comment_status":"open","ping_status":"closed","template":"","meta":{"inline_featured_image":false,"ngg_post_thumbnail":0,"footnotes":""},"class_list":["post-348","page","type-page","status-publish","hentry"],"_links":{"self":[{"href":"https:\/\/www2.unifap.br\/bionorte\/wp-json\/wp\/v2\/pages\/348","targetHints":{"allow":["GET"]}}],"collection":[{"href":"https:\/\/www2.unifap.br\/bionorte\/wp-json\/wp\/v2\/pages"}],"about":[{"href":"https:\/\/www2.unifap.br\/bionorte\/wp-json\/wp\/v2\/types\/page"}],"author":[{"embeddable":true,"href":"https:\/\/www2.unifap.br\/bionorte\/wp-json\/wp\/v2\/users\/3813"}],"replies":[{"embeddable":true,"href":"https:\/\/www2.unifap.br\/bionorte\/wp-json\/wp\/v2\/comments?post=348"}],"version-history":[{"count":12,"href":"https:\/\/www2.unifap.br\/bionorte\/wp-json\/wp\/v2\/pages\/348\/revisions"}],"predecessor-version":[{"id":518,"href":"https:\/\/www2.unifap.br\/bionorte\/wp-json\/wp\/v2\/pages\/348\/revisions\/518"}],"wp:attachment":[{"href":"https:\/\/www2.unifap.br\/bionorte\/wp-json\/wp\/v2\/media?parent=348"}],"curies":[{"name":"wp","href":"https:\/\/api.w.org\/{rel}","templated":true}]}}