{"id":44,"date":"2015-05-12T14:34:02","date_gmt":"2015-05-12T14:34:02","guid":{"rendered":"http:\/\/www2.unifap.br\/bionorte\/?page_id=44"},"modified":"2015-05-12T14:35:58","modified_gmt":"2015-05-12T14:35:58","slug":"disciplinas","status":"publish","type":"page","link":"https:\/\/www2.unifap.br\/bionorte\/pagina-exemplo\/disciplinas\/","title":{"rendered":"Disciplinas"},"content":{"rendered":"<h2><span style=\"color: #008000\">Conhe\u00e7a as disciplinas ofertas pela Bionorte<\/span><\/h2>\n<p><span style=\"color: #008000\"><strong><em>Obrigat\u00f3rias<\/em><\/strong><\/span><\/p>\n<p>Atividade de Pesquisa &#8211; Desenvolvimento do Projeto de Tese<br \/>\nBiodiversidade Amaz\u00f4nica<br \/>\nBioneg\u00f3cios e Marcos Regulat\u00f3rios em Biotecnologia<br \/>\nEst\u00e1gio Doc\u00eancia<br \/>\nProspec\u00e7\u00e3o, Conserva\u00e7\u00e3o e Uso de Recursos Gen\u00e9ticos<br \/>\nSemin\u00e1rios em Biodiversidade, Conserva\u00e7\u00e3o e Biotecnologia<\/p>\n<p><span style=\"color: #008000\"><em><strong>Optativas &#8211; Biodiversidade e Bioconserva\u00e7\u00e3o<\/strong><\/em><\/span><\/p>\n<p>Bases Ecol\u00f3gicas da Conserva\u00e7\u00e2o<br \/>\nControle Biol\u00f3gico<br \/>\nEtnobot\u00e2nica<br \/>\nGen\u00e9tica da Conserva\u00e7\u00e3o<br \/>\nInvent\u00e1rio da Biodiversidade<br \/>\nManejo de Recursos Naturais<br \/>\nMicrobiologia Aplicada<br \/>\nM\u00e9todos Moleculares de An\u00e1lise da Biodiversidade<br \/>\nRecupera\u00e7\u00e3o de \u00c1reas Alteradas<br \/>\nSistemas Agroflorestais Amaz\u00f4nicos<br \/>\nSistem\u00e1tica e Taxonomia<br \/>\nT\u00f3picos Especiais em Biodiversidade<br \/>\nT\u00f3picos Especiais em Conserva\u00e7\u00e3o<\/p>\n<p><em><strong><span style=\"color: #008000\">Optativas &#8211; Biotecnologia<\/span><\/strong><\/em><\/p>\n<p>Bioinform\u00e1tica<br \/>\nCaracteriza\u00e7\u00e3o de Biomol\u00e9culas<br \/>\nCultivo de C\u00e9lulas e Tecidos Animais<br \/>\nCultivo de C\u00e9lulas e Tecidos Vegetais<br \/>\nEngenharia Gen\u00e9tica<br \/>\nEnzimologia<br \/>\nFarmacologia de Produtos Naturais<br \/>\nMelhoramento Gen\u00e9tico<br \/>\nM\u00e9todos Avan\u00e7ados de Diagn\u00f3stico<br \/>\nNanobiotecnologia<br \/>\nPurifica\u00e7\u00e3o de Biomol\u00e9culas<br \/>\nQuimica Biorg\u00e2nica<br \/>\nTecnologia de Bioprocessos<br \/>\nT\u00f3picos Especiais em Biotecnologia<\/p>\n<p><span style=\"color: #008000\"><em><strong>Optativas de interesse geral<\/strong><\/em><\/span><\/p>\n<p>Bio\u00e9tica e Biosseguran\u00e7a<br \/>\nEmpreendedorismo<br \/>\nEstat\u00edstica Experimental<br \/>\nMetodologia da Pesquisa Cientif\u00edca<br \/>\nPropriedade Intelectual em Biotecnologia<br \/>\nReda\u00e7\u00e3o Cient\u00edfica<\/p>\n<p>Para mais detalhes acesse o link <a href=\"http:\/\/http:\/\/www.bionorte.org.br\/programa-de-pos-graduacao\/disciplinas.htm?ida=0\">Disciplinas Bionorte<\/a><\/p>\n","protected":false},"excerpt":{"rendered":"<p>Conhe\u00e7a as disciplinas ofertas pela Bionorte Obrigat\u00f3rias Atividade de Pesquisa &#8211; Desenvolvimento do Projeto de Tese Biodiversidade Amaz\u00f4nica Bioneg\u00f3cios e Marcos Regulat\u00f3rios em Biotecnologia Est\u00e1gio Doc\u00eancia Prospec\u00e7\u00e3o, Conserva\u00e7\u00e3o e Uso de Recursos Gen\u00e9ticos Semin\u00e1rios em Biodiversidade, Conserva\u00e7\u00e3o e Biotecnologia Optativas&hellip; <\/p>\n<p><a href=\"https:\/\/www2.unifap.br\/bionorte\/pagina-exemplo\/disciplinas\/\" class=\"readmore-button\">Continue Reading<\/a><\/p>\n","protected":false},"author":308,"featured_media":0,"parent":2,"menu_order":4,"comment_status":"open","ping_status":"open","template":"","meta":{"inline_featured_image":false,"ngg_post_thumbnail":0,"footnotes":""},"class_list":["post-44","page","type-page","status-publish","hentry"],"_links":{"self":[{"href":"https:\/\/www2.unifap.br\/bionorte\/wp-json\/wp\/v2\/pages\/44","targetHints":{"allow":["GET"]}}],"collection":[{"href":"https:\/\/www2.unifap.br\/bionorte\/wp-json\/wp\/v2\/pages"}],"about":[{"href":"https:\/\/www2.unifap.br\/bionorte\/wp-json\/wp\/v2\/types\/page"}],"author":[{"embeddable":true,"href":"https:\/\/www2.unifap.br\/bionorte\/wp-json\/wp\/v2\/users\/308"}],"replies":[{"embeddable":true,"href":"https:\/\/www2.unifap.br\/bionorte\/wp-json\/wp\/v2\/comments?post=44"}],"version-history":[{"count":3,"href":"https:\/\/www2.unifap.br\/bionorte\/wp-json\/wp\/v2\/pages\/44\/revisions"}],"predecessor-version":[{"id":48,"href":"https:\/\/www2.unifap.br\/bionorte\/wp-json\/wp\/v2\/pages\/44\/revisions\/48"}],"up":[{"embeddable":true,"href":"https:\/\/www2.unifap.br\/bionorte\/wp-json\/wp\/v2\/pages\/2"}],"wp:attachment":[{"href":"https:\/\/www2.unifap.br\/bionorte\/wp-json\/wp\/v2\/media?parent=44"}],"curies":[{"name":"wp","href":"https:\/\/api.w.org\/{rel}","templated":true}]}}