{"id":49,"date":"2015-05-12T14:37:18","date_gmt":"2015-05-12T14:37:18","guid":{"rendered":"http:\/\/www2.unifap.br\/bionorte\/?page_id=49"},"modified":"2020-02-18T20:21:04","modified_gmt":"2020-02-18T20:21:04","slug":"ofertas-de-disciplinas","status":"publish","type":"page","link":"https:\/\/www2.unifap.br\/bionorte\/ofertas-de-disciplinas\/","title":{"rendered":"Ofertas de disciplinas"},"content":{"rendered":"<p style=\"text-align: center\"><strong>GRADE DE DISCIPLINAS PPG-BIONORTE \u2013 1\u00ba SEMESTRE \u2013 2020<\/strong><\/p>\n<p style=\"text-align: center\"><strong>POLO AMAP\u00c1<\/strong><\/p>\n<p><a href=\"http:\/\/www2.unifap.br\/bionorte\/files\/2020\/02\/Slide1-2.jpg\"><img fetchpriority=\"high\" decoding=\"async\" class=\"aligncenter size-full wp-image-616\" src=\"http:\/\/www2.unifap.br\/bionorte\/files\/2020\/02\/Slide1-2.jpg\" alt=\"\" width=\"960\" height=\"720\" srcset=\"https:\/\/www2.unifap.br\/bionorte\/files\/2020\/02\/Slide1-2.jpg 960w, https:\/\/www2.unifap.br\/bionorte\/files\/2020\/02\/Slide1-2-300x225.jpg 300w, https:\/\/www2.unifap.br\/bionorte\/files\/2020\/02\/Slide1-2-768x576.jpg 768w\" sizes=\"(max-width: 960px) 100vw, 960px\" \/><\/a><\/p>\n<p><strong>&nbsp;<\/strong><\/p>\n<p><strong>**Disciplina de Atividade de Pesquisa, somente deve se matricular os alunos que j\u00e1 conclu\u00edram todos os cr\u00e9ditos (obrigat\u00f3rios e optativos).<\/strong><\/p>\n<ol>\n<li><strong> No dia 13 de Mar\u00e7o de 2019 acontecer\u00e1 as Boas Vindas dos Novos Doutorandos e abertura do Ano letivo de 2020 a todos os alunos do PPG-Bionorte, nos seguintes hor\u00e1rios: <\/strong>9h&nbsp; &#8211; S\u00e3o Luis \/ 8h Manaus\/ 7h Rio Branco.<\/li>\n<li><strong> Fica a cargo das Coordena\u00e7\u00f5es Estaduais marcarem um momento entre os dias 09 a 11\/03 para reunirem-se com TODOS os alunos (n\u00e3o apenas os novos), para repassarem as Novas Instru\u00e7\u00f5es Normativas que aprovamos em Brasilia, e acertarem os pontos com todos!<\/strong><\/li>\n<li><strong> A disciplina obrigat\u00f3ria \u201cSemin\u00e1rios em Biodiversidade, Conserva\u00e7\u00e3o e Biotecnologia\u201d, como foi decidido em Bras\u00edlia, n\u00e3o ser\u00e1 via web totalmente! Combinamos de ela ser oferecida no mesmo hor\u00e1rio em todos os estados para que possamos compartilhar a programa\u00e7\u00e3o de cada estado, e quando houver uma Palestra de interesse geral, da\u00ed realizar\u00edamos a mesma por web para dar oportunidade a todos assistirem.<\/strong><\/li>\n<li><strong> No ano de 2020, as Coordena\u00e7\u00f5es gerais das Disciplinas via web acontecer\u00e1 em: Manaus (<\/strong>BIONEG\u00d3CIOS E MARCO REGULAT. EM BIOTECNOLOGIA); e S\u00e3o Lu\u00eds (BIODIVERSIDADE AMAZ\u00d4NICA, Jos\u00e9 Manuel Macario\/Glecio\/Patricia Albuquerque) e (PROSPEC\u00c7\u00c3O, CONSERVA\u00c7\u00c3O E USO DE RECURSOS GEN\u00c9TICOS, Elizabeth Soares Fernandes).<\/li>\n<\/ol>\n<p><strong><u>ATEN\u00c7\u00c3O<\/u>: * A disciplina de atividade de pesquisa, somente deve-se matricular os discentes que j\u00e1 conclu\u00edram todos os cr\u00e9ditos (obrigat\u00f3rios e optativos), caso n\u00e3o queira optar em fazer as disciplinas ofertadas deve buscar em outros PPGs.<\/strong><\/p>\n","protected":false},"excerpt":{"rendered":"<p>GRADE DE DISCIPLINAS PPG-BIONORTE \u2013 1\u00ba SEMESTRE \u2013 2020 POLO AMAP\u00c1 &nbsp; **Disciplina de Atividade de Pesquisa, somente deve se matricular os alunos que j\u00e1 conclu\u00edram todos os cr\u00e9ditos (obrigat\u00f3rios e optativos). No dia 13 de Mar\u00e7o de 2019 acontecer\u00e1&hellip; <\/p>\n<p><a href=\"https:\/\/www2.unifap.br\/bionorte\/ofertas-de-disciplinas\/\" class=\"readmore-button\">Continue Reading<\/a><\/p>\n","protected":false},"author":308,"featured_media":0,"parent":0,"menu_order":3,"comment_status":"open","ping_status":"open","template":"","meta":{"inline_featured_image":false,"ngg_post_thumbnail":0,"footnotes":""},"class_list":["post-49","page","type-page","status-publish","hentry"],"_links":{"self":[{"href":"https:\/\/www2.unifap.br\/bionorte\/wp-json\/wp\/v2\/pages\/49","targetHints":{"allow":["GET"]}}],"collection":[{"href":"https:\/\/www2.unifap.br\/bionorte\/wp-json\/wp\/v2\/pages"}],"about":[{"href":"https:\/\/www2.unifap.br\/bionorte\/wp-json\/wp\/v2\/types\/page"}],"author":[{"embeddable":true,"href":"https:\/\/www2.unifap.br\/bionorte\/wp-json\/wp\/v2\/users\/308"}],"replies":[{"embeddable":true,"href":"https:\/\/www2.unifap.br\/bionorte\/wp-json\/wp\/v2\/comments?post=49"}],"version-history":[{"count":65,"href":"https:\/\/www2.unifap.br\/bionorte\/wp-json\/wp\/v2\/pages\/49\/revisions"}],"predecessor-version":[{"id":617,"href":"https:\/\/www2.unifap.br\/bionorte\/wp-json\/wp\/v2\/pages\/49\/revisions\/617"}],"wp:attachment":[{"href":"https:\/\/www2.unifap.br\/bionorte\/wp-json\/wp\/v2\/media?parent=49"}],"curies":[{"name":"wp","href":"https:\/\/api.w.org\/{rel}","templated":true}]}}