{"id":51,"date":"2015-05-12T14:48:05","date_gmt":"2015-05-12T14:48:05","guid":{"rendered":"http:\/\/www2.unifap.br\/bionorte\/?page_id=51"},"modified":"2019-02-18T17:53:44","modified_gmt":"2019-02-18T17:53:44","slug":"legislacao","status":"publish","type":"page","link":"https:\/\/www2.unifap.br\/bionorte\/pagina-exemplo\/legislacao\/","title":{"rendered":"Legisla\u00e7\u00e3o"},"content":{"rendered":"<p><a href=\"http:\/\/www2.unifap.br\/bionorte\/files\/2012\/08\/bionorte.gif\"><img decoding=\"async\" class=\"alignnone size-medium wp-image-9\" alt=\"bionorte\" src=\"http:\/\/www2.unifap.br\/bionorte\/files\/2012\/08\/bionorte-300x60.gif\" width=\"300\" height=\"60\" \/><\/a><\/p>\n<h2>\u00a0<span style=\"color: #008000\">Documentos Relacionados ao Programa de P\u00f3s-Gradua\u00e7\u00e3o<\/span><\/h2>\n<p><a style=\"line-height: 1.5em\" href=\"http:\/\/www.bionorte.org.br\/public\/upl\/doc\/p5\/doc_2105.pdf\"><span style=\"line-height: 1.5em\">PORTARIA DE CRIA\u00c7\u00c3O DA REDE BIONORTE<\/span><\/a><\/p>\n<p><a href=\"http:\/\/www.unifap.br\/public\/index\/viewarquivo\/id\/64508\">PORTARIA COORDENA\u00c7\u00c3O ESTADUAL<\/a><\/p>\n<p><a href=\"http:\/\/www.bionorte.org.br\/public\/upl\/doc\/p0\/doc_2290.pdf\"><span style=\"line-height: 1.5em\">REGIMENTO BIONORTE<\/span><\/a><\/p>\n<p><a href=\"http:\/\/www.bionorte.org.br\/public\/upl\/doc\/p1\/doc_2111.pdf\">REGULAMENTO BIONORTE<\/a><\/p>\n<p><a href=\"http:\/\/www.bionorte.org.br\/public\/upl\/doc\/p4\/doc_2214.pdf\">REGRAS DE CONCESS\u00c3O DE BOLSA CAPES<\/a><\/p>\n<ul>\n<li><strong>INSTRU\u00c7\u00d5ES NORMATIVAS PARA TURMA 2019:<\/strong><\/li>\n<\/ul>\n<p><a title=\"Texto completo\" href=\"http:\/\/www2.unifap.br\/bionorte\/files\/2019\/02\/Instrucoes-Normativas-01-EXAME-DE-QUALIFICACAO-28.01.19.pdf\" target=\"_blank\">Instru\u00e7\u00e3o Normativa n\u00ba 01 do PPGB-BIONORTE &#8211; 22 de Novembro de 2018<\/a><\/p>\n<p><a title=\"Texto completo\" href=\"http:\/\/www2.unifap.br\/bionorte\/files\/2019\/02\/Instrucoes-Normativas-02-DESLIGAMENTO-DO-PPG-BIONORTE-28.01.19.pdf\" target=\"_blank\">Instru\u00e7\u00e3o Normativa n\u00ba 02 do PPGB-BIONORTE &#8211; 22 de Novembro de 2018<\/a><\/p>\n<p><a title=\"Texto completo\" href=\"http:\/\/www2.unifap.br\/bionorte\/files\/2019\/02\/Instrucoes-Normativas-03-PARA-RECONHECIMENTO-DE-CR\u00c9DITO-28-01-19.pdf\" target=\"_blank\">Instru\u00e7\u00e3o Normativa n\u00ba 03 do PPGB-BIONORTE &#8211; 22 de Novembro de 2018<\/a><\/p>\n<p><a title=\"Texto completo\" href=\"http:\/\/www2.unifap.br\/bionorte\/files\/2019\/02\/Instrucoes-Normativas-04-PARA-DEFESA-DE-TESE-28-01-19.pdf\" target=\"_blank\">Instru\u00e7\u00e3o Normativa n\u00ba 04 do PPGB-BIONORTE &#8211; 22 de Novembro de 2018<\/a><\/p>\n<p>&nbsp;<\/p>\n","protected":false},"excerpt":{"rendered":"<p>\u00a0Documentos Relacionados ao Programa de P\u00f3s-Gradua\u00e7\u00e3o PORTARIA DE CRIA\u00c7\u00c3O DA REDE BIONORTE PORTARIA COORDENA\u00c7\u00c3O ESTADUAL REGIMENTO BIONORTE REGULAMENTO BIONORTE REGRAS DE CONCESS\u00c3O DE BOLSA CAPES INSTRU\u00c7\u00d5ES NORMATIVAS PARA TURMA 2019: Instru\u00e7\u00e3o Normativa n\u00ba 01 do PPGB-BIONORTE &#8211; 22 de Novembro&hellip; <\/p>\n<p><a href=\"https:\/\/www2.unifap.br\/bionorte\/pagina-exemplo\/legislacao\/\" class=\"readmore-button\">Continue Reading<\/a><\/p>\n","protected":false},"author":308,"featured_media":0,"parent":2,"menu_order":5,"comment_status":"open","ping_status":"open","template":"","meta":{"inline_featured_image":false,"ngg_post_thumbnail":0,"footnotes":""},"class_list":["post-51","page","type-page","status-publish","hentry"],"_links":{"self":[{"href":"https:\/\/www2.unifap.br\/bionorte\/wp-json\/wp\/v2\/pages\/51","targetHints":{"allow":["GET"]}}],"collection":[{"href":"https:\/\/www2.unifap.br\/bionorte\/wp-json\/wp\/v2\/pages"}],"about":[{"href":"https:\/\/www2.unifap.br\/bionorte\/wp-json\/wp\/v2\/types\/page"}],"author":[{"embeddable":true,"href":"https:\/\/www2.unifap.br\/bionorte\/wp-json\/wp\/v2\/users\/308"}],"replies":[{"embeddable":true,"href":"https:\/\/www2.unifap.br\/bionorte\/wp-json\/wp\/v2\/comments?post=51"}],"version-history":[{"count":13,"href":"https:\/\/www2.unifap.br\/bionorte\/wp-json\/wp\/v2\/pages\/51\/revisions"}],"predecessor-version":[{"id":366,"href":"https:\/\/www2.unifap.br\/bionorte\/wp-json\/wp\/v2\/pages\/51\/revisions\/366"}],"up":[{"embeddable":true,"href":"https:\/\/www2.unifap.br\/bionorte\/wp-json\/wp\/v2\/pages\/2"}],"wp:attachment":[{"href":"https:\/\/www2.unifap.br\/bionorte\/wp-json\/wp\/v2\/media?parent=51"}],"curies":[{"name":"wp","href":"https:\/\/api.w.org\/{rel}","templated":true}]}}