{"id":58,"date":"2015-05-12T17:20:00","date_gmt":"2015-05-12T17:20:00","guid":{"rendered":"http:\/\/www2.unifap.br\/bionorte\/?page_id=58"},"modified":"2023-11-16T19:51:50","modified_gmt":"2023-11-16T19:51:50","slug":"formularios","status":"publish","type":"page","link":"https:\/\/www2.unifap.br\/bionorte\/formularios\/","title":{"rendered":"Formul\u00e1rios"},"content":{"rendered":"<h2><span style=\"color: #008000\">Formul\u00e1rios do Programa de P\u00f3s-Gradua\u00e7\u00e3o da Bionorte:<\/span><\/h2>\n<ul>\n<li><a href=\"http:\/\/www2.unifap.br\/bionorte\/files\/2019\/03\/FICHA-DE-MATRICULA-BIONORTE_SIGAA.docx\">Formul\u00e1rio de Matr\u00edcula via SIGAA<\/a><\/li>\n<li><a href=\"http:\/\/www2.unifap.br\/bionorte\/?attachment_id=79\">Formul\u00e1rio de Trancamento de Disciplina<\/a><\/li>\n<li><a href=\"http:\/\/www2.unifap.br\/bionorte\/?attachment_id=76\">Formul\u00e1rio de Reconhecimento de Cr\u00e9dito<\/a><\/li>\n<li><a href=\"http:\/\/www2.unifap.br\/bionorte\/?attachment_id=80\">Normas Procedimentais para Est\u00e1gio Doc\u00eancia<\/a><\/li>\n<li><a href=\"http:\/\/www2.unifap.br\/bionorte\/?attachment_id=75\">Frequ\u00eancia Mensal de Discente<\/a><\/li>\n<li><a href=\"http:\/\/www2.unifap.br\/bionorte\/files\/2021\/01\/RELAT\u00d3RIO-ANUAL_Bionorte.doc\">Relat\u00f3rio Anual de Discente<\/a><\/li>\n<li><a href=\"http:\/\/www2.unifap.br\/bionorte\/files\/2020\/08\/Agendamento-de-Exame-de-Qualifica\u00e7\u00e3o_Atualizado.docx\">Formul\u00e1rio de Agendamento da Qualifica\u00e7\u00e3o<\/a><\/li>\n<li><a href=\"http:\/\/www2.unifap.br\/bionorte\/files\/2019\/03\/agendamento-de-defesa.docx\">Formul\u00e1rio de Agendamento de Defesa da Tese<\/a><\/li>\n<li><a href=\"http:\/\/www2.unifap.br\/bionorte\/files\/2020\/05\/Bionorte-Polo-Amap\u00e1_Acompanhamento-discente_pr\u00e9-defesa_2020.doc\">Acompanhamento discente Pr\u00e9-defesa<\/a><\/li>\n<li><a href=\"http:\/\/www2.unifap.br\/bionorte\/files\/2020\/08\/01.MODELO_CAD.COORIENTADOR-FORMULARIO.docx\">Cadastro de Coorientador SIGAA\/UNIFAP<\/a><\/li>\n<li><a href=\"http:\/\/www2.unifap.br\/bionorte\/files\/2019\/04\/FORMULA\u0301RIO-DE-PUBLICAC\u0327A\u0303O-DE-ARTIGO.docx\">Formul\u00e1rio de Artigos Publicados e Aceitos &#8211; Plataforma CAPES<\/a><\/li>\n<li><a href=\"http:\/\/www2.unifap.br\/bionorte\/files\/2019\/04\/01.MODELO_CAD.DISCENTE-FORMULARIO.docx\">Formul\u00e1rio de Cadastro de Discente Especial &#8211; SIGAA\/UNIFAP<\/a><\/li>\n<li><a href=\"http:\/\/www2.unifap.br\/bionorte\/files\/2019\/05\/Carta-para-solicita\u00e7\u00e3o-de-agendamento-de-defesa-de-tese.docx\">Carta para Solicita\u00e7\u00e3o de Agendamento de Defesa de Tese<\/a><\/li>\n<li><a href=\"http:\/\/www2.unifap.br\/bionorte\/files\/2023\/11\/00.CARTA-DE-SOLICITACAO-DE-DIPLOMA_UNIFAP.docx\">Carta de Solicita\u00e7\u00e3o de Diploma<\/a><\/li>\n<li><a href=\"http:\/\/www2.unifap.br\/bionorte\/files\/2023\/04\/Formulario-BIONORTE-Cadastro-Pos_Doutorado.docx\">Solicita\u00e7\u00e3o de Cadastro de P\u00f3s-doutorado<\/a><\/li>\n<\/ul>\n","protected":false},"excerpt":{"rendered":"<p>Formul\u00e1rios do Programa de P\u00f3s-Gradua\u00e7\u00e3o da Bionorte: Formul\u00e1rio de Matr\u00edcula via SIGAA Formul\u00e1rio de Trancamento de Disciplina Formul\u00e1rio de Reconhecimento de Cr\u00e9dito Normas Procedimentais para Est\u00e1gio Doc\u00eancia Frequ\u00eancia Mensal de Discente Relat\u00f3rio Anual de Discente Formul\u00e1rio de Agendamento da Qualifica\u00e7\u00e3o&hellip; <\/p>\n<p><a href=\"https:\/\/www2.unifap.br\/bionorte\/formularios\/\" class=\"readmore-button\">Continue Reading<\/a><\/p>\n","protected":false},"author":308,"featured_media":0,"parent":0,"menu_order":5,"comment_status":"open","ping_status":"open","template":"","meta":{"inline_featured_image":false,"ngg_post_thumbnail":0,"footnotes":""},"class_list":["post-58","page","type-page","status-publish","hentry"],"_links":{"self":[{"href":"https:\/\/www2.unifap.br\/bionorte\/wp-json\/wp\/v2\/pages\/58","targetHints":{"allow":["GET"]}}],"collection":[{"href":"https:\/\/www2.unifap.br\/bionorte\/wp-json\/wp\/v2\/pages"}],"about":[{"href":"https:\/\/www2.unifap.br\/bionorte\/wp-json\/wp\/v2\/types\/page"}],"author":[{"embeddable":true,"href":"https:\/\/www2.unifap.br\/bionorte\/wp-json\/wp\/v2\/users\/308"}],"replies":[{"embeddable":true,"href":"https:\/\/www2.unifap.br\/bionorte\/wp-json\/wp\/v2\/comments?post=58"}],"version-history":[{"count":28,"href":"https:\/\/www2.unifap.br\/bionorte\/wp-json\/wp\/v2\/pages\/58\/revisions"}],"predecessor-version":[{"id":819,"href":"https:\/\/www2.unifap.br\/bionorte\/wp-json\/wp\/v2\/pages\/58\/revisions\/819"}],"wp:attachment":[{"href":"https:\/\/www2.unifap.br\/bionorte\/wp-json\/wp\/v2\/media?parent=58"}],"curies":[{"name":"wp","href":"https:\/\/api.w.org\/{rel}","templated":true}]}}