{"id":85,"date":"2015-05-12T18:40:48","date_gmt":"2015-05-12T18:40:48","guid":{"rendered":"http:\/\/www2.unifap.br\/bionorte\/?page_id=85"},"modified":"2021-06-23T13:17:54","modified_gmt":"2021-06-23T13:17:54","slug":"teses","status":"publish","type":"page","link":"https:\/\/www2.unifap.br\/bionorte\/teses\/","title":{"rendered":"Teses"},"content":{"rendered":"<p><strong>Egressos:<\/strong><\/p>\n<ul>\n<li><strong>2014:<\/strong><\/li>\n<\/ul>\n<div align=\"center\">\n<table border=\"1\" cellspacing=\"0\" cellpadding=\"0\">\n<tbody>\n<tr>\n<td width=\"124\">\n<p align=\"center\"><b>Doutorando<\/b><\/p>\n<\/td>\n<td valign=\"top\" width=\"256\">\n<p align=\"center\"><b>Curr\u00edculo Lattes<\/b><\/p>\n<\/td>\n<td valign=\"top\" width=\"107\">\n<p align=\"center\"><b>Orientador<\/b><\/p>\n<\/td>\n<\/tr>\n<tr>\n<td width=\"124\">\n<p align=\"center\">Cleydson Breno Rodrigues dos Santos (<a title=\"Tese Completa\" href=\"http:\/\/www2.unifap.br\/bionorte\/files\/2019\/02\/TESE-FINAL-COMPLETA-Cleydson-Breno-Rodrigues-dos-Santos-arquivo-compactado.pdf\" target=\"_blank\" rel=\"noopener noreferrer\"><b>Tese<\/b><\/a>)<\/p>\n<\/td>\n<td valign=\"top\" width=\"256\">\n<p align=\"center\"><a title=\"Curr\u00edculo Lattes\" href=\"http:\/\/lattes.cnpq.br\/4851715640991871\" target=\"_blank\" rel=\"noopener noreferrer\">http:\/\/lattes.cnpq.br\/4851715640991871<\/a><\/p>\n<\/td>\n<td valign=\"top\" width=\"107\">\n<p align=\"center\">Jos\u00e9 Carlos Tavares Carvalho<\/p>\n<\/td>\n<\/tr>\n<\/tbody>\n<\/table>\n<\/div>\n<p>&nbsp;<\/p>\n<ul>\n<li><strong>2016:<\/strong><\/li>\n<\/ul>\n<div align=\"center\">\n<table border=\"1\" cellspacing=\"0\" cellpadding=\"0\">\n<tbody>\n<tr>\n<td width=\"124\">\n<p align=\"center\"><b>Doutorando<\/b><\/p>\n<\/td>\n<td valign=\"top\" width=\"256\">\n<p align=\"center\"><b>Curr\u00edculo Lattes<\/b><\/p>\n<\/td>\n<td valign=\"top\" width=\"107\">\n<p align=\"center\"><b>Orientador<\/b><\/p>\n<\/td>\n<\/tr>\n<tr>\n<td width=\"124\">\n<p align=\"center\">Argemiro Midon\u00eas Bastos (<a title=\"Tese Final Completa\" href=\"http:\/\/www2.unifap.br\/bionorte\/files\/2019\/02\/TESE-FINAL-COMPLETA-Argemiro-Midon%C3%AAs-Bastos.pdf\" target=\"_blank\" rel=\"noopener noreferrer\"><b>Tese<\/b><\/a>)<\/p>\n<\/td>\n<td valign=\"top\" width=\"256\">\n<p align=\"center\"><a title=\"Curr\u00edculo Lattes\" href=\"http:\/\/lattes.cnpq.br\/4721849132990261\" target=\"_blank\" rel=\"noopener noreferrer\">http:\/\/lattes.cnpq.br\/4721849132990261<\/a><\/p>\n<\/td>\n<td valign=\"top\" width=\"107\">\n<p align=\"center\">Marcos Tavares Dias<\/p>\n<\/td>\n<\/tr>\n<tr>\n<td width=\"124\">\n<p align=\"center\">Mayara Tania Pinheiro (<a title=\"Tese Completa\" href=\"http:\/\/www2.unifap.br\/bionorte\/files\/2019\/02\/TESE-FINAL-COMPLETA-Mayara-Tania-Pinheiro.pdf\" target=\"_blank\" rel=\"noopener noreferrer\"><b>Tese<\/b><\/a>)<\/p>\n<\/td>\n<td valign=\"top\" width=\"256\">\n<p align=\"center\"><a title=\"Curr\u00edculo Lattes\" href=\"http:\/\/lattes.cnpq.br\/2644365458010288\" target=\"_blank\" rel=\"noopener noreferrer\">http:\/\/lattes.cnpq.br\/2644365458010288<\/a><\/p>\n<\/td>\n<td valign=\"top\" width=\"107\">\n<p align=\"center\">Sheylla Susan Moreira da Silva de Almeida<\/p>\n<\/td>\n<\/tr>\n<\/tbody>\n<\/table>\n<\/div>\n<p>&nbsp;<\/p>\n<ul>\n<li><strong>2017:<\/strong><\/li>\n<\/ul>\n<div align=\"center\">\n<table>\n<tbody>\n<tr>\n<td width=\"124\">\n<p style=\"text-align: center\"><strong>Doutorando<\/strong><\/p>\n<\/td>\n<td width=\"256\">\n<p style=\"text-align: center\"><strong>Curr\u00edculo Lattes<\/strong><\/p>\n<\/td>\n<td width=\"107\">\n<p style=\"text-align: center\"><strong>Orientador<\/strong><\/p>\n<\/td>\n<\/tr>\n<tr>\n<td width=\"124\">\n<p style=\"text-align: center\">Janaina Reis Ferreira Lima (<strong>Tese<\/strong>)<\/p>\n<\/td>\n<td style=\"text-align: center\" width=\"256\"><u><a href=\"http:\/\/lattes.cnpq.br\/3787975748061978\">http:\/\/lattes.cnpq.br\/3787975748061978<\/a><\/u><\/td>\n<td style=\"text-align: center\" width=\"107\">Gilda Vasconcellos de Andrade<\/td>\n<\/tr>\n<tr>\n<td style=\"text-align: center\" width=\"124\">Jefferson Erasmo de Souza Vilhena (<strong>Tese<\/strong>)<\/td>\n<td style=\"text-align: center\" width=\"256\"><u><a href=\"http:\/\/lattes.cnpq.br\/3945292485813601\">http:\/\/lattes.cnpq.br\/3945292485813601<\/a><\/u><\/td>\n<td width=\"107\">\n<p style=\"text-align: center\">Raullyan Borja Lima e Silva<\/p>\n<\/td>\n<\/tr>\n<tr>\n<td width=\"124\">\n<p style=\"text-align: center\">Jucivaldo Dias Lima (<strong>Tese<\/strong>)<\/p>\n<\/td>\n<td style=\"text-align: center\" width=\"256\"><u><a href=\"http:\/\/lattes.cnpq.br\/6142629827821697\">http:\/\/lattes.cnpq.br\/6142629827821697<\/a><\/u><\/td>\n<td style=\"text-align: center\" width=\"107\">Gilda Vasconcellos de Andrade<\/td>\n<\/tr>\n<tr>\n<td style=\"text-align: center\" width=\"124\">Patrick de Castro Cantu\u00e1ria<\/p>\n<p>(<a href=\"http:\/\/www2.unifap.br\/bionorte\/files\/2019\/03\/TESE-FINAL-COMPLETA-Patrick-Cantuaria.pdf\" target=\"_blank\" rel=\"noopener noreferrer\"><strong>Tese<\/strong><\/a>)<\/td>\n<td style=\"text-align: center\" width=\"256\"><a href=\"http:\/\/lattes.cnpq.br\/0936816000933677\" target=\"_blank\" rel=\"noopener noreferrer\">http:\/\/lattes.cnpq.br\/0936816000933677<\/a><\/td>\n<td width=\"107\">\n<p style=\"text-align: center\">Jo\u00e3o Ubiratan Moreira dos Santos<\/p>\n<\/td>\n<\/tr>\n<tr>\n<td width=\"124\">\n<p style=\"text-align: center\">Wagner dos Santos Mariano (<strong>Tese<\/strong>)<\/p>\n<\/td>\n<td style=\"text-align: center\" width=\"256\"><u><a href=\"http:\/\/lattes.cnpq.br\/4178881542504601\">http:\/\/lattes.cnpq.br\/4178881542504601<\/a><\/u><\/td>\n<td width=\"107\">\n<p style=\"text-align: center\">Marcos Tavares Dias<\/p>\n<\/td>\n<\/tr>\n<\/tbody>\n<\/table>\n<\/div>\n<div align=\"center\">&nbsp;<\/div>\n<ul>\n<li><strong>2018:<\/strong><\/li>\n<\/ul>\n<div align=\"center\">\n<table border=\"1\" cellspacing=\"0\" cellpadding=\"0\">\n<tbody>\n<tr>\n<td width=\"124\">\n<p align=\"center\"><b>Doutorando<\/b><\/p>\n<\/td>\n<td valign=\"top\" width=\"256\">\n<p align=\"center\"><b>Curr\u00edculo Lattes<\/b><\/p>\n<\/td>\n<td valign=\"top\" width=\"107\">\n<p align=\"center\"><b>Orientador<\/b><\/p>\n<\/td>\n<\/tr>\n<tr>\n<td width=\"124\">\n<p align=\"center\">Alexandre Souto Santiago (<a title=\"Tese Final Completa\" href=\"http:\/\/www2.unifap.br\/bionorte\/files\/2019\/02\/Alexandre_Santiago-_Tese_Final_dez-2018-1.pdf\" target=\"_blank\" rel=\"noopener noreferrer\"><b>Tese<\/b><\/a>)<\/p>\n<\/td>\n<td valign=\"top\" width=\"256\">\n<p align=\"center\"><a title=\"Curr\u00edculo Lattes\" href=\"http:\/\/lattes.cnpq.br\/9216989940268119\" target=\"_blank\" rel=\"noopener noreferrer\">http:\/\/lattes.cnpq.br\/9216989940268119<\/a><\/p>\n<\/td>\n<td width=\"107\">\n<p align=\"center\">Raullyan Borja Lima e Silva<\/p>\n<\/td>\n<\/tr>\n<tr>\n<td width=\"124\">\n<p align=\"center\">Elane Dom\u00eanica Cunha de Oliveira (<a href=\"http:\/\/www2.unifap.br\/bionorte\/files\/2021\/06\/TESE-ElaneDCOliveira_2018_UNIFAP.pdf\"><b>Tese<\/b><\/a>)<\/p>\n<\/td>\n<td valign=\"top\" width=\"256\">\n<p align=\"center\"><a title=\"Curr\u00edculo Lattes\" href=\"http:\/\/lattes.cnpq.br\/1889117131049535\" target=\"_blank\" rel=\"noopener noreferrer\">http:\/\/lattes.cnpq.br\/1889117131049535<\/a><\/p>\n<\/td>\n<td valign=\"top\" width=\"107\">\n<p align=\"center\">Alan Cavalcanti da Cunha<\/p>\n<\/td>\n<\/tr>\n<tr>\n<td width=\"124\">\n<p align=\"center\">Joel Estev\u00e3o de Melo Diniz (<b>Tese<\/b>)<\/p>\n<\/td>\n<td valign=\"top\" width=\"256\">\n<p align=\"center\"><a title=\"Curr\u00edculo Lattes\" href=\"http:\/\/lattes.cnpq.br\/3775062676440229\" target=\"_blank\" rel=\"noopener noreferrer\">http:\/\/lattes.cnpq.br\/3775062676440229<\/a><\/p>\n<\/td>\n<td valign=\"top\" width=\"107\">\n<p align=\"center\">Marcos Tavares Dias<\/p>\n<\/td>\n<\/tr>\n<\/tbody>\n<\/table>\n<\/div>\n","protected":false},"excerpt":{"rendered":"<p>Egressos: 2014: Doutorando Curr\u00edculo Lattes Orientador Cleydson Breno Rodrigues dos Santos (Tese) http:\/\/lattes.cnpq.br\/4851715640991871 Jos\u00e9 Carlos Tavares Carvalho &nbsp; 2016: Doutorando Curr\u00edculo Lattes Orientador Argemiro Midon\u00eas Bastos (Tese) http:\/\/lattes.cnpq.br\/4721849132990261 Marcos Tavares Dias Mayara Tania Pinheiro (Tese) http:\/\/lattes.cnpq.br\/2644365458010288 Sheylla Susan Moreira da&hellip; <\/p>\n<p><a href=\"https:\/\/www2.unifap.br\/bionorte\/teses\/\" class=\"readmore-button\">Continue Reading<\/a><\/p>\n","protected":false},"author":308,"featured_media":0,"parent":0,"menu_order":6,"comment_status":"open","ping_status":"open","template":"","meta":{"inline_featured_image":false,"ngg_post_thumbnail":0,"footnotes":""},"class_list":["post-85","page","type-page","status-publish","hentry"],"_links":{"self":[{"href":"https:\/\/www2.unifap.br\/bionorte\/wp-json\/wp\/v2\/pages\/85","targetHints":{"allow":["GET"]}}],"collection":[{"href":"https:\/\/www2.unifap.br\/bionorte\/wp-json\/wp\/v2\/pages"}],"about":[{"href":"https:\/\/www2.unifap.br\/bionorte\/wp-json\/wp\/v2\/types\/page"}],"author":[{"embeddable":true,"href":"https:\/\/www2.unifap.br\/bionorte\/wp-json\/wp\/v2\/users\/308"}],"replies":[{"embeddable":true,"href":"https:\/\/www2.unifap.br\/bionorte\/wp-json\/wp\/v2\/comments?post=85"}],"version-history":[{"count":18,"href":"https:\/\/www2.unifap.br\/bionorte\/wp-json\/wp\/v2\/pages\/85\/revisions"}],"predecessor-version":[{"id":681,"href":"https:\/\/www2.unifap.br\/bionorte\/wp-json\/wp\/v2\/pages\/85\/revisions\/681"}],"wp:attachment":[{"href":"https:\/\/www2.unifap.br\/bionorte\/wp-json\/wp\/v2\/media?parent=85"}],"curies":[{"name":"wp","href":"https:\/\/api.w.org\/{rel}","templated":true}]}}