{"id":89,"date":"2015-05-12T18:58:20","date_gmt":"2015-05-12T18:58:20","guid":{"rendered":"http:\/\/www2.unifap.br\/bionorte\/?page_id=89"},"modified":"2015-05-18T20:08:36","modified_gmt":"2015-05-18T20:08:36","slug":"links-uteis","status":"publish","type":"page","link":"https:\/\/www2.unifap.br\/bionorte\/links-uteis\/","title":{"rendered":"Links \u00fateis"},"content":{"rendered":"<ul>\n<li><a href=\"http:\/\/www2.unifap.br\/dpq\/\">Departamento de Pesquisa da Unifa<\/a>p<\/li>\n<li><a href=\"http:\/\/www2.unifap.br\/dpg\/\">Departamento de P\u00f3s-Gradua\u00e7\u00e3o<\/a><\/li>\n<\/ul>\n<p>&nbsp;<\/p>\n<p><a style=\"line-height: 1.5em\" href=\"http:\/\/www.sbbiotec.org.br\/v3\/\"><img decoding=\"async\" class=\"alignnone size-medium wp-image-116\" alt=\"profitmag\" src=\"http:\/\/www2.unifap.br\/bionorte\/files\/2015\/05\/profitmag-300x82.png\" width=\"300\" height=\"82\" srcset=\"https:\/\/www2.unifap.br\/bionorte\/files\/2015\/05\/profitmag-300x82.png 300w, https:\/\/www2.unifap.br\/bionorte\/files\/2015\/05\/profitmag.png 380w\" sizes=\"(max-width: 300px) 100vw, 300px\" \/><\/a><\/p>\n<p>&nbsp;<\/p>\n<p><a style=\"line-height: 1.5em\" href=\"http:\/\/www.scielo.org\/php\/index.php\"><img decoding=\"async\" class=\"alignnone size-full wp-image-118\" alt=\"banner\" src=\"http:\/\/www2.unifap.br\/bionorte\/files\/2015\/05\/banner1.jpg\" width=\"160\" height=\"76\" \/><\/a><\/p>\n<p>&nbsp;<\/p>\n<p><a href=\"http:\/\/www.bionorte.org.br\/\"><img decoding=\"async\" class=\"alignnone size-medium wp-image-9\" alt=\"bionorte\" src=\"http:\/\/www2.unifap.br\/bionorte\/files\/2012\/08\/bionorte-300x60.gif\" width=\"300\" height=\"60\" \/><\/a><\/p>\n<p>&nbsp;<\/p>\n<p><a href=\"https:\/\/www.embrapa.br\/amapa\"><img loading=\"lazy\" decoding=\"async\" class=\"alignnone size-full wp-image-123\" alt=\"layout_set_logo\" src=\"http:\/\/www2.unifap.br\/bionorte\/files\/2015\/05\/layout_set_logo.jpg\" width=\"160\" height=\"60\" \/><\/a><\/p>\n<p>&nbsp;<\/p>\n<p><a href=\"http:\/\/www.ueap.ap.gov.br\/\"><img loading=\"lazy\" decoding=\"async\" class=\"alignnone size-medium wp-image-126\" alt=\"s5_logo (1)\" src=\"http:\/\/www2.unifap.br\/bionorte\/files\/2015\/05\/s5_logo-1-300x30.jpg\" width=\"300\" height=\"30\" srcset=\"https:\/\/www2.unifap.br\/bionorte\/files\/2015\/05\/s5_logo-1-300x30.jpg 300w, https:\/\/www2.unifap.br\/bionorte\/files\/2015\/05\/s5_logo-1.jpg 448w\" sizes=\"(max-width: 300px) 100vw, 300px\" \/><\/a><\/p>\n<p>&nbsp;<\/p>\n<p><a href=\"http:\/\/www.capes.gov.br\/\"><img loading=\"lazy\" decoding=\"async\" class=\"alignleft size-full wp-image-138\" alt=\"logo-capes\" src=\"http:\/\/www2.unifap.br\/bionorte\/files\/2015\/05\/logo-capes.png\" width=\"136\" height=\"125\" \/><\/a><\/p>\n<p>&nbsp;<\/p>\n<p>&nbsp;<\/p>\n<p>&nbsp;<\/p>\n<p>&nbsp;<\/p>\n<p><a href=\"http:\/\/www.cienciasemfronteiras.gov.br\/web\/csf\"><img loading=\"lazy\" decoding=\"async\" class=\"alignleft size-thumbnail wp-image-143\" alt=\"download (1)\" src=\"http:\/\/www2.unifap.br\/bionorte\/files\/2015\/05\/download-1-150x107.jpg\" width=\"150\" height=\"107\" \/><\/a><\/p>\n<p>&nbsp;<\/p>\n<p>&nbsp;<\/p>\n<p>&nbsp;<\/p>\n<p>&nbsp;<\/p>\n<p><a href=\"http:\/\/www-periodicos-capes-gov-br.ez7.periodicos.capes.gov.br\/\"><img loading=\"lazy\" decoding=\"async\" class=\"alignleft size-thumbnail wp-image-142\" alt=\"periodicos\" src=\"http:\/\/www2.unifap.br\/bionorte\/files\/2015\/05\/periodicos-150x41.jpg\" width=\"150\" height=\"41\" \/><\/a><\/p>\n<p>&nbsp;<\/p>\n<p>&nbsp;<\/p>\n<p><a style=\"line-height: 1.5em\" href=\"http:\/\/www.iepa.ap.gov.br\/informacoes.php\"><img loading=\"lazy\" decoding=\"async\" class=\"alignleft size-thumbnail wp-image-136\" alt=\"download\" src=\"http:\/\/www2.unifap.br\/bionorte\/files\/2015\/05\/download-150x150.jpg\" width=\"150\" height=\"150\" srcset=\"https:\/\/www2.unifap.br\/bionorte\/files\/2015\/05\/download-150x150.jpg 150w, https:\/\/www2.unifap.br\/bionorte\/files\/2015\/05\/download-70x70.jpg 70w\" sizes=\"(max-width: 150px) 100vw, 150px\" \/><\/a><\/p>\n","protected":false},"excerpt":{"rendered":"<p>Departamento de Pesquisa da Unifap Departamento de P\u00f3s-Gradua\u00e7\u00e3o &nbsp; &nbsp; &nbsp; &nbsp; &nbsp; &nbsp; &nbsp; &nbsp; &nbsp; &nbsp; &nbsp; &nbsp; &nbsp; &nbsp; &nbsp; &nbsp;<\/p>\n","protected":false},"author":308,"featured_media":0,"parent":0,"menu_order":14,"comment_status":"open","ping_status":"open","template":"","meta":{"inline_featured_image":false,"ngg_post_thumbnail":0,"footnotes":""},"class_list":["post-89","page","type-page","status-publish","hentry"],"_links":{"self":[{"href":"https:\/\/www2.unifap.br\/bionorte\/wp-json\/wp\/v2\/pages\/89","targetHints":{"allow":["GET"]}}],"collection":[{"href":"https:\/\/www2.unifap.br\/bionorte\/wp-json\/wp\/v2\/pages"}],"about":[{"href":"https:\/\/www2.unifap.br\/bionorte\/wp-json\/wp\/v2\/types\/page"}],"author":[{"embeddable":true,"href":"https:\/\/www2.unifap.br\/bionorte\/wp-json\/wp\/v2\/users\/308"}],"replies":[{"embeddable":true,"href":"https:\/\/www2.unifap.br\/bionorte\/wp-json\/wp\/v2\/comments?post=89"}],"version-history":[{"count":14,"href":"https:\/\/www2.unifap.br\/bionorte\/wp-json\/wp\/v2\/pages\/89\/revisions"}],"predecessor-version":[{"id":133,"href":"https:\/\/www2.unifap.br\/bionorte\/wp-json\/wp\/v2\/pages\/89\/revisions\/133"}],"wp:attachment":[{"href":"https:\/\/www2.unifap.br\/bionorte\/wp-json\/wp\/v2\/media?parent=89"}],"curies":[{"name":"wp","href":"https:\/\/api.w.org\/{rel}","templated":true}]}}