{"id":92,"date":"2015-05-12T19:00:17","date_gmt":"2015-05-12T19:00:17","guid":{"rendered":"http:\/\/www2.unifap.br\/bionorte\/?page_id=92"},"modified":"2019-06-05T17:26:49","modified_gmt":"2019-06-05T17:26:49","slug":"eventos","status":"publish","type":"page","link":"https:\/\/www2.unifap.br\/bionorte\/eventos\/","title":{"rendered":"Eventos"},"content":{"rendered":"<h4 style=\"text-align: left\"><a href=\"http:\/\/abq-ap.org.br\/semanadoquimico\/\"><img decoding=\"async\" class=\"wp-image-565 alignleft\" src=\"http:\/\/www2.unifap.br\/bionorte\/files\/2019\/06\/WhatsApp-Image-2019-06-05-at-11.48.49_1.jpeg\" alt=\"\" width=\"316\" height=\"125\" srcset=\"https:\/\/www2.unifap.br\/bionorte\/files\/2019\/06\/WhatsApp-Image-2019-06-05-at-11.48.49_1.jpeg 1280w, https:\/\/www2.unifap.br\/bionorte\/files\/2019\/06\/WhatsApp-Image-2019-06-05-at-11.48.49_1-300x119.jpeg 300w, https:\/\/www2.unifap.br\/bionorte\/files\/2019\/06\/WhatsApp-Image-2019-06-05-at-11.48.49_1-768x304.jpeg 768w, https:\/\/www2.unifap.br\/bionorte\/files\/2019\/06\/WhatsApp-Image-2019-06-05-at-11.48.49_1-1024x406.jpeg 1024w\" sizes=\"(max-width: 316px) 100vw, 316px\" \/><\/a>A Semana do Qu\u00edmico 2019 e o IV Workshop da Rede Bionorte com a tem\u00e1tica \u201cCi\u00eancia e Empreendedorismo na Amaz\u00f4nia\u201d ser\u00e3o realizados pela Associa\u00e7\u00e3o Brasileira de Qu\u00edmica regional Amap\u00e1 (ABQ-AP) e pelo Programa de P\u00f3s-Gradua\u00e7\u00e3o em Biodiversidade e Biotecnologia (Rede Bionorte \u2013 Polo Amap\u00e1), entre os dias 17 a 19 de junho de 2019. Durante o evento ocorrer\u00e1 7 (sete) minicursos, 3 (tr\u00eas) mesas-redondas e 13 (treze) palestras. O objetivo \u00e9 proporcionar aos acad\u00eamicos, p\u00f3s-graduandos e profissionais conhecimentos por meio de experi\u00eancia e di\u00e1logos, integrando-os nas diferentes \u00e1reas do conhecimento das ci\u00eancias exatas, biol\u00f3gicas e da sa\u00fade.<\/h4>\n<h4 style=\"text-align: left\">Os valores das inscri\u00e7\u00f5es s\u00e3o variados entre R$ 20 a R$ 50, podendo ser realizadas atrav\u00e9s do site <a href=\"http:\/\/abq-ap.org.br\/semanadoquimico\/\">http:\/\/abq-ap.org.br\/semanadoquimico\/<\/a>.<\/h4>\n","protected":false},"excerpt":{"rendered":"<p>A Semana do Qu\u00edmico 2019 e o IV Workshop da Rede Bionorte com a tem\u00e1tica \u201cCi\u00eancia e Empreendedorismo na Amaz\u00f4nia\u201d ser\u00e3o realizados pela Associa\u00e7\u00e3o Brasileira de Qu\u00edmica regional Amap\u00e1 (ABQ-AP) e pelo Programa de P\u00f3s-Gradua\u00e7\u00e3o em Biodiversidade e Biotecnologia (Rede&hellip; <\/p>\n<p><a href=\"https:\/\/www2.unifap.br\/bionorte\/eventos\/\" class=\"readmore-button\">Continue Reading<\/a><\/p>\n","protected":false},"author":308,"featured_media":0,"parent":0,"menu_order":15,"comment_status":"open","ping_status":"open","template":"","meta":{"inline_featured_image":false,"ngg_post_thumbnail":0,"footnotes":""},"class_list":["post-92","page","type-page","status-publish","hentry"],"_links":{"self":[{"href":"https:\/\/www2.unifap.br\/bionorte\/wp-json\/wp\/v2\/pages\/92","targetHints":{"allow":["GET"]}}],"collection":[{"href":"https:\/\/www2.unifap.br\/bionorte\/wp-json\/wp\/v2\/pages"}],"about":[{"href":"https:\/\/www2.unifap.br\/bionorte\/wp-json\/wp\/v2\/types\/page"}],"author":[{"embeddable":true,"href":"https:\/\/www2.unifap.br\/bionorte\/wp-json\/wp\/v2\/users\/308"}],"replies":[{"embeddable":true,"href":"https:\/\/www2.unifap.br\/bionorte\/wp-json\/wp\/v2\/comments?post=92"}],"version-history":[{"count":8,"href":"https:\/\/www2.unifap.br\/bionorte\/wp-json\/wp\/v2\/pages\/92\/revisions"}],"predecessor-version":[{"id":571,"href":"https:\/\/www2.unifap.br\/bionorte\/wp-json\/wp\/v2\/pages\/92\/revisions\/571"}],"wp:attachment":[{"href":"https:\/\/www2.unifap.br\/bionorte\/wp-json\/wp\/v2\/media?parent=92"}],"curies":[{"name":"wp","href":"https:\/\/api.w.org\/{rel}","templated":true}]}}