{"id":96,"date":"2015-05-12T19:01:26","date_gmt":"2015-05-12T19:01:26","guid":{"rendered":"http:\/\/www2.unifap.br\/bionorte\/?page_id=96"},"modified":"2019-03-18T19:51:43","modified_gmt":"2019-03-18T19:51:43","slug":"fale-conosco","status":"publish","type":"page","link":"https:\/\/www2.unifap.br\/bionorte\/fale-conosco\/","title":{"rendered":"Fale Conosco"},"content":{"rendered":"<h3><span style=\"color: #008000\">Coordena\u00e7\u00e3o<\/span><\/h3>\n<p>Prof. Dr. Cleydson Breno Rodrigues dos Santos\u00a0 \u2013 Coordenador<\/p>\n<p>Prof. Dr. Irlon Maciel Ferreira \u2013 Vice-Coordenador<\/p>\n<p>&nbsp;<\/p>\n<h3><span style=\"color: #008000\">Secretaria<\/span><\/h3>\n<p>Welleson Vilhena Barbosa<\/p>\n<p>E-mail: bionorte@unifap.br<\/p>\n<p>Telefone: +55 (96) 4009 &#8211; 2812<\/p>\n<p>&nbsp;<\/p>\n<p>Programa de P\u00f3s-Gradua\u00e7\u00e3o em Biodiversidade e Biotecnologia da Amaz\u00f4nia Legal \u2013 PPGBionorte<\/p>\n<p><span style=\"line-height: 1.5em\">Universidade Federal do Amap\u00e1 \u2013 UNIFAP<\/span><\/p>\n<p>Centro de Estudos e Pesquisas da Amaz\u00f4nia &#8211; CEPA<\/p>\n<p>Campus Universit\u00e1rio Marco Zero do Equador<\/p>\n<p>Rodovia Juscelino Kubitschek, km 02, Bloco T, Bairro Universidade<\/p>\n<p>68903-419 \u2013 Macap\u00e1, AP, Brasil<\/p>\n","protected":false},"excerpt":{"rendered":"<p>Coordena\u00e7\u00e3o Prof. Dr. Cleydson Breno Rodrigues dos Santos\u00a0 \u2013 Coordenador Prof. Dr. Irlon Maciel Ferreira \u2013 Vice-Coordenador &nbsp; Secretaria Welleson Vilhena Barbosa E-mail: bionorte@unifap.br Telefone: +55 (96) 4009 &#8211; 2812 &nbsp; Programa de P\u00f3s-Gradua\u00e7\u00e3o em Biodiversidade e Biotecnologia da Amaz\u00f4nia&hellip; <\/p>\n<p><a href=\"https:\/\/www2.unifap.br\/bionorte\/fale-conosco\/\" class=\"readmore-button\">Continue Reading<\/a><\/p>\n","protected":false},"author":308,"featured_media":0,"parent":0,"menu_order":17,"comment_status":"open","ping_status":"closed","template":"","meta":{"inline_featured_image":false,"ngg_post_thumbnail":0,"footnotes":""},"class_list":["post-96","page","type-page","status-publish","hentry"],"_links":{"self":[{"href":"https:\/\/www2.unifap.br\/bionorte\/wp-json\/wp\/v2\/pages\/96","targetHints":{"allow":["GET"]}}],"collection":[{"href":"https:\/\/www2.unifap.br\/bionorte\/wp-json\/wp\/v2\/pages"}],"about":[{"href":"https:\/\/www2.unifap.br\/bionorte\/wp-json\/wp\/v2\/types\/page"}],"author":[{"embeddable":true,"href":"https:\/\/www2.unifap.br\/bionorte\/wp-json\/wp\/v2\/users\/308"}],"replies":[{"embeddable":true,"href":"https:\/\/www2.unifap.br\/bionorte\/wp-json\/wp\/v2\/comments?post=96"}],"version-history":[{"count":8,"href":"https:\/\/www2.unifap.br\/bionorte\/wp-json\/wp\/v2\/pages\/96\/revisions"}],"predecessor-version":[{"id":310,"href":"https:\/\/www2.unifap.br\/bionorte\/wp-json\/wp\/v2\/pages\/96\/revisions\/310"}],"wp:attachment":[{"href":"https:\/\/www2.unifap.br\/bionorte\/wp-json\/wp\/v2\/media?parent=96"}],"curies":[{"name":"wp","href":"https:\/\/api.w.org\/{rel}","templated":true}]}}