{"id":10,"date":"2015-04-14T18:57:25","date_gmt":"2015-04-14T18:57:25","guid":{"rendered":"http:\/\/www2.unifap.br\/bolsa-permanencia-mec\/?page_id=10"},"modified":"2015-04-14T18:59:21","modified_gmt":"2015-04-14T18:59:21","slug":"informativos-e-instrucoes","status":"publish","type":"page","link":"https:\/\/www2.unifap.br\/bolsa-permanencia-mec\/informativos-e-instrucoes\/","title":{"rendered":"Informativos e Instru\u00e7\u00f5es"},"content":{"rendered":"<h2 style=\"text-align: center\"><strong><strong><a href=\"http:\/\/www2.unifap.br\/bolsa-permanencia-mec\/files\/2015\/04\/INFORMATIVO-E-INSTRU\u00c7\u00d5ES.pdf\" target=\"_blank\">INFORMATIVO E INSTRU\u00c7\u00d5ES<\/a><\/strong><br \/>\n<\/strong><\/h2>\n<p><b>Portaria n. 389 MEC 2013 \u2013 Cria\u00e7\u00e3o do Programa Bolsa Perman\u00eancia<\/b><\/p>\n<p><b>Termo de Ades\u00e3o- UNIFAP<\/b><\/p>\n<p><b>Resolu\u00e7\u00e3o FNDE n.13 \/2013<\/b><\/p>\n<p><b>Manual de Gest\u00e3o do Programa de Bolsa Perman\u00eancia<\/b><\/p>\n<p style=\"text-align: center\">\n<p>\u00a0A Pr\u00f3-Reitoria de Extens\u00e3o e A\u00e7\u00f5es Comunit\u00e1ria (PROEAC),informa \u00e0 comunidade estudantil que a Universidade Federal do Amap\u00e1 assinou o termo de ades\u00e3o, junto ao Governo Federal, ao Programa de Bolsa Perman\u00eancia (PBP) que concede auxilio financeiro a estudantes de institui\u00e7\u00f5es federais.<\/p>\n<p><b>O beneficio tem por objetivos<\/b>:<\/p>\n<p>I. Viabilizar a perman\u00eancia de estudantes em situa\u00e7\u00e3o de vulnerabilidade socioecon\u00f4mica, em especial os ind\u00edgenas e quilombolas;<\/p>\n<p>II. Reduzir custos de manuten\u00e7\u00e3o de vagas ociosas em decorr\u00eancia de evas\u00e3o estudantil;<\/p>\n<p>III. Promover a democratiza\u00e7\u00e3o do acesso ao ensino superior, por meio da ado\u00e7\u00e3o de a\u00e7\u00f5es complementares de promo\u00e7\u00e3o do desempenho acad\u00eamico.<\/p>\n<p>Segundo as regras estabelecidas pelo MEC, somente poder\u00e3o se inscrever os alunos regularmente matriculados em cursos com carga hor\u00e1ria igual ou superior a 5 horas di\u00e1rias e que tenham renda per capita de um sal\u00e1rio-m\u00ednimo e meio pelo c\u00e1lculo do MEC, podem se inscreverem os discentes dos seguintes cursos: <b>ENFERMAGEM, MEDICINA, FARM\u00c1CIA, FISIOTERAPIA, CI\u00caNCIAS BIOLOGICAS BACHARELADO, CI\u00caNCIAS BIOLOGICAS LICENCIATURA.<\/b><\/p>\n<p>Poder\u00e3o tamb\u00e9m se inscrever os estudantes ind\u00edgenas e quilombolas, independentemente de carga hor\u00e1ria dos cursos em que estiverem matriculados e da renda familiar, conforme estabelecido pelo Minist\u00e9rio da Educa\u00e7\u00e3o (MEC) atrav\u00e9s da Portaria N\u00ba 389, de 9 de maio de 2013, publicado no Di\u00e1rio Oficial no dia 13\/05\/2013.<\/p>\n","protected":false},"excerpt":{"rendered":"<p>INFORMATIVO E INSTRU\u00c7\u00d5ES Portaria n. 389 MEC 2013 \u2013 Cria\u00e7\u00e3o do Programa Bolsa Perman\u00eancia Termo de Ades\u00e3o- UNIFAP Resolu\u00e7\u00e3o FNDE n.13 \/2013 Manual de Gest\u00e3o do Programa de Bolsa Perman\u00eancia \u00a0A Pr\u00f3-Reitoria de Extens\u00e3o e A\u00e7\u00f5es Comunit\u00e1ria (PROEAC),informa \u00e0 comunidade&hellip; <\/p>\n<p><a href=\"https:\/\/www2.unifap.br\/bolsa-permanencia-mec\/informativos-e-instrucoes\/\" class=\"readmore-button\">Continue Reading<\/a><\/p>\n","protected":false},"author":604,"featured_media":0,"parent":0,"menu_order":0,"comment_status":"open","ping_status":"open","template":"","meta":{"inline_featured_image":false,"ngg_post_thumbnail":0,"footnotes":""},"class_list":["post-10","page","type-page","status-publish","hentry"],"_links":{"self":[{"href":"https:\/\/www2.unifap.br\/bolsa-permanencia-mec\/wp-json\/wp\/v2\/pages\/10","targetHints":{"allow":["GET"]}}],"collection":[{"href":"https:\/\/www2.unifap.br\/bolsa-permanencia-mec\/wp-json\/wp\/v2\/pages"}],"about":[{"href":"https:\/\/www2.unifap.br\/bolsa-permanencia-mec\/wp-json\/wp\/v2\/types\/page"}],"author":[{"embeddable":true,"href":"https:\/\/www2.unifap.br\/bolsa-permanencia-mec\/wp-json\/wp\/v2\/users\/604"}],"replies":[{"embeddable":true,"href":"https:\/\/www2.unifap.br\/bolsa-permanencia-mec\/wp-json\/wp\/v2\/comments?post=10"}],"version-history":[{"count":3,"href":"https:\/\/www2.unifap.br\/bolsa-permanencia-mec\/wp-json\/wp\/v2\/pages\/10\/revisions"}],"predecessor-version":[{"id":14,"href":"https:\/\/www2.unifap.br\/bolsa-permanencia-mec\/wp-json\/wp\/v2\/pages\/10\/revisions\/14"}],"wp:attachment":[{"href":"https:\/\/www2.unifap.br\/bolsa-permanencia-mec\/wp-json\/wp\/v2\/media?parent=10"}],"curies":[{"name":"wp","href":"https:\/\/api.w.org\/{rel}","templated":true}]}}