{"id":12,"date":"2012-12-04T21:10:24","date_gmt":"2012-12-04T21:10:24","guid":{"rendered":"http:\/\/www2.unifap.br\/c-regional\/?page_id=12"},"modified":"2013-05-21T13:38:29","modified_gmt":"2013-05-21T13:38:29","slug":"historia-da-comunicacao-amapaense","status":"publish","type":"page","link":"https:\/\/www2.unifap.br\/c-regional\/historia-da-comunicacao-amapaense\/","title":{"rendered":"Hist\u00f3ria da Comunica\u00e7\u00e3o Amapaense &#8211; textos"},"content":{"rendered":"<p><span style=\"text-decoration: underline\"><strong>ARTIGOS<\/strong><\/span><\/p>\n<p>Este projeto \u00e9 coordenado pela prof. Msc. Roberta Scheibe. Em seu primeiro m\u00f3dulo, teve a participa\u00e7\u00e3o de todos os demais professores do curso de Jornalismo da Unifap. Juntos, e com a participa\u00e7\u00e3o dos alunos de jornalismo da primeira turma, a 2011, elaboramos alguns artigos que est\u00e3o dispon\u00edveis abaixo e que &#8211; em breve &#8211; estar\u00e3o registradas em E-Book. Na ocasi\u00e3o os alunos estavam no primeiro semestre do curso. O trabalho foi realizado em 2011.<\/p>\n<p><a href=\"http:\/\/www2.unifap.br\/c-regional\/files\/2012\/12\/AMAZON-SAT.pdf\">AMAZON SAT<\/a><\/p>\n<p><a href=\"http:\/\/www2.unifap.br\/c-regional\/files\/2012\/12\/DI\u00c1RIO-OFICIAL.pdf\">DI\u00c1RIO OFICIAL<\/a><\/p>\n<p><a href=\"http:\/\/www2.unifap.br\/c-regional\/files\/2012\/12\/JORNAL-FOLHA-DO-AMAP\u00c1.pdf\">JORNAL FOLHA DO AMAP\u00c1<\/a><\/p>\n<p><a href=\"http:\/\/www2.unifap.br\/c-regional\/files\/2012\/12\/R\u00c1DIO-DIFUSORA.pdf\">R\u00c1DIO DIFUSORA<\/a><\/p>\n<p><a href=\"http:\/\/www2.unifap.br\/c-regional\/files\/2012\/12\/R\u00c1DIO-EQUATORIAL.pdf\">R\u00c1DIO EQUATORIAL<\/a><\/p>\n<p><a href=\"http:\/\/www2.unifap.br\/c-regional\/files\/2012\/12\/TEREZINHA-FERNANDES.pdf\">TEREZINHA FERNANDES<\/a><\/p>\n<p><a href=\"http:\/\/www2.unifap.br\/c-regional\/files\/2012\/12\/TV-AMAP\u00c1.pdf\">TV AMAP\u00c1<\/a><\/p>\n<p>&nbsp;<\/p>\n<p><span style=\"text-decoration: underline\"><strong>PERFIS<\/strong><\/span><\/p>\n<p>Abaixo est\u00e3o alguns perfis elaborados pelos alunos da turma 2012 de Jornalismo da Unifap. A atividade fez parte da disciplina de M\u00eddia Impressa, ministrada pela Prof. Roberta Scheibe.<\/p>\n<p>Os alunos puderam escolher um profissional da Comunica\u00e7\u00e3o Amapaense para desenvolver um perfil livre. Vale reiterar que eles est\u00e3o no segundo semestre. \u00a0A produ\u00e7\u00e3o ocorreu em mar\u00e7o de 2013.<\/p>\n<p><a href=\"http:\/\/www2.unifap.br\/c-regional\/files\/2012\/12\/ABINOAN-SANTIAGO.pdf\">ABINOAN SANTIAGO<\/a><\/p>\n<p><a href=\"http:\/\/www2.unifap.br\/c-regional\/files\/2012\/12\/ALDENOR-BENJAMIN-DOS-SANTOS.pdf\">ALDENOR BENJAMIN DOS SANTOS<\/a><\/p>\n<p><a href=\"http:\/\/www2.unifap.br\/c-regional\/files\/2012\/12\/ALINE-COLARES.pdf\">ALINE COLARES<\/a><\/p>\n<p><a href=\"http:\/\/www2.unifap.br\/c-regional\/files\/2012\/12\/ANA-GIRLENE.pdf\">ANA GIRLENE<\/a><\/p>\n<p><a href=\"http:\/\/www2.unifap.br\/c-regional\/files\/2012\/12\/ANDERSON-FARIAS.pdf\">ANDERSON FARIAS<\/a><\/p>\n<p><a href=\"http:\/\/www2.unifap.br\/c-regional\/files\/2012\/12\/\u00c2NGELO-FERNANDES.pdf\">\u00c2NGELO FERNANDES<\/a><\/p>\n<p><a href=\"http:\/\/www2.unifap.br\/c-regional\/files\/2012\/12\/BERNADETH-FARIAS.pdf\">BERNADETH FARIAS<\/a><\/p>\n<p><a href=\"http:\/\/www2.unifap.br\/c-regional\/files\/2012\/12\/C\u00c1TIA-CARVALHO.pdf\">C\u00c1TIA CARVALHO<\/a><\/p>\n<p><a href=\"http:\/\/www2.unifap.br\/c-regional\/files\/2012\/12\/CORREA-NETO.pdf\">CORREA NETO<\/a><\/p>\n<p><a href=\"http:\/\/www2.unifap.br\/c-regional\/files\/2012\/12\/CUNHA-LOPES.pdf\">CUNHA LOPES<\/a><\/p>\n<p><a href=\"http:\/\/www2.unifap.br\/c-regional\/files\/2012\/12\/DAVID-DIOGO.pdf\">DAVID DIOGO<\/a><\/p>\n<p><a href=\"http:\/\/www2.unifap.br\/c-regional\/files\/2012\/12\/GABRIEL-FAGUNDES.pdf\">GABRIEL FAGUNDES<\/a><\/p>\n<p><a href=\"http:\/\/www2.unifap.br\/c-regional\/files\/2012\/12\/GILBERTO-PIMENTEL.pdf\">GILBERTO PIMENTEL<\/a><\/p>\n<p><a href=\"http:\/\/www2.unifap.br\/c-regional\/files\/2012\/12\/GILVAN-BARBOSA.pdf\">GILVAN BARBOSA<\/a><\/p>\n<p><a href=\"http:\/\/www2.unifap.br\/c-regional\/files\/2012\/12\/H\u00c9LIO-NOGUEIRA.pdf\">H\u00c9LIO NOGUEIRA<\/a><\/p>\n<p><a href=\"http:\/\/www2.unifap.br\/c-regional\/files\/2012\/12\/JERFFESOM-PRADO-FASSI.pdf\">JERFFESOM PRADO FASSI<\/a><\/p>\n<p><a href=\"http:\/\/www2.unifap.br\/c-regional\/files\/2012\/12\/LORENA-KUBOTA.pdf\">LORENA KUBOTA<\/a><\/p>\n<p><a href=\"http:\/\/www2.unifap.br\/c-regional\/files\/2012\/12\/LU\u00cdS-CARLOS-CANTANHEDE.pdf\">LU\u00cdS CARLOS CANTANHEDE<\/a><\/p>\n<p><a href=\"http:\/\/www2.unifap.br\/c-regional\/files\/2012\/12\/MAITE-MASTOP.pdf\">MAITE MASTOP<\/a><\/p>\n<p><a href=\"http:\/\/www2.unifap.br\/c-regional\/files\/2012\/12\/MARCELO-ROZA.pdf\">MARCELO ROZA<\/a><\/p>\n<p><a href=\"http:\/\/www2.unifap.br\/c-regional\/files\/2012\/12\/MIRRELLE-RABELO.pdf\">MIRRELLE RABELO<\/a><\/p>\n<p><a href=\"http:\/\/www2.unifap.br\/c-regional\/files\/2012\/12\/NEVES-VANZELE.pdf\">NEVES VANZELE<\/a><\/p>\n<p><a href=\"http:\/\/www2.unifap.br\/c-regional\/files\/2012\/12\/ROBERTO-GATO.pdf\">ROBERTO GATO<\/a><\/p>\n<p><a href=\"http:\/\/www2.unifap.br\/c-regional\/files\/2012\/12\/SELES-NAFES.pdf\">SELES NAFES<\/a><\/p>\n<p><a href=\"http:\/\/www2.unifap.br\/c-regional\/files\/2012\/12\/SILVANA-GUIMAR\u00c3ES.pdf\">SILVANA GUIMAR\u00c3ES<\/a><\/p>\n<p><a href=\"http:\/\/www2.unifap.br\/c-regional\/files\/2012\/12\/WILKER-MARTINS.pdf\">WILKER MARTINS<\/a><\/p>\n<p>&nbsp;<\/p>\n<p>Ao longo do semestre estamos construindo os perfis dos demais (e t\u00e3o importantes quanto) jornalistas\/comunicadores amapaenses.<\/p>\n<p>&nbsp;<\/p>\n<p>&nbsp;<\/p>\n","protected":false},"excerpt":{"rendered":"<p>ARTIGOS Este projeto \u00e9 coordenado pela prof. Msc. Roberta Scheibe. Em seu primeiro m\u00f3dulo, teve a participa\u00e7\u00e3o de todos os demais professores do curso de Jornalismo da Unifap. Juntos, e com a participa\u00e7\u00e3o dos alunos de jornalismo da primeira turma,&hellip; <\/p>\n<p><a href=\"https:\/\/www2.unifap.br\/c-regional\/historia-da-comunicacao-amapaense\/\" class=\"readmore-button\">Continue Reading<\/a><\/p>\n","protected":false},"author":109,"featured_media":0,"parent":0,"menu_order":0,"comment_status":"open","ping_status":"open","template":"","meta":{"inline_featured_image":false,"ngg_post_thumbnail":0,"footnotes":""},"class_list":["post-12","page","type-page","status-publish","hentry"],"_links":{"self":[{"href":"https:\/\/www2.unifap.br\/c-regional\/wp-json\/wp\/v2\/pages\/12","targetHints":{"allow":["GET"]}}],"collection":[{"href":"https:\/\/www2.unifap.br\/c-regional\/wp-json\/wp\/v2\/pages"}],"about":[{"href":"https:\/\/www2.unifap.br\/c-regional\/wp-json\/wp\/v2\/types\/page"}],"author":[{"embeddable":true,"href":"https:\/\/www2.unifap.br\/c-regional\/wp-json\/wp\/v2\/users\/109"}],"replies":[{"embeddable":true,"href":"https:\/\/www2.unifap.br\/c-regional\/wp-json\/wp\/v2\/comments?post=12"}],"version-history":[{"count":9,"href":"https:\/\/www2.unifap.br\/c-regional\/wp-json\/wp\/v2\/pages\/12\/revisions"}],"predecessor-version":[{"id":17,"href":"https:\/\/www2.unifap.br\/c-regional\/wp-json\/wp\/v2\/pages\/12\/revisions\/17"}],"wp:attachment":[{"href":"https:\/\/www2.unifap.br\/c-regional\/wp-json\/wp\/v2\/media?parent=12"}],"curies":[{"name":"wp","href":"https:\/\/api.w.org\/{rel}","templated":true}]}}