{"id":14,"date":"2012-12-04T21:17:05","date_gmt":"2012-12-04T21:17:05","guid":{"rendered":"http:\/\/www2.unifap.br\/c-regional\/?page_id=14"},"modified":"2013-03-08T14:43:11","modified_gmt":"2013-03-08T14:43:11","slug":"uma-introducao-a-linguagem-jornalistica","status":"publish","type":"page","link":"https:\/\/www2.unifap.br\/c-regional\/uma-introducao-a-linguagem-jornalistica\/","title":{"rendered":"Livros e E-Books"},"content":{"rendered":"<p>At\u00e9 o momento foram produzidos, pelos professores que comp\u00f5em o colegiado de Jornalismo da Unifap, as seguintes publica\u00e7\u00f5es:<\/p>\n<p><span style=\"text-decoration: underline\"><strong><a href=\"http:\/\/www2.unifap.br\/c-regional\/files\/2012\/12\/DSC05731.jpg\"><img decoding=\"async\" class=\"alignleft size-thumbnail wp-image-85\" src=\"http:\/\/www2.unifap.br\/c-regional\/files\/2012\/12\/DSC05731-150x150.jpg\" alt=\"\" width=\"150\" height=\"150\" \/><\/a>Livro Caldo Fino<\/strong><\/span>, cr\u00f4nicas de alunos de Comunica\u00e7\u00e3o Social da faculdade Seama (o curso de Jornalismo da Unifap ainda n\u00e3o existia), organizado pelas professoras Cl\u00e1udia Arantes e Roberta Scheibe. Em breve disponibilizaremos o livro para baixar. Por enquanto, abaixo oferecemos o artigo sobre o livro publicado no Intercom.\u00a0<a href=\"http:\/\/www2.unifap.br\/c-regional\/files\/2012\/12\/artigo-caldo-fino.pdf\">artigo caldo fino<\/a><\/p>\n<p>&nbsp;<\/p>\n<p>&nbsp;<\/p>\n<p><span style=\"text-decoration: underline\"><strong><a href=\"http:\/\/www2.unifap.br\/c-regional\/files\/2012\/12\/IMG_3813.jpg\"><img decoding=\"async\" class=\"alignleft size-thumbnail wp-image-86\" src=\"http:\/\/www2.unifap.br\/c-regional\/files\/2012\/12\/IMG_3813-150x150.jpg\" alt=\"\" width=\"150\" height=\"150\" \/><\/a>Livro Extremo Norte, Extremo Sul <\/strong><\/span>&#8211; uni\u00e3o de artigos de alunos do Amap\u00e1 e do Rio Grande do Sul. Organizado pela prof. Roberta Scheibe.<\/p>\n<p>Baixe o livro aqui:<\/p>\n<p><a href=\"http:\/\/www2.unifap.br\/c-regional\/files\/2012\/12\/LIVRO-EXTREMO-NORTE-EXTREMO-SUL-ROBERTA-SCHEIBE-ORG.pdf\">LIVRO EXTREMO NORTE, EXTREMO SUL &#8211; ROBERTA SCHEIBE (ORG)<\/a><\/p>\n<p>&nbsp;<\/p>\n<p><strong><span style=\"text-decoration: underline\">EM FASE DE IMPRESS\u00c3O: <\/span><\/strong> Est\u00e3o em fase de impress\u00e3o o livro Introdu\u00e7\u00e3o \u00e0 linguagem jornal\u00edstica, de autoria de Cl\u00e1udia Assis, Ivan Carlo Andrade Oliveira e Roberta Scheibe; e o E-Book Hist\u00f3ria da Comunica\u00e7\u00e3o no Amap\u00e1 &#8211; As primeiras impress\u00f5es, escrito pelos alunos da turma 2011 do curso de Jornalismo da Unifap e organizado pela professora Roberta Scheibe.<\/p>\n","protected":false},"excerpt":{"rendered":"<p>At\u00e9 o momento foram produzidos, pelos professores que comp\u00f5em o colegiado de Jornalismo da Unifap, as seguintes publica\u00e7\u00f5es: Livro Caldo Fino, cr\u00f4nicas de alunos de Comunica\u00e7\u00e3o Social da faculdade Seama (o curso de Jornalismo da Unifap ainda n\u00e3o existia), organizado&hellip; <\/p>\n<p><a href=\"https:\/\/www2.unifap.br\/c-regional\/uma-introducao-a-linguagem-jornalistica\/\" class=\"readmore-button\">Continue Reading<\/a><\/p>\n","protected":false},"author":109,"featured_media":0,"parent":0,"menu_order":0,"comment_status":"open","ping_status":"open","template":"","meta":{"inline_featured_image":false,"ngg_post_thumbnail":0,"footnotes":""},"class_list":["post-14","page","type-page","status-publish","hentry"],"_links":{"self":[{"href":"https:\/\/www2.unifap.br\/c-regional\/wp-json\/wp\/v2\/pages\/14","targetHints":{"allow":["GET"]}}],"collection":[{"href":"https:\/\/www2.unifap.br\/c-regional\/wp-json\/wp\/v2\/pages"}],"about":[{"href":"https:\/\/www2.unifap.br\/c-regional\/wp-json\/wp\/v2\/types\/page"}],"author":[{"embeddable":true,"href":"https:\/\/www2.unifap.br\/c-regional\/wp-json\/wp\/v2\/users\/109"}],"replies":[{"embeddable":true,"href":"https:\/\/www2.unifap.br\/c-regional\/wp-json\/wp\/v2\/comments?post=14"}],"version-history":[{"count":5,"href":"https:\/\/www2.unifap.br\/c-regional\/wp-json\/wp\/v2\/pages\/14\/revisions"}],"predecessor-version":[{"id":75,"href":"https:\/\/www2.unifap.br\/c-regional\/wp-json\/wp\/v2\/pages\/14\/revisions\/75"}],"wp:attachment":[{"href":"https:\/\/www2.unifap.br\/c-regional\/wp-json\/wp\/v2\/media?parent=14"}],"curies":[{"name":"wp","href":"https:\/\/api.w.org\/{rel}","templated":true}]}}