{"id":18,"date":"2012-12-04T21:27:10","date_gmt":"2012-12-04T21:27:10","guid":{"rendered":"http:\/\/www2.unifap.br\/c-regional\/?page_id=18"},"modified":"2013-03-08T03:07:53","modified_gmt":"2013-03-08T03:07:53","slug":"projeto-nucleo-de-comunicacao-regional","status":"publish","type":"page","link":"https:\/\/www2.unifap.br\/c-regional\/projeto-nucleo-de-comunicacao-regional\/","title":{"rendered":"O que \u00e9 o Projeto N\u00facleo de Comunica\u00e7\u00e3o Regional"},"content":{"rendered":"<p>O N\u00facleo de Comunica\u00e7\u00e3o Regional retrata os estudos realizados no \u00e2mbito da Comunica\u00e7\u00e3o Social e suas \u00e1reas afins (Jornalismo, Literatura, Ci\u00eancias Sociais, entre outros) no que se refere ao seu car\u00e1ter regional.<\/p>\n<p>Aqui, regional abarca todo o territ\u00f3rio Brasileiro, com especial destaque para o Estado do Amap\u00e1.<\/p>\n<p>O presente n\u00facleo \u00e9 um projeto de estudos coordenado pela professora Msc. Roberta Scheibe.<\/p>\n<p>&nbsp;<\/p>\n<p><strong>Roberta Scheibe<\/strong> \u00e9 formada em Jornalismo e mestre em Letras \u2013 Estudos Liter\u00e1rios, ambos pela Universidade de Passo Fundo (RS). \u00c9 professora assistente da Universidade Federal do Amap\u00e1 (UNIFAP) e coordenadora do curso de Jornalismo desta institui\u00e7\u00e3o.<\/p>\n<p>Tem experi\u00eancia na \u00e1rea de Comunica\u00e7\u00e3o, com \u00eanfase em cr\u00f4nica, jornalismo liter\u00e1rio e jornalismo impresso \u2013 e as suas interfaces com a hist\u00f3ria e as novas tecnologias.<\/p>\n<p>Participa da linha de Pesquisa MEDIA EDUCATION e suas sub-linhas: Jornalismo Regional e M\u00eddias impressas e audiovisuais.<\/p>\n<p>Tem, entre outros estudos, as seguintes publica\u00e7\u00f5es: Extremo Norte, Extremo Sul; Caldo fino \u2013 Cr\u00f4nicas sobre o cotidiano do Amap\u00e1; Cr\u00f4nicas Faquianas, Vol I, II, III e IV; A cr\u00f4nica e seus diferentes estilos em Humberto de Campos; entre outras pesquisas e artigos publicados.<\/p>\n<p><strong> <\/strong><\/p>\n<p>Para mais informa\u00e7\u00f5es, acesse o curriculum lattes: http:\/\/buscatextual.cnpq.br\/buscatextual\/busca.do<\/p>\n<p>E-mail: roberta.scheibe@unifap.br; robertascheibe@gmail.com<\/p>\n<p>TWITTER: @robertascheibe<\/p>\n<p>&nbsp;<\/p>\n","protected":false},"excerpt":{"rendered":"<p>O N\u00facleo de Comunica\u00e7\u00e3o Regional retrata os estudos realizados no \u00e2mbito da Comunica\u00e7\u00e3o Social e suas \u00e1reas afins (Jornalismo, Literatura, Ci\u00eancias Sociais, entre outros) no que se refere ao seu car\u00e1ter regional. Aqui, regional abarca todo o territ\u00f3rio Brasileiro, com&hellip; <\/p>\n<p><a href=\"https:\/\/www2.unifap.br\/c-regional\/projeto-nucleo-de-comunicacao-regional\/\" class=\"readmore-button\">Continue Reading<\/a><\/p>\n","protected":false},"author":109,"featured_media":0,"parent":0,"menu_order":0,"comment_status":"open","ping_status":"open","template":"","meta":{"inline_featured_image":false,"ngg_post_thumbnail":0,"footnotes":""},"class_list":["post-18","page","type-page","status-publish","hentry"],"_links":{"self":[{"href":"https:\/\/www2.unifap.br\/c-regional\/wp-json\/wp\/v2\/pages\/18","targetHints":{"allow":["GET"]}}],"collection":[{"href":"https:\/\/www2.unifap.br\/c-regional\/wp-json\/wp\/v2\/pages"}],"about":[{"href":"https:\/\/www2.unifap.br\/c-regional\/wp-json\/wp\/v2\/types\/page"}],"author":[{"embeddable":true,"href":"https:\/\/www2.unifap.br\/c-regional\/wp-json\/wp\/v2\/users\/109"}],"replies":[{"embeddable":true,"href":"https:\/\/www2.unifap.br\/c-regional\/wp-json\/wp\/v2\/comments?post=18"}],"version-history":[{"count":6,"href":"https:\/\/www2.unifap.br\/c-regional\/wp-json\/wp\/v2\/pages\/18\/revisions"}],"predecessor-version":[{"id":77,"href":"https:\/\/www2.unifap.br\/c-regional\/wp-json\/wp\/v2\/pages\/18\/revisions\/77"}],"wp:attachment":[{"href":"https:\/\/www2.unifap.br\/c-regional\/wp-json\/wp\/v2\/media?parent=18"}],"curies":[{"name":"wp","href":"https:\/\/api.w.org\/{rel}","templated":true}]}}