{"id":39,"date":"2013-03-07T18:07:01","date_gmt":"2013-03-07T18:07:01","guid":{"rendered":"http:\/\/www2.unifap.br\/c-regional\/?page_id=39"},"modified":"2013-03-12T17:58:30","modified_gmt":"2013-03-12T17:58:30","slug":"historia-da-comunicacao-amapaense-videos","status":"publish","type":"page","link":"https:\/\/www2.unifap.br\/c-regional\/historia-da-comunicacao-amapaense-videos\/","title":{"rendered":"Hist\u00f3ria da Comunica\u00e7\u00e3o Amapaense &#8211; V\u00eddeos"},"content":{"rendered":"<p>Os v\u00eddeos disponibilizados abaixo foram produzidos atrav\u00e9s do <strong><span style=\"text-decoration: underline\">celular<\/span><\/strong> pelos alunos do segundo semestre do curso de Jornalismo da Universidade Federal do Amap\u00e1 (Unifap), em janeiro de 2013 (turma 2012) e contam hist\u00f3rias dos meios de comunica\u00e7\u00e3o de Macap\u00e1\/AP. Os alunos utilizaram apenas o celular e ainda n\u00e3o tiveram aulas com t\u00e9cnicas de \u00e1udio, v\u00eddeo e edi\u00e7\u00e3o. Os trabalhos foram produzidos na disciplina de M\u00eddia Impressa ministrada pela professora Roberta Scheibe (robertascheibe@gmail.com) e fazem parte do projeto N\u00facleo de Pesquisa em Comunica\u00e7\u00e3o Regional coordenado pela mesma professora.<\/p>\n<p><a title=\"amazon\" href=\"http:\/\/www.youtube.com\/watch?v=azcwsRkBtTE\" target=\"_blank\">AMAZON SAT MACAP\u00c1<\/a><\/p>\n<p><a title=\"agazeta\" href=\"http:\/\/www.youtube.com\/watch?v=rpUTCkYSQnM\" target=\"_blank\">JORNAL A GAZETA<\/a><\/p>\n<p><a title=\"jdia\" href=\"http:\/\/www.youtube.com\/watch?v=XncGKjLyzF4\" target=\"_blank\">JORNAL DO DIA<\/a><\/p>\n<p><a title=\"vida\" href=\"http:\/\/youtu.be\/ziBXEDq3x3E\" target=\"_blank\">REDE VIDA MACAP\u00c1<\/a><\/p>\n<p><a title=\"aloaloamazonia\" href=\"http:\/\/www.youtube.com\/watch?v=xZO2-sRuUFI\" target=\"_blank\">PROGRAMA &#8220;AL\u00d4, AL\u00d4 AMAZ\u00d4NIA&#8221; &#8211; R\u00c1DIO DIFUSORA AM<\/a><\/p>\n<p><a title=\"cafe\" href=\"http:\/\/www.youtube.com\/watch?v=9w2LPFIELp8\" target=\"_blank\">PROGRAMA &#8220;CAF\u00c9 COM NOT\u00cdCIA&#8221; &#8211; R\u00c1DIO DI\u00c1RIO FM<\/a><\/p>\n<p><a title=\"cidade\" href=\"http:\/\/www.youtube.com\/watch?v=iPHskadJRwU\" target=\"_blank\">PROGRAMA &#8220;CIDADE NEWS&#8221; &#8211; R\u00c1DIO CIDADE FM 101,9<\/a><\/p>\n<p>PROGRAMA DO GB &#8211; CANAL 16<\/p>\n<p>&nbsp;<\/p>\n<p>&nbsp;<\/p>\n","protected":false},"excerpt":{"rendered":"<p>Os v\u00eddeos disponibilizados abaixo foram produzidos atrav\u00e9s do celular pelos alunos do segundo semestre do curso de Jornalismo da Universidade Federal do Amap\u00e1 (Unifap), em janeiro de 2013 (turma 2012) e contam hist\u00f3rias dos meios de comunica\u00e7\u00e3o de Macap\u00e1\/AP. Os&hellip; <\/p>\n<p><a href=\"https:\/\/www2.unifap.br\/c-regional\/historia-da-comunicacao-amapaense-videos\/\" class=\"readmore-button\">Continue Reading<\/a><\/p>\n","protected":false},"author":109,"featured_media":0,"parent":0,"menu_order":0,"comment_status":"open","ping_status":"open","template":"","meta":{"inline_featured_image":false,"ngg_post_thumbnail":0,"footnotes":""},"class_list":["post-39","page","type-page","status-publish","hentry"],"_links":{"self":[{"href":"https:\/\/www2.unifap.br\/c-regional\/wp-json\/wp\/v2\/pages\/39","targetHints":{"allow":["GET"]}}],"collection":[{"href":"https:\/\/www2.unifap.br\/c-regional\/wp-json\/wp\/v2\/pages"}],"about":[{"href":"https:\/\/www2.unifap.br\/c-regional\/wp-json\/wp\/v2\/types\/page"}],"author":[{"embeddable":true,"href":"https:\/\/www2.unifap.br\/c-regional\/wp-json\/wp\/v2\/users\/109"}],"replies":[{"embeddable":true,"href":"https:\/\/www2.unifap.br\/c-regional\/wp-json\/wp\/v2\/comments?post=39"}],"version-history":[{"count":6,"href":"https:\/\/www2.unifap.br\/c-regional\/wp-json\/wp\/v2\/pages\/39\/revisions"}],"predecessor-version":[{"id":78,"href":"https:\/\/www2.unifap.br\/c-regional\/wp-json\/wp\/v2\/pages\/39\/revisions\/78"}],"wp:attachment":[{"href":"https:\/\/www2.unifap.br\/c-regional\/wp-json\/wp\/v2\/media?parent=39"}],"curies":[{"name":"wp","href":"https:\/\/api.w.org\/{rel}","templated":true}]}}