{"id":41,"date":"2013-03-07T18:08:47","date_gmt":"2013-03-07T18:08:47","guid":{"rendered":"http:\/\/www2.unifap.br\/c-regional\/?page_id=41"},"modified":"2013-03-08T03:03:05","modified_gmt":"2013-03-08T03:03:05","slug":"historia-da-comunicacao-amapaense-audios","status":"publish","type":"page","link":"https:\/\/www2.unifap.br\/c-regional\/historia-da-comunicacao-amapaense-audios\/","title":{"rendered":"Hist\u00f3ria da Comunica\u00e7\u00e3o Amapaense &#8211; \u00c1udios"},"content":{"rendered":"<p>Enquanto esta p\u00e1gina em constru\u00e7\u00e3o, voc\u00ea pode ouvir os \u00e1udios disponibilizados no seguinte link:<\/p>\n<p><a title=\"cont\" href=\"http:\/\/www2.unifap.br\/c-regional\/contacao-de-historias-amapaenses\/\" target=\"_blank\">Conta\u00e7\u00e3o de Hist\u00f3rias Amapaenses<\/a><\/p>\n","protected":false},"excerpt":{"rendered":"<p>Enquanto esta p\u00e1gina em constru\u00e7\u00e3o, voc\u00ea pode ouvir os \u00e1udios disponibilizados no seguinte link: Conta\u00e7\u00e3o de Hist\u00f3rias Amapaenses<\/p>\n","protected":false},"author":109,"featured_media":0,"parent":0,"menu_order":0,"comment_status":"open","ping_status":"open","template":"","meta":{"inline_featured_image":false,"ngg_post_thumbnail":0,"footnotes":""},"class_list":["post-41","page","type-page","status-publish","hentry"],"_links":{"self":[{"href":"https:\/\/www2.unifap.br\/c-regional\/wp-json\/wp\/v2\/pages\/41","targetHints":{"allow":["GET"]}}],"collection":[{"href":"https:\/\/www2.unifap.br\/c-regional\/wp-json\/wp\/v2\/pages"}],"about":[{"href":"https:\/\/www2.unifap.br\/c-regional\/wp-json\/wp\/v2\/types\/page"}],"author":[{"embeddable":true,"href":"https:\/\/www2.unifap.br\/c-regional\/wp-json\/wp\/v2\/users\/109"}],"replies":[{"embeddable":true,"href":"https:\/\/www2.unifap.br\/c-regional\/wp-json\/wp\/v2\/comments?post=41"}],"version-history":[{"count":3,"href":"https:\/\/www2.unifap.br\/c-regional\/wp-json\/wp\/v2\/pages\/41\/revisions"}],"predecessor-version":[{"id":73,"href":"https:\/\/www2.unifap.br\/c-regional\/wp-json\/wp\/v2\/pages\/41\/revisions\/73"}],"wp:attachment":[{"href":"https:\/\/www2.unifap.br\/c-regional\/wp-json\/wp\/v2\/media?parent=41"}],"curies":[{"name":"wp","href":"https:\/\/api.w.org\/{rel}","templated":true}]}}