{"id":6,"date":"2012-12-04T20:49:05","date_gmt":"2012-12-04T20:49:05","guid":{"rendered":"http:\/\/www2.unifap.br\/c-regional\/?page_id=6"},"modified":"2012-12-05T01:34:52","modified_gmt":"2012-12-05T01:34:52","slug":"contacao-de-historias-amapaenses","status":"publish","type":"page","link":"https:\/\/www2.unifap.br\/c-regional\/contacao-de-historias-amapaenses\/","title":{"rendered":"Conta\u00e7\u00e3o de Hist\u00f3rias Amapaenses"},"content":{"rendered":"<p>Conta\u00e7\u00e3o de Hist\u00f3rias Amapaenses \u00e9 um projeto de pesquisa e extens\u00e3o coordenado pela professora do curso de Jornalismo da UNIFAP, Msc. Roberta Scheibe.<\/p>\n<p>O projeto visa resgatar textos que falem sobre lendas, cr\u00f4nicas, contos, poesias, entre outros, da cultura amapaense, realizando uma busca hist\u00f3rica e uma pesquisa anal\u00edtica qualitativa do material cultural liter\u00e1rio-jornal\u00edstico produzido no Amap\u00e1.<\/p>\n<p>Foram produzidos programetes radiof\u00f4nicos, de 01 a 05 minutos, contendo uma hist\u00f3ria resgatada. Os programas foram produzidos pelos alunos do curso de Jornalismo.<\/p>\n<p>Conta\u00e7\u00e3o de Hist\u00f3rias Amapaenses visa formar um leitor de m\u00faltiplas linguagens compreensivo, cr\u00edtico e que interaja com a leitura de mundo.<strong> <\/strong><\/p>\n<p>Ou\u00e7a dois programas (em breve os outros ser\u00e3o postados):<\/p>\n<p><a href=\"http:\/\/www2.unifap.br\/c-regional\/files\/2012\/12\/O-capeta-multiplicador-Carlene-Iasmim-Simone.mp3\">O capeta multiplicador <\/a><\/p>\n<p><a href=\"http:\/\/www2.unifap.br\/c-regional\/files\/2012\/12\/a-lenda-do-a\u00e7a\u00ed-narah-emerson-brenda.mp3\">A lenda do a\u00e7a\u00ed<\/a><\/p>\n<p><a href=\"http:\/\/www2.unifap.br\/c-regional\/files\/2012\/12\/A-lenda-da-tartaruga-claudia-elisabete-e-paulino.mp3\">A lenda da tartaruga<\/a><\/p>\n<p><a href=\"http:\/\/www2.unifap.br\/c-regional\/files\/2012\/12\/A-lenda-do-Caranguejo-Amaz\u00f4nico-claudia-elisabete-e-paulino.mp3\">A lenda do Caranguejo Amaz\u00f4nico<\/a><\/p>\n<p><a href=\"http:\/\/www2.unifap.br\/c-regional\/files\/2012\/12\/A-LENDA-DO-UIRAPURU-yasmin-simone-e-carlene.mp3\">A LENDA DO UIRAPURU<\/a><\/p>\n<p><a href=\"http:\/\/www2.unifap.br\/c-regional\/files\/2012\/12\/Lenda-da-Loira-da-JK-elisabete-paulino-e-claudia.mp3\">Lenda da Loira da JK<\/a><\/p>\n<p><a href=\"http:\/\/www2.unifap.br\/c-regional\/files\/2012\/12\/A-lenda-do-curiau-claudia-elisabete-e-paulino.mp3\">A Lenda do Curia\u00fa<\/a><\/p>\n<p><a href=\"http:\/\/www2.unifap.br\/c-regional\/files\/2012\/12\/lenda-mandioca-emerson-narah-e-brenda1.mp3\">Lenda da Mandioca<\/a><\/p>\n<p><a href=\"http:\/\/www2.unifap.br\/c-regional\/files\/2012\/12\/matinta-emerson-narah-e-brenda1.mp3\">Lenda da Matinta Pereira<\/a><\/p>\n<p>&nbsp;<\/p>\n<p>&nbsp;<\/p>\n<p>&nbsp;<\/p>\n","protected":false},"excerpt":{"rendered":"<p>Conta\u00e7\u00e3o de Hist\u00f3rias Amapaenses \u00e9 um projeto de pesquisa e extens\u00e3o coordenado pela professora do curso de Jornalismo da UNIFAP, Msc. Roberta Scheibe. O projeto visa resgatar textos que falem sobre lendas, cr\u00f4nicas, contos, poesias, entre outros, da cultura amapaense,&hellip; <\/p>\n<p><a href=\"https:\/\/www2.unifap.br\/c-regional\/contacao-de-historias-amapaenses\/\" class=\"readmore-button\">Continue Reading<\/a><\/p>\n","protected":false},"author":109,"featured_media":0,"parent":0,"menu_order":0,"comment_status":"open","ping_status":"open","template":"","meta":{"inline_featured_image":false,"ngg_post_thumbnail":0,"footnotes":""},"class_list":["post-6","page","type-page","status-publish","hentry"],"_links":{"self":[{"href":"https:\/\/www2.unifap.br\/c-regional\/wp-json\/wp\/v2\/pages\/6","targetHints":{"allow":["GET"]}}],"collection":[{"href":"https:\/\/www2.unifap.br\/c-regional\/wp-json\/wp\/v2\/pages"}],"about":[{"href":"https:\/\/www2.unifap.br\/c-regional\/wp-json\/wp\/v2\/types\/page"}],"author":[{"embeddable":true,"href":"https:\/\/www2.unifap.br\/c-regional\/wp-json\/wp\/v2\/users\/109"}],"replies":[{"embeddable":true,"href":"https:\/\/www2.unifap.br\/c-regional\/wp-json\/wp\/v2\/comments?post=6"}],"version-history":[{"count":5,"href":"https:\/\/www2.unifap.br\/c-regional\/wp-json\/wp\/v2\/pages\/6\/revisions"}],"predecessor-version":[{"id":10,"href":"https:\/\/www2.unifap.br\/c-regional\/wp-json\/wp\/v2\/pages\/6\/revisions\/10"}],"wp:attachment":[{"href":"https:\/\/www2.unifap.br\/c-regional\/wp-json\/wp\/v2\/media?parent=6"}],"curies":[{"name":"wp","href":"https:\/\/api.w.org\/{rel}","templated":true}]}}