{"id":225,"date":"2019-09-18T10:19:09","date_gmt":"2019-09-18T13:19:09","guid":{"rendered":"http:\/\/www2.unifap.br\/cafis\/?page_id=225"},"modified":"2020-03-14T15:07:51","modified_gmt":"2020-03-14T18:07:51","slug":"material-didatico-2","status":"publish","type":"page","link":"https:\/\/www2.unifap.br\/cafis\/material-didatico-2\/","title":{"rendered":"MATERIAL DID\u00c1TICO"},"content":{"rendered":"<p>Fundamentos de Matem\u00e1tica Elementar &#8211; Volume 1: Conjuntos e Fun\u00e7\u00f5es<\/p>\n<p>Link para download:<\/p>\n<p><a href=\"http:\/\/www2.unifap.br\/cafis\/files\/2020\/03\/Fundamentos-de-Matematica-Elementar-Volume-1-Conjuntos-e-Funcoes.pdf\">http:\/\/www2.unifap.br\/cafis\/files\/2020\/03\/Fundamentos-de-Matematica-Elementar-Volume-1-Conjuntos-e-Funcoes.pdf<\/a><\/p>\n<p>Fundamentos de Matem\u00e1tica Elementar &#8211; Volume 2: Logaritmos<\/p>\n<p>Link para download:<\/p>\n<p><a href=\"http:\/\/www2.unifap.br\/cafis\/files\/2020\/03\/Fundamentos-de-Matematica-Elementar-Volume-2-Logaritmos.pdf\">http:\/\/www2.unifap.br\/cafis\/files\/2020\/03\/Fundamentos-de-Matematica-Elementar-Volume-2-Logaritmos.pdf<\/a><\/p>\n<p>Fundamentos de Matem\u00e1tica Elementar &#8211; Volume 3: Trigonometria<\/p>\n<p>Link para download:<\/p>\n<p><a href=\"http:\/\/www2.unifap.br\/cafis\/files\/2020\/03\/Fundamentos-de-Matematica-Elementar-Volume-3-Trigonometria.pdf\">http:\/\/www2.unifap.br\/cafis\/files\/2020\/03\/Fundamentos-de-Matematica-Elementar-Volume-3-Trigonometria.pdf<\/a><\/p>\n<p>Fundamentos de Matem\u00e1tica Elementar &#8211; Volume 4: Sequ\u00eancias, Matrizes, Determinantes e Sistemas<\/p>\n<p>Link para download:&nbsp;<\/p>\n<p><a href=\"http:\/\/www2.unifap.br\/cafis\/files\/2020\/03\/Fundamentos-de-Matematica-Elementar-Volume-4-Sequencias-Matrizes-Determinantes-e-Sistemas.pdf\">http:\/\/www2.unifap.br\/cafis\/files\/2020\/03\/Fundamentos-de-Matematica-Elementar-Volume-4-Sequencias-Matrizes-Determinantes-e-Sistemas.pdf<\/a><\/p>\n<p>Fundamentos de Matem\u00e1tica Elementar &#8211; Volume 5: Combinat\u00f3ria e Probabilidade<\/p>\n<p>Link para download:<\/p>\n<p><a href=\"http:\/\/www2.unifap.br\/cafis\/files\/2020\/03\/Fundamentos-de-Matematica-Elementar-Volume-5-Combinatoria-e-Probabilidade.pdf\">http:\/\/www2.unifap.br\/cafis\/files\/2020\/03\/Fundamentos-de-Matematica-Elementar-Volume-5-Combinatoria-e-Probabilidade.pdf<\/a><\/p>\n<p>Fundamentos de Matem\u00e1tica Elementar &#8211; Volume 6: Complexos, Polin\u00f4mios e Equa\u00e7\u00f5es<\/p>\n<p>Link para download:<\/p>\n<p>http:\/\/www2.unifap.br\/cafis\/files\/2020\/03\/Fundamentos-de-Matematica-Elementar-Volume-6-Complexos-Polinomios-e-Equacoes.pdf<\/p>\n<p>Fundamentos de Matem\u00e1tica Elementar &#8211; Volume 7: Geometria Anal\u00edtica<\/p>\n<p>Link para download:<\/p>\n<p><a href=\"http:\/\/www2.unifap.br\/cafis\/files\/2020\/03\/Fundamentos-de-Matematica-Elementar-Volume-7-Geometria-Analitica.pdf\">http:\/\/www2.unifap.br\/cafis\/files\/2020\/03\/Fundamentos-de-Matematica-Elementar-Volume-7-Geometria-Analitica.pdf<\/a><\/p>\n<p>Fundamentos de Matem\u00e1tica Elementar &#8211; Volume 8: Limites, Derivadas e No\u00e7\u00f5es de Integral<\/p>\n<p>Link para download:<\/p>\n<p><a href=\"http:\/\/www2.unifap.br\/cafis\/files\/2020\/03\/Fundamentos-de-Matematica-Elementar-Volume-8-Limites-Derivadas-e-Nocoes-de-Integral.pdf\">http:\/\/www2.unifap.br\/cafis\/files\/2020\/03\/Fundamentos-de-Matematica-Elementar-Volume-8-Limites-Derivadas-e-Nocoes-de-Integral.pdf<\/a><\/p>\n<p>Fundamentos de Matem\u00e1tica Elementar &#8211; Volume 9: Geometria Plana<\/p>\n<p>Link para download:<\/p>\n<p><a href=\"http:\/\/www2.unifap.br\/cafis\/files\/2020\/03\/Fundamentos-de-Matematica-Elementar-Volume-9-Geometria-Plana.pdf\">http:\/\/www2.unifap.br\/cafis\/files\/2020\/03\/Fundamentos-de-Matematica-Elementar-Volume-9-Geometria-Plana.pdf&nbsp;<\/a><\/p>\n<p>Fundamentos de Matem\u00e1tica Elementar &#8211; Volume 10: Geometria Espacial (posi\u00e7\u00e3o e m\u00e9trica)<\/p>\n<p>Link para download:<\/p>\n<p><a href=\"http:\/\/www2.unifap.br\/cafis\/files\/2020\/03\/Fundamentos-de-Matematica-Elementar-Volume-9-Geometria-Plana.pdf\">http:\/\/www2.unifap.br\/cafis\/files\/2020\/03\/Fundamentos-de-Matematica-Elementar-Volume-9-Geometria-Plana.pdf<\/a><\/p>\n<p>Fundamentos de Matem\u00e1tica Elementar &#8211; Volume 11: Matem\u00e1tica Comercial, Matem\u00e1tica Financeira e Estat\u00edstica Descritiva<\/p>\n<p>Link para download:<\/p>\n<p><a href=\"http:\/\/www2.unifap.br\/cafis\/files\/2020\/03\/Fundamentos-de-Matematica-Elementar-Volume-11-Financeira-e-Estatistica-Descritiva.pdf\">http:\/\/www2.unifap.br\/cafis\/files\/2020\/03\/Fundamentos-de-Matematica-Elementar-Volume-11-Financeira-e-Estatistica-Descritiva.pdf<\/a><\/p>\n<p>\u00c1lgebra Linear, de Elon Lages Lima<\/p>\n<p>Link para download:<\/p>\n<p><a href=\"http:\/\/www2.unifap.br\/cafis\/files\/2019\/11\/Elon_Lages_Lima_IMPA_Algebra_Linear.pdf\">http:\/\/www2.unifap.br\/cafis\/files\/2019\/11\/Elon_Lages_Lima_IMPA_Algebra_Linear.pdf<\/a><\/p>\n","protected":false},"excerpt":{"rendered":"<p>Fundamentos de Matem\u00e1tica Elementar &#8211; Volume 1: Conjuntos e Fun\u00e7\u00f5es Link para download: http:\/\/www2.unifap.br\/cafis\/files\/2020\/03\/Fundamentos-de-Matematica-Elementar-Volume-1-Conjuntos-e-Funcoes.pdf Fundamentos de Matem\u00e1tica Elementar &#8211; Volume 2: Logaritmos Link para download: http:\/\/www2.unifap.br\/cafis\/files\/2020\/03\/Fundamentos-de-Matematica-Elementar-Volume-2-Logaritmos.pdf Fundamentos de Matem\u00e1tica Elementar &#8211; Volume 3: Trigonometria Link para download: http:\/\/www2.unifap.br\/cafis\/files\/2020\/03\/Fundamentos-de-Matematica-Elementar-Volume-3-Trigonometria.pdf Fundamentos de&hellip; <\/p>\n<p><a href=\"https:\/\/www2.unifap.br\/cafis\/material-didatico-2\/\" class=\"readmore-button\">Continue Reading<\/a><\/p>\n","protected":false},"author":3843,"featured_media":0,"parent":0,"menu_order":0,"comment_status":"closed","ping_status":"closed","template":"","meta":{"inline_featured_image":false,"ngg_post_thumbnail":0,"footnotes":""},"class_list":["post-225","page","type-page","status-publish","hentry"],"_links":{"self":[{"href":"https:\/\/www2.unifap.br\/cafis\/wp-json\/wp\/v2\/pages\/225","targetHints":{"allow":["GET"]}}],"collection":[{"href":"https:\/\/www2.unifap.br\/cafis\/wp-json\/wp\/v2\/pages"}],"about":[{"href":"https:\/\/www2.unifap.br\/cafis\/wp-json\/wp\/v2\/types\/page"}],"author":[{"embeddable":true,"href":"https:\/\/www2.unifap.br\/cafis\/wp-json\/wp\/v2\/users\/3843"}],"replies":[{"embeddable":true,"href":"https:\/\/www2.unifap.br\/cafis\/wp-json\/wp\/v2\/comments?post=225"}],"version-history":[{"count":7,"href":"https:\/\/www2.unifap.br\/cafis\/wp-json\/wp\/v2\/pages\/225\/revisions"}],"predecessor-version":[{"id":312,"href":"https:\/\/www2.unifap.br\/cafis\/wp-json\/wp\/v2\/pages\/225\/revisions\/312"}],"wp:attachment":[{"href":"https:\/\/www2.unifap.br\/cafis\/wp-json\/wp\/v2\/media?parent=225"}],"curies":[{"name":"wp","href":"https:\/\/api.w.org\/{rel}","templated":true}]}}