{"id":1368,"date":"2018-04-11T13:31:24","date_gmt":"2018-04-11T13:31:24","guid":{"rendered":"http:\/\/www2.unifap.br\/cambientais\/?page_id=1368"},"modified":"2018-04-24T12:48:58","modified_gmt":"2018-04-24T12:48:58","slug":"tcc-turma-2013","status":"publish","type":"page","link":"https:\/\/www2.unifap.br\/cambientais\/biblioteca-de-dissertacoes-e-teses\/tcc\/tcc-turma-2013\/","title":{"rendered":"TCC &#8211; Turma 2013"},"content":{"rendered":"<p>(Para fazer o download do TCC, clique no nome do autor)<\/p>\n<p><a href=\"http:\/\/www2.unifap.br\/cambientais\/files\/2018\/04\/TCC_ALEX-ANDERSON_DA_SILVA_VILHENA.pdf\">ALEX ANDERSON DA SILVA VILHENA<\/a>:\u00a0APLICA\u00c7\u00c3O DE EFLUENTE DE AQUAPONIA INCREMENTA O CRESCIMENTO E AC\u00daMULO DE NUTRIENTES EM ESP\u00c9CIES DE ADUBO VERDE<\/p>\n<p><a href=\"http:\/\/www2.unifap.br\/cambientais\/files\/2018\/04\/TCC_JOSIMAR_SANTOS_DE_AVIZ.pdf\">JOSIMAR SANTOS DE AVIZ<\/a>:\u00a0DIAGN\u00d3STICO PRELIMINAR DO USO DA \u00c1GUA SUBTERR\u00c2NEA POR CONDOM\u00cdNIOS E LOTEAMENTOS NA RODOVIA JK, MACAP\u00c1\/AP.<\/p>\n<p><a href=\"http:\/\/www2.unifap.br\/cambientais\/files\/2018\/04\/TCC_LUCIANE-BRITO_2013.pdf\">LUCIANE MIRANDA BRITO<\/a>:\u00a0CARACTERIZA\u00c7\u00c3O DAS CAPTURAS E APREENS\u00d5ES DE FAUNA REALIZADAS PELO BATALH\u00c3O DE POL\u00cdCIA MILITAR AMBIENTAL DO ESTADO DO AMAP\u00c1 NO ANO DE 2016.<\/p>\n<p><a href=\"http:\/\/www2.unifap.br\/cambientais\/files\/2018\/04\/TCC_MARCELO_SILVA_E_SOUZA.pdf\">MARCELO SILVA E SOUZA<\/a>:\u00a0OS IMPACTOS DA EXPLORA\u00c7\u00c3O PETROL\u00cdFERA NA COSTA AMAPAENSE NA\u00a0PERCEP\u00c7\u00c3O AMBIENTAL DOS PESCADORES DA COL\u00d4NIA Z-1 DE MACAP\u00c1.<\/p>\n<p><a href=\"http:\/\/www2.unifap.br\/cambientais\/files\/2018\/04\/TCC_MARIA_DE_NAZAR\u00c9_FERREIRA_COSTA.pdf\">MARIA DE NAZAR\u00c9 FERREIRA COSTA<\/a>:\u00a0A ATIVIDADE PESQUEIRA NO MUNIC\u00cdPIO DE CAL\u00c7OENE, AMAP\u00c1, BRASIL.<\/p>\n<p><a href=\"http:\/\/www2.unifap.br\/cambientais\/files\/2018\/04\/TCC_WillianViana-2013.pdf\">WILLIAM FLORENCIO VIANA<\/a>:\u00a0LICENCIAMENTO AMBIENTAL E CELERIDADE, ESTUDO DE CASO: UHE CACHOEIRA CALDEIR\u00c3O, FERREIRA GOMES, AMAP\u00c1.<\/p>\n","protected":false},"excerpt":{"rendered":"<p>(Para fazer o download do TCC, clique no nome do autor) ALEX ANDERSON DA SILVA VILHENA:\u00a0APLICA\u00c7\u00c3O DE EFLUENTE DE AQUAPONIA INCREMENTA O CRESCIMENTO E AC\u00daMULO DE NUTRIENTES EM ESP\u00c9CIES DE ADUBO VERDE JOSIMAR SANTOS DE AVIZ:\u00a0DIAGN\u00d3STICO PRELIMINAR DO USO DA \u00c1GUA SUBTERR\u00c2NEA POR CONDOM\u00cdNIOS E LOTEAMENTOS NA RODOVIA JK, MACAP\u00c1\/AP. \u2026 <a class=\"continue-reading-link\" href=\"https:\/\/www2.unifap.br\/cambientais\/biblioteca-de-dissertacoes-e-teses\/tcc\/tcc-turma-2013\/\"> Continue Lendo <span class=\"meta-nav\">&rarr; <\/span><\/a><\/p>\n","protected":false},"author":918,"featured_media":0,"parent":503,"menu_order":0,"comment_status":"open","ping_status":"open","template":"","meta":{"inline_featured_image":false,"ngg_post_thumbnail":0,"footnotes":""},"class_list":["post-1368","page","type-page","status-publish","hentry"],"_links":{"self":[{"href":"https:\/\/www2.unifap.br\/cambientais\/wp-json\/wp\/v2\/pages\/1368","targetHints":{"allow":["GET"]}}],"collection":[{"href":"https:\/\/www2.unifap.br\/cambientais\/wp-json\/wp\/v2\/pages"}],"about":[{"href":"https:\/\/www2.unifap.br\/cambientais\/wp-json\/wp\/v2\/types\/page"}],"author":[{"embeddable":true,"href":"https:\/\/www2.unifap.br\/cambientais\/wp-json\/wp\/v2\/users\/918"}],"replies":[{"embeddable":true,"href":"https:\/\/www2.unifap.br\/cambientais\/wp-json\/wp\/v2\/comments?post=1368"}],"version-history":[{"count":4,"href":"https:\/\/www2.unifap.br\/cambientais\/wp-json\/wp\/v2\/pages\/1368\/revisions"}],"predecessor-version":[{"id":1408,"href":"https:\/\/www2.unifap.br\/cambientais\/wp-json\/wp\/v2\/pages\/1368\/revisions\/1408"}],"up":[{"embeddable":true,"href":"https:\/\/www2.unifap.br\/cambientais\/wp-json\/wp\/v2\/pages\/503"}],"wp:attachment":[{"href":"https:\/\/www2.unifap.br\/cambientais\/wp-json\/wp\/v2\/media?parent=1368"}],"curies":[{"name":"wp","href":"https:\/\/api.w.org\/{rel}","templated":true}]}}